{"id":2462,"date":"2020-09-09T13:28:56","date_gmt":"2020-09-09T11:28:56","guid":{"rendered":"https:\/\/esconsultoria.es\/visto-para-hijos-de-espanol-por-origen\/"},"modified":"2022-02-28T10:36:29","modified_gmt":"2022-02-28T09:36:29","slug":"visto-para-hijos-de-espanol-por-origen","status":"publish","type":"page","link":"https:\/\/esconsultoria.es\/es\/visto-para-hijos-de-espanol-por-origen\/","title":{"rendered":"Visados para hijos de espa\u00f1oles por origen"},"content":{"rendered":"\t\t<div data-elementor-type=\"wp-page\" data-elementor-id=\"2462\" class=\"elementor elementor-2462\" data-elementor-post-type=\"page\">\n\t\t\t\t\t\t<section class=\"elementor-section elementor-top-section elementor-element elementor-element-ea3fe81 elementor-section-boxed elementor-section-height-default elementor-section-height-default\" data-id=\"ea3fe81\" data-element_type=\"section\">\n\t\t\t\t\t\t<div class=\"elementor-container elementor-column-gap-default\">\n\t\t\t\t\t<div class=\"elementor-column elementor-col-100 elementor-top-column elementor-element elementor-element-afc6198\" data-id=\"afc6198\" data-element_type=\"column\">\n\t\t\t<div class=\"elementor-widget-wrap elementor-element-populated\">\n\t\t\t\t\t\t<div class=\"elementor-element elementor-element-0b80000 elementor-widget elementor-widget-heading\" data-id=\"0b80000\" data-element_type=\"widget\" data-widget_type=\"heading.default\">\n\t\t\t\t<div class=\"elementor-widget-container\">\n\t\t\t\t\t<h2 class=\"elementor-heading-title elementor-size-default\">Visto para hijos de espa\u00f1ol por origen<\/h2>\t\t\t\t<\/div>\n\t\t\t\t<\/div>\n\t\t\t\t\t<\/div>\n\t\t<\/div>\n\t\t\t\t\t<\/div>\n\t\t<\/section>\n\t\t\t\t<section class=\"elementor-section elementor-top-section elementor-element elementor-element-6742dad6 elementor-section-boxed elementor-section-height-default elementor-section-height-default\" data-id=\"6742dad6\" data-element_type=\"section\">\n\t\t\t\t\t\t<div class=\"elementor-container elementor-column-gap-default\">\n\t\t\t\t\t<div class=\"elementor-column elementor-col-100 elementor-top-column elementor-element elementor-element-13c85cd4\" data-id=\"13c85cd4\" data-element_type=\"column\">\n\t\t\t<div class=\"elementor-widget-wrap elementor-element-populated\">\n\t\t\t\t\t\t<div class=\"elementor-element elementor-element-1d24a4d0 elementor-widget elementor-widget-text-editor\" data-id=\"1d24a4d0\" data-element_type=\"widget\" data-widget_type=\"text-editor.default\">\n\t\t\t\t<div class=\"elementor-widget-container\">\n\t\t\t\t\t\t\t\t\tTramitamos un visado para hijos de espa\u00f1oles, para descendientes directos de espa\u00f1oles que han recuperado su nacionalidad de origen. Para evaluar si es posible tramitar el visado, le pedimos que nos env\u00ede por correo electr\u00f3nico el Certificado de Nacimiento del padre o de la madre del solicitante del visado.\r\n\r\nSi su padre o madre es hijo de un espa\u00f1ol nacido en Espa\u00f1a, podemos recuperar su nacionalidad espa\u00f1ola para poder realizar el tr\u00e1mite de residencia en Espa\u00f1a.\r\n\r\nEl proceso se analiza individualmente, tras una reuni\u00f3n con el solicitante podemos explicarle los procedimientos y los plazos que debe cumplir.\r\n\r\nLa ventaja de este visado para hijos de espa\u00f1oles es que da derecho al solicitante a vivir y trabajar en Espa\u00f1a, ya sea por su cuenta o con un contrato de trabajo, y tras el periodo de renovaci\u00f3n del visado inicial, que se produce al a\u00f1o de su aprobaci\u00f3n, se puede tramitar la nacionalidad por residencia por ser hijo o nieto de espa\u00f1ol.\r\n\r\nComo hay varias etapas y diferentes plazos en cada una de ellas, durante la reuni\u00f3n explicamos exactamente lo que el cliente debe tener en cuenta, seg\u00fan sus necesidades, para verificar la posibilidad de tramitaci\u00f3n.\r\n\r\nEl visado s\u00f3lo se puede expedir para el hijo del espa\u00f1ol, pero si el hijo desea cambiar de visado con la familia, podemos comprobar el perfil para adaptar los visados de toda la familia, siempre analizando los requisitos para cumplir con la ley.\r\n\r\nPara m\u00e1s informaci\u00f3n, p\u00f3ngase en contacto con nosotros a trav\u00e9s del <a href=\"https:\/\/esconsultoria.es\/es\/contacto\/\">formulario de contacto<\/a> de nuestro sitio web.\t\t\t\t\t\t\t\t<\/div>\n\t\t\t\t<\/div>\n\t\t\t\t\t<\/div>\n\t\t<\/div>\n\t\t\t\t\t<\/div>\n\t\t<\/section>\n\t\t\t\t<\/div>\n\t\t","protected":false},"excerpt":{"rendered":"<p>Visto para hijos de espa\u00f1ol por origen Tramitamos un visado para hijos de espa\u00f1oles, para descendientes directos de espa\u00f1oles que han recuperado su nacionalidad de origen. Para evaluar si es posible tramitar el visado, le pedimos que nos env\u00ede por correo electr\u00f3nico el Certificado de Nacimiento del padre o de la madre del solicitante del &#8230; <a title=\"Visados para hijos de espa\u00f1oles por origen\" class=\"read-more\" href=\"https:\/\/esconsultoria.es\/es\/visto-para-hijos-de-espanol-por-origen\/\" aria-label=\"Leer m\u00e1s sobre Visados para hijos de espa\u00f1oles por origen\">Leer m\u00e1s<\/a><\/p>\n","protected":false},"author":1,"featured_media":0,"parent":0,"menu_order":0,"comment_status":"closed","ping_status":"closed","template":"","meta":{"content-type":"","footnotes":""},"class_list":["post-2462","page","type-page","status-publish"],"yoast_head":"<!-- This site is optimized with the Yoast SEO plugin v24.4 - https:\/\/yoast.com\/wordpress\/plugins\/seo\/ -->\n<title>Visado para hijos de espa\u00f1oles - \u00bfC\u00f3mo solicitarlo?<\/title>\n<meta name=\"description\" content=\"Visado para hijos de espa\u00f1oles, para que puedas vivir en Espa\u00f1a con derecho a vivir y trabajar legalmente.\" \/>\n<meta name=\"robots\" content=\"index, follow, max-snippet:-1, max-image-preview:large, max-video-preview:-1\" \/>\n<link rel=\"canonical\" href=\"https:\/\/esconsultoria.es\/es\/visto-para-hijos-de-espanol-por-origen\/\" \/>\n<meta property=\"og:locale\" content=\"es_ES\" \/>\n<meta property=\"og:type\" content=\"article\" \/>\n<meta property=\"og:title\" content=\"Visados para hijos de espa\u00f1oles\" \/>\n<meta property=\"og:description\" content=\"Visado para hijos de espa\u00f1oles, para que puedas vivir en Espa\u00f1a con derecho a vivir y trabajar legalmente.\" \/>\n<meta property=\"og:url\" content=\"https:\/\/esconsultoria.es\/es\/visto-para-hijos-de-espanol-por-origen\/\" \/>\n<meta property=\"og:site_name\" content=\"E S Consultoria Internacional\" \/>\n<meta property=\"article:publisher\" content=\"https:\/\/www.facebook.com\/eurosupremas\" \/>\n<meta property=\"article:modified_time\" content=\"2022-02-28T09:36:29+00:00\" \/>\n<meta property=\"og:image\" content=\"https:\/\/esconsultoria.es\/wp-content\/uploads\/logo-en-vectores-01.png\" \/>\n\t<meta property=\"og:image:width\" content=\"2084\" \/>\n\t<meta property=\"og:image:height\" content=\"2084\" \/>\n\t<meta property=\"og:image:type\" content=\"image\/png\" \/>\n<meta name=\"twitter:card\" content=\"summary_large_image\" \/>\n<meta name=\"twitter:title\" content=\"Visados para hijos de espa\u00f1oles\" \/>\n<meta name=\"twitter:description\" content=\"Visado para hijos de espa\u00f1oles, para que puedas vivir en Espa\u00f1a con derecho a vivir y trabajar legalmente. #nacionalidadespa\u00f1ola #ciudadaniaespa\u00f1ola #vivirenespa\u00f1a\" \/>\n<meta name=\"twitter:site\" content=\"@eurosupremas\" \/>\n<meta name=\"twitter:label1\" content=\"Tiempo de lectura\" \/>\n\t<meta name=\"twitter:data1\" content=\"1 minuto\" \/>\n<script type=\"application\/ld+json\" class=\"yoast-schema-graph\">{\"@context\":\"https:\/\/schema.org\",\"@graph\":[{\"@type\":\"WebPage\",\"@id\":\"https:\/\/esconsultoria.es\/es\/visto-para-hijos-de-espanol-por-origen\/\",\"url\":\"https:\/\/esconsultoria.es\/es\/visto-para-hijos-de-espanol-por-origen\/\",\"name\":\"Visado para hijos de espa\u00f1oles - \u00bfC\u00f3mo solicitarlo?\",\"isPartOf\":{\"@id\":\"https:\/\/esconsultoria.es\/#website\"},\"datePublished\":\"2020-09-09T11:28:56+00:00\",\"dateModified\":\"2022-02-28T09:36:29+00:00\",\"description\":\"Visado para hijos de espa\u00f1oles, para que puedas vivir en Espa\u00f1a con derecho a vivir y trabajar legalmente.\",\"breadcrumb\":{\"@id\":\"https:\/\/esconsultoria.es\/es\/visto-para-hijos-de-espanol-por-origen\/#breadcrumb\"},\"inLanguage\":\"es\",\"potentialAction\":[{\"@type\":\"ReadAction\",\"target\":[\"https:\/\/esconsultoria.es\/es\/visto-para-hijos-de-espanol-por-origen\/\"]}]},{\"@type\":\"BreadcrumbList\",\"@id\":\"https:\/\/esconsultoria.es\/es\/visto-para-hijos-de-espanol-por-origen\/#breadcrumb\",\"itemListElement\":[{\"@type\":\"ListItem\",\"position\":1,\"name\":\"Portada\",\"item\":\"https:\/\/esconsultoria.es\/es\/\"},{\"@type\":\"ListItem\",\"position\":2,\"name\":\"Visados para hijos de espa\u00f1oles por origen\"}]},{\"@type\":\"WebSite\",\"@id\":\"https:\/\/esconsultoria.es\/#website\",\"url\":\"https:\/\/esconsultoria.es\/\",\"name\":\"E S Consultoria Internacional\",\"description\":\"Nacionalidade Espanhola Visto de Resid\u00eancia Espanha Cidadania\",\"publisher\":{\"@id\":\"https:\/\/esconsultoria.es\/#organization\"},\"potentialAction\":[{\"@type\":\"SearchAction\",\"target\":{\"@type\":\"EntryPoint\",\"urlTemplate\":\"https:\/\/esconsultoria.es\/?s={search_term_string}\"},\"query-input\":{\"@type\":\"PropertyValueSpecification\",\"valueRequired\":true,\"valueName\":\"search_term_string\"}}],\"inLanguage\":\"es\"},{\"@type\":\"Organization\",\"@id\":\"https:\/\/esconsultoria.es\/#organization\",\"name\":\"ES Consultoria Internacional - Nacionalidade Espanhola - Documentos na Espanha\",\"url\":\"https:\/\/esconsultoria.es\/\",\"logo\":{\"@type\":\"ImageObject\",\"inLanguage\":\"es\",\"@id\":\"https:\/\/esconsultoria.es\/#\/schema\/logo\/image\/\",\"url\":\"https:\/\/esconsultoria.es\/wp-content\/uploads\/logo-ES-Consultoria.webp\",\"contentUrl\":\"https:\/\/esconsultoria.es\/wp-content\/uploads\/logo-ES-Consultoria.webp\",\"width\":2084,\"height\":1076,\"caption\":\"ES Consultoria Internacional - Nacionalidade Espanhola - Documentos na Espanha\"},\"image\":{\"@id\":\"https:\/\/esconsultoria.es\/#\/schema\/logo\/image\/\"},\"sameAs\":[\"https:\/\/www.facebook.com\/eurosupremas\",\"https:\/\/x.com\/eurosupremas\",\"https:\/\/www.instagram.com\/esconsultoria\",\"https:\/\/www.linkedin.com\/company\/euro-supremas-consulting\",\"https:\/\/www.youtube.com\/channel\/UCDk5vZ6jRAFtLz31Zjz1uUg\"]}]}<\/script>\n<!-- \/ Yoast SEO plugin. -->","yoast_head_json":{"title":"Visado para hijos de espa\u00f1oles - \u00bfC\u00f3mo solicitarlo?","description":"Visado para hijos de espa\u00f1oles, para que puedas vivir en Espa\u00f1a con derecho a vivir y trabajar legalmente.","robots":{"index":"index","follow":"follow","max-snippet":"max-snippet:-1","max-image-preview":"max-image-preview:large","max-video-preview":"max-video-preview:-1"},"canonical":"https:\/\/esconsultoria.es\/es\/visto-para-hijos-de-espanol-por-origen\/","og_locale":"es_ES","og_type":"article","og_title":"Visados para hijos de espa\u00f1oles","og_description":"Visado para hijos de espa\u00f1oles, para que puedas vivir en Espa\u00f1a con derecho a vivir y trabajar legalmente.","og_url":"https:\/\/esconsultoria.es\/es\/visto-para-hijos-de-espanol-por-origen\/","og_site_name":"E S Consultoria Internacional","article_publisher":"https:\/\/www.facebook.com\/eurosupremas","article_modified_time":"2022-02-28T09:36:29+00:00","og_image":[{"width":2084,"height":2084,"url":"https:\/\/esconsultoria.es\/wp-content\/uploads\/logo-en-vectores-01.png","type":"image\/png"}],"twitter_card":"summary_large_image","twitter_title":"Visados para hijos de espa\u00f1oles","twitter_description":"Visado para hijos de espa\u00f1oles, para que puedas vivir en Espa\u00f1a con derecho a vivir y trabajar legalmente. #nacionalidadespa\u00f1ola #ciudadaniaespa\u00f1ola #vivirenespa\u00f1a","twitter_site":"@eurosupremas","twitter_misc":{"Tiempo de lectura":"1 minuto"},"schema":{"@context":"https:\/\/schema.org","@graph":[{"@type":"WebPage","@id":"https:\/\/esconsultoria.es\/es\/visto-para-hijos-de-espanol-por-origen\/","url":"https:\/\/esconsultoria.es\/es\/visto-para-hijos-de-espanol-por-origen\/","name":"Visado para hijos de espa\u00f1oles - \u00bfC\u00f3mo solicitarlo?","isPartOf":{"@id":"https:\/\/esconsultoria.es\/#website"},"datePublished":"2020-09-09T11:28:56+00:00","dateModified":"2022-02-28T09:36:29+00:00","description":"Visado para hijos de espa\u00f1oles, para que puedas vivir en Espa\u00f1a con derecho a vivir y trabajar legalmente.","breadcrumb":{"@id":"https:\/\/esconsultoria.es\/es\/visto-para-hijos-de-espanol-por-origen\/#breadcrumb"},"inLanguage":"es","potentialAction":[{"@type":"ReadAction","target":["https:\/\/esconsultoria.es\/es\/visto-para-hijos-de-espanol-por-origen\/"]}]},{"@type":"BreadcrumbList","@id":"https:\/\/esconsultoria.es\/es\/visto-para-hijos-de-espanol-por-origen\/#breadcrumb","itemListElement":[{"@type":"ListItem","position":1,"name":"Portada","item":"https:\/\/esconsultoria.es\/es\/"},{"@type":"ListItem","position":2,"name":"Visados para hijos de espa\u00f1oles por origen"}]},{"@type":"WebSite","@id":"https:\/\/esconsultoria.es\/#website","url":"https:\/\/esconsultoria.es\/","name":"E S Consultoria Internacional","description":"Nacionalidade Espanhola Visto de Resid\u00eancia Espanha Cidadania","publisher":{"@id":"https:\/\/esconsultoria.es\/#organization"},"potentialAction":[{"@type":"SearchAction","target":{"@type":"EntryPoint","urlTemplate":"https:\/\/esconsultoria.es\/?s={search_term_string}"},"query-input":{"@type":"PropertyValueSpecification","valueRequired":true,"valueName":"search_term_string"}}],"inLanguage":"es"},{"@type":"Organization","@id":"https:\/\/esconsultoria.es\/#organization","name":"ES Consultoria Internacional - Nacionalidade Espanhola - Documentos na Espanha","url":"https:\/\/esconsultoria.es\/","logo":{"@type":"ImageObject","inLanguage":"es","@id":"https:\/\/esconsultoria.es\/#\/schema\/logo\/image\/","url":"https:\/\/esconsultoria.es\/wp-content\/uploads\/logo-ES-Consultoria.webp","contentUrl":"https:\/\/esconsultoria.es\/wp-content\/uploads\/logo-ES-Consultoria.webp","width":2084,"height":1076,"caption":"ES Consultoria Internacional - Nacionalidade Espanhola - Documentos na Espanha"},"image":{"@id":"https:\/\/esconsultoria.es\/#\/schema\/logo\/image\/"},"sameAs":["https:\/\/www.facebook.com\/eurosupremas","https:\/\/x.com\/eurosupremas","https:\/\/www.instagram.com\/esconsultoria","https:\/\/www.linkedin.com\/company\/euro-supremas-consulting","https:\/\/www.youtube.com\/channel\/UCDk5vZ6jRAFtLz31Zjz1uUg"]}]}},"_links":{"self":[{"href":"https:\/\/esconsultoria.es\/es\/wp-json\/wp\/v2\/pages\/2462","targetHints":{"allow":["GET"]}}],"collection":[{"href":"https:\/\/esconsultoria.es\/es\/wp-json\/wp\/v2\/pages"}],"about":[{"href":"https:\/\/esconsultoria.es\/es\/wp-json\/wp\/v2\/types\/page"}],"author":[{"embeddable":true,"href":"https:\/\/esconsultoria.es\/es\/wp-json\/wp\/v2\/users\/1"}],"replies":[{"embeddable":true,"href":"https:\/\/esconsultoria.es\/es\/wp-json\/wp\/v2\/comments?post=2462"}],"version-history":[{"count":3,"href":"https:\/\/esconsultoria.es\/es\/wp-json\/wp\/v2\/pages\/2462\/revisions"}],"predecessor-version":[{"id":2789,"href":"https:\/\/esconsultoria.es\/es\/wp-json\/wp\/v2\/pages\/2462\/revisions\/2789"}],"wp:attachment":[{"href":"https:\/\/esconsultoria.es\/es\/wp-json\/wp\/v2\/media?parent=2462"}],"curies":[{"name":"wp","href":"https:\/\/api.w.org\/{rel}","templated":true}]}}