{"id":2446,"date":"2020-09-02T14:04:04","date_gmt":"2020-09-02T12:04:04","guid":{"rendered":"https:\/\/esconsultoria.es\/visto-de-residencia-espana\/"},"modified":"2022-04-12T18:11:38","modified_gmt":"2022-04-12T16:11:38","slug":"visto-de-residencia-espana","status":"publish","type":"page","link":"https:\/\/esconsultoria.es\/es\/visto-de-residencia-espana\/","title":{"rendered":"Visado de residencia &#8211; Espa\u00f1a"},"content":{"rendered":"\t\t<div data-elementor-type=\"wp-page\" data-elementor-id=\"2446\" class=\"elementor elementor-2446\" data-elementor-post-type=\"page\">\n\t\t\t\t\t\t<section class=\"elementor-section elementor-top-section elementor-element elementor-element-0cf1883 elementor-section-boxed elementor-section-height-default elementor-section-height-default\" data-id=\"0cf1883\" data-element_type=\"section\">\n\t\t\t\t\t\t<div class=\"elementor-container elementor-column-gap-default\">\n\t\t\t\t\t<div class=\"elementor-column elementor-col-100 elementor-top-column elementor-element elementor-element-5d6eba6\" data-id=\"5d6eba6\" data-element_type=\"column\">\n\t\t\t<div class=\"elementor-widget-wrap elementor-element-populated\">\n\t\t\t\t\t\t<div class=\"elementor-element elementor-element-9924e12 elementor-widget elementor-widget-heading\" data-id=\"9924e12\" data-element_type=\"widget\" data-widget_type=\"heading.default\">\n\t\t\t\t<div class=\"elementor-widget-container\">\n\t\t\t\t\t<h2 class=\"elementor-heading-title elementor-size-default\">Visado de residencia para Espa\u00f1a<\/h2>\t\t\t\t<\/div>\n\t\t\t\t<\/div>\n\t\t\t\t\t<\/div>\n\t\t<\/div>\n\t\t\t\t\t<\/div>\n\t\t<\/section>\n\t\t\t\t<section class=\"elementor-section elementor-top-section elementor-element elementor-element-01389a0 elementor-section-boxed elementor-section-height-default elementor-section-height-default\" data-id=\"01389a0\" data-element_type=\"section\">\n\t\t\t\t\t\t<div class=\"elementor-container elementor-column-gap-default\">\n\t\t\t\t\t<div class=\"elementor-column elementor-col-100 elementor-top-column elementor-element elementor-element-08a948d\" data-id=\"08a948d\" data-element_type=\"column\">\n\t\t\t<div class=\"elementor-widget-wrap elementor-element-populated\">\n\t\t\t\t\t\t<div class=\"elementor-element elementor-element-f0cff9f elementor-widget elementor-widget-text-editor\" data-id=\"f0cff9f\" data-element_type=\"widget\" data-widget_type=\"text-editor.default\">\n\t\t\t\t<div class=\"elementor-widget-container\">\n\t\t\t\t\t\t\t\t\tEn Espa\u00f1a existen varios visados, por lo que realizamos un an\u00e1lisis de cada caso para comprobar cu\u00e1l se adapta mejor a cada cliente.\r\n\r\nEl visado de residencia no rentable permite al extranjero residir en Espa\u00f1a, sin la obligaci\u00f3n de trabajar.\r\n\r\nExiste una creciente demanda de extranjeros que desean residir en Espa\u00f1a, por diversos motivos. La ventaja de este visado es que los extranjeros que lo obtienen pueden, tras un periodo de residencia, solicitar la <strong>nacionalidad espa\u00f1ola por residencia<\/strong>, en cuyo caso, dependiendo del pa\u00eds de origen del extranjero no descendiente de espa\u00f1oles, el periodo de espera inicial para poder solicitar la nacionalidad espa\u00f1ola puede variar. Hay casos en los que se reduce este plazo para solicitar la nacionalidad.\r\n\r\nComo en el caso de los hijos y nietos de espa\u00f1oles, el plazo se reduce a un a\u00f1o.\t\t\t\t\t\t\t\t<\/div>\n\t\t\t\t<\/div>\n\t\t\t\t\t<\/div>\n\t\t<\/div>\n\t\t\t\t\t<\/div>\n\t\t<\/section>\n\t\t\t\t<section class=\"elementor-section elementor-top-section elementor-element elementor-element-5491895 elementor-section-boxed elementor-section-height-default elementor-section-height-default\" data-id=\"5491895\" data-element_type=\"section\">\n\t\t\t\t\t\t<div class=\"elementor-container elementor-column-gap-default\">\n\t\t\t\t\t<div class=\"elementor-column elementor-col-100 elementor-top-column elementor-element elementor-element-c80f8ad\" data-id=\"c80f8ad\" data-element_type=\"column\">\n\t\t\t<div class=\"elementor-widget-wrap elementor-element-populated\">\n\t\t\t\t\t\t<div class=\"elementor-element elementor-element-52aeb39 elementor-widget elementor-widget-heading\" data-id=\"52aeb39\" data-element_type=\"widget\" data-widget_type=\"heading.default\">\n\t\t\t\t<div class=\"elementor-widget-container\">\n\t\t\t\t\t<h3 class=\"elementor-heading-title elementor-size-default\">\u00bfC\u00f3mo ser\u00eda el visado de residencia no lucrativa en Espa\u00f1a?<\/h3>\t\t\t\t<\/div>\n\t\t\t\t<\/div>\n\t\t\t\t\t<\/div>\n\t\t<\/div>\n\t\t\t\t\t<\/div>\n\t\t<\/section>\n\t\t\t\t<section class=\"elementor-section elementor-top-section elementor-element elementor-element-01f8413 elementor-section-boxed elementor-section-height-default elementor-section-height-default\" data-id=\"01f8413\" data-element_type=\"section\">\n\t\t\t\t\t\t<div class=\"elementor-container elementor-column-gap-default\">\n\t\t\t\t\t<div class=\"elementor-column elementor-col-100 elementor-top-column elementor-element elementor-element-55fa980\" data-id=\"55fa980\" data-element_type=\"column\">\n\t\t\t<div class=\"elementor-widget-wrap elementor-element-populated\">\n\t\t\t\t\t\t<div class=\"elementor-element elementor-element-a6aa5de elementor-widget elementor-widget-text-editor\" data-id=\"a6aa5de\" data-element_type=\"widget\" data-widget_type=\"text-editor.default\">\n\t\t\t\t<div class=\"elementor-widget-container\">\n\t\t\t\t\t\t\t\t\tLa tramitaci\u00f3n de este visado se inicia antes de llegar a Espa\u00f1a, y su principal requisito es acreditar unos ingresos mensuales suficientes para el mantenimiento del extranjero y su familia, durante el periodo de vigencia del visado, que normalmente comienza con un periodo de validez de un a\u00f1o.\r\n\r\nEl visado inicial, con la llegada a Espa\u00f1a se tramita la tarjeta de residencia.\r\n\r\nIMPORTANTE: Antes de que expire el plazo de dos a\u00f1os, la familia del extranjero debe renovar el visado, cumpliendo siempre los requisitos que \u00e9ste exige. Esta renovaci\u00f3n ser\u00e1 por dos a\u00f1os.\t\t\t\t\t\t\t\t<\/div>\n\t\t\t\t<\/div>\n\t\t\t\t\t<\/div>\n\t\t<\/div>\n\t\t\t\t\t<\/div>\n\t\t<\/section>\n\t\t\t\t<section class=\"elementor-section elementor-top-section elementor-element elementor-element-8ecb577 elementor-section-boxed elementor-section-height-default elementor-section-height-default\" data-id=\"8ecb577\" data-element_type=\"section\">\n\t\t\t\t\t\t<div class=\"elementor-container elementor-column-gap-default\">\n\t\t\t\t\t<div class=\"elementor-column elementor-col-100 elementor-top-column elementor-element elementor-element-de4d4b0\" data-id=\"de4d4b0\" data-element_type=\"column\">\n\t\t\t<div class=\"elementor-widget-wrap elementor-element-populated\">\n\t\t\t\t\t\t<div class=\"elementor-element elementor-element-5f7f4e1 elementor-widget elementor-widget-heading\" data-id=\"5f7f4e1\" data-element_type=\"widget\" data-widget_type=\"heading.default\">\n\t\t\t\t<div class=\"elementor-widget-container\">\n\t\t\t\t\t<h3 class=\"elementor-heading-title elementor-size-default\">\u00bfCu\u00e1l es el requisito de ingresos que hay que presentar?<\/h3>\t\t\t\t<\/div>\n\t\t\t\t<\/div>\n\t\t\t\t\t<\/div>\n\t\t<\/div>\n\t\t\t\t\t<\/div>\n\t\t<\/section>\n\t\t\t\t<section class=\"elementor-section elementor-top-section elementor-element elementor-element-cda40e9 elementor-section-boxed elementor-section-height-default elementor-section-height-default\" data-id=\"cda40e9\" data-element_type=\"section\">\n\t\t\t\t\t\t<div class=\"elementor-container elementor-column-gap-default\">\n\t\t\t\t\t<div class=\"elementor-column elementor-col-100 elementor-top-column elementor-element elementor-element-1b5d8f1\" data-id=\"1b5d8f1\" data-element_type=\"column\">\n\t\t\t<div class=\"elementor-widget-wrap elementor-element-populated\">\n\t\t\t\t\t\t<div class=\"elementor-element elementor-element-bd4e6ad elementor-widget elementor-widget-text-editor\" data-id=\"bd4e6ad\" data-element_type=\"widget\" data-widget_type=\"text-editor.default\">\n\t\t\t\t<div class=\"elementor-widget-container\">\n\t\t\t\t\t\t\t\t\tEl requisito de ingresos principales para la solicitud del visado es el 400% del IPREM para el solicitante y el 100% del IPREM para cada uno de los miembros de la familia.\r\n\r\nEl IPREM es el Indicador P\u00fablico de Renta de Efectos M\u00faltiples, este indicador cambia anualmente y est\u00e1 determinado por la Ley de Presupuestos. El IPREM 2020 mensual es de 579,02 euros\r\n\r\nEs decir, el solicitante principal debe tener unos ingresos mensuales de 2.316,08 euros y cada miembro adicional de la familia de 579,02 euros\t\t\t\t\t\t\t\t<\/div>\n\t\t\t\t<\/div>\n\t\t\t\t\t<\/div>\n\t\t<\/div>\n\t\t\t\t\t<\/div>\n\t\t<\/section>\n\t\t\t\t<section class=\"elementor-section elementor-top-section elementor-element elementor-element-0e75f8a elementor-section-boxed elementor-section-height-default elementor-section-height-default\" data-id=\"0e75f8a\" data-element_type=\"section\">\n\t\t\t\t\t\t<div class=\"elementor-container elementor-column-gap-default\">\n\t\t\t\t\t<div class=\"elementor-column elementor-col-100 elementor-top-column elementor-element elementor-element-5d55b05\" data-id=\"5d55b05\" data-element_type=\"column\">\n\t\t\t<div class=\"elementor-widget-wrap elementor-element-populated\">\n\t\t\t\t\t\t<div class=\"elementor-element elementor-element-54b8b40 elementor-widget elementor-widget-heading\" data-id=\"54b8b40\" data-element_type=\"widget\" data-widget_type=\"heading.default\">\n\t\t\t\t<div class=\"elementor-widget-container\">\n\t\t\t\t\t<h3 class=\"elementor-heading-title elementor-size-default\">\u00bfC\u00f3mo actuamos?<\/h3>\t\t\t\t<\/div>\n\t\t\t\t<\/div>\n\t\t\t\t\t<\/div>\n\t\t<\/div>\n\t\t\t\t\t<\/div>\n\t\t<\/section>\n\t\t\t\t<section class=\"elementor-section elementor-top-section elementor-element elementor-element-ab5a9d4 elementor-section-boxed elementor-section-height-default elementor-section-height-default\" data-id=\"ab5a9d4\" data-element_type=\"section\">\n\t\t\t\t\t\t<div class=\"elementor-container elementor-column-gap-default\">\n\t\t\t\t\t<div class=\"elementor-column elementor-col-100 elementor-top-column elementor-element elementor-element-c331172\" data-id=\"c331172\" data-element_type=\"column\">\n\t\t\t<div class=\"elementor-widget-wrap elementor-element-populated\">\n\t\t\t\t\t\t<div class=\"elementor-element elementor-element-f74551c elementor-widget elementor-widget-text-editor\" data-id=\"f74551c\" data-element_type=\"widget\" data-widget_type=\"text-editor.default\">\n\t\t\t\t<div class=\"elementor-widget-container\">\n\t\t\t\t\t\t\t\t\tRealizamos un an\u00e1lisis detallado de cada situaci\u00f3n, le guiamos en el proceso, le indicamos c\u00f3mo actuar antes, durante y despu\u00e9s de su llegada a Espa\u00f1a.\r\n\r\nUn enfoque global, ya que tambi\u00e9n ofrecemos un servicio de <strong>Relocation<\/strong> para el solicitante o las familias que realizan este cambio de vida.\t\t\t\t\t\t\t\t<\/div>\n\t\t\t\t<\/div>\n\t\t\t\t\t<\/div>\n\t\t<\/div>\n\t\t\t\t\t<\/div>\n\t\t<\/section>\n\t\t\t\t<\/div>\n\t\t","protected":false},"excerpt":{"rendered":"<p>Visado de residencia para Espa\u00f1a En Espa\u00f1a existen varios visados, por lo que realizamos un an\u00e1lisis de cada caso para comprobar cu\u00e1l se adapta mejor a cada cliente. El visado de residencia no rentable permite al extranjero residir en Espa\u00f1a, sin la obligaci\u00f3n de trabajar. Existe una creciente demanda de extranjeros que desean residir en &#8230; <a title=\"Visado de residencia &#8211; Espa\u00f1a\" class=\"read-more\" href=\"https:\/\/esconsultoria.es\/es\/visto-de-residencia-espana\/\" aria-label=\"Leer m\u00e1s sobre Visado de residencia &#8211; Espa\u00f1a\">Leer m\u00e1s<\/a><\/p>\n","protected":false},"author":1,"featured_media":2007,"parent":0,"menu_order":0,"comment_status":"closed","ping_status":"closed","template":"","meta":{"content-type":"","footnotes":""},"class_list":["post-2446","page","type-page","status-publish","has-post-thumbnail"],"yoast_head":"<!-- This site is optimized with the Yoast SEO plugin v24.4 - https:\/\/yoast.com\/wordpress\/plugins\/seo\/ -->\n<title>Visado de residencia legal en Espa\u00f1a. Preg\u00fantanos por los requisitos.<\/title>\n<meta name=\"description\" content=\"Podemos preparar su solicitud de visado de residencia legal en Espa\u00f1a, ver los requisitos en los que encaja. Cons\u00faltenos. ES Consultor\u00eda\" \/>\n<meta name=\"robots\" content=\"index, follow, max-snippet:-1, max-image-preview:large, max-video-preview:-1\" \/>\n<link rel=\"canonical\" href=\"https:\/\/esconsultoria.es\/es\/visto-de-residencia-espana\/\" \/>\n<meta property=\"og:locale\" content=\"es_ES\" \/>\n<meta property=\"og:type\" content=\"article\" \/>\n<meta property=\"og:title\" content=\"Visado de residencia legal en Espa\u00f1a. Preg\u00fantanos por los requisitos.\" \/>\n<meta property=\"og:description\" content=\"Podemos preparar su solicitud de visado de residencia legal en Espa\u00f1a, ver los requisitos en los que encaja. Cons\u00faltenos. ES Consultor\u00eda\" \/>\n<meta property=\"og:url\" content=\"https:\/\/esconsultoria.es\/es\/visto-de-residencia-espana\/\" \/>\n<meta property=\"og:site_name\" content=\"E S Consultoria Internacional\" \/>\n<meta property=\"article:publisher\" content=\"https:\/\/www.facebook.com\/eurosupremas\" \/>\n<meta property=\"article:modified_time\" content=\"2022-04-12T16:11:38+00:00\" \/>\n<meta property=\"og:image\" content=\"https:\/\/esconsultoria.es\/wp-content\/uploads\/Visto-de-residencia-legal-na-Espanha-1-scaled.webp\" \/>\n\t<meta property=\"og:image:width\" content=\"2560\" \/>\n\t<meta property=\"og:image:height\" content=\"1707\" \/>\n\t<meta property=\"og:image:type\" content=\"image\/webp\" \/>\n<meta name=\"twitter:card\" content=\"summary_large_image\" \/>\n<meta name=\"twitter:site\" content=\"@eurosupremas\" \/>\n<meta name=\"twitter:label1\" content=\"Tiempo de lectura\" \/>\n\t<meta name=\"twitter:data1\" content=\"2 minutos\" \/>\n<script type=\"application\/ld+json\" class=\"yoast-schema-graph\">{\"@context\":\"https:\/\/schema.org\",\"@graph\":[{\"@type\":\"WebPage\",\"@id\":\"https:\/\/esconsultoria.es\/es\/visto-de-residencia-espana\/\",\"url\":\"https:\/\/esconsultoria.es\/es\/visto-de-residencia-espana\/\",\"name\":\"Visado de residencia legal en Espa\u00f1a. Preg\u00fantanos por los requisitos.\",\"isPartOf\":{\"@id\":\"https:\/\/esconsultoria.es\/#website\"},\"primaryImageOfPage\":{\"@id\":\"https:\/\/esconsultoria.es\/es\/visto-de-residencia-espana\/#primaryimage\"},\"image\":{\"@id\":\"https:\/\/esconsultoria.es\/es\/visto-de-residencia-espana\/#primaryimage\"},\"thumbnailUrl\":\"https:\/\/esconsultoria.es\/wp-content\/uploads\/Visto-de-residencia-legal-na-Espanha-1-scaled.webp\",\"datePublished\":\"2020-09-02T12:04:04+00:00\",\"dateModified\":\"2022-04-12T16:11:38+00:00\",\"description\":\"Podemos preparar su solicitud de visado de residencia legal en Espa\u00f1a, ver los requisitos en los que encaja. Cons\u00faltenos. ES Consultor\u00eda\",\"breadcrumb\":{\"@id\":\"https:\/\/esconsultoria.es\/es\/visto-de-residencia-espana\/#breadcrumb\"},\"inLanguage\":\"es\",\"potentialAction\":[{\"@type\":\"ReadAction\",\"target\":[\"https:\/\/esconsultoria.es\/es\/visto-de-residencia-espana\/\"]}]},{\"@type\":\"ImageObject\",\"inLanguage\":\"es\",\"@id\":\"https:\/\/esconsultoria.es\/es\/visto-de-residencia-espana\/#primaryimage\",\"url\":\"https:\/\/esconsultoria.es\/wp-content\/uploads\/Visto-de-residencia-legal-na-Espanha-1-scaled.webp\",\"contentUrl\":\"https:\/\/esconsultoria.es\/wp-content\/uploads\/Visto-de-residencia-legal-na-Espanha-1-scaled.webp\",\"width\":2560,\"height\":1707},{\"@type\":\"BreadcrumbList\",\"@id\":\"https:\/\/esconsultoria.es\/es\/visto-de-residencia-espana\/#breadcrumb\",\"itemListElement\":[{\"@type\":\"ListItem\",\"position\":1,\"name\":\"Portada\",\"item\":\"https:\/\/esconsultoria.es\/es\/\"},{\"@type\":\"ListItem\",\"position\":2,\"name\":\"Visado de residencia &#8211; Espa\u00f1a\"}]},{\"@type\":\"WebSite\",\"@id\":\"https:\/\/esconsultoria.es\/#website\",\"url\":\"https:\/\/esconsultoria.es\/\",\"name\":\"E S Consultoria Internacional\",\"description\":\"Nacionalidade Espanhola Visto de Resid\u00eancia Espanha Cidadania\",\"publisher\":{\"@id\":\"https:\/\/esconsultoria.es\/#organization\"},\"potentialAction\":[{\"@type\":\"SearchAction\",\"target\":{\"@type\":\"EntryPoint\",\"urlTemplate\":\"https:\/\/esconsultoria.es\/?s={search_term_string}\"},\"query-input\":{\"@type\":\"PropertyValueSpecification\",\"valueRequired\":true,\"valueName\":\"search_term_string\"}}],\"inLanguage\":\"es\"},{\"@type\":\"Organization\",\"@id\":\"https:\/\/esconsultoria.es\/#organization\",\"name\":\"ES Consultoria Internacional - Nacionalidade Espanhola - Documentos na Espanha\",\"url\":\"https:\/\/esconsultoria.es\/\",\"logo\":{\"@type\":\"ImageObject\",\"inLanguage\":\"es\",\"@id\":\"https:\/\/esconsultoria.es\/#\/schema\/logo\/image\/\",\"url\":\"https:\/\/esconsultoria.es\/wp-content\/uploads\/logo-ES-Consultoria.webp\",\"contentUrl\":\"https:\/\/esconsultoria.es\/wp-content\/uploads\/logo-ES-Consultoria.webp\",\"width\":2084,\"height\":1076,\"caption\":\"ES Consultoria Internacional - Nacionalidade Espanhola - Documentos na Espanha\"},\"image\":{\"@id\":\"https:\/\/esconsultoria.es\/#\/schema\/logo\/image\/\"},\"sameAs\":[\"https:\/\/www.facebook.com\/eurosupremas\",\"https:\/\/x.com\/eurosupremas\",\"https:\/\/www.instagram.com\/esconsultoria\",\"https:\/\/www.linkedin.com\/company\/euro-supremas-consulting\",\"https:\/\/www.youtube.com\/channel\/UCDk5vZ6jRAFtLz31Zjz1uUg\"]}]}<\/script>\n<!-- \/ Yoast SEO plugin. -->","yoast_head_json":{"title":"Visado de residencia legal en Espa\u00f1a. Preg\u00fantanos por los requisitos.","description":"Podemos preparar su solicitud de visado de residencia legal en Espa\u00f1a, ver los requisitos en los que encaja. Cons\u00faltenos. ES Consultor\u00eda","robots":{"index":"index","follow":"follow","max-snippet":"max-snippet:-1","max-image-preview":"max-image-preview:large","max-video-preview":"max-video-preview:-1"},"canonical":"https:\/\/esconsultoria.es\/es\/visto-de-residencia-espana\/","og_locale":"es_ES","og_type":"article","og_title":"Visado de residencia legal en Espa\u00f1a. Preg\u00fantanos por los requisitos.","og_description":"Podemos preparar su solicitud de visado de residencia legal en Espa\u00f1a, ver los requisitos en los que encaja. Cons\u00faltenos. ES Consultor\u00eda","og_url":"https:\/\/esconsultoria.es\/es\/visto-de-residencia-espana\/","og_site_name":"E S Consultoria Internacional","article_publisher":"https:\/\/www.facebook.com\/eurosupremas","article_modified_time":"2022-04-12T16:11:38+00:00","og_image":[{"width":2560,"height":1707,"url":"https:\/\/esconsultoria.es\/wp-content\/uploads\/Visto-de-residencia-legal-na-Espanha-1-scaled.webp","type":"image\/webp"}],"twitter_card":"summary_large_image","twitter_site":"@eurosupremas","twitter_misc":{"Tiempo de lectura":"2 minutos"},"schema":{"@context":"https:\/\/schema.org","@graph":[{"@type":"WebPage","@id":"https:\/\/esconsultoria.es\/es\/visto-de-residencia-espana\/","url":"https:\/\/esconsultoria.es\/es\/visto-de-residencia-espana\/","name":"Visado de residencia legal en Espa\u00f1a. Preg\u00fantanos por los requisitos.","isPartOf":{"@id":"https:\/\/esconsultoria.es\/#website"},"primaryImageOfPage":{"@id":"https:\/\/esconsultoria.es\/es\/visto-de-residencia-espana\/#primaryimage"},"image":{"@id":"https:\/\/esconsultoria.es\/es\/visto-de-residencia-espana\/#primaryimage"},"thumbnailUrl":"https:\/\/esconsultoria.es\/wp-content\/uploads\/Visto-de-residencia-legal-na-Espanha-1-scaled.webp","datePublished":"2020-09-02T12:04:04+00:00","dateModified":"2022-04-12T16:11:38+00:00","description":"Podemos preparar su solicitud de visado de residencia legal en Espa\u00f1a, ver los requisitos en los que encaja. Cons\u00faltenos. ES Consultor\u00eda","breadcrumb":{"@id":"https:\/\/esconsultoria.es\/es\/visto-de-residencia-espana\/#breadcrumb"},"inLanguage":"es","potentialAction":[{"@type":"ReadAction","target":["https:\/\/esconsultoria.es\/es\/visto-de-residencia-espana\/"]}]},{"@type":"ImageObject","inLanguage":"es","@id":"https:\/\/esconsultoria.es\/es\/visto-de-residencia-espana\/#primaryimage","url":"https:\/\/esconsultoria.es\/wp-content\/uploads\/Visto-de-residencia-legal-na-Espanha-1-scaled.webp","contentUrl":"https:\/\/esconsultoria.es\/wp-content\/uploads\/Visto-de-residencia-legal-na-Espanha-1-scaled.webp","width":2560,"height":1707},{"@type":"BreadcrumbList","@id":"https:\/\/esconsultoria.es\/es\/visto-de-residencia-espana\/#breadcrumb","itemListElement":[{"@type":"ListItem","position":1,"name":"Portada","item":"https:\/\/esconsultoria.es\/es\/"},{"@type":"ListItem","position":2,"name":"Visado de residencia &#8211; Espa\u00f1a"}]},{"@type":"WebSite","@id":"https:\/\/esconsultoria.es\/#website","url":"https:\/\/esconsultoria.es\/","name":"E S Consultoria Internacional","description":"Nacionalidade Espanhola Visto de Resid\u00eancia Espanha Cidadania","publisher":{"@id":"https:\/\/esconsultoria.es\/#organization"},"potentialAction":[{"@type":"SearchAction","target":{"@type":"EntryPoint","urlTemplate":"https:\/\/esconsultoria.es\/?s={search_term_string}"},"query-input":{"@type":"PropertyValueSpecification","valueRequired":true,"valueName":"search_term_string"}}],"inLanguage":"es"},{"@type":"Organization","@id":"https:\/\/esconsultoria.es\/#organization","name":"ES Consultoria Internacional - Nacionalidade Espanhola - Documentos na Espanha","url":"https:\/\/esconsultoria.es\/","logo":{"@type":"ImageObject","inLanguage":"es","@id":"https:\/\/esconsultoria.es\/#\/schema\/logo\/image\/","url":"https:\/\/esconsultoria.es\/wp-content\/uploads\/logo-ES-Consultoria.webp","contentUrl":"https:\/\/esconsultoria.es\/wp-content\/uploads\/logo-ES-Consultoria.webp","width":2084,"height":1076,"caption":"ES Consultoria Internacional - Nacionalidade Espanhola - Documentos na Espanha"},"image":{"@id":"https:\/\/esconsultoria.es\/#\/schema\/logo\/image\/"},"sameAs":["https:\/\/www.facebook.com\/eurosupremas","https:\/\/x.com\/eurosupremas","https:\/\/www.instagram.com\/esconsultoria","https:\/\/www.linkedin.com\/company\/euro-supremas-consulting","https:\/\/www.youtube.com\/channel\/UCDk5vZ6jRAFtLz31Zjz1uUg"]}]}},"_links":{"self":[{"href":"https:\/\/esconsultoria.es\/es\/wp-json\/wp\/v2\/pages\/2446","targetHints":{"allow":["GET"]}}],"collection":[{"href":"https:\/\/esconsultoria.es\/es\/wp-json\/wp\/v2\/pages"}],"about":[{"href":"https:\/\/esconsultoria.es\/es\/wp-json\/wp\/v2\/types\/page"}],"author":[{"embeddable":true,"href":"https:\/\/esconsultoria.es\/es\/wp-json\/wp\/v2\/users\/1"}],"replies":[{"embeddable":true,"href":"https:\/\/esconsultoria.es\/es\/wp-json\/wp\/v2\/comments?post=2446"}],"version-history":[{"count":3,"href":"https:\/\/esconsultoria.es\/es\/wp-json\/wp\/v2\/pages\/2446\/revisions"}],"predecessor-version":[{"id":2449,"href":"https:\/\/esconsultoria.es\/es\/wp-json\/wp\/v2\/pages\/2446\/revisions\/2449"}],"wp:featuredmedia":[{"embeddable":true,"href":"https:\/\/esconsultoria.es\/es\/wp-json\/wp\/v2\/media\/2007"}],"wp:attachment":[{"href":"https:\/\/esconsultoria.es\/es\/wp-json\/wp\/v2\/media?parent=2446"}],"curies":[{"name":"wp","href":"https:\/\/api.w.org\/{rel}","templated":true}]}}