{"id":2345,"date":"2020-09-09T15:48:34","date_gmt":"2020-09-09T13:48:34","guid":{"rendered":"https:\/\/esconsultoria.es\/recurso-contencioso-administrativo-nacionalidad-espanola\/"},"modified":"2022-04-12T18:10:59","modified_gmt":"2022-04-12T16:10:59","slug":"recurso-contencioso-administrativo-nacionalidad-espanola","status":"publish","type":"page","link":"https:\/\/esconsultoria.es\/es\/recurso-contencioso-administrativo-nacionalidad-espanola\/","title":{"rendered":"Recurso Contencioso-Administrativo &#8211; Nacionalidad Espa\u00f1ola"},"content":{"rendered":"\t\t<div data-elementor-type=\"wp-page\" data-elementor-id=\"2345\" class=\"elementor elementor-2345\" data-elementor-post-type=\"page\">\n\t\t\t\t\t\t<section class=\"elementor-section elementor-top-section elementor-element elementor-element-bfd5c0c elementor-section-boxed elementor-section-height-default elementor-section-height-default\" data-id=\"bfd5c0c\" data-element_type=\"section\">\n\t\t\t\t\t\t<div class=\"elementor-container elementor-column-gap-default\">\n\t\t\t\t\t<div class=\"elementor-column elementor-col-100 elementor-top-column elementor-element elementor-element-ac1636a\" data-id=\"ac1636a\" data-element_type=\"column\">\n\t\t\t<div class=\"elementor-widget-wrap elementor-element-populated\">\n\t\t\t\t\t\t<div class=\"elementor-element elementor-element-b547814 elementor-widget elementor-widget-text-editor\" data-id=\"b547814\" data-element_type=\"widget\" data-widget_type=\"text-editor.default\">\n\t\t\t\t<div class=\"elementor-widget-container\">\n\t\t\t\t\t\t\t\t\tCuando se est\u00e1 tramitando la nacionalidad espa\u00f1ola por residencia, en teor\u00eda el plazo de resoluci\u00f3n no deber\u00eda superar los 12 meses, pero cuando esto ocurre, el cliente puede optar por presentar un <strong>Recurso Contencioso Administrativo<\/strong>.\r\n\r\nEl Recurso de Apelaci\u00f3n es presentado por un abogado ante la Audiencia Nacional, si el caso est\u00e1 bien fundamentado es aconsejable realizar el procedimiento.\r\n\r\nEl Ministerio de Justicia est\u00e1 tardando entre 2 y 3 a\u00f1os en resolver un caso de nacionalidad por residencia, si el cliente as\u00ed lo decide, puede seguir esperando la resoluci\u00f3n del caso sin tramitar el recurso ante la Audiencia Nacional.\r\n\r\nNuestro despacho jur\u00eddico asociado podr\u00e1 tramitar el caso por usted.\t\t\t\t\t\t\t\t<\/div>\n\t\t\t\t<\/div>\n\t\t\t\t\t<\/div>\n\t\t<\/div>\n\t\t\t\t\t<\/div>\n\t\t<\/section>\n\t\t\t\t<\/div>\n\t\t","protected":false},"excerpt":{"rendered":"<p>Cuando se est\u00e1 tramitando la nacionalidad espa\u00f1ola por residencia, en teor\u00eda el plazo de resoluci\u00f3n no deber\u00eda superar los 12 meses, pero cuando esto ocurre, el cliente puede optar por presentar un Recurso Contencioso Administrativo. El Recurso de Apelaci\u00f3n es presentado por un abogado ante la Audiencia Nacional, si el caso est\u00e1 bien fundamentado es &#8230; <a title=\"Recurso Contencioso-Administrativo &#8211; Nacionalidad Espa\u00f1ola\" class=\"read-more\" href=\"https:\/\/esconsultoria.es\/es\/recurso-contencioso-administrativo-nacionalidad-espanola\/\" aria-label=\"Leer m\u00e1s sobre Recurso Contencioso-Administrativo &#8211; Nacionalidad Espa\u00f1ola\">Leer m\u00e1s<\/a><\/p>\n","protected":false},"author":1,"featured_media":0,"parent":0,"menu_order":0,"comment_status":"closed","ping_status":"closed","template":"","meta":{"content-type":"","footnotes":""},"class_list":["post-2345","page","type-page","status-publish"],"yoast_head":"<!-- This site is optimized with the Yoast SEO plugin v24.4 - https:\/\/yoast.com\/wordpress\/plugins\/seo\/ -->\n<title>\u00bfNecesita presentar un recurso para obtener la nacionalidad por residencia?<\/title>\n<meta name=\"description\" content=\"\u00bfSu nacionalidad tarda m\u00e1s de un a\u00f1o? Puede presentar un recurso contencioso ante la Audiencia Nacional. P\u00f3ngase en contacto con nosotros.\" \/>\n<meta name=\"robots\" content=\"index, follow, max-snippet:-1, max-image-preview:large, max-video-preview:-1\" \/>\n<link rel=\"canonical\" href=\"https:\/\/esconsultoria.es\/es\/recurso-contencioso-administrativo-nacionalidad-espanola\/\" \/>\n<meta property=\"og:locale\" content=\"es_ES\" \/>\n<meta property=\"og:type\" content=\"article\" \/>\n<meta property=\"og:title\" content=\"\u00bfNecesita presentar un recurso para obtener la nacionalidad por residencia?\" \/>\n<meta property=\"og:description\" content=\"\u00bfSu nacionalidad tarda m\u00e1s de un a\u00f1o? Puede presentar un recurso contencioso ante la Audiencia Nacional. P\u00f3ngase en contacto con nosotros.\" \/>\n<meta property=\"og:url\" content=\"https:\/\/esconsultoria.es\/es\/recurso-contencioso-administrativo-nacionalidad-espanola\/\" \/>\n<meta property=\"og:site_name\" content=\"E S Consultoria Internacional\" \/>\n<meta property=\"article:publisher\" content=\"https:\/\/www.facebook.com\/eurosupremas\" \/>\n<meta property=\"article:modified_time\" content=\"2022-04-12T16:10:59+00:00\" \/>\n<meta property=\"og:image\" content=\"https:\/\/esconsultoria.es\/wp-content\/uploads\/logo-en-vectores-01.png\" \/>\n\t<meta property=\"og:image:width\" content=\"2084\" \/>\n\t<meta property=\"og:image:height\" content=\"2084\" \/>\n\t<meta property=\"og:image:type\" content=\"image\/png\" \/>\n<meta name=\"twitter:card\" content=\"summary_large_image\" \/>\n<meta name=\"twitter:site\" content=\"@eurosupremas\" \/>\n<meta name=\"twitter:label1\" content=\"Tiempo de lectura\" \/>\n\t<meta name=\"twitter:data1\" content=\"1 minuto\" \/>\n<script type=\"application\/ld+json\" class=\"yoast-schema-graph\">{\"@context\":\"https:\/\/schema.org\",\"@graph\":[{\"@type\":\"WebPage\",\"@id\":\"https:\/\/esconsultoria.es\/es\/recurso-contencioso-administrativo-nacionalidad-espanola\/\",\"url\":\"https:\/\/esconsultoria.es\/es\/recurso-contencioso-administrativo-nacionalidad-espanola\/\",\"name\":\"\u00bfNecesita presentar un recurso para obtener la nacionalidad por residencia?\",\"isPartOf\":{\"@id\":\"https:\/\/esconsultoria.es\/#website\"},\"datePublished\":\"2020-09-09T13:48:34+00:00\",\"dateModified\":\"2022-04-12T16:10:59+00:00\",\"description\":\"\u00bfSu nacionalidad tarda m\u00e1s de un a\u00f1o? Puede presentar un recurso contencioso ante la Audiencia Nacional. P\u00f3ngase en contacto con nosotros.\",\"breadcrumb\":{\"@id\":\"https:\/\/esconsultoria.es\/es\/recurso-contencioso-administrativo-nacionalidad-espanola\/#breadcrumb\"},\"inLanguage\":\"es\",\"potentialAction\":[{\"@type\":\"ReadAction\",\"target\":[\"https:\/\/esconsultoria.es\/es\/recurso-contencioso-administrativo-nacionalidad-espanola\/\"]}]},{\"@type\":\"BreadcrumbList\",\"@id\":\"https:\/\/esconsultoria.es\/es\/recurso-contencioso-administrativo-nacionalidad-espanola\/#breadcrumb\",\"itemListElement\":[{\"@type\":\"ListItem\",\"position\":1,\"name\":\"Portada\",\"item\":\"https:\/\/esconsultoria.es\/es\/\"},{\"@type\":\"ListItem\",\"position\":2,\"name\":\"Recurso Contencioso-Administrativo &#8211; Nacionalidad Espa\u00f1ola\"}]},{\"@type\":\"WebSite\",\"@id\":\"https:\/\/esconsultoria.es\/#website\",\"url\":\"https:\/\/esconsultoria.es\/\",\"name\":\"E S Consultoria Internacional\",\"description\":\"Nacionalidade Espanhola Visto de Resid\u00eancia Espanha Cidadania\",\"publisher\":{\"@id\":\"https:\/\/esconsultoria.es\/#organization\"},\"potentialAction\":[{\"@type\":\"SearchAction\",\"target\":{\"@type\":\"EntryPoint\",\"urlTemplate\":\"https:\/\/esconsultoria.es\/?s={search_term_string}\"},\"query-input\":{\"@type\":\"PropertyValueSpecification\",\"valueRequired\":true,\"valueName\":\"search_term_string\"}}],\"inLanguage\":\"es\"},{\"@type\":\"Organization\",\"@id\":\"https:\/\/esconsultoria.es\/#organization\",\"name\":\"ES Consultoria Internacional - Nacionalidade Espanhola - Documentos na Espanha\",\"url\":\"https:\/\/esconsultoria.es\/\",\"logo\":{\"@type\":\"ImageObject\",\"inLanguage\":\"es\",\"@id\":\"https:\/\/esconsultoria.es\/#\/schema\/logo\/image\/\",\"url\":\"https:\/\/esconsultoria.es\/wp-content\/uploads\/logo-ES-Consultoria.webp\",\"contentUrl\":\"https:\/\/esconsultoria.es\/wp-content\/uploads\/logo-ES-Consultoria.webp\",\"width\":2084,\"height\":1076,\"caption\":\"ES Consultoria Internacional - Nacionalidade Espanhola - Documentos na Espanha\"},\"image\":{\"@id\":\"https:\/\/esconsultoria.es\/#\/schema\/logo\/image\/\"},\"sameAs\":[\"https:\/\/www.facebook.com\/eurosupremas\",\"https:\/\/x.com\/eurosupremas\",\"https:\/\/www.instagram.com\/esconsultoria\",\"https:\/\/www.linkedin.com\/company\/euro-supremas-consulting\",\"https:\/\/www.youtube.com\/channel\/UCDk5vZ6jRAFtLz31Zjz1uUg\"]}]}<\/script>\n<!-- \/ Yoast SEO plugin. -->","yoast_head_json":{"title":"\u00bfNecesita presentar un recurso para obtener la nacionalidad por residencia?","description":"\u00bfSu nacionalidad tarda m\u00e1s de un a\u00f1o? Puede presentar un recurso contencioso ante la Audiencia Nacional. P\u00f3ngase en contacto con nosotros.","robots":{"index":"index","follow":"follow","max-snippet":"max-snippet:-1","max-image-preview":"max-image-preview:large","max-video-preview":"max-video-preview:-1"},"canonical":"https:\/\/esconsultoria.es\/es\/recurso-contencioso-administrativo-nacionalidad-espanola\/","og_locale":"es_ES","og_type":"article","og_title":"\u00bfNecesita presentar un recurso para obtener la nacionalidad por residencia?","og_description":"\u00bfSu nacionalidad tarda m\u00e1s de un a\u00f1o? Puede presentar un recurso contencioso ante la Audiencia Nacional. P\u00f3ngase en contacto con nosotros.","og_url":"https:\/\/esconsultoria.es\/es\/recurso-contencioso-administrativo-nacionalidad-espanola\/","og_site_name":"E S Consultoria Internacional","article_publisher":"https:\/\/www.facebook.com\/eurosupremas","article_modified_time":"2022-04-12T16:10:59+00:00","og_image":[{"width":2084,"height":2084,"url":"https:\/\/esconsultoria.es\/wp-content\/uploads\/logo-en-vectores-01.png","type":"image\/png"}],"twitter_card":"summary_large_image","twitter_site":"@eurosupremas","twitter_misc":{"Tiempo de lectura":"1 minuto"},"schema":{"@context":"https:\/\/schema.org","@graph":[{"@type":"WebPage","@id":"https:\/\/esconsultoria.es\/es\/recurso-contencioso-administrativo-nacionalidad-espanola\/","url":"https:\/\/esconsultoria.es\/es\/recurso-contencioso-administrativo-nacionalidad-espanola\/","name":"\u00bfNecesita presentar un recurso para obtener la nacionalidad por residencia?","isPartOf":{"@id":"https:\/\/esconsultoria.es\/#website"},"datePublished":"2020-09-09T13:48:34+00:00","dateModified":"2022-04-12T16:10:59+00:00","description":"\u00bfSu nacionalidad tarda m\u00e1s de un a\u00f1o? Puede presentar un recurso contencioso ante la Audiencia Nacional. P\u00f3ngase en contacto con nosotros.","breadcrumb":{"@id":"https:\/\/esconsultoria.es\/es\/recurso-contencioso-administrativo-nacionalidad-espanola\/#breadcrumb"},"inLanguage":"es","potentialAction":[{"@type":"ReadAction","target":["https:\/\/esconsultoria.es\/es\/recurso-contencioso-administrativo-nacionalidad-espanola\/"]}]},{"@type":"BreadcrumbList","@id":"https:\/\/esconsultoria.es\/es\/recurso-contencioso-administrativo-nacionalidad-espanola\/#breadcrumb","itemListElement":[{"@type":"ListItem","position":1,"name":"Portada","item":"https:\/\/esconsultoria.es\/es\/"},{"@type":"ListItem","position":2,"name":"Recurso Contencioso-Administrativo &#8211; Nacionalidad Espa\u00f1ola"}]},{"@type":"WebSite","@id":"https:\/\/esconsultoria.es\/#website","url":"https:\/\/esconsultoria.es\/","name":"E S Consultoria Internacional","description":"Nacionalidade Espanhola Visto de Resid\u00eancia Espanha Cidadania","publisher":{"@id":"https:\/\/esconsultoria.es\/#organization"},"potentialAction":[{"@type":"SearchAction","target":{"@type":"EntryPoint","urlTemplate":"https:\/\/esconsultoria.es\/?s={search_term_string}"},"query-input":{"@type":"PropertyValueSpecification","valueRequired":true,"valueName":"search_term_string"}}],"inLanguage":"es"},{"@type":"Organization","@id":"https:\/\/esconsultoria.es\/#organization","name":"ES Consultoria Internacional - Nacionalidade Espanhola - Documentos na Espanha","url":"https:\/\/esconsultoria.es\/","logo":{"@type":"ImageObject","inLanguage":"es","@id":"https:\/\/esconsultoria.es\/#\/schema\/logo\/image\/","url":"https:\/\/esconsultoria.es\/wp-content\/uploads\/logo-ES-Consultoria.webp","contentUrl":"https:\/\/esconsultoria.es\/wp-content\/uploads\/logo-ES-Consultoria.webp","width":2084,"height":1076,"caption":"ES Consultoria Internacional - Nacionalidade Espanhola - Documentos na Espanha"},"image":{"@id":"https:\/\/esconsultoria.es\/#\/schema\/logo\/image\/"},"sameAs":["https:\/\/www.facebook.com\/eurosupremas","https:\/\/x.com\/eurosupremas","https:\/\/www.instagram.com\/esconsultoria","https:\/\/www.linkedin.com\/company\/euro-supremas-consulting","https:\/\/www.youtube.com\/channel\/UCDk5vZ6jRAFtLz31Zjz1uUg"]}]}},"_links":{"self":[{"href":"https:\/\/esconsultoria.es\/es\/wp-json\/wp\/v2\/pages\/2345","targetHints":{"allow":["GET"]}}],"collection":[{"href":"https:\/\/esconsultoria.es\/es\/wp-json\/wp\/v2\/pages"}],"about":[{"href":"https:\/\/esconsultoria.es\/es\/wp-json\/wp\/v2\/types\/page"}],"author":[{"embeddable":true,"href":"https:\/\/esconsultoria.es\/es\/wp-json\/wp\/v2\/users\/1"}],"replies":[{"embeddable":true,"href":"https:\/\/esconsultoria.es\/es\/wp-json\/wp\/v2\/comments?post=2345"}],"version-history":[{"count":19,"href":"https:\/\/esconsultoria.es\/es\/wp-json\/wp\/v2\/pages\/2345\/revisions"}],"predecessor-version":[{"id":2424,"href":"https:\/\/esconsultoria.es\/es\/wp-json\/wp\/v2\/pages\/2345\/revisions\/2424"}],"wp:attachment":[{"href":"https:\/\/esconsultoria.es\/es\/wp-json\/wp\/v2\/media?parent=2345"}],"curies":[{"name":"wp","href":"https:\/\/api.w.org\/{rel}","templated":true}]}}