{"id":2334,"date":"2020-09-19T20:06:03","date_gmt":"2020-09-19T18:06:03","guid":{"rendered":"https:\/\/esconsultoria.es\/politica-de-privacidad\/"},"modified":"2022-02-20T14:41:14","modified_gmt":"2022-02-20T13:41:14","slug":"politica-de-privacidad","status":"publish","type":"page","link":"https:\/\/esconsultoria.es\/es\/politica-de-privacidad\/","title":{"rendered":"Pol\u00edtica de Privacidad"},"content":{"rendered":"\t\t<div data-elementor-type=\"wp-page\" data-elementor-id=\"2334\" class=\"elementor elementor-2334\" data-elementor-post-type=\"page\">\n\t\t\t\t\t\t<section class=\"elementor-section elementor-top-section elementor-element elementor-element-4e46abe4 elementor-section-boxed elementor-section-height-default elementor-section-height-default\" data-id=\"4e46abe4\" data-element_type=\"section\">\n\t\t\t\t\t\t<div class=\"elementor-container elementor-column-gap-default\">\n\t\t\t\t\t<div class=\"elementor-column elementor-col-100 elementor-top-column elementor-element elementor-element-4354ab04\" data-id=\"4354ab04\" data-element_type=\"column\">\n\t\t\t<div class=\"elementor-widget-wrap elementor-element-populated\">\n\t\t\t\t\t\t<div class=\"elementor-element elementor-element-681739cd elementor-widget elementor-widget-text-editor\" data-id=\"681739cd\" data-element_type=\"widget\" data-widget_type=\"text-editor.default\">\n\t\t\t\t<div class=\"elementor-widget-container\">\n\t\t\t\t\t\t\t\t\t<p><strong>POL\u00cdTICA DE PRIVACIDAD<\/strong><\/p><p><span style=\"color: #444444; font-family: georgia, palatino, serif; font-size: 12pt; font-weight: var( --e-global-typography-text-font-weight );\">RESPONSABLE DEL TRATAMIENTO<\/span><\/p><p style=\"font-family: 'Open Sans', 'Helvetica Neue', helvetica, arial, sans-serif; font-size: 14px; margin-bottom: 10px; outline: 0px; vertical-align: baseline; color: #444444;\"><span style=\"font-family: georgia, palatino, serif; font-size: 12pt;\">La empresa respons\u00e1vel del tratamiento de sus datos en virtud de esta Pol\u00edtica de Privacidad es:<\/span><\/p><p style=\"font-family: 'Open Sans', 'Helvetica Neue', helvetica, arial, sans-serif; font-size: 14px; margin-bottom: 10px; outline: 0px; vertical-align: baseline; color: #444444;\"><span style=\"font-family: georgia, palatino, serif; font-size: 12pt;\">Nombre del Dom\u00ednio:\u00a0<a style=\"border: 0px; font-style: inherit; font-weight: inherit; margin: 0px; outline: 0px; padding: 0px; vertical-align: baseline; color: #e70e60; cursor: pointer; text-decoration-line: underline; transition-property: color; transition-duration: 0.2s; transition-timing-function: linear;\" href=\"https:\/\/esconsultoria.es\/es\/\">www.esconsultoria.es<\/a><\/span><br \/><span style=\"font-family: georgia, palatino, serif; font-size: 12pt;\">Nombre comercial: E S Consultoria ou Euro Supremas Consulting<\/span><\/p><p style=\"font-family: 'Open Sans', 'Helvetica Neue', helvetica, arial, sans-serif; font-size: 14px; margin-bottom: 10px; outline: 0px; vertical-align: baseline; color: #444444;\"><span style=\"font-family: georgia, palatino, serif; font-size: 12pt;\">Denomina\u00e7\u00e3o Social: Gladys Alessandra Dominguez<\/span><\/p><p style=\"font-family: 'Open Sans', 'Helvetica Neue', helvetica, arial, sans-serif; font-size: 14px; margin-bottom: 10px; outline: 0px; vertical-align: baseline; color: #444444;\"><span style=\"font-family: georgia, palatino, serif; font-size: 12pt;\">NIF: 21797519M<\/span><br \/><span style=\"font-family: georgia, palatino, serif; font-size: 12pt;\">Domic\u00edlio Social: Apartado Postal 335 \u2013 Yecla (Murcia) 30510 Espanha<\/span><\/p><p style=\"font-family: 'Open Sans', 'Helvetica Neue', helvetica, arial, sans-serif; font-size: 14px; margin-bottom: 10px; outline: 0px; vertical-align: baseline; color: #444444;\"><span style=\"font-family: georgia, palatino, serif; font-size: 12pt;\">e-mail: lopd@esconsultoria.es<\/span><\/p><p><span style=\"font-size: 12pt;\">Su privacidad es importante para nosotros. La pol\u00edtica de ES Consultoria es respetar su privacidad con respecto a cualquier informaci\u00f3n sobre usted que podamos recoger en el sitio web de ES Consultoria, y otros sitios web que poseemos y operamos.<\/span><\/p><p><span style=\"font-size: 12pt;\">S\u00f3lo solicitamos informaci\u00f3n personal cuando realmente la necesitamos para prestarle un servicio. Lo hacemos por medios justos y legales, con su conocimiento y consentimiento. Tambi\u00e9n le decimos por qu\u00e9 la recogemos y c\u00f3mo se utilizar\u00e1.<\/span><\/p><p><span style=\"font-size: 12pt;\">S\u00f3lo conservamos la informaci\u00f3n recogida durante el tiempo necesario para prestar el servicio solicitado. Cuando almacenamos los datos, los protegemos con medios comercialmente aceptables para evitar la p\u00e9rdida y el robo, as\u00ed como el acceso, la divulgaci\u00f3n, la copia, el uso o la modificaci\u00f3n no autorizados.<\/span><\/p><p><span style=\"font-size: 12pt;\">No compartimos la informaci\u00f3n personal identificable p\u00fablicamente o con terceros, excepto cuando lo exige la ley.<\/span><\/p><p><span style=\"font-size: 12pt;\">Nuestro sitio puede tener enlaces a sitios web externos que no son operados por nosotros. Tenga en cuenta que no tenemos control sobre el contenido y las pr\u00e1cticas de estos sitios y no podemos aceptar la responsabilidad de sus respectivas pol\u00edticas de privacidad.<\/span><\/p><p><span style=\"font-size: 12pt;\">Usted es libre de rechazar nuestra solicitud de informaci\u00f3n personal, entendiendo que es posible que no podamos proporcionarle algunos de los servicios que solicita.<\/span><\/p><p><span style=\"font-size: 12pt;\">Su uso continuado de nuestro sitio web se considerar\u00e1 una aceptaci\u00f3n de nuestras pr\u00e1cticas en materia de privacidad e informaci\u00f3n personal. Si tiene alguna pregunta sobre c\u00f3mo tratamos los datos de los usuarios y la informaci\u00f3n personal, p\u00f3ngase en contacto con nosotros.<\/span><\/p><p style=\"font-family: 'Open Sans', 'Helvetica Neue', helvetica, arial, sans-serif; font-size: 14px; margin-bottom: 10px; outline: 0px; vertical-align: baseline; color: #444444;\"><span style=\"border: 0px; font-family: inherit; font-style: inherit; font-weight: bold; margin: 0px; outline: 0px; padding: 0px; vertical-align: baseline; font-size: 12pt;\">M\u00e1s informaciones<\/span><\/p><p><span style=\"font-size: 12pt;\">Esperemos que esto quede claro y, como se mencion\u00f3 anteriormente, si hay algo que no est\u00e1 seguro de necesitar o no, generalmente es m\u00e1s seguro dejar las cookies habilitadas si interact\u00faa con una de las funciones que utiliza en nuestro sitio.<\/span><\/p><p><span style=\"font-size: 12pt;\">Esta pol\u00edtica es efectiva a partir de septiembre\/2020.<\/span><\/p>\t\t\t\t\t\t\t\t<\/div>\n\t\t\t\t<\/div>\n\t\t\t\t\t<\/div>\n\t\t<\/div>\n\t\t\t\t\t<\/div>\n\t\t<\/section>\n\t\t\t\t<\/div>\n\t\t","protected":false},"excerpt":{"rendered":"<p>POL\u00cdTICA DE PRIVACIDAD RESPONSABLE DEL TRATAMIENTO La empresa respons\u00e1vel del tratamiento de sus datos en virtud de esta Pol\u00edtica de Privacidad es: Nombre del Dom\u00ednio:\u00a0www.esconsultoria.esNombre comercial: E S Consultoria ou Euro Supremas Consulting Denomina\u00e7\u00e3o Social: Gladys Alessandra Dominguez NIF: 21797519MDomic\u00edlio Social: Apartado Postal 335 \u2013 Yecla (Murcia) 30510 Espanha e-mail: lopd@esconsultoria.es Su privacidad es importante &#8230; <a title=\"Pol\u00edtica de Privacidad\" class=\"read-more\" href=\"https:\/\/esconsultoria.es\/es\/politica-de-privacidad\/\" aria-label=\"Leer m\u00e1s sobre Pol\u00edtica de Privacidad\">Leer m\u00e1s<\/a><\/p>\n","protected":false},"author":1,"featured_media":0,"parent":0,"menu_order":0,"comment_status":"closed","ping_status":"closed","template":"","meta":{"content-type":"","footnotes":""},"class_list":["post-2334","page","type-page","status-publish"],"yoast_head":"<!-- This site is optimized with the Yoast SEO plugin v24.4 - https:\/\/yoast.com\/wordpress\/plugins\/seo\/ -->\n<title>Pol\u00edtica de Privacidad | E S Consultoria Internacional<\/title>\n<meta name=\"description\" content=\"E S Consultoria Internacional | Pol\u00edtica de Privacidad |\" \/>\n<meta name=\"robots\" content=\"index, follow, max-snippet:-1, max-image-preview:large, max-video-preview:-1\" \/>\n<link rel=\"canonical\" href=\"https:\/\/esconsultoria.es\/es\/politica-de-privacidad\/\" \/>\n<meta property=\"og:locale\" content=\"es_ES\" \/>\n<meta property=\"og:type\" content=\"article\" \/>\n<meta property=\"og:title\" content=\"Pol\u00edtica de Privacidad | E S Consultoria Internacional\" \/>\n<meta property=\"og:description\" content=\"E S Consultoria Internacional | Pol\u00edtica de Privacidad |\" \/>\n<meta property=\"og:url\" content=\"https:\/\/esconsultoria.es\/es\/politica-de-privacidad\/\" \/>\n<meta property=\"og:site_name\" content=\"E S Consultoria Internacional\" \/>\n<meta property=\"article:publisher\" content=\"https:\/\/www.facebook.com\/eurosupremas\" \/>\n<meta property=\"article:modified_time\" content=\"2022-02-20T13:41:14+00:00\" \/>\n<meta property=\"og:image\" content=\"https:\/\/esconsultoria.es\/wp-content\/uploads\/logo-en-vectores-01.png\" \/>\n\t<meta property=\"og:image:width\" content=\"2084\" \/>\n\t<meta property=\"og:image:height\" content=\"2084\" \/>\n\t<meta property=\"og:image:type\" content=\"image\/png\" \/>\n<meta name=\"twitter:card\" content=\"summary_large_image\" \/>\n<meta name=\"twitter:site\" content=\"@eurosupremas\" \/>\n<meta name=\"twitter:label1\" content=\"Tiempo de lectura\" \/>\n\t<meta name=\"twitter:data1\" content=\"2 minutos\" \/>\n<script type=\"application\/ld+json\" class=\"yoast-schema-graph\">{\"@context\":\"https:\/\/schema.org\",\"@graph\":[{\"@type\":\"WebPage\",\"@id\":\"https:\/\/esconsultoria.es\/es\/politica-de-privacidad\/\",\"url\":\"https:\/\/esconsultoria.es\/es\/politica-de-privacidad\/\",\"name\":\"Pol\u00edtica de Privacidad | E S Consultoria Internacional\",\"isPartOf\":{\"@id\":\"https:\/\/esconsultoria.es\/#website\"},\"datePublished\":\"2020-09-19T18:06:03+00:00\",\"dateModified\":\"2022-02-20T13:41:14+00:00\",\"description\":\"E S Consultoria Internacional | Pol\u00edtica de Privacidad |\",\"breadcrumb\":{\"@id\":\"https:\/\/esconsultoria.es\/es\/politica-de-privacidad\/#breadcrumb\"},\"inLanguage\":\"es\",\"potentialAction\":[{\"@type\":\"ReadAction\",\"target\":[\"https:\/\/esconsultoria.es\/es\/politica-de-privacidad\/\"]}]},{\"@type\":\"BreadcrumbList\",\"@id\":\"https:\/\/esconsultoria.es\/es\/politica-de-privacidad\/#breadcrumb\",\"itemListElement\":[{\"@type\":\"ListItem\",\"position\":1,\"name\":\"Portada\",\"item\":\"https:\/\/esconsultoria.es\/es\/\"},{\"@type\":\"ListItem\",\"position\":2,\"name\":\"Pol\u00edtica de Privacidad\"}]},{\"@type\":\"WebSite\",\"@id\":\"https:\/\/esconsultoria.es\/#website\",\"url\":\"https:\/\/esconsultoria.es\/\",\"name\":\"E S Consultoria Internacional\",\"description\":\"Nacionalidade Espanhola Visto de Resid\u00eancia Espanha Cidadania\",\"publisher\":{\"@id\":\"https:\/\/esconsultoria.es\/#organization\"},\"potentialAction\":[{\"@type\":\"SearchAction\",\"target\":{\"@type\":\"EntryPoint\",\"urlTemplate\":\"https:\/\/esconsultoria.es\/?s={search_term_string}\"},\"query-input\":{\"@type\":\"PropertyValueSpecification\",\"valueRequired\":true,\"valueName\":\"search_term_string\"}}],\"inLanguage\":\"es\"},{\"@type\":\"Organization\",\"@id\":\"https:\/\/esconsultoria.es\/#organization\",\"name\":\"ES Consultoria Internacional - Nacionalidade Espanhola - Documentos na Espanha\",\"url\":\"https:\/\/esconsultoria.es\/\",\"logo\":{\"@type\":\"ImageObject\",\"inLanguage\":\"es\",\"@id\":\"https:\/\/esconsultoria.es\/#\/schema\/logo\/image\/\",\"url\":\"https:\/\/esconsultoria.es\/wp-content\/uploads\/logo-ES-Consultoria.webp\",\"contentUrl\":\"https:\/\/esconsultoria.es\/wp-content\/uploads\/logo-ES-Consultoria.webp\",\"width\":2084,\"height\":1076,\"caption\":\"ES Consultoria Internacional - Nacionalidade Espanhola - Documentos na Espanha\"},\"image\":{\"@id\":\"https:\/\/esconsultoria.es\/#\/schema\/logo\/image\/\"},\"sameAs\":[\"https:\/\/www.facebook.com\/eurosupremas\",\"https:\/\/x.com\/eurosupremas\",\"https:\/\/www.instagram.com\/esconsultoria\",\"https:\/\/www.linkedin.com\/company\/euro-supremas-consulting\",\"https:\/\/www.youtube.com\/channel\/UCDk5vZ6jRAFtLz31Zjz1uUg\"]}]}<\/script>\n<!-- \/ Yoast SEO plugin. -->","yoast_head_json":{"title":"Pol\u00edtica de Privacidad | E S Consultoria Internacional","description":"E S Consultoria Internacional | Pol\u00edtica de Privacidad |","robots":{"index":"index","follow":"follow","max-snippet":"max-snippet:-1","max-image-preview":"max-image-preview:large","max-video-preview":"max-video-preview:-1"},"canonical":"https:\/\/esconsultoria.es\/es\/politica-de-privacidad\/","og_locale":"es_ES","og_type":"article","og_title":"Pol\u00edtica de Privacidad | E S Consultoria Internacional","og_description":"E S Consultoria Internacional | Pol\u00edtica de Privacidad |","og_url":"https:\/\/esconsultoria.es\/es\/politica-de-privacidad\/","og_site_name":"E S Consultoria Internacional","article_publisher":"https:\/\/www.facebook.com\/eurosupremas","article_modified_time":"2022-02-20T13:41:14+00:00","og_image":[{"width":2084,"height":2084,"url":"https:\/\/esconsultoria.es\/wp-content\/uploads\/logo-en-vectores-01.png","type":"image\/png"}],"twitter_card":"summary_large_image","twitter_site":"@eurosupremas","twitter_misc":{"Tiempo de lectura":"2 minutos"},"schema":{"@context":"https:\/\/schema.org","@graph":[{"@type":"WebPage","@id":"https:\/\/esconsultoria.es\/es\/politica-de-privacidad\/","url":"https:\/\/esconsultoria.es\/es\/politica-de-privacidad\/","name":"Pol\u00edtica de Privacidad | E S Consultoria Internacional","isPartOf":{"@id":"https:\/\/esconsultoria.es\/#website"},"datePublished":"2020-09-19T18:06:03+00:00","dateModified":"2022-02-20T13:41:14+00:00","description":"E S Consultoria Internacional | Pol\u00edtica de Privacidad |","breadcrumb":{"@id":"https:\/\/esconsultoria.es\/es\/politica-de-privacidad\/#breadcrumb"},"inLanguage":"es","potentialAction":[{"@type":"ReadAction","target":["https:\/\/esconsultoria.es\/es\/politica-de-privacidad\/"]}]},{"@type":"BreadcrumbList","@id":"https:\/\/esconsultoria.es\/es\/politica-de-privacidad\/#breadcrumb","itemListElement":[{"@type":"ListItem","position":1,"name":"Portada","item":"https:\/\/esconsultoria.es\/es\/"},{"@type":"ListItem","position":2,"name":"Pol\u00edtica de Privacidad"}]},{"@type":"WebSite","@id":"https:\/\/esconsultoria.es\/#website","url":"https:\/\/esconsultoria.es\/","name":"E S Consultoria Internacional","description":"Nacionalidade Espanhola Visto de Resid\u00eancia Espanha Cidadania","publisher":{"@id":"https:\/\/esconsultoria.es\/#organization"},"potentialAction":[{"@type":"SearchAction","target":{"@type":"EntryPoint","urlTemplate":"https:\/\/esconsultoria.es\/?s={search_term_string}"},"query-input":{"@type":"PropertyValueSpecification","valueRequired":true,"valueName":"search_term_string"}}],"inLanguage":"es"},{"@type":"Organization","@id":"https:\/\/esconsultoria.es\/#organization","name":"ES Consultoria Internacional - Nacionalidade Espanhola - Documentos na Espanha","url":"https:\/\/esconsultoria.es\/","logo":{"@type":"ImageObject","inLanguage":"es","@id":"https:\/\/esconsultoria.es\/#\/schema\/logo\/image\/","url":"https:\/\/esconsultoria.es\/wp-content\/uploads\/logo-ES-Consultoria.webp","contentUrl":"https:\/\/esconsultoria.es\/wp-content\/uploads\/logo-ES-Consultoria.webp","width":2084,"height":1076,"caption":"ES Consultoria Internacional - Nacionalidade Espanhola - Documentos na Espanha"},"image":{"@id":"https:\/\/esconsultoria.es\/#\/schema\/logo\/image\/"},"sameAs":["https:\/\/www.facebook.com\/eurosupremas","https:\/\/x.com\/eurosupremas","https:\/\/www.instagram.com\/esconsultoria","https:\/\/www.linkedin.com\/company\/euro-supremas-consulting","https:\/\/www.youtube.com\/channel\/UCDk5vZ6jRAFtLz31Zjz1uUg"]}]}},"_links":{"self":[{"href":"https:\/\/esconsultoria.es\/es\/wp-json\/wp\/v2\/pages\/2334","targetHints":{"allow":["GET"]}}],"collection":[{"href":"https:\/\/esconsultoria.es\/es\/wp-json\/wp\/v2\/pages"}],"about":[{"href":"https:\/\/esconsultoria.es\/es\/wp-json\/wp\/v2\/types\/page"}],"author":[{"embeddable":true,"href":"https:\/\/esconsultoria.es\/es\/wp-json\/wp\/v2\/users\/1"}],"replies":[{"embeddable":true,"href":"https:\/\/esconsultoria.es\/es\/wp-json\/wp\/v2\/comments?post=2334"}],"version-history":[{"count":7,"href":"https:\/\/esconsultoria.es\/es\/wp-json\/wp\/v2\/pages\/2334\/revisions"}],"predecessor-version":[{"id":2341,"href":"https:\/\/esconsultoria.es\/es\/wp-json\/wp\/v2\/pages\/2334\/revisions\/2341"}],"wp:attachment":[{"href":"https:\/\/esconsultoria.es\/es\/wp-json\/wp\/v2\/media?parent=2334"}],"curies":[{"name":"wp","href":"https:\/\/api.w.org\/{rel}","templated":true}]}}