{"id":2330,"date":"2020-09-19T20:12:33","date_gmt":"2020-09-19T18:12:33","guid":{"rendered":"https:\/\/esconsultoria.es\/politica-de-cookies\/"},"modified":"2022-02-20T14:41:22","modified_gmt":"2022-02-20T13:41:22","slug":"politica-de-cookies","status":"publish","type":"page","link":"https:\/\/esconsultoria.es\/es\/politica-de-cookies\/","title":{"rendered":"Pol\u00edtica de Cookies"},"content":{"rendered":"\n<p><strong>Pol\u00edtica de Cookies ES Consultoria\u00a0\u00a0\u00a0\u00a0\u00a0\u00a0\u00a0\u00a0\u00a0\u00a0\u00a0\u00a0\u00a0\u00a0\u00a0\u00a0\u00a0 \u00a0\u00a0<\/strong><\/p>\n\n<p><strong>\u00bfQu\u00e9 son las cookies?\u00a0\u00a0\u00a0\u00a0 \u00a0 \u00a0 \u00a0 \u00a0 \u00a0 \u00a0 \u00a0<\/strong><\/p>\n\n<p>Como es pr\u00e1ctica habitual en casi todos los sitios web profesionales, este sitio utiliza cookies, que son peque\u00f1os archivos que se descargan en su ordenador, para mejorar su experiencia. Esta p\u00e1gina describe la informaci\u00f3n que recogen, c\u00f3mo la utilizamos y por qu\u00e9 a veces necesitamos almacenar estas cookies. Tambi\u00e9n le informaremos de c\u00f3mo puede evitar que se almacenen estas cookies, aunque esto puede degradar o \u00abromper\u00bb ciertos elementos de la funcionalidad del sitio.\u00a0\u00a0\u00a0\u00a0\u00a0\u00a0\u00a0\u00a0\u00a0\u00a0\u00a0\u00a0\u00a0\u00a0\u00a0\u00a0\u00a0\u00a0\u00a0<\/p>\n\n<p><strong>\u00bfC\u00f3mo utilizamos las cookies? <\/strong><\/p>\n\n<p>Utilizamos cookies por una serie de razones, que se detallan a continuaci\u00f3n. Lamentablemente, en la mayor\u00eda de los casos, no hay opciones est\u00e1ndar de la industria para desactivar las cookies sin deshabilitar completamente la funcionalidad y las caracter\u00edsticas que a\u00f1aden a este sitio. Se recomienda que deje todas las cookies si no est\u00e1 seguro de si las necesita o no si se utilizan para proporcionar un servicio que usted utiliza.\u00a0\u00a0\u00a0\u00a0\u00a0\u00a0 \u00a0\u00a0\u00a0\u00a0\u00a0\u00a0\u00a0\u00a0\u00a0\u00a0\u00a0\u00a0\u00a0<\/p>\n\n<p><strong>Desactivar cookies\u00a0 \u00a0 \u00a0 \u00a0 \u00a0 \u00a0 \u00a0 \u00a0 \u00a0\u00a0<\/strong><\/p>\n\n<p>Puede evitar la instalaci\u00f3n de cookies ajustando la configuraci\u00f3n de su navegador (consulte la ayuda del navegador para saber c\u00f3mo hacerlo). Tenga en cuenta que deshabilitar las cookies afectar\u00e1 a la funcionalidad de este y otros muchos sitios web que visite. Si se deshabilitan las cookies, generalmente se deshabilitar\u00e1n ciertas funciones y caracter\u00edsticas de este sitio. Por lo tanto, le recomendamos que no desactive las cookies.\u00a0\u00a0\u00a0\u00a0\u00a0\u00a0\u00a0\u00a0\u00a0\u00a0\u00a0\u00a0\u00a0\u00a0\u00a0\u00a0\u00a0\u00a0\u00a0<\/p>\n\n<p><strong>Cookies que definimos\u00a0\u00a0 \u00a0 \u00a0 \u00a0 \u00a0 \u00a0 \u00a0 \u00a0 \u00a0 \u00a0 \u00a0 \u00a0 \u00a0 \u00a0 \u00a0 \u00a0 \u00a0 \u00a0 \u00a0 \u00a0 \u00a0 \u00a0 \u00a0 \u00a0 \u00a0 \u00a0 \u00a0 \u00a0 \u00a0 \u00a0\u00a0<\/strong><\/p>\n\n<p><strong>Cookies relacionadas con la cuenta<\/strong><\/p>\n\n<p>Si crea una cuenta con nosotros, utilizamos cookies para gestionar el proceso de registro y la administraci\u00f3n general. Estas cookies normalmente se eliminan cuando se cierra la sesi\u00f3n, sin embargo, en algunos casos, pueden permanecer despu\u00e9s para recordar sus preferencias del sitio cuando se cierra la sesi\u00f3n.\u00a0\u00a0\u00a0\u00a0\u00a0\u00a0\u00a0\u00a0\u00a0\u00a0\u00a0\u00a0\u00a0\u00a0\u00a0\u00a0\u00a0\u00a0\u00a0\u00a0\u00a0\u00a0\u00a0\u00a0\u00a0\u00a0\u00a0\u00a0\u00a0\u00a0\u00a0\u00a0\u00a0\u00a0\u00a0\u00a0\u00a0\u00a0 \u00a0\u00a0\u00a0\u00a0\u00a0\u00a0\u00a0\u00a0\u00a0\u00a0\u00a0\u00a0\u00a0\u00a0\u00a0\u00a0\u00a0\u00a0\u00a0\u00a0\u00a0\u00a0\u00a0\u00a0\u00a0\u00a0\u00a0\u00a0\u00a0\u00a0\u00a0\u00a0\u00a0\u00a0\u00a0\u00a0\u00a0<\/p>\n\n<p><strong>Cookies relacionadas con el inicio de sesi\u00f3n<\/strong><\/p>\n\n<p>Utilizamos cookies cuando usted se conecta para poder recordar esta acci\u00f3n. Esto le evita tener que conectarse cada vez que visita una nueva p\u00e1gina. Estas cookies suelen eliminarse o borrarse al cerrar la sesi\u00f3n para garantizar que s\u00f3lo pueda acceder a las funciones y \u00e1reas restringidas cuando inicie la sesi\u00f3n.\u00a0\u00a0\u00a0<\/p>\n\n<p><strong>Cookies relacionadas con los boletines de noticias por correo electr\u00f3nico<\/strong><\/p>\n\n<p>Este sitio ofrece servicios de bolet\u00edn de noticias o de suscripci\u00f3n por correo electr\u00f3nico y las cookies pueden utilizarse para recordar si usted ya est\u00e1 registrado y para mostrar ciertas notificaciones v\u00e1lidas s\u00f3lo para los usuarios registrados\/no suscritos.\u00a0\u00a0\u00a0\u00a0<\/p>\n\n<p><strong>Pedidos con\u00a0procesamiento cookies relacionados<\/strong><\/p>\n\n<p>Este sitio ofrece facilidades de comercio electr\u00f3nico o de pago y algunas cookies son esenciales para asegurar que su pedido sea recordado entre p\u00e1ginas para que podamos procesarlo adecuadamente.\u00a0\u00a0<\/p>\n\n<p><strong>Cookies relacionadas con la b\u00fasqueda<\/strong><\/p>\n\n<p>Peri\u00f3dicamente ofrecemos encuestas y cuestionarios para proporcionarle informaci\u00f3n interesante, herramientas \u00fatiles o para comprender mejor nuestra base de usuarios. Estas encuestas pueden utilizar cookies para recordar qui\u00e9n ha participado ya en una encuesta o para proporcionar resultados precisos despu\u00e9s de cambiar de p\u00e1gina.\u00a0\u00a0\u00a0\u00a0\u00a0\u00a0\u00a0\u00a0\u00a0\u00a0\u00a0\u00a0\u00a0\u00a0\u00a0\u00a0\u00a0\u00a0\u00a0\u00a0\u00a0\u00a0\u00a0\u00a0\u00a0\u00a0\u00a0\u00a0\u00a0\u00a0\u00a0\u00a0\u00a0\u00a0\u00a0\u00a0\u00a0\u00a0\u00a0\u00a0\u00a0\u00a0\u00a0\u00a0\u00a0\u00a0\u00a0\u00a0\u00a0\u00a0\u00a0\u00a0\u00a0\u00a0\u00a0\u00a0\u00a0\u00a0\u00a0\u00a0\u00a0\u00a0\u00a0\u00a0\u00a0\u00a0\u00a0\u00a0\u00a0\u00a0\u00a0\u00a0\u00a0\u00a0\u00a0\u00a0\u00a0\u00a0\u00a0\u00a0\u00a0\u00a0\u00a0\u00a0\u00a0\u00a0<\/p>\n\n<p><strong>Cookies relacionadas con los formularios<\/strong><\/p>\n\n<p>Cuando se env\u00edan datos a trav\u00e9s de un formulario, como los que se encuentran en las p\u00e1ginas de contacto o en los formularios de comentarios, las cookies pueden configurarse para recordar los datos del usuario para futuras correspondencias.\u00a0<\/p>\n\n<p><strong>Cookies de preferencias del sitio web<\/strong><\/p>\n\n<p>Para proporcionarle una gran experiencia en este sitio, proporcionamos una funcionalidad para establecer sus preferencias sobre c\u00f3mo funciona este sitio cuando lo utiliza. Para recordar sus preferencias, necesitamos establecer cookies para que esta informaci\u00f3n pueda ser llamada cada vez que usted interact\u00fae con una p\u00e1gina que est\u00e9 afectada por sus preferencias.\u00a0\u00a0\u00a0\u00a0<\/p>\n\n<p><strong>Cookies de Terceros<\/strong><\/p>\n\n<p>En algunos casos especiales, tambi\u00e9n utilizamos cookies proporcionadas por terceros de confianza. La siguiente secci\u00f3n detalla las cookies de terceros que puede encontrar a trav\u00e9s de este sitio web.\u00a0\u00a0\u00a0\u00a0\u00a0\u00a0\u00a0\u00a0\u00a0\u00a0\u00a0\u00a0\u00a0\u00a0\u00a0\u00a0\u00a0\u00a0\u00a0\u00a0\u00a0\u00a0\u00a0\u00a0\u00a0\u00a0\u00a0\u00a0\u00a0\u00a0\u00a0\u00a0\u00a0\u00a0\u00a0\u00a0\u00a0\u00a0\u00a0\u00a0\u00a0\u00a0\u00a0\u00a0\u00a0\u00a0\u00a0\u00a0\u00a0\u00a0\u00a0\u00a0\u00a0\u00a0\u00a0\u00a0\u00a0\u00a0\u00a0\u00a0\u00a0\u00a0\u00a0\u00a0\u00a0\u00a0\u00a0\u00a0\u00a0\u00a0\u00a0<\/p>\n\n<p> Este sitio web utiliza Google Analytics, que es una de las soluciones de an\u00e1lisis m\u00e1s extendidas y fiables de la web, para ayudarnos a entender c\u00f3mo utiliza el sitio y c\u00f3mo podemos mejorar su experiencia. Estas cookies pueden rastrear cosas como el tiempo que pasa en el sitio y las p\u00e1ginas que visita para que podamos seguir produciendo contenido atractivo.\u00a0\u00a0\u00a0\u00a0\u00a0\u00a0\u00a0\u00a0\u00a0\u00a0\u00a0\u00a0\u00a0\u00a0\u00a0\u00a0\u00a0\u00a0\u00a0\u00a0\u00a0\u00a0\u00a0\u00a0\u00a0\u00a0\u00a0\u00a0\u00a0\u00a0\u00a0\u00a0\u00a0\u00a0\u00a0\u00a0\u00a0\u00a0\u00a0\u00a0\u00a0\u00a0\u00a0\u00a0\u00a0\u00a0\u00a0\u00a0\u00a0\u00a0\u00a0\u00a0\u00a0<\/p>\n\n<p>Para obtener m\u00e1s informaci\u00f3n sobre las cookies de Google Analytics, consulte la p\u00e1gina oficial de Google Analytics.\u00a0\u00a0\u00a0\u00a0\u00a0\u00a0\u00a0 \u00a0\u00a0\u00a0\u00a0\u00a0\u00a0\u00a0\u00a0\u00a0\u00a0\u00a0\u00a0\u00a0\u00a0\u00a0\u00a0\u00a0\u00a0\u00a0\u00a0\u00a0\u00a0\u00a0\u00a0\u00a0\u00a0\u00a0\u00a0\u00a0\u00a0\u00a0\u00a0\u00a0\u00a0\u00a0\u00a0\u00a0\u00a0\u00a0\u00a0\u00a0\u00a0\u00a0\u00a0\u00a0\u00a0\u00a0\u00a0\u00a0\u00a0\u00a0\u00a0\u00a0\u00a0\u00a0\u00a0\u00a0\u00a0\u00a0\u00a0\u00a0\u00a0\u00a0<\/p>\n\n<p>Los an\u00e1lisis de terceros se utilizan para rastrear y medir el uso de este sitio web para que podamos seguir produciendo contenidos atractivos. Estas cookies pueden rastrear elementos como el tiempo que pasa en el sitio o las p\u00e1ginas que visita, lo que nos ayuda a entender c\u00f3mo podemos mejorar el sitio para usted.<\/p>\n\n<p>Peri\u00f3dicamente, probamos nuevas funciones y hacemos sutiles cambios en el aspecto del sitio. Cuando todav\u00eda estamos probando nuevas funciones, estas cookies pueden utilizarse para asegurar que usted recibe una experiencia consistente mientras est\u00e1 en el sitio, mientras entendemos qu\u00e9 optimizaciones aprecian m\u00e1s nuestros usuarios.<\/p>\n\n<p>Como vendemos productos, es importante para nosotros conocer las estad\u00edsticas de cu\u00e1ntos visitantes de nuestro sitio compran realmente, por lo que este es el tipo de datos que rastrear\u00e1n estas cookies. Esto es importante para usted, ya que significa que podemos hacer previsiones comerciales precisas que nos permiten analizar nuestros costes de publicidad y de productos para asegurarnos de obtener el mejor precio posible.<\/p>\n\n<p>El servicio de Google AdSense que utilizamos para publicar anuncios utiliza una cookie de DoubleClick para publicar anuncios m\u00e1s relevantes en la web y limitar el n\u00famero de veces que se le muestra un anuncio determinado.\u00a0\u00a0\u00a0\u00a0\u00a0\u00a0\u00a0\u00a0\u00a0\u00a0\u00a0\u00a0\u00a0\u00a0\u00a0\u00a0\u00a0\u00a0\u00a0\u00a0\u00a0\u00a0\u00a0\u00a0\u00a0\u00a0\u00a0<\/p>\n\n<p>Para obtener m\u00e1s informaci\u00f3n sobre Google AdSense, consulte las preguntas frecuentes oficiales sobre la privacidad de Google AdSense.<\/p>\n\n<p>Utilizamos los anuncios para compensar los costes de funcionamiento de este sitio y para financiar futuros desarrollos. Las cookies de publicidad comportamental utilizadas por este sitio est\u00e1n dise\u00f1adas para garantizar que se le proporcionen los anuncios m\u00e1s relevantes siempre que sea posible, rastreando an\u00f3nimamente sus intereses y presentando cosas similares que puedan ser de su inter\u00e9s.\u00a0\u00a0\u00a0\u00a0\u00a0\u00a0\u00a0\u00a0\u00a0\u00a0\u00a0\u00a0\u00a0\u00a0\u00a0\u00a0\u00a0\u00a0\u00a0\u00a0\u00a0\u00a0\u00a0<\/p>\n\n<p>Varios socios se anuncian en nuestro nombre y las cookies de seguimiento de afiliados simplemente nos permiten ver si nuestros clientes han accedido al sitio a trav\u00e9s de uno de nuestros sitios asociados para que podamos acreditarlos adecuadamente y, en su caso, permitir que nuestros socios afiliados ofrezcan cualquier promoci\u00f3n que pueda ofrecerle la oportunidad de realizar una compra.\u00a0\u00a0\u00a0\u00a0\u00a0\u00a0\u00a0\u00a0\u00a0\u00a0\u00a0\u00a0\u00a0\u00a0\u00a0\u00a0\u00a0\u00a0\u00a0\u00a0\u00a0\u00a0\u00a0\u00a0\u00a0\u00a0\u00a0\u00a0\u00a0\u00a0\u00a0\u00a0\u00a0\u00a0\u00a0\u00a0\u00a0\u00a0\u00a0\u00a0\u00a0\u00a0\u00a0<\/p>\n\n<p><strong>M\u00e1s informaci\u00f3n<\/strong><\/p>\n\n<p>Esperemos que esto se haya aclarado y, como se ha mencionado anteriormente, si hay algo que no est\u00e1 seguro de necesitar o no, generalmente es m\u00e1s seguro dejar las cookies activadas si interact\u00faa con una de las funciones que utiliza en nuestro sitio. <\/p>\n\n<p>Esta pol\u00edtica es efectiva a partir de Septiembre\/2020.<\/p>\n","protected":false},"excerpt":{"rendered":"<p>Pol\u00edtica de Cookies ES Consultoria\u00a0\u00a0\u00a0\u00a0\u00a0\u00a0\u00a0\u00a0\u00a0\u00a0\u00a0\u00a0\u00a0\u00a0\u00a0\u00a0\u00a0 \u00a0\u00a0 \u00bfQu\u00e9 son las cookies?\u00a0\u00a0\u00a0\u00a0 \u00a0 \u00a0 \u00a0 \u00a0 \u00a0 \u00a0 \u00a0 Como es pr\u00e1ctica habitual en casi todos los sitios web profesionales, este sitio utiliza cookies, que son peque\u00f1os archivos que se descargan en su ordenador, para mejorar su experiencia. Esta p\u00e1gina describe la informaci\u00f3n que recogen, c\u00f3mo la &#8230; <a title=\"Pol\u00edtica de Cookies\" class=\"read-more\" href=\"https:\/\/esconsultoria.es\/es\/politica-de-cookies\/\" aria-label=\"Leer m\u00e1s sobre Pol\u00edtica de Cookies\">Leer m\u00e1s<\/a><\/p>\n","protected":false},"author":1,"featured_media":0,"parent":0,"menu_order":0,"comment_status":"closed","ping_status":"closed","template":"","meta":{"content-type":"","footnotes":""},"class_list":["post-2330","page","type-page","status-publish"],"yoast_head":"<!-- This site is optimized with the Yoast SEO plugin v24.4 - https:\/\/yoast.com\/wordpress\/plugins\/seo\/ -->\n<title>Pol\u00edtica de Cookies | E S Consultoria Internacional<\/title>\n<meta name=\"description\" content=\"E S Consultoria Internacional | Pol\u00edtica de Cookies |\" \/>\n<meta name=\"robots\" content=\"index, follow, max-snippet:-1, max-image-preview:large, max-video-preview:-1\" \/>\n<link rel=\"canonical\" href=\"https:\/\/esconsultoria.es\/politica-de-cookies\/\" \/>\n<meta property=\"og:locale\" content=\"es_ES\" \/>\n<meta property=\"og:type\" content=\"article\" \/>\n<meta property=\"og:title\" content=\"Pol\u00edtica de Cookies | E S Consultoria Internacional\" \/>\n<meta property=\"og:description\" content=\"E S Consultoria Internacional | Pol\u00edtica de Cookies |\" \/>\n<meta property=\"og:url\" content=\"https:\/\/esconsultoria.es\/politica-de-cookies\/\" \/>\n<meta property=\"og:site_name\" content=\"E S Consultoria Internacional\" \/>\n<meta property=\"article:publisher\" content=\"https:\/\/www.facebook.com\/eurosupremas\" \/>\n<meta property=\"article:modified_time\" content=\"2022-02-20T13:41:22+00:00\" \/>\n<meta property=\"og:image\" content=\"https:\/\/esconsultoria.es\/wp-content\/uploads\/logo-en-vectores-01.png\" \/>\n\t<meta property=\"og:image:width\" content=\"2084\" \/>\n\t<meta property=\"og:image:height\" content=\"2084\" \/>\n\t<meta property=\"og:image:type\" content=\"image\/png\" \/>\n<meta name=\"twitter:card\" content=\"summary_large_image\" \/>\n<meta name=\"twitter:site\" content=\"@eurosupremas\" \/>\n<meta name=\"twitter:label1\" content=\"Tiempo de lectura\" \/>\n\t<meta name=\"twitter:data1\" content=\"6 minutos\" \/>\n<script type=\"application\/ld+json\" class=\"yoast-schema-graph\">{\"@context\":\"https:\/\/schema.org\",\"@graph\":[{\"@type\":\"WebPage\",\"@id\":\"https:\/\/esconsultoria.es\/politica-de-cookies\/\",\"url\":\"https:\/\/esconsultoria.es\/politica-de-cookies\/\",\"name\":\"Pol\u00edtica de Cookies | E S Consultoria Internacional\",\"isPartOf\":{\"@id\":\"https:\/\/esconsultoria.es\/#website\"},\"datePublished\":\"2020-09-19T18:12:33+00:00\",\"dateModified\":\"2022-02-20T13:41:22+00:00\",\"description\":\"E S Consultoria Internacional | Pol\u00edtica de Cookies |\",\"breadcrumb\":{\"@id\":\"https:\/\/esconsultoria.es\/politica-de-cookies\/#breadcrumb\"},\"inLanguage\":\"es\",\"potentialAction\":[{\"@type\":\"ReadAction\",\"target\":[\"https:\/\/esconsultoria.es\/politica-de-cookies\/\"]}]},{\"@type\":\"BreadcrumbList\",\"@id\":\"https:\/\/esconsultoria.es\/politica-de-cookies\/#breadcrumb\",\"itemListElement\":[{\"@type\":\"ListItem\",\"position\":1,\"name\":\"Portada\",\"item\":\"https:\/\/esconsultoria.es\/es\/\"},{\"@type\":\"ListItem\",\"position\":2,\"name\":\"Pol\u00edtica de Cookies\"}]},{\"@type\":\"WebSite\",\"@id\":\"https:\/\/esconsultoria.es\/#website\",\"url\":\"https:\/\/esconsultoria.es\/\",\"name\":\"E S Consultoria Internacional\",\"description\":\"Nacionalidade Espanhola Visto de Resid\u00eancia Espanha Cidadania\",\"publisher\":{\"@id\":\"https:\/\/esconsultoria.es\/#organization\"},\"potentialAction\":[{\"@type\":\"SearchAction\",\"target\":{\"@type\":\"EntryPoint\",\"urlTemplate\":\"https:\/\/esconsultoria.es\/?s={search_term_string}\"},\"query-input\":{\"@type\":\"PropertyValueSpecification\",\"valueRequired\":true,\"valueName\":\"search_term_string\"}}],\"inLanguage\":\"es\"},{\"@type\":\"Organization\",\"@id\":\"https:\/\/esconsultoria.es\/#organization\",\"name\":\"ES Consultoria Internacional - Nacionalidade Espanhola - Documentos na Espanha\",\"url\":\"https:\/\/esconsultoria.es\/\",\"logo\":{\"@type\":\"ImageObject\",\"inLanguage\":\"es\",\"@id\":\"https:\/\/esconsultoria.es\/#\/schema\/logo\/image\/\",\"url\":\"https:\/\/esconsultoria.es\/wp-content\/uploads\/logo-ES-Consultoria.webp\",\"contentUrl\":\"https:\/\/esconsultoria.es\/wp-content\/uploads\/logo-ES-Consultoria.webp\",\"width\":2084,\"height\":1076,\"caption\":\"ES Consultoria Internacional - Nacionalidade Espanhola - Documentos na Espanha\"},\"image\":{\"@id\":\"https:\/\/esconsultoria.es\/#\/schema\/logo\/image\/\"},\"sameAs\":[\"https:\/\/www.facebook.com\/eurosupremas\",\"https:\/\/x.com\/eurosupremas\",\"https:\/\/www.instagram.com\/esconsultoria\",\"https:\/\/www.linkedin.com\/company\/euro-supremas-consulting\",\"https:\/\/www.youtube.com\/channel\/UCDk5vZ6jRAFtLz31Zjz1uUg\"]}]}<\/script>\n<!-- \/ Yoast SEO plugin. -->","yoast_head_json":{"title":"Pol\u00edtica de Cookies | E S Consultoria Internacional","description":"E S Consultoria Internacional | Pol\u00edtica de Cookies |","robots":{"index":"index","follow":"follow","max-snippet":"max-snippet:-1","max-image-preview":"max-image-preview:large","max-video-preview":"max-video-preview:-1"},"canonical":"https:\/\/esconsultoria.es\/politica-de-cookies\/","og_locale":"es_ES","og_type":"article","og_title":"Pol\u00edtica de Cookies | E S Consultoria Internacional","og_description":"E S Consultoria Internacional | Pol\u00edtica de Cookies |","og_url":"https:\/\/esconsultoria.es\/politica-de-cookies\/","og_site_name":"E S Consultoria Internacional","article_publisher":"https:\/\/www.facebook.com\/eurosupremas","article_modified_time":"2022-02-20T13:41:22+00:00","og_image":[{"width":2084,"height":2084,"url":"https:\/\/esconsultoria.es\/wp-content\/uploads\/logo-en-vectores-01.png","type":"image\/png"}],"twitter_card":"summary_large_image","twitter_site":"@eurosupremas","twitter_misc":{"Tiempo de lectura":"6 minutos"},"schema":{"@context":"https:\/\/schema.org","@graph":[{"@type":"WebPage","@id":"https:\/\/esconsultoria.es\/politica-de-cookies\/","url":"https:\/\/esconsultoria.es\/politica-de-cookies\/","name":"Pol\u00edtica de Cookies | E S Consultoria Internacional","isPartOf":{"@id":"https:\/\/esconsultoria.es\/#website"},"datePublished":"2020-09-19T18:12:33+00:00","dateModified":"2022-02-20T13:41:22+00:00","description":"E S Consultoria Internacional | Pol\u00edtica de Cookies |","breadcrumb":{"@id":"https:\/\/esconsultoria.es\/politica-de-cookies\/#breadcrumb"},"inLanguage":"es","potentialAction":[{"@type":"ReadAction","target":["https:\/\/esconsultoria.es\/politica-de-cookies\/"]}]},{"@type":"BreadcrumbList","@id":"https:\/\/esconsultoria.es\/politica-de-cookies\/#breadcrumb","itemListElement":[{"@type":"ListItem","position":1,"name":"Portada","item":"https:\/\/esconsultoria.es\/es\/"},{"@type":"ListItem","position":2,"name":"Pol\u00edtica de Cookies"}]},{"@type":"WebSite","@id":"https:\/\/esconsultoria.es\/#website","url":"https:\/\/esconsultoria.es\/","name":"E S Consultoria Internacional","description":"Nacionalidade Espanhola Visto de Resid\u00eancia Espanha Cidadania","publisher":{"@id":"https:\/\/esconsultoria.es\/#organization"},"potentialAction":[{"@type":"SearchAction","target":{"@type":"EntryPoint","urlTemplate":"https:\/\/esconsultoria.es\/?s={search_term_string}"},"query-input":{"@type":"PropertyValueSpecification","valueRequired":true,"valueName":"search_term_string"}}],"inLanguage":"es"},{"@type":"Organization","@id":"https:\/\/esconsultoria.es\/#organization","name":"ES Consultoria Internacional - Nacionalidade Espanhola - Documentos na Espanha","url":"https:\/\/esconsultoria.es\/","logo":{"@type":"ImageObject","inLanguage":"es","@id":"https:\/\/esconsultoria.es\/#\/schema\/logo\/image\/","url":"https:\/\/esconsultoria.es\/wp-content\/uploads\/logo-ES-Consultoria.webp","contentUrl":"https:\/\/esconsultoria.es\/wp-content\/uploads\/logo-ES-Consultoria.webp","width":2084,"height":1076,"caption":"ES Consultoria Internacional - Nacionalidade Espanhola - Documentos na Espanha"},"image":{"@id":"https:\/\/esconsultoria.es\/#\/schema\/logo\/image\/"},"sameAs":["https:\/\/www.facebook.com\/eurosupremas","https:\/\/x.com\/eurosupremas","https:\/\/www.instagram.com\/esconsultoria","https:\/\/www.linkedin.com\/company\/euro-supremas-consulting","https:\/\/www.youtube.com\/channel\/UCDk5vZ6jRAFtLz31Zjz1uUg"]}]}},"_links":{"self":[{"href":"https:\/\/esconsultoria.es\/es\/wp-json\/wp\/v2\/pages\/2330","targetHints":{"allow":["GET"]}}],"collection":[{"href":"https:\/\/esconsultoria.es\/es\/wp-json\/wp\/v2\/pages"}],"about":[{"href":"https:\/\/esconsultoria.es\/es\/wp-json\/wp\/v2\/types\/page"}],"author":[{"embeddable":true,"href":"https:\/\/esconsultoria.es\/es\/wp-json\/wp\/v2\/users\/1"}],"replies":[{"embeddable":true,"href":"https:\/\/esconsultoria.es\/es\/wp-json\/wp\/v2\/comments?post=2330"}],"version-history":[{"count":1,"href":"https:\/\/esconsultoria.es\/es\/wp-json\/wp\/v2\/pages\/2330\/revisions"}],"predecessor-version":[{"id":2331,"href":"https:\/\/esconsultoria.es\/es\/wp-json\/wp\/v2\/pages\/2330\/revisions\/2331"}],"wp:attachment":[{"href":"https:\/\/esconsultoria.es\/es\/wp-json\/wp\/v2\/media?parent=2330"}],"curies":[{"name":"wp","href":"https:\/\/api.w.org\/{rel}","templated":true}]}}