{"id":2312,"date":"2020-08-31T17:29:04","date_gmt":"2020-08-31T15:29:04","guid":{"rendered":"https:\/\/esconsultoria.es\/nacionalidad-portuguesa\/"},"modified":"2022-04-12T18:08:52","modified_gmt":"2022-04-12T16:08:52","slug":"nacionalidad-portuguesa","status":"publish","type":"page","link":"https:\/\/esconsultoria.es\/es\/nacionalidad-portuguesa\/","title":{"rendered":"Nacionalidad Portuguesa"},"content":{"rendered":"\t\t<div data-elementor-type=\"wp-page\" data-elementor-id=\"2312\" class=\"elementor elementor-2312\" data-elementor-post-type=\"page\">\n\t\t\t\t\t\t<section class=\"elementor-section elementor-top-section elementor-element elementor-element-3d9a54e elementor-section-boxed elementor-section-height-default elementor-section-height-default\" data-id=\"3d9a54e\" data-element_type=\"section\">\n\t\t\t\t\t\t<div class=\"elementor-container elementor-column-gap-default\">\n\t\t\t\t\t<div class=\"elementor-column elementor-col-50 elementor-top-column elementor-element elementor-element-112bfb9\" data-id=\"112bfb9\" data-element_type=\"column\">\n\t\t\t<div class=\"elementor-widget-wrap elementor-element-populated\">\n\t\t\t\t\t\t<div class=\"elementor-element elementor-element-47ce285 elementor-widget elementor-widget-heading\" data-id=\"47ce285\" data-element_type=\"widget\" data-widget_type=\"heading.default\">\n\t\t\t\t<div class=\"elementor-widget-container\">\n\t\t\t\t\t<h2 class=\"elementor-heading-title elementor-size-default\">Nacionalidad Portuguesa<\/h2>\t\t\t\t<\/div>\n\t\t\t\t<\/div>\n\t\t\t\t\t<\/div>\n\t\t<\/div>\n\t\t\t\t<div class=\"elementor-column elementor-col-50 elementor-top-column elementor-element elementor-element-6ce5477\" data-id=\"6ce5477\" data-element_type=\"column\">\n\t\t\t<div class=\"elementor-widget-wrap elementor-element-populated\">\n\t\t\t\t\t\t<div class=\"elementor-element elementor-element-9a2597f elementor-widget elementor-widget-image\" data-id=\"9a2597f\" data-element_type=\"widget\" data-widget_type=\"image.default\">\n\t\t\t\t<div class=\"elementor-widget-container\">\n\t\t\t\t\t\t\t\t\t\t\t\t\t\t\t<img fetchpriority=\"high\" decoding=\"async\" width=\"300\" height=\"300\" src=\"https:\/\/esconsultoria.es\/wp-content\/uploads\/Imagem-destacada-Nacionalidade-Portuguesa.webp\" class=\"attachment-medium size-medium wp-image-1546\" alt=\"Imagem destacada Nacionalidade Portuguesa\" srcset=\"https:\/\/esconsultoria.es\/wp-content\/uploads\/Imagem-destacada-Nacionalidade-Portuguesa.webp 300w, https:\/\/esconsultoria.es\/wp-content\/uploads\/Imagem-destacada-Nacionalidade-Portuguesa-100x100.webp 100w, https:\/\/esconsultoria.es\/wp-content\/uploads\/Imagem-destacada-Nacionalidade-Portuguesa-150x150.webp 150w\" sizes=\"(max-width: 300px) 100vw, 300px\" \/>\t\t\t\t\t\t\t\t\t\t\t\t\t\t\t<\/div>\n\t\t\t\t<\/div>\n\t\t\t\t\t<\/div>\n\t\t<\/div>\n\t\t\t\t\t<\/div>\n\t\t<\/section>\n\t\t\t\t<section class=\"elementor-section elementor-top-section elementor-element elementor-element-0392e15 elementor-section-boxed elementor-section-height-default elementor-section-height-default\" data-id=\"0392e15\" data-element_type=\"section\">\n\t\t\t\t\t\t<div class=\"elementor-container elementor-column-gap-default\">\n\t\t\t\t\t<div class=\"elementor-column elementor-col-100 elementor-top-column elementor-element elementor-element-b837fc7\" data-id=\"b837fc7\" data-element_type=\"column\">\n\t\t\t<div class=\"elementor-widget-wrap elementor-element-populated\">\n\t\t\t\t\t\t<div class=\"elementor-element elementor-element-da7e989 elementor-widget elementor-widget-text-editor\" data-id=\"da7e989\" data-element_type=\"widget\" data-widget_type=\"text-editor.default\">\n\t\t\t\t<div class=\"elementor-widget-container\">\n\t\t\t\t\t\t\t\t\tNuestro equipo en Portugal tramitar\u00e1 su proceso, con toda la profesionalidad y experiencia en el sector.\r\n\r\nA continuaci\u00f3n destacamos los tipos de nacionalidad portuguesa que se pueden tramitar actualmente.\t\t\t\t\t\t\t\t<\/div>\n\t\t\t\t<\/div>\n\t\t\t\t\t<\/div>\n\t\t<\/div>\n\t\t\t\t\t<\/div>\n\t\t<\/section>\n\t\t\t\t<section class=\"elementor-section elementor-top-section elementor-element elementor-element-273409b elementor-section-boxed elementor-section-height-default elementor-section-height-default\" data-id=\"273409b\" data-element_type=\"section\">\n\t\t\t\t\t\t<div class=\"elementor-container elementor-column-gap-default\">\n\t\t\t\t\t<div class=\"elementor-column elementor-col-100 elementor-top-column elementor-element elementor-element-ecbb742\" data-id=\"ecbb742\" data-element_type=\"column\">\n\t\t\t<div class=\"elementor-widget-wrap elementor-element-populated\">\n\t\t\t\t\t\t<div class=\"elementor-element elementor-element-13c7a1b elementor-widget elementor-widget-heading\" data-id=\"13c7a1b\" data-element_type=\"widget\" data-widget_type=\"heading.default\">\n\t\t\t\t<div class=\"elementor-widget-container\">\n\t\t\t\t\t<h2 class=\"elementor-heading-title elementor-size-default\">Tipos de Nacionalidade Portuguesa<\/h2>\t\t\t\t<\/div>\n\t\t\t\t<\/div>\n\t\t\t\t\t<\/div>\n\t\t<\/div>\n\t\t\t\t\t<\/div>\n\t\t<\/section>\n\t\t\t\t<section class=\"elementor-section elementor-top-section elementor-element elementor-element-f5cab61 elementor-section-boxed elementor-section-height-default elementor-section-height-default\" data-id=\"f5cab61\" data-element_type=\"section\">\n\t\t\t\t\t\t<div class=\"elementor-container elementor-column-gap-default\">\n\t\t\t\t\t<div class=\"elementor-column elementor-col-100 elementor-top-column elementor-element elementor-element-fe5b303\" data-id=\"fe5b303\" data-element_type=\"column\">\n\t\t\t<div class=\"elementor-widget-wrap elementor-element-populated\">\n\t\t\t\t\t\t<div class=\"elementor-element elementor-element-fa33d9e elementor-widget elementor-widget-text-editor\" data-id=\"fa33d9e\" data-element_type=\"widget\" data-widget_type=\"text-editor.default\">\n\t\t\t\t<div class=\"elementor-widget-container\">\n\t\t\t\t\t\t\t\t\t<div><b>Adquisici\u00f3n de la nacionalidad\u00a0<\/b><\/div>\r\n<div><b>\u00a0<\/b><\/div>\r\n<div><\/div>\r\n<div>La <strong>nacionalidad portuguesa<\/strong> puede adquirirse por dos v\u00edas:<\/div>\r\n<div><span style=\"color: #383838;\">\u00a0<\/span><\/div>\r\n<div><span style=\"color: #383838;\">\u2022 <strong>Nacionalidad derivada:<\/strong> la adquisici\u00f3n de la nacionalidad derivada s\u00f3lo surte efecto a partir de la fecha de inscripci\u00f3n de la adquisici\u00f3n de la nacionalidad en el Registro Central (art\u00edculo 12 de la Ley de Nacionalidad);\r\n<\/span><\/div>\r\n<div><span style=\"color: #383838;\">\u2022 <strong>Nacionalidad readquirida:<\/strong> la readquisici\u00f3n de la nacionalidad es posible para aquellos que, antes de la fecha de entrada en vigor de la Ley de Nacionalidad, perdieron la nacionalidad portuguesa por matrimonio con un extranjero o por adquisici\u00f3n voluntaria de la nacionalidad extranjera.\r\n<\/span><\/div>\r\n<div><span style=\"color: #383838;\">\u00a0<\/span><\/div>\r\n<div><span style=\"color: #383838;\">\u00a0<\/span><\/div>\r\n<div><span style=\"color: #383838;\"><b>Nacionalidad derivada<\/b><\/span><\/div>\r\n<div><span style=\"color: #383838;\">\u00a0<\/span><\/div>\r\n<div>La nacionalidad derivada puede adquirirse en los siguientes casos:<\/div>\r\n<div><span style=\"color: #383838;\">\u00a0<\/span><\/div>\r\n<div>\r\n<ol class=\"innerList defaultList\">\r\n \t<li>El extranjero menor de edad o incapacitado, cuya madre o padre haya adquirido la nacionalidad portuguesa despu\u00e9s de su nacimiento, podr\u00e1 tambi\u00e9n adquirir la nacionalidad portuguesa si declara, a trav\u00e9s de sus representantes legales, que desea ser portugu\u00e9s, siempre que no se verifique ninguna de las circunstancias que son motivo de oposici\u00f3n a la adquisici\u00f3n de la nacionalidad &#8211; art\u00edculos 2 y 9 de la Ley de Nacionalidad y art\u00edculo 13 del Reglamento de Nacionalidad.<\/li>\r\n \t<li>El extranjero casado desde hace m\u00e1s de tres a\u00f1os con un nacional portugu\u00e9s o que viva en pareja de hecho desde hace m\u00e1s de tres a\u00f1os con un nacional portugu\u00e9s puede adquirir la nacionalidad portuguesa si declara, durante el matrimonio o la pareja de hecho, que quiere ser portugu\u00e9s, siempre que no se verifique ninguna de las circunstancias que constituyen motivos de oposici\u00f3n a la adquisici\u00f3n de la nacionalidad &#8211; art\u00edculos 3 y 9 de la Ley de Nacionalidad y art\u00edculo 14 del Reglamento de Nacionalidad.<\/li>\r\n \t<li>El extranjero casado desde hace m\u00e1s de tres a\u00f1os con un nacional portugu\u00e9s o que viva en pareja de hecho desde hace m\u00e1s de tres a\u00f1os con un nacional portugu\u00e9s puede adquirir la nacionalidad portuguesa si declara, durante el matrimonio o la pareja de hecho, que quiere ser portugu\u00e9s, siempre que no se verifique ninguna de las circunstancias que constituyen motivos de oposici\u00f3n a la adquisici\u00f3n de la nacionalidad &#8211; art\u00edculos 3 y 9 de la Ley de Nacionalidad y art\u00edculo 14 del Reglamento de Nacionalidad.<\/li>\r\n \t<li>El extranjero que haya sido adoptado plenamente por un nacional portugu\u00e9s despu\u00e9s de la entrada en vigor de la Ley 37\/81, de 3 de octubre, adquiere la nacionalidad portuguesa por ministerio de la ley, siempre que no se d\u00e9 ninguna de las circunstancias que son motivo de oposici\u00f3n a la adquisici\u00f3n de la nacionalidad &#8211; art\u00edculos 5 y 9 de la Ley de Nacionalidad y art\u00edculo 16 del Reglamento de Nacionalidad.<\/li>\r\n \t<li>A los extranjeros mayores de edad o emancipados de acuerdo con la legislaci\u00f3n portuguesa, que hayan residido legalmente en el territorio portugu\u00e9s durante al menos seis a\u00f1os, siempre que tengan un conocimiento suficiente del portugu\u00e9s y no hayan sido condenados, con sentencia transitoria in rem judicatum, por un delito castigado con pena de prisi\u00f3n de tres a\u00f1os o m\u00e1s, de acuerdo con la legislaci\u00f3n portuguesa, mediante solicitud dirigida al Ministro de Justicia &#8211; art\u00edculos 6, n\u00ba 1 de la Ley de Nacionalidad y 19 del Reglamento de Nacionalidad.<\/li>\r\n \t<li>A los menores, en el \u00e1mbito de la ley portuguesa, nacidos en territorio portugu\u00e9s, hijos de extranjeros, siempre que tengan conocimiento suficiente de la lengua portuguesa, no hayan sido condenados, con tr\u00e1nsito in rem judicatam de la sentencia, por la pr\u00e1ctica de un delito castigado con pena de prisi\u00f3n de tres a\u00f1os o m\u00e1s, seg\u00fan la ley portuguesa y en el momento de la solicitud, uno de los padres resida legalmente aqu\u00ed, desde hace por lo menos cinco a\u00f1os, o el menor haya concluido el primer ciclo de la ense\u00f1anza b\u00e1sica, mediante solicitud dirigida al Ministro de Justicia &#8211; art\u00edculos 6, n\u00ba 2, y 20, Reglamento de la Nacionalidad. Art\u00edculo 6, apartado 2, de la Ley de Nacionalidad y art\u00edculo 20 del Reglamento de Nacionalidad.<\/li>\r\n \t<li>Las personas que hayan tenido la nacionalidad portuguesa y, habi\u00e9ndola perdido, no hayan adquirido nunca otra nacionalidad, siempre que sean mayores de edad o se hayan emancipado de acuerdo con la legislaci\u00f3n portuguesa, no hayan sido condenadas, con sentencia transitada in rem judicatum, por un delito castigado con pena de prisi\u00f3n de tres o m\u00e1s a\u00f1os, de acuerdo con la legislaci\u00f3n portuguesa, mediante solicitud dirigida al Ministro de Justicia &#8211; art\u00edculos 6, n\u00ba 3 de la Ley de Nacionalidad y 21 del Reglamento de Nacionalidad.<\/li>\r\n \t<li>Personas nacidas en territorio portugu\u00e9s, hijos de extranjeros, que hayan residido habitualmente en Portugal durante los 10 a\u00f1os inmediatamente anteriores a la solicitud, siempre que sean mayores de edad o est\u00e9n emancipados de acuerdo con la ley portuguesa, tengan conocimientos suficientes de portugu\u00e9s y no hayan sido condenados por un delito castigado con pena de prisi\u00f3n de tres a\u00f1os o m\u00e1s, de acuerdo con la ley portuguesa, con tr\u00e1nsito in rem judicatum de la sentencia, mediante solicitud dirigida al Ministro de Justicia &#8211; art\u00edculos 6\u00ba n.\u00ba 5 de la Ley de Nacionalidad y 23\u00ba del Reglamento de Nacionalidad.<\/li>\r\n \t<li>A las personas no ap\u00e1tridas que hayan obtenido la nacionalidad portuguesa, a las que se consideren descendientes de ciudadanos portugueses, a los miembros de comunidades de ascendencia portuguesa y a los extranjeros que hayan prestado o est\u00e9n llamados a prestar servicios relevantes al Estado portugu\u00e9s o a la comunidad nacional, siempre que sean mayores de edad o est\u00e9n emancipados conforme a la legislaci\u00f3n portuguesa y no hayan sido condenados, con sentencia transitada in rem judicatum, por un delito castigado con pena de prisi\u00f3n de tres a\u00f1os o m\u00e1s, de acuerdo con la legislaci\u00f3n portuguesa, mediante solicitud dirigida al Ministro de Justicia &#8211; art\u00edculos 6, n\u00ba 6 y 24 del C\u00f3digo de la Nacionalidad. Art\u00edculos 6.6 de la Ley de Nacionalidad y 24 del Reglamento de Nacionalidad.<\/li>\r\n \t<li>Los descendientes de jud\u00edos sefard\u00edes portugueses, mediante la demostraci\u00f3n de la tradici\u00f3n de pertenencia a una comunidad sefard\u00ed de origen portugu\u00e9s, basada en requisitos objetivos probados de conexi\u00f3n con Portugal, a saber, apellidos, lengua familiar, descendencia directa o colateral, siempre que sean mayores de edad o est\u00e9n emancipados ante la ley portuguesa y no hayan sido condenados, con tr\u00e1nsito in rem judicatam de la sentencia, por la pr\u00e1ctica de un delito castigado con pena de prisi\u00f3n de tres a\u00f1os o m\u00e1s, de acuerdo con la ley portuguesa, mediante solicitud dirigida al Ministro de Justicia &#8211; art\u00edculos 6\u00ba n. \u00ba 7 y 24\u00ba-A del C\u00f3digo de la Nacionalidad. Art\u00edculo 6 (7) de la Ley de Nacionalidad y art\u00edculo 24-A del Reglamento de Nacionalidad.<\/li>\r\n \t<li>El extranjero que haya sido adoptado plenamente por un nacional portugu\u00e9s por resoluci\u00f3n firme de fecha anterior a la entrada en vigor de la Ley 37\/81, de 3 de octubre, puede adquirir la nacionalidad portuguesa si lo declara y siempre que no se d\u00e9 ninguna de las circunstancias que son motivo de oposici\u00f3n a la adquisici\u00f3n de la nacionalidad &#8211; art\u00edculos 9 y 29 de la Ley de Nacionalidad y art\u00edculo 66 del Reglamento de Nacionalidad.<\/li>\r\n<\/ol>\r\n<\/div>\r\n<div><span style=\"color: #000000;\">\u00a0<\/span><\/div>\r\n<div><span style=\"color: #000000;\">Nacionalidad readquirida<\/span><\/div>\r\n<div><span style=\"color: #000000;\">\u00a0<\/span><\/div>\r\n<div>La nacionalidad puede readquirirse en los siguientes casos:<\/div>\r\n<div><span style=\"color: #000000;\">\u00a0<\/span><\/div>\r\n<div>\r\n<ol class=\"innerList defaultList\">\r\n \t<li>La mujer que haya perdido la nacionalidad portuguesa por haber adquirido una nacionalidad extranjera por haber contra\u00eddo matrimonio con un extranjero en virtud de la Ley 2098, de 29 de julio de 1959, y de la legislaci\u00f3n anterior, podr\u00e1 readquirir la nacionalidad portuguesa mediante declaraci\u00f3n &#8211; art\u00edculo 30 de la Ley de Nacionalidad y art\u00edculo 65 del Reglamento de Nacionalidad.<\/li>\r\n \t<li>Los que alguna vez tuvieron la nacionalidad portuguesa pero la perdieron por adquirir voluntariamente una nacionalidad extranjera, en los t\u00e9rminos de la Ley 2098 de 29 de julio de 1959 y de la legislaci\u00f3n anterior, adquieren la nacionalidad portuguesa por declaraci\u00f3n, cuando se ha elaborado la inscripci\u00f3n definitiva de la p\u00e9rdida de la nacionalidad &#8211; p\u00e1rrafo 1 al. b), art\u00edculo 31 de la Ley de Nacionalidad y art\u00edculo 67 del Reglamento de Nacionalidad.<\/li>\r\n<\/ol>\r\n<\/div>\t\t\t\t\t\t\t\t<\/div>\n\t\t\t\t<\/div>\n\t\t\t\t\t<\/div>\n\t\t<\/div>\n\t\t\t\t\t<\/div>\n\t\t<\/section>\n\t\t\t\t<\/div>\n\t\t","protected":false},"excerpt":{"rendered":"<p>Nacionalidad Portuguesa Nuestro equipo en Portugal tramitar\u00e1 su proceso, con toda la profesionalidad y experiencia en el sector. A continuaci\u00f3n destacamos los tipos de nacionalidad portuguesa que se pueden tramitar actualmente. Tipos de Nacionalidade Portuguesa Adquisici\u00f3n de la nacionalidad\u00a0 \u00a0 La nacionalidad portuguesa puede adquirirse por dos v\u00edas: \u00a0 \u2022 Nacionalidad derivada: la adquisici\u00f3n de &#8230; <a title=\"Nacionalidad Portuguesa\" class=\"read-more\" href=\"https:\/\/esconsultoria.es\/es\/nacionalidad-portuguesa\/\" aria-label=\"Leer m\u00e1s sobre Nacionalidad Portuguesa\">Leer m\u00e1s<\/a><\/p>\n","protected":false},"author":1,"featured_media":0,"parent":0,"menu_order":0,"comment_status":"closed","ping_status":"closed","template":"","meta":{"content-type":"","footnotes":""},"class_list":["post-2312","page","type-page","status-publish"],"yoast_head":"<!-- This site is optimized with the Yoast SEO plugin v24.4 - https:\/\/yoast.com\/wordpress\/plugins\/seo\/ -->\n<title>\u00bfC\u00f3mo proceder con mi nacionalidad portuguesa?<\/title>\n<meta name=\"description\" content=\"La nacionalidad portuguesa se puede tramitar de padre a hijo. Para realizar su an\u00e1lisis, p\u00f3ngase en contacto con nosotros. Cons\u00faltenos.\" \/>\n<meta name=\"robots\" content=\"index, follow, max-snippet:-1, max-image-preview:large, max-video-preview:-1\" \/>\n<link rel=\"canonical\" href=\"https:\/\/esconsultoria.es\/es\/nacionalidad-portuguesa\/\" \/>\n<meta property=\"og:locale\" content=\"es_ES\" \/>\n<meta property=\"og:type\" content=\"article\" \/>\n<meta property=\"og:title\" content=\"\u00bfC\u00f3mo proceder con mi nacionalidad portuguesa?\" \/>\n<meta property=\"og:description\" content=\"La nacionalidad portuguesa se puede tramitar de padre a hijo. Para realizar su an\u00e1lisis, p\u00f3ngase en contacto con nosotros. Cons\u00faltenos.\" \/>\n<meta property=\"og:url\" content=\"https:\/\/esconsultoria.es\/es\/nacionalidad-portuguesa\/\" \/>\n<meta property=\"og:site_name\" content=\"E S Consultoria Internacional\" \/>\n<meta property=\"article:publisher\" content=\"https:\/\/www.facebook.com\/eurosupremas\" \/>\n<meta property=\"article:modified_time\" content=\"2022-04-12T16:08:52+00:00\" \/>\n<meta property=\"og:image\" content=\"https:\/\/esconsultoria.es\/wp-content\/uploads\/Imagem-destacada-Nacionalidade-Portuguesa.webp\" \/>\n<meta name=\"twitter:card\" content=\"summary_large_image\" \/>\n<meta name=\"twitter:site\" content=\"@eurosupremas\" \/>\n<meta name=\"twitter:label1\" content=\"Tiempo de lectura\" \/>\n\t<meta name=\"twitter:data1\" content=\"7 minutos\" \/>\n<script type=\"application\/ld+json\" class=\"yoast-schema-graph\">{\"@context\":\"https:\/\/schema.org\",\"@graph\":[{\"@type\":\"WebPage\",\"@id\":\"https:\/\/esconsultoria.es\/es\/nacionalidad-portuguesa\/\",\"url\":\"https:\/\/esconsultoria.es\/es\/nacionalidad-portuguesa\/\",\"name\":\"\u00bfC\u00f3mo proceder con mi nacionalidad portuguesa?\",\"isPartOf\":{\"@id\":\"https:\/\/esconsultoria.es\/#website\"},\"primaryImageOfPage\":{\"@id\":\"https:\/\/esconsultoria.es\/es\/nacionalidad-portuguesa\/#primaryimage\"},\"image\":{\"@id\":\"https:\/\/esconsultoria.es\/es\/nacionalidad-portuguesa\/#primaryimage\"},\"thumbnailUrl\":\"https:\/\/esconsultoria.es\/wp-content\/uploads\/Imagem-destacada-Nacionalidade-Portuguesa.webp\",\"datePublished\":\"2020-08-31T15:29:04+00:00\",\"dateModified\":\"2022-04-12T16:08:52+00:00\",\"description\":\"La nacionalidad portuguesa se puede tramitar de padre a hijo. Para realizar su an\u00e1lisis, p\u00f3ngase en contacto con nosotros. Cons\u00faltenos.\",\"breadcrumb\":{\"@id\":\"https:\/\/esconsultoria.es\/es\/nacionalidad-portuguesa\/#breadcrumb\"},\"inLanguage\":\"es\",\"potentialAction\":[{\"@type\":\"ReadAction\",\"target\":[\"https:\/\/esconsultoria.es\/es\/nacionalidad-portuguesa\/\"]}]},{\"@type\":\"ImageObject\",\"inLanguage\":\"es\",\"@id\":\"https:\/\/esconsultoria.es\/es\/nacionalidad-portuguesa\/#primaryimage\",\"url\":\"https:\/\/esconsultoria.es\/wp-content\/uploads\/Imagem-destacada-Nacionalidade-Portuguesa.webp\",\"contentUrl\":\"https:\/\/esconsultoria.es\/wp-content\/uploads\/Imagem-destacada-Nacionalidade-Portuguesa.webp\"},{\"@type\":\"BreadcrumbList\",\"@id\":\"https:\/\/esconsultoria.es\/es\/nacionalidad-portuguesa\/#breadcrumb\",\"itemListElement\":[{\"@type\":\"ListItem\",\"position\":1,\"name\":\"Portada\",\"item\":\"https:\/\/esconsultoria.es\/es\/\"},{\"@type\":\"ListItem\",\"position\":2,\"name\":\"Nacionalidad Portuguesa\"}]},{\"@type\":\"WebSite\",\"@id\":\"https:\/\/esconsultoria.es\/#website\",\"url\":\"https:\/\/esconsultoria.es\/\",\"name\":\"E S Consultoria Internacional\",\"description\":\"Nacionalidade Espanhola Visto de Resid\u00eancia Espanha Cidadania\",\"publisher\":{\"@id\":\"https:\/\/esconsultoria.es\/#organization\"},\"potentialAction\":[{\"@type\":\"SearchAction\",\"target\":{\"@type\":\"EntryPoint\",\"urlTemplate\":\"https:\/\/esconsultoria.es\/?s={search_term_string}\"},\"query-input\":{\"@type\":\"PropertyValueSpecification\",\"valueRequired\":true,\"valueName\":\"search_term_string\"}}],\"inLanguage\":\"es\"},{\"@type\":\"Organization\",\"@id\":\"https:\/\/esconsultoria.es\/#organization\",\"name\":\"ES Consultoria Internacional - Nacionalidade Espanhola - Documentos na Espanha\",\"url\":\"https:\/\/esconsultoria.es\/\",\"logo\":{\"@type\":\"ImageObject\",\"inLanguage\":\"es\",\"@id\":\"https:\/\/esconsultoria.es\/#\/schema\/logo\/image\/\",\"url\":\"https:\/\/esconsultoria.es\/wp-content\/uploads\/logo-ES-Consultoria.webp\",\"contentUrl\":\"https:\/\/esconsultoria.es\/wp-content\/uploads\/logo-ES-Consultoria.webp\",\"width\":2084,\"height\":1076,\"caption\":\"ES Consultoria Internacional - Nacionalidade Espanhola - Documentos na Espanha\"},\"image\":{\"@id\":\"https:\/\/esconsultoria.es\/#\/schema\/logo\/image\/\"},\"sameAs\":[\"https:\/\/www.facebook.com\/eurosupremas\",\"https:\/\/x.com\/eurosupremas\",\"https:\/\/www.instagram.com\/esconsultoria\",\"https:\/\/www.linkedin.com\/company\/euro-supremas-consulting\",\"https:\/\/www.youtube.com\/channel\/UCDk5vZ6jRAFtLz31Zjz1uUg\"]}]}<\/script>\n<!-- \/ Yoast SEO plugin. -->","yoast_head_json":{"title":"\u00bfC\u00f3mo proceder con mi nacionalidad portuguesa?","description":"La nacionalidad portuguesa se puede tramitar de padre a hijo. Para realizar su an\u00e1lisis, p\u00f3ngase en contacto con nosotros. Cons\u00faltenos.","robots":{"index":"index","follow":"follow","max-snippet":"max-snippet:-1","max-image-preview":"max-image-preview:large","max-video-preview":"max-video-preview:-1"},"canonical":"https:\/\/esconsultoria.es\/es\/nacionalidad-portuguesa\/","og_locale":"es_ES","og_type":"article","og_title":"\u00bfC\u00f3mo proceder con mi nacionalidad portuguesa?","og_description":"La nacionalidad portuguesa se puede tramitar de padre a hijo. Para realizar su an\u00e1lisis, p\u00f3ngase en contacto con nosotros. Cons\u00faltenos.","og_url":"https:\/\/esconsultoria.es\/es\/nacionalidad-portuguesa\/","og_site_name":"E S Consultoria Internacional","article_publisher":"https:\/\/www.facebook.com\/eurosupremas","article_modified_time":"2022-04-12T16:08:52+00:00","og_image":[{"url":"https:\/\/esconsultoria.es\/wp-content\/uploads\/Imagem-destacada-Nacionalidade-Portuguesa.webp","type":"","width":"","height":""}],"twitter_card":"summary_large_image","twitter_site":"@eurosupremas","twitter_misc":{"Tiempo de lectura":"7 minutos"},"schema":{"@context":"https:\/\/schema.org","@graph":[{"@type":"WebPage","@id":"https:\/\/esconsultoria.es\/es\/nacionalidad-portuguesa\/","url":"https:\/\/esconsultoria.es\/es\/nacionalidad-portuguesa\/","name":"\u00bfC\u00f3mo proceder con mi nacionalidad portuguesa?","isPartOf":{"@id":"https:\/\/esconsultoria.es\/#website"},"primaryImageOfPage":{"@id":"https:\/\/esconsultoria.es\/es\/nacionalidad-portuguesa\/#primaryimage"},"image":{"@id":"https:\/\/esconsultoria.es\/es\/nacionalidad-portuguesa\/#primaryimage"},"thumbnailUrl":"https:\/\/esconsultoria.es\/wp-content\/uploads\/Imagem-destacada-Nacionalidade-Portuguesa.webp","datePublished":"2020-08-31T15:29:04+00:00","dateModified":"2022-04-12T16:08:52+00:00","description":"La nacionalidad portuguesa se puede tramitar de padre a hijo. Para realizar su an\u00e1lisis, p\u00f3ngase en contacto con nosotros. Cons\u00faltenos.","breadcrumb":{"@id":"https:\/\/esconsultoria.es\/es\/nacionalidad-portuguesa\/#breadcrumb"},"inLanguage":"es","potentialAction":[{"@type":"ReadAction","target":["https:\/\/esconsultoria.es\/es\/nacionalidad-portuguesa\/"]}]},{"@type":"ImageObject","inLanguage":"es","@id":"https:\/\/esconsultoria.es\/es\/nacionalidad-portuguesa\/#primaryimage","url":"https:\/\/esconsultoria.es\/wp-content\/uploads\/Imagem-destacada-Nacionalidade-Portuguesa.webp","contentUrl":"https:\/\/esconsultoria.es\/wp-content\/uploads\/Imagem-destacada-Nacionalidade-Portuguesa.webp"},{"@type":"BreadcrumbList","@id":"https:\/\/esconsultoria.es\/es\/nacionalidad-portuguesa\/#breadcrumb","itemListElement":[{"@type":"ListItem","position":1,"name":"Portada","item":"https:\/\/esconsultoria.es\/es\/"},{"@type":"ListItem","position":2,"name":"Nacionalidad Portuguesa"}]},{"@type":"WebSite","@id":"https:\/\/esconsultoria.es\/#website","url":"https:\/\/esconsultoria.es\/","name":"E S Consultoria Internacional","description":"Nacionalidade Espanhola Visto de Resid\u00eancia Espanha Cidadania","publisher":{"@id":"https:\/\/esconsultoria.es\/#organization"},"potentialAction":[{"@type":"SearchAction","target":{"@type":"EntryPoint","urlTemplate":"https:\/\/esconsultoria.es\/?s={search_term_string}"},"query-input":{"@type":"PropertyValueSpecification","valueRequired":true,"valueName":"search_term_string"}}],"inLanguage":"es"},{"@type":"Organization","@id":"https:\/\/esconsultoria.es\/#organization","name":"ES Consultoria Internacional - Nacionalidade Espanhola - Documentos na Espanha","url":"https:\/\/esconsultoria.es\/","logo":{"@type":"ImageObject","inLanguage":"es","@id":"https:\/\/esconsultoria.es\/#\/schema\/logo\/image\/","url":"https:\/\/esconsultoria.es\/wp-content\/uploads\/logo-ES-Consultoria.webp","contentUrl":"https:\/\/esconsultoria.es\/wp-content\/uploads\/logo-ES-Consultoria.webp","width":2084,"height":1076,"caption":"ES Consultoria Internacional - Nacionalidade Espanhola - Documentos na Espanha"},"image":{"@id":"https:\/\/esconsultoria.es\/#\/schema\/logo\/image\/"},"sameAs":["https:\/\/www.facebook.com\/eurosupremas","https:\/\/x.com\/eurosupremas","https:\/\/www.instagram.com\/esconsultoria","https:\/\/www.linkedin.com\/company\/euro-supremas-consulting","https:\/\/www.youtube.com\/channel\/UCDk5vZ6jRAFtLz31Zjz1uUg"]}]}},"_links":{"self":[{"href":"https:\/\/esconsultoria.es\/es\/wp-json\/wp\/v2\/pages\/2312","targetHints":{"allow":["GET"]}}],"collection":[{"href":"https:\/\/esconsultoria.es\/es\/wp-json\/wp\/v2\/pages"}],"about":[{"href":"https:\/\/esconsultoria.es\/es\/wp-json\/wp\/v2\/types\/page"}],"author":[{"embeddable":true,"href":"https:\/\/esconsultoria.es\/es\/wp-json\/wp\/v2\/users\/1"}],"replies":[{"embeddable":true,"href":"https:\/\/esconsultoria.es\/es\/wp-json\/wp\/v2\/comments?post=2312"}],"version-history":[{"count":8,"href":"https:\/\/esconsultoria.es\/es\/wp-json\/wp\/v2\/pages\/2312\/revisions"}],"predecessor-version":[{"id":2936,"href":"https:\/\/esconsultoria.es\/es\/wp-json\/wp\/v2\/pages\/2312\/revisions\/2936"}],"wp:attachment":[{"href":"https:\/\/esconsultoria.es\/es\/wp-json\/wp\/v2\/media?parent=2312"}],"curies":[{"name":"wp","href":"https:\/\/api.w.org\/{rel}","templated":true}]}}