{"id":2298,"date":"2020-08-31T17:18:33","date_gmt":"2020-08-31T15:18:33","guid":{"rendered":"https:\/\/esconsultoria.es\/nacionalidad-espanola\/"},"modified":"2022-02-20T19:29:51","modified_gmt":"2022-02-20T18:29:51","slug":"nacionalidad-espanola","status":"publish","type":"page","link":"https:\/\/esconsultoria.es\/es\/nacionalidad-espanola\/","title":{"rendered":"Nacionalidad Espa\u00f1ola"},"content":{"rendered":"\t\t<div data-elementor-type=\"wp-page\" data-elementor-id=\"2298\" class=\"elementor elementor-2298\" data-elementor-post-type=\"page\">\n\t\t\t\t\t\t<section class=\"elementor-section elementor-top-section elementor-element elementor-element-5332174 elementor-section-boxed elementor-section-height-default elementor-section-height-default\" data-id=\"5332174\" data-element_type=\"section\">\n\t\t\t\t\t\t<div class=\"elementor-container elementor-column-gap-default\">\n\t\t\t\t\t<div class=\"elementor-column elementor-col-50 elementor-top-column elementor-element elementor-element-2e71d8a\" data-id=\"2e71d8a\" data-element_type=\"column\">\n\t\t\t<div class=\"elementor-widget-wrap elementor-element-populated\">\n\t\t\t\t\t\t<div class=\"elementor-element elementor-element-5facd07 elementor-widget elementor-widget-heading\" data-id=\"5facd07\" data-element_type=\"widget\" data-widget_type=\"heading.default\">\n\t\t\t\t<div class=\"elementor-widget-container\">\n\t\t\t\t\t<h1 class=\"elementor-heading-title elementor-size-default\">Nacionalidad Espa\u00f1ola<\/h1>\t\t\t\t<\/div>\n\t\t\t\t<\/div>\n\t\t\t\t\t<\/div>\n\t\t<\/div>\n\t\t\t\t<div class=\"elementor-column elementor-col-50 elementor-top-column elementor-element elementor-element-e581319\" data-id=\"e581319\" data-element_type=\"column\">\n\t\t\t<div class=\"elementor-widget-wrap elementor-element-populated\">\n\t\t\t\t\t\t<div class=\"elementor-element elementor-element-a7f705a elementor-widget elementor-widget-image\" data-id=\"a7f705a\" data-element_type=\"widget\" data-widget_type=\"image.default\">\n\t\t\t\t<div class=\"elementor-widget-container\">\n\t\t\t\t\t\t\t\t\t\t\t\t\t\t\t<img fetchpriority=\"high\" decoding=\"async\" width=\"300\" height=\"300\" src=\"https:\/\/esconsultoria.es\/wp-content\/uploads\/Imagem-destacada-Nacionalidad-Espanola.webp\" class=\"attachment-medium size-medium wp-image-2306\" alt=\"Nacionalidad Espa\u00f1ola\" srcset=\"https:\/\/esconsultoria.es\/wp-content\/uploads\/Imagem-destacada-Nacionalidad-Espanola.webp 300w, https:\/\/esconsultoria.es\/wp-content\/uploads\/Imagem-destacada-Nacionalidad-Espanola-100x100.webp 100w\" sizes=\"(max-width: 300px) 100vw, 300px\" \/>\t\t\t\t\t\t\t\t\t\t\t\t\t\t\t<\/div>\n\t\t\t\t<\/div>\n\t\t\t\t\t<\/div>\n\t\t<\/div>\n\t\t\t\t\t<\/div>\n\t\t<\/section>\n\t\t\t\t<section class=\"elementor-section elementor-top-section elementor-element elementor-element-1e218af elementor-section-boxed elementor-section-height-default elementor-section-height-default\" data-id=\"1e218af\" data-element_type=\"section\">\n\t\t\t\t\t\t<div class=\"elementor-container elementor-column-gap-default\">\n\t\t\t\t\t<div class=\"elementor-column elementor-col-100 elementor-top-column elementor-element elementor-element-3ee80a4\" data-id=\"3ee80a4\" data-element_type=\"column\">\n\t\t\t<div class=\"elementor-widget-wrap elementor-element-populated\">\n\t\t\t\t\t\t<div class=\"elementor-element elementor-element-06c4884 elementor-widget elementor-widget-text-editor\" data-id=\"06c4884\" data-element_type=\"widget\" data-widget_type=\"text-editor.default\">\n\t\t\t\t<div class=\"elementor-widget-container\">\n\t\t\t\t\t\t\t\t\tOfrecemos una amplia gama de servicios profesionales para satisfacer sus necesidades en todo momento.\t\t\t\t\t\t\t\t<\/div>\n\t\t\t\t<\/div>\n\t\t\t\t\t<\/div>\n\t\t<\/div>\n\t\t\t\t\t<\/div>\n\t\t<\/section>\n\t\t\t\t<section class=\"elementor-section elementor-top-section elementor-element elementor-element-8999e92 elementor-section-boxed elementor-section-height-default elementor-section-height-default\" data-id=\"8999e92\" data-element_type=\"section\">\n\t\t\t\t\t\t<div class=\"elementor-container elementor-column-gap-default\">\n\t\t\t\t\t<div class=\"elementor-column elementor-col-100 elementor-top-column elementor-element elementor-element-b4109d6\" data-id=\"b4109d6\" data-element_type=\"column\">\n\t\t\t<div class=\"elementor-widget-wrap elementor-element-populated\">\n\t\t\t\t\t\t<div class=\"elementor-element elementor-element-1796965 elementor-widget elementor-widget-heading\" data-id=\"1796965\" data-element_type=\"widget\" data-widget_type=\"heading.default\">\n\t\t\t\t<div class=\"elementor-widget-container\">\n\t\t\t\t\t<h2 class=\"elementor-heading-title elementor-size-default\">Tipos de nacionalidad espa\u00f1ola<\/h2>\t\t\t\t<\/div>\n\t\t\t\t<\/div>\n\t\t\t\t\t<\/div>\n\t\t<\/div>\n\t\t\t\t\t<\/div>\n\t\t<\/section>\n\t\t\t\t<section class=\"elementor-section elementor-top-section elementor-element elementor-element-cf267ed elementor-section-boxed elementor-section-height-default elementor-section-height-default\" data-id=\"cf267ed\" data-element_type=\"section\">\n\t\t\t\t\t\t<div class=\"elementor-container elementor-column-gap-default\">\n\t\t\t\t\t<div class=\"elementor-column elementor-col-100 elementor-top-column elementor-element elementor-element-f29e6a5\" data-id=\"f29e6a5\" data-element_type=\"column\">\n\t\t\t<div class=\"elementor-widget-wrap elementor-element-populated\">\n\t\t\t\t\t\t<div class=\"elementor-element elementor-element-50cb56d elementor-widget elementor-widget-text-editor\" data-id=\"50cb56d\" data-element_type=\"widget\" data-widget_type=\"text-editor.default\">\n\t\t\t\t<div class=\"elementor-widget-container\">\n\t\t\t\t\t\t\t\t\t<p><strong>1) Nacionalidad para hijos de padre o madre espa\u00f1oles:<\/strong><\/p><p>Si eres mayor de 18 a\u00f1os e hijo de un espa\u00f1ol nacido en Espa\u00f1a, o si eres menor de 18 a\u00f1os, siendo hijo de padre o madre de nacionalidad espa\u00f1ola, puedes optar a la nacionalidad espa\u00f1ola.<\/p><p><strong>2) Nacionalidad espa\u00f1ola por matrimonio o residencia en Espa\u00f1a<\/strong><\/p><p>Estos registros parten del lugar de residencia en Espa\u00f1a.<\/p><p>Es importante destacar que la residencia debe ser legal en Espa\u00f1a y no se aceptan visados de estudiante a efectos de nacionalidad, es decir, para solicitar la nacionalidad espa\u00f1ola por matrimonio, el c\u00f3nyuge del espa\u00f1ol debe haber residido legalmente durante un m\u00ednimo de un a\u00f1o antes de la solicitud de nacionalidad.<br \/>EuroSupremes puede ofrecer el servicio de tramitaci\u00f3n completo, desde la recogida de los documentos en Brasil y la posterior presentaci\u00f3n digital mediante un certificado en el Ministerio de Justicia.<\/p><p><strong>3) Nietos espa\u00f1oles:<\/strong><\/p><p>La Ley de la Memoria Hist\u00f3rica ya ha expirado. Sin embargo, la devoluci\u00f3n ya se est\u00e1 tramitando en el Congreso espa\u00f1ol.<br \/>Visite nuestro blog.<\/p><p>Suscr\u00edbase a trav\u00e9s del <a href=\"https:\/\/esconsultoria.es\/es\/contacto\">formulario de contacto<\/a> para recibir noticias y actualizaciones sobre las leyes de la ciudadan\u00eda espa\u00f1ola.<\/p><p>En el caso de los nietos, se puede adquirir la nacionalidad si el nieto del espa\u00f1ol es menor de edad y cuando cumpla los 18 a\u00f1os, tendr\u00e1 hasta los 21 a\u00f1os para conservar la nacionalidad espa\u00f1ola.<\/p><p>Si el nieto es mayor de edad, el tr\u00e1mite debe hacerse mediante la residencia en Espa\u00f1a. Consiste en venir con un visado, residir durante 1 a\u00f1o antes de solicitar la ciudadan\u00eda y continuar con la residencia hasta el juramento de la ciudadan\u00eda.<\/p><p><strong>4) CONSERVACI\u00d3N DE LA NACIONALIDAD ESPA\u00d1OLA PARA LOS QUE TENGAN HASTA 18 A\u00d1OS Y ANTES DE 21 A\u00d1OS:<\/strong><\/p><p>En virtud del art\u00edculo 24.3 del C\u00f3digo Civil, los residentes en el extranjero, cuyos padres hayan nacido tambi\u00e9n en el extranjero, pueden perder la nacionalidad espa\u00f1ola, seg\u00fan el modo en que la hayan adquirido, si antes de cumplir los 21 a\u00f1os no hacen una declaraci\u00f3n ante el Registro Civil Consular de su domicilio inscribiendo su voluntad de conservarla. en este caso es conveniente informarse previamente en la Secci\u00f3n Consular al respecto.<\/p><p><strong>Casos concretos:<\/strong><\/p><p>La Ley de Memoria Hist\u00f3rica, tuvo un periodo de vigencia para poder realizar los tr\u00e1mites para la obtenci\u00f3n de la ciudadan\u00eda, hay rumores de que la ley volver\u00e1 sin embargo a\u00fan no se sabe c\u00f3mo ser\u00e1n los requisitos.<\/p><p>Las familias que no puedan tramitar la nacionalidad por edad o porque la ascendencia de origen espa\u00f1ol est\u00e9 demasiado lejos, podemos comprobar la posibilidad de otros tr\u00e1mites, dependiendo de la situaci\u00f3n particular. Por ejemplo:<\/p><p>Hijos de padre espa\u00f1ol (nacidos en Espa\u00f1a) podemos realizar el tr\u00e1mite, sin necesidad de residencia legal en Espa\u00f1a.<\/p><p>Nietos de espa\u00f1oles (nacidos en Espa\u00f1a) que el padre o la madre (hijo de ese espa\u00f1ol) est\u00e9 vivo, o haya hecho ya la recuperaci\u00f3n de la nacionalidad espa\u00f1ola, este nieto o nieta puede hacer el tr\u00e1mite con nosotros directamente en Espa\u00f1a, este tr\u00e1mite no se tramita en los consulados, sino en un \u00f3rgano competente en Espa\u00f1a, la gran ventaja de este tr\u00e1mite es la posibilidad de residencia inicial por 1 a\u00f1o (prorrogable -siguiendo requisitos-) esta misma residencia da derecho a trabajar por cuenta propia o por cualquier empresa espa\u00f1ola. Este \u00abvisado de residencia\u00bb, tras su correcta renovaci\u00f3n, da derecho a solicitar la nacionalidad espa\u00f1ola por residencia por ser descendiente de espa\u00f1oles, en el caso de doble nacionalidad por los acuerdos bilaterales entre Brasil y Espa\u00f1a.<\/p>\t\t\t\t\t\t\t\t<\/div>\n\t\t\t\t<\/div>\n\t\t\t\t\t<\/div>\n\t\t<\/div>\n\t\t\t\t\t<\/div>\n\t\t<\/section>\n\t\t\t\t<section class=\"elementor-section elementor-top-section elementor-element elementor-element-7476d6a elementor-section-boxed elementor-section-height-default elementor-section-height-default\" data-id=\"7476d6a\" data-element_type=\"section\">\n\t\t\t\t\t\t<div class=\"elementor-container elementor-column-gap-default\">\n\t\t\t\t\t<div class=\"elementor-column elementor-col-100 elementor-top-column elementor-element elementor-element-228d687\" data-id=\"228d687\" data-element_type=\"column\">\n\t\t\t<div class=\"elementor-widget-wrap elementor-element-populated\">\n\t\t\t\t\t\t<div class=\"elementor-element elementor-element-983d6c2 elementor-widget elementor-widget-text-editor\" data-id=\"983d6c2\" data-element_type=\"widget\" data-widget_type=\"text-editor.default\">\n\t\t\t\t<div class=\"elementor-widget-container\">\n\t\t\t\t\t\t\t\t\tProcedimientos de nacionalidad espa\u00f1ola, con todo el apoyo de nuestro equipo. Solicitar una reuni\u00f3n para analizar la posibilidad de obtener la nacionalidad espa\u00f1ola.\t\t\t\t\t\t\t\t<\/div>\n\t\t\t\t<\/div>\n\t\t\t\t\t<\/div>\n\t\t<\/div>\n\t\t\t\t\t<\/div>\n\t\t<\/section>\n\t\t\t\t<\/div>\n\t\t","protected":false},"excerpt":{"rendered":"<p>Nacionalidad Espa\u00f1ola Ofrecemos una amplia gama de servicios profesionales para satisfacer sus necesidades en todo momento. Tipos de nacionalidad espa\u00f1ola 1) Nacionalidad para hijos de padre o madre espa\u00f1oles: Si eres mayor de 18 a\u00f1os e hijo de un espa\u00f1ol nacido en Espa\u00f1a, o si eres menor de 18 a\u00f1os, siendo hijo de padre o &#8230; <a title=\"Nacionalidad Espa\u00f1ola\" class=\"read-more\" href=\"https:\/\/esconsultoria.es\/es\/nacionalidad-espanola\/\" aria-label=\"Leer m\u00e1s sobre Nacionalidad Espa\u00f1ola\">Leer m\u00e1s<\/a><\/p>\n","protected":false},"author":1,"featured_media":0,"parent":0,"menu_order":0,"comment_status":"closed","ping_status":"closed","template":"","meta":{"content-type":"","footnotes":""},"class_list":["post-2298","page","type-page","status-publish"],"yoast_head":"<!-- This site is optimized with the Yoast SEO plugin v24.4 - https:\/\/yoast.com\/wordpress\/plugins\/seo\/ -->\n<title>\u00bfC\u00f3mo puedo solicitar la nacionalidad espa\u00f1ola?<\/title>\n<meta name=\"description\" content=\"Tr\u00e1mites de nacionalidad espa\u00f1ola para descendientes y residentes en Espa\u00f1a. Nacionalidad para los ni\u00f1os\" \/>\n<meta name=\"robots\" content=\"index, follow, max-snippet:-1, max-image-preview:large, max-video-preview:-1\" \/>\n<link rel=\"canonical\" href=\"https:\/\/esconsultoria.es\/es\/nacionalidad-espanola\/\" \/>\n<meta property=\"og:locale\" content=\"es_ES\" \/>\n<meta property=\"og:type\" content=\"article\" \/>\n<meta property=\"og:title\" content=\"\u00bfC\u00f3mo puedo solicitar la nacionalidad espa\u00f1ola?\" \/>\n<meta property=\"og:description\" content=\"Tr\u00e1mites de nacionalidad espa\u00f1ola para descendientes y residentes en Espa\u00f1a. Nacionalidad para los ni\u00f1os\" \/>\n<meta property=\"og:url\" content=\"https:\/\/esconsultoria.es\/es\/nacionalidad-espanola\/\" \/>\n<meta property=\"og:site_name\" content=\"E S Consultoria Internacional\" \/>\n<meta property=\"article:publisher\" content=\"https:\/\/www.facebook.com\/eurosupremas\" \/>\n<meta property=\"article:modified_time\" content=\"2022-02-20T18:29:51+00:00\" \/>\n<meta property=\"og:image\" content=\"https:\/\/esconsultoria.es\/wp-content\/uploads\/Imagem-destacada-Nacionalidad-Espanola.webp\" \/>\n<meta name=\"twitter:card\" content=\"summary_large_image\" \/>\n<meta name=\"twitter:site\" content=\"@eurosupremas\" \/>\n<meta name=\"twitter:label1\" content=\"Tiempo de lectura\" \/>\n\t<meta name=\"twitter:data1\" content=\"4 minutos\" \/>\n<script type=\"application\/ld+json\" class=\"yoast-schema-graph\">{\"@context\":\"https:\/\/schema.org\",\"@graph\":[{\"@type\":\"WebPage\",\"@id\":\"https:\/\/esconsultoria.es\/es\/nacionalidad-espanola\/\",\"url\":\"https:\/\/esconsultoria.es\/es\/nacionalidad-espanola\/\",\"name\":\"\u00bfC\u00f3mo puedo solicitar la nacionalidad espa\u00f1ola?\",\"isPartOf\":{\"@id\":\"https:\/\/esconsultoria.es\/#website\"},\"primaryImageOfPage\":{\"@id\":\"https:\/\/esconsultoria.es\/es\/nacionalidad-espanola\/#primaryimage\"},\"image\":{\"@id\":\"https:\/\/esconsultoria.es\/es\/nacionalidad-espanola\/#primaryimage\"},\"thumbnailUrl\":\"https:\/\/esconsultoria.es\/wp-content\/uploads\/Imagem-destacada-Nacionalidad-Espanola.webp\",\"datePublished\":\"2020-08-31T15:18:33+00:00\",\"dateModified\":\"2022-02-20T18:29:51+00:00\",\"description\":\"Tr\u00e1mites de nacionalidad espa\u00f1ola para descendientes y residentes en Espa\u00f1a. Nacionalidad para los ni\u00f1os\",\"breadcrumb\":{\"@id\":\"https:\/\/esconsultoria.es\/es\/nacionalidad-espanola\/#breadcrumb\"},\"inLanguage\":\"es\",\"potentialAction\":[{\"@type\":\"ReadAction\",\"target\":[\"https:\/\/esconsultoria.es\/es\/nacionalidad-espanola\/\"]}]},{\"@type\":\"ImageObject\",\"inLanguage\":\"es\",\"@id\":\"https:\/\/esconsultoria.es\/es\/nacionalidad-espanola\/#primaryimage\",\"url\":\"https:\/\/esconsultoria.es\/wp-content\/uploads\/Imagem-destacada-Nacionalidad-Espanola.webp\",\"contentUrl\":\"https:\/\/esconsultoria.es\/wp-content\/uploads\/Imagem-destacada-Nacionalidad-Espanola.webp\"},{\"@type\":\"BreadcrumbList\",\"@id\":\"https:\/\/esconsultoria.es\/es\/nacionalidad-espanola\/#breadcrumb\",\"itemListElement\":[{\"@type\":\"ListItem\",\"position\":1,\"name\":\"Portada\",\"item\":\"https:\/\/esconsultoria.es\/es\/\"},{\"@type\":\"ListItem\",\"position\":2,\"name\":\"Nacionalidad Espa\u00f1ola\"}]},{\"@type\":\"WebSite\",\"@id\":\"https:\/\/esconsultoria.es\/#website\",\"url\":\"https:\/\/esconsultoria.es\/\",\"name\":\"E S Consultoria Internacional\",\"description\":\"Nacionalidade Espanhola Visto de Resid\u00eancia Espanha Cidadania\",\"publisher\":{\"@id\":\"https:\/\/esconsultoria.es\/#organization\"},\"potentialAction\":[{\"@type\":\"SearchAction\",\"target\":{\"@type\":\"EntryPoint\",\"urlTemplate\":\"https:\/\/esconsultoria.es\/?s={search_term_string}\"},\"query-input\":{\"@type\":\"PropertyValueSpecification\",\"valueRequired\":true,\"valueName\":\"search_term_string\"}}],\"inLanguage\":\"es\"},{\"@type\":\"Organization\",\"@id\":\"https:\/\/esconsultoria.es\/#organization\",\"name\":\"ES Consultoria Internacional - Nacionalidade Espanhola - Documentos na Espanha\",\"url\":\"https:\/\/esconsultoria.es\/\",\"logo\":{\"@type\":\"ImageObject\",\"inLanguage\":\"es\",\"@id\":\"https:\/\/esconsultoria.es\/#\/schema\/logo\/image\/\",\"url\":\"https:\/\/esconsultoria.es\/wp-content\/uploads\/logo-ES-Consultoria.webp\",\"contentUrl\":\"https:\/\/esconsultoria.es\/wp-content\/uploads\/logo-ES-Consultoria.webp\",\"width\":2084,\"height\":1076,\"caption\":\"ES Consultoria Internacional - Nacionalidade Espanhola - Documentos na Espanha\"},\"image\":{\"@id\":\"https:\/\/esconsultoria.es\/#\/schema\/logo\/image\/\"},\"sameAs\":[\"https:\/\/www.facebook.com\/eurosupremas\",\"https:\/\/x.com\/eurosupremas\",\"https:\/\/www.instagram.com\/esconsultoria\",\"https:\/\/www.linkedin.com\/company\/euro-supremas-consulting\",\"https:\/\/www.youtube.com\/channel\/UCDk5vZ6jRAFtLz31Zjz1uUg\"]}]}<\/script>\n<!-- \/ Yoast SEO plugin. -->","yoast_head_json":{"title":"\u00bfC\u00f3mo puedo solicitar la nacionalidad espa\u00f1ola?","description":"Tr\u00e1mites de nacionalidad espa\u00f1ola para descendientes y residentes en Espa\u00f1a. Nacionalidad para los ni\u00f1os","robots":{"index":"index","follow":"follow","max-snippet":"max-snippet:-1","max-image-preview":"max-image-preview:large","max-video-preview":"max-video-preview:-1"},"canonical":"https:\/\/esconsultoria.es\/es\/nacionalidad-espanola\/","og_locale":"es_ES","og_type":"article","og_title":"\u00bfC\u00f3mo puedo solicitar la nacionalidad espa\u00f1ola?","og_description":"Tr\u00e1mites de nacionalidad espa\u00f1ola para descendientes y residentes en Espa\u00f1a. Nacionalidad para los ni\u00f1os","og_url":"https:\/\/esconsultoria.es\/es\/nacionalidad-espanola\/","og_site_name":"E S Consultoria Internacional","article_publisher":"https:\/\/www.facebook.com\/eurosupremas","article_modified_time":"2022-02-20T18:29:51+00:00","og_image":[{"url":"https:\/\/esconsultoria.es\/wp-content\/uploads\/Imagem-destacada-Nacionalidad-Espanola.webp","type":"","width":"","height":""}],"twitter_card":"summary_large_image","twitter_site":"@eurosupremas","twitter_misc":{"Tiempo de lectura":"4 minutos"},"schema":{"@context":"https:\/\/schema.org","@graph":[{"@type":"WebPage","@id":"https:\/\/esconsultoria.es\/es\/nacionalidad-espanola\/","url":"https:\/\/esconsultoria.es\/es\/nacionalidad-espanola\/","name":"\u00bfC\u00f3mo puedo solicitar la nacionalidad espa\u00f1ola?","isPartOf":{"@id":"https:\/\/esconsultoria.es\/#website"},"primaryImageOfPage":{"@id":"https:\/\/esconsultoria.es\/es\/nacionalidad-espanola\/#primaryimage"},"image":{"@id":"https:\/\/esconsultoria.es\/es\/nacionalidad-espanola\/#primaryimage"},"thumbnailUrl":"https:\/\/esconsultoria.es\/wp-content\/uploads\/Imagem-destacada-Nacionalidad-Espanola.webp","datePublished":"2020-08-31T15:18:33+00:00","dateModified":"2022-02-20T18:29:51+00:00","description":"Tr\u00e1mites de nacionalidad espa\u00f1ola para descendientes y residentes en Espa\u00f1a. Nacionalidad para los ni\u00f1os","breadcrumb":{"@id":"https:\/\/esconsultoria.es\/es\/nacionalidad-espanola\/#breadcrumb"},"inLanguage":"es","potentialAction":[{"@type":"ReadAction","target":["https:\/\/esconsultoria.es\/es\/nacionalidad-espanola\/"]}]},{"@type":"ImageObject","inLanguage":"es","@id":"https:\/\/esconsultoria.es\/es\/nacionalidad-espanola\/#primaryimage","url":"https:\/\/esconsultoria.es\/wp-content\/uploads\/Imagem-destacada-Nacionalidad-Espanola.webp","contentUrl":"https:\/\/esconsultoria.es\/wp-content\/uploads\/Imagem-destacada-Nacionalidad-Espanola.webp"},{"@type":"BreadcrumbList","@id":"https:\/\/esconsultoria.es\/es\/nacionalidad-espanola\/#breadcrumb","itemListElement":[{"@type":"ListItem","position":1,"name":"Portada","item":"https:\/\/esconsultoria.es\/es\/"},{"@type":"ListItem","position":2,"name":"Nacionalidad Espa\u00f1ola"}]},{"@type":"WebSite","@id":"https:\/\/esconsultoria.es\/#website","url":"https:\/\/esconsultoria.es\/","name":"E S Consultoria Internacional","description":"Nacionalidade Espanhola Visto de Resid\u00eancia Espanha Cidadania","publisher":{"@id":"https:\/\/esconsultoria.es\/#organization"},"potentialAction":[{"@type":"SearchAction","target":{"@type":"EntryPoint","urlTemplate":"https:\/\/esconsultoria.es\/?s={search_term_string}"},"query-input":{"@type":"PropertyValueSpecification","valueRequired":true,"valueName":"search_term_string"}}],"inLanguage":"es"},{"@type":"Organization","@id":"https:\/\/esconsultoria.es\/#organization","name":"ES Consultoria Internacional - Nacionalidade Espanhola - Documentos na Espanha","url":"https:\/\/esconsultoria.es\/","logo":{"@type":"ImageObject","inLanguage":"es","@id":"https:\/\/esconsultoria.es\/#\/schema\/logo\/image\/","url":"https:\/\/esconsultoria.es\/wp-content\/uploads\/logo-ES-Consultoria.webp","contentUrl":"https:\/\/esconsultoria.es\/wp-content\/uploads\/logo-ES-Consultoria.webp","width":2084,"height":1076,"caption":"ES Consultoria Internacional - Nacionalidade Espanhola - Documentos na Espanha"},"image":{"@id":"https:\/\/esconsultoria.es\/#\/schema\/logo\/image\/"},"sameAs":["https:\/\/www.facebook.com\/eurosupremas","https:\/\/x.com\/eurosupremas","https:\/\/www.instagram.com\/esconsultoria","https:\/\/www.linkedin.com\/company\/euro-supremas-consulting","https:\/\/www.youtube.com\/channel\/UCDk5vZ6jRAFtLz31Zjz1uUg"]}]}},"_links":{"self":[{"href":"https:\/\/esconsultoria.es\/es\/wp-json\/wp\/v2\/pages\/2298","targetHints":{"allow":["GET"]}}],"collection":[{"href":"https:\/\/esconsultoria.es\/es\/wp-json\/wp\/v2\/pages"}],"about":[{"href":"https:\/\/esconsultoria.es\/es\/wp-json\/wp\/v2\/types\/page"}],"author":[{"embeddable":true,"href":"https:\/\/esconsultoria.es\/es\/wp-json\/wp\/v2\/users\/1"}],"replies":[{"embeddable":true,"href":"https:\/\/esconsultoria.es\/es\/wp-json\/wp\/v2\/comments?post=2298"}],"version-history":[{"count":12,"href":"https:\/\/esconsultoria.es\/es\/wp-json\/wp\/v2\/pages\/2298\/revisions"}],"predecessor-version":[{"id":2707,"href":"https:\/\/esconsultoria.es\/es\/wp-json\/wp\/v2\/pages\/2298\/revisions\/2707"}],"wp:attachment":[{"href":"https:\/\/esconsultoria.es\/es\/wp-json\/wp\/v2\/media?parent=2298"}],"curies":[{"name":"wp","href":"https:\/\/api.w.org\/{rel}","templated":true}]}}