{"id":2258,"date":"2020-09-09T16:11:37","date_gmt":"2020-09-09T14:11:37","guid":{"rendered":"https:\/\/esconsultoria.es\/herencias\/"},"modified":"2022-02-20T14:43:56","modified_gmt":"2022-02-20T13:43:56","slug":"herencias","status":"publish","type":"page","link":"https:\/\/esconsultoria.es\/es\/herencias\/","title":{"rendered":"Herencias"},"content":{"rendered":"\n<p>Nuestro departamento jur\u00eddico lleva a cabo todo el proceso de sucesi\u00f3n.<\/p>\n\n<p>Cuando se recibe una herencia de Europa, muchas veces no se sabe c\u00f3mo hacer todos los retiros para el proceso, desconocimiento de costos, impuestos, tr\u00e1mites, peritajes de bienes y herederos, etc.<\/p>\n\n<p>Podemos realizar un estudio de los bienes heredados y guiarle desde el principio hasta el final del proceso.<\/p>\n","protected":false},"excerpt":{"rendered":"<p>Nuestro departamento jur\u00eddico lleva a cabo todo el proceso de sucesi\u00f3n. Cuando se recibe una herencia de Europa, muchas veces no se sabe c\u00f3mo hacer todos los retiros para el proceso, desconocimiento de costos, impuestos, tr\u00e1mites, peritajes de bienes y herederos, etc. Podemos realizar un estudio de los bienes heredados y guiarle desde el principio &#8230; <a title=\"Herencias\" class=\"read-more\" href=\"https:\/\/esconsultoria.es\/es\/herencias\/\" aria-label=\"Leer m\u00e1s sobre Herencias\">Leer m\u00e1s<\/a><\/p>\n","protected":false},"author":1,"featured_media":0,"parent":0,"menu_order":0,"comment_status":"closed","ping_status":"closed","template":"","meta":{"content-type":"","footnotes":""},"class_list":["post-2258","page","type-page","status-publish"],"yoast_head":"<!-- This site is optimized with the Yoast SEO plugin v24.4 - https:\/\/yoast.com\/wordpress\/plugins\/seo\/ -->\n<title>Asesoramiento sobre herencias en Espa\u00f1a<\/title>\n<meta name=\"description\" content=\"E S Consultoria Internacional | Herencias |\" \/>\n<meta name=\"robots\" content=\"index, follow, max-snippet:-1, max-image-preview:large, max-video-preview:-1\" \/>\n<link rel=\"canonical\" href=\"https:\/\/esconsultoria.es\/es\/herencias\/\" \/>\n<meta property=\"og:locale\" content=\"es_ES\" \/>\n<meta property=\"og:type\" content=\"article\" \/>\n<meta property=\"og:title\" content=\"Asesoramiento sobre herencias en Espa\u00f1a\" \/>\n<meta property=\"og:description\" content=\"E S Consultoria Internacional | Herencias |\" \/>\n<meta property=\"og:url\" content=\"https:\/\/esconsultoria.es\/es\/herencias\/\" \/>\n<meta property=\"og:site_name\" content=\"E S Consultoria Internacional\" \/>\n<meta property=\"article:publisher\" content=\"https:\/\/www.facebook.com\/eurosupremas\" \/>\n<meta property=\"article:modified_time\" content=\"2022-02-20T13:43:56+00:00\" \/>\n<meta property=\"og:image\" content=\"https:\/\/esconsultoria.es\/wp-content\/uploads\/logo-en-vectores-01.png\" \/>\n\t<meta property=\"og:image:width\" content=\"2084\" \/>\n\t<meta property=\"og:image:height\" content=\"2084\" \/>\n\t<meta property=\"og:image:type\" content=\"image\/png\" \/>\n<meta name=\"twitter:card\" content=\"summary_large_image\" \/>\n<meta name=\"twitter:site\" content=\"@eurosupremas\" \/>\n<meta name=\"twitter:label1\" content=\"Tiempo de lectura\" \/>\n\t<meta name=\"twitter:data1\" content=\"1 minuto\" \/>\n<script type=\"application\/ld+json\" class=\"yoast-schema-graph\">{\"@context\":\"https:\/\/schema.org\",\"@graph\":[{\"@type\":\"WebPage\",\"@id\":\"https:\/\/esconsultoria.es\/es\/herencias\/\",\"url\":\"https:\/\/esconsultoria.es\/es\/herencias\/\",\"name\":\"Asesoramiento sobre herencias en Espa\u00f1a\",\"isPartOf\":{\"@id\":\"https:\/\/esconsultoria.es\/#website\"},\"datePublished\":\"2020-09-09T14:11:37+00:00\",\"dateModified\":\"2022-02-20T13:43:56+00:00\",\"description\":\"E S Consultoria Internacional | Herencias |\",\"breadcrumb\":{\"@id\":\"https:\/\/esconsultoria.es\/es\/herencias\/#breadcrumb\"},\"inLanguage\":\"es\",\"potentialAction\":[{\"@type\":\"ReadAction\",\"target\":[\"https:\/\/esconsultoria.es\/es\/herencias\/\"]}]},{\"@type\":\"BreadcrumbList\",\"@id\":\"https:\/\/esconsultoria.es\/es\/herencias\/#breadcrumb\",\"itemListElement\":[{\"@type\":\"ListItem\",\"position\":1,\"name\":\"Portada\",\"item\":\"https:\/\/esconsultoria.es\/es\/\"},{\"@type\":\"ListItem\",\"position\":2,\"name\":\"Herencias\"}]},{\"@type\":\"WebSite\",\"@id\":\"https:\/\/esconsultoria.es\/#website\",\"url\":\"https:\/\/esconsultoria.es\/\",\"name\":\"E S Consultoria Internacional\",\"description\":\"Nacionalidade Espanhola Visto de Resid\u00eancia Espanha Cidadania\",\"publisher\":{\"@id\":\"https:\/\/esconsultoria.es\/#organization\"},\"potentialAction\":[{\"@type\":\"SearchAction\",\"target\":{\"@type\":\"EntryPoint\",\"urlTemplate\":\"https:\/\/esconsultoria.es\/?s={search_term_string}\"},\"query-input\":{\"@type\":\"PropertyValueSpecification\",\"valueRequired\":true,\"valueName\":\"search_term_string\"}}],\"inLanguage\":\"es\"},{\"@type\":\"Organization\",\"@id\":\"https:\/\/esconsultoria.es\/#organization\",\"name\":\"ES Consultoria Internacional - Nacionalidade Espanhola - Documentos na Espanha\",\"url\":\"https:\/\/esconsultoria.es\/\",\"logo\":{\"@type\":\"ImageObject\",\"inLanguage\":\"es\",\"@id\":\"https:\/\/esconsultoria.es\/#\/schema\/logo\/image\/\",\"url\":\"https:\/\/esconsultoria.es\/wp-content\/uploads\/logo-ES-Consultoria.webp\",\"contentUrl\":\"https:\/\/esconsultoria.es\/wp-content\/uploads\/logo-ES-Consultoria.webp\",\"width\":2084,\"height\":1076,\"caption\":\"ES Consultoria Internacional - Nacionalidade Espanhola - Documentos na Espanha\"},\"image\":{\"@id\":\"https:\/\/esconsultoria.es\/#\/schema\/logo\/image\/\"},\"sameAs\":[\"https:\/\/www.facebook.com\/eurosupremas\",\"https:\/\/x.com\/eurosupremas\",\"https:\/\/www.instagram.com\/esconsultoria\",\"https:\/\/www.linkedin.com\/company\/euro-supremas-consulting\",\"https:\/\/www.youtube.com\/channel\/UCDk5vZ6jRAFtLz31Zjz1uUg\"]}]}<\/script>\n<!-- \/ Yoast SEO plugin. -->","yoast_head_json":{"title":"Asesoramiento sobre herencias en Espa\u00f1a","description":"E S Consultoria Internacional | Herencias |","robots":{"index":"index","follow":"follow","max-snippet":"max-snippet:-1","max-image-preview":"max-image-preview:large","max-video-preview":"max-video-preview:-1"},"canonical":"https:\/\/esconsultoria.es\/es\/herencias\/","og_locale":"es_ES","og_type":"article","og_title":"Asesoramiento sobre herencias en Espa\u00f1a","og_description":"E S Consultoria Internacional | Herencias |","og_url":"https:\/\/esconsultoria.es\/es\/herencias\/","og_site_name":"E S Consultoria Internacional","article_publisher":"https:\/\/www.facebook.com\/eurosupremas","article_modified_time":"2022-02-20T13:43:56+00:00","og_image":[{"width":2084,"height":2084,"url":"https:\/\/esconsultoria.es\/wp-content\/uploads\/logo-en-vectores-01.png","type":"image\/png"}],"twitter_card":"summary_large_image","twitter_site":"@eurosupremas","twitter_misc":{"Tiempo de lectura":"1 minuto"},"schema":{"@context":"https:\/\/schema.org","@graph":[{"@type":"WebPage","@id":"https:\/\/esconsultoria.es\/es\/herencias\/","url":"https:\/\/esconsultoria.es\/es\/herencias\/","name":"Asesoramiento sobre herencias en Espa\u00f1a","isPartOf":{"@id":"https:\/\/esconsultoria.es\/#website"},"datePublished":"2020-09-09T14:11:37+00:00","dateModified":"2022-02-20T13:43:56+00:00","description":"E S Consultoria Internacional | Herencias |","breadcrumb":{"@id":"https:\/\/esconsultoria.es\/es\/herencias\/#breadcrumb"},"inLanguage":"es","potentialAction":[{"@type":"ReadAction","target":["https:\/\/esconsultoria.es\/es\/herencias\/"]}]},{"@type":"BreadcrumbList","@id":"https:\/\/esconsultoria.es\/es\/herencias\/#breadcrumb","itemListElement":[{"@type":"ListItem","position":1,"name":"Portada","item":"https:\/\/esconsultoria.es\/es\/"},{"@type":"ListItem","position":2,"name":"Herencias"}]},{"@type":"WebSite","@id":"https:\/\/esconsultoria.es\/#website","url":"https:\/\/esconsultoria.es\/","name":"E S Consultoria Internacional","description":"Nacionalidade Espanhola Visto de Resid\u00eancia Espanha Cidadania","publisher":{"@id":"https:\/\/esconsultoria.es\/#organization"},"potentialAction":[{"@type":"SearchAction","target":{"@type":"EntryPoint","urlTemplate":"https:\/\/esconsultoria.es\/?s={search_term_string}"},"query-input":{"@type":"PropertyValueSpecification","valueRequired":true,"valueName":"search_term_string"}}],"inLanguage":"es"},{"@type":"Organization","@id":"https:\/\/esconsultoria.es\/#organization","name":"ES Consultoria Internacional - Nacionalidade Espanhola - Documentos na Espanha","url":"https:\/\/esconsultoria.es\/","logo":{"@type":"ImageObject","inLanguage":"es","@id":"https:\/\/esconsultoria.es\/#\/schema\/logo\/image\/","url":"https:\/\/esconsultoria.es\/wp-content\/uploads\/logo-ES-Consultoria.webp","contentUrl":"https:\/\/esconsultoria.es\/wp-content\/uploads\/logo-ES-Consultoria.webp","width":2084,"height":1076,"caption":"ES Consultoria Internacional - Nacionalidade Espanhola - Documentos na Espanha"},"image":{"@id":"https:\/\/esconsultoria.es\/#\/schema\/logo\/image\/"},"sameAs":["https:\/\/www.facebook.com\/eurosupremas","https:\/\/x.com\/eurosupremas","https:\/\/www.instagram.com\/esconsultoria","https:\/\/www.linkedin.com\/company\/euro-supremas-consulting","https:\/\/www.youtube.com\/channel\/UCDk5vZ6jRAFtLz31Zjz1uUg"]}]}},"_links":{"self":[{"href":"https:\/\/esconsultoria.es\/es\/wp-json\/wp\/v2\/pages\/2258","targetHints":{"allow":["GET"]}}],"collection":[{"href":"https:\/\/esconsultoria.es\/es\/wp-json\/wp\/v2\/pages"}],"about":[{"href":"https:\/\/esconsultoria.es\/es\/wp-json\/wp\/v2\/types\/page"}],"author":[{"embeddable":true,"href":"https:\/\/esconsultoria.es\/es\/wp-json\/wp\/v2\/users\/1"}],"replies":[{"embeddable":true,"href":"https:\/\/esconsultoria.es\/es\/wp-json\/wp\/v2\/comments?post=2258"}],"version-history":[{"count":4,"href":"https:\/\/esconsultoria.es\/es\/wp-json\/wp\/v2\/pages\/2258\/revisions"}],"predecessor-version":[{"id":2262,"href":"https:\/\/esconsultoria.es\/es\/wp-json\/wp\/v2\/pages\/2258\/revisions\/2262"}],"wp:attachment":[{"href":"https:\/\/esconsultoria.es\/es\/wp-json\/wp\/v2\/media?parent=2258"}],"curies":[{"name":"wp","href":"https:\/\/api.w.org\/{rel}","templated":true}]}}