{"id":2249,"date":"2020-09-19T20:36:58","date_gmt":"2020-09-19T18:36:58","guid":{"rendered":"https:\/\/esconsultoria.es\/golden-visa-portugal\/"},"modified":"2022-02-20T14:40:41","modified_gmt":"2022-02-20T13:40:41","slug":"golden-visa-portugal","status":"publish","type":"page","link":"https:\/\/esconsultoria.es\/es\/golden-visa-portugal\/","title":{"rendered":"Golden Visa &#8211; Portugal"},"content":{"rendered":"\t\t<div data-elementor-type=\"wp-page\" data-elementor-id=\"2249\" class=\"elementor elementor-2249\" data-elementor-post-type=\"page\">\n\t\t\t\t\t\t<section class=\"elementor-section elementor-top-section elementor-element elementor-element-cd05d1d elementor-section-boxed elementor-section-height-default elementor-section-height-default\" data-id=\"cd05d1d\" data-element_type=\"section\">\n\t\t\t\t\t\t<div class=\"elementor-container elementor-column-gap-default\">\n\t\t\t\t\t<div class=\"elementor-column elementor-col-100 elementor-top-column elementor-element elementor-element-381d2b1\" data-id=\"381d2b1\" data-element_type=\"column\">\n\t\t\t<div class=\"elementor-widget-wrap elementor-element-populated\">\n\t\t\t\t\t\t<div class=\"elementor-element elementor-element-8e95ed4 elementor-widget elementor-widget-heading\" data-id=\"8e95ed4\" data-element_type=\"widget\" data-widget_type=\"heading.default\">\n\t\t\t\t<div class=\"elementor-widget-container\">\n\t\t\t\t\t<h2 class=\"elementor-heading-title elementor-size-default\">Golden Visa - Portugal<\/h2>\t\t\t\t<\/div>\n\t\t\t\t<\/div>\n\t\t\t\t\t<\/div>\n\t\t<\/div>\n\t\t\t\t\t<\/div>\n\t\t<\/section>\n\t\t\t\t<section class=\"elementor-section elementor-top-section elementor-element elementor-element-2c6421f0 elementor-section-boxed elementor-section-height-default elementor-section-height-default\" data-id=\"2c6421f0\" data-element_type=\"section\">\n\t\t\t\t\t\t<div class=\"elementor-container elementor-column-gap-default\">\n\t\t\t\t\t<div class=\"elementor-column elementor-col-100 elementor-top-column elementor-element elementor-element-6f3fe406\" data-id=\"6f3fe406\" data-element_type=\"column\">\n\t\t\t<div class=\"elementor-widget-wrap elementor-element-populated\">\n\t\t\t\t\t\t<div class=\"elementor-element elementor-element-7d6b16a8 elementor-widget elementor-widget-text-editor\" data-id=\"7d6b16a8\" data-element_type=\"widget\" data-widget_type=\"text-editor.default\">\n\t\t\t\t<div class=\"elementor-widget-container\">\n\t\t\t\t\t\t\t\t\t<p><\/p>\n<p>La ley existe y es para todos. No hay manera m\u00e1s r\u00e1pida. Portugal es un pa\u00eds que acoge a la gente, he dicho Portugal.&nbsp;Los portugueses primero dicen no y luego dicen s\u00ed:\r<br>\nGolden Visa o ARI (el permiso de <b>residencia por actividad inversora<\/b>) Dentro del art\u00edculo 90, que dice: los ciudadanos de terceros estados que ejerzan una inversi\u00f3n, personalmente o a trav\u00e9s de una empresa, que acredite la inversi\u00f3n en territorio nacional durante un periodo m\u00ednimo de cinco a\u00f1os.\r<br>\nTenemos 7 subapartados:<\/p><p><span style=\"color: var( --e-global-color-text ); font-family: var( --e-global-typography-text-font-family ), Sans-serif;\">&#8211; Transferencia de \u2265 1M\u20ac- creaci\u00f3n de 10 puestos de trabajo para ciudadanos portugueses- adquisici\u00f3n de un inmueble \u2265 500K\u20ac- adquirir un inmueble con m\u00e1s de 30 a\u00f1os de antig\u00fcedad, situado en un \u00e1rea de rehabilitaci\u00f3n urbana y que necesite obras por un importe \u2265 350K\u20ac<\/span><\/p><p><span style=\"color: var( --e-global-color-text ); font-family: var( --e-global-typography-text-font-family ), Sans-serif;\">&#8211; Transferencia de 250K\u20ac para actividades de producci\u00f3n art\u00edstica de car\u00e1cter cultural en fundaciones p\u00fablicas o privadas a favor de la recuperaci\u00f3n o mantenimiento del patrimonio cultural nacional.&nbsp;<\/span><\/p><p>\n-Transferencia \u2265 350K\u20ac como inversi\u00f3n para la actividad cient\u00edfica en instituciones p\u00fablicas o privadas, que formen parte del sistema cient\u00edfico y tecnol\u00f3gico portugu\u00e9s.-Transferencia \u2265 350K\u20ac en adquisici\u00f3n de fondos de inversi\u00f3n o fondos de capital riesgo enfocados a la capitalizaci\u00f3n de empresas, cuyo vencimiento es de cinco a\u00f1os, y el 6\u00ba% de esta cantidad se materializa en empresas comerciales con sede en Portugal.\r<\/p><p><br>\n\u00bfCu\u00e1les son las ventajas de la<b> Golden Visa<\/b>?\r<br><br><\/p><p>\n&#8211; Entrar en Portugal sin necesidad de visado de residencia;- Vivir y trabajar en Portugal, debiendo, como m\u00ednimo, permanecer en Portugal durante un periodo no inferior a 7 d\u00edas en el primer a\u00f1o y no inferior a 14 d\u00edas en los a\u00f1os siguientes;- Circular por el espacio Schengen, sin necesidad de visado;- Permite la Reagrupaci\u00f3n Familiar, es decir, en cuanto se concede el ARI al inversor, \u00e9ste puede solicitarlo.&nbsp;<\/p><p>\u00bfQui\u00e9n puede beneficiarse de la Reagrupaci\u00f3n Familiar?<\/p><p>1. C\u00f3nyuge<\/p><p>2. Hijos menores a cargo de la pareja<\/p><p>3. Ni\u00f1os adoptados (con decisi\u00f3n en el pa\u00eds de origen)<\/p><p>4. Hijos solteros mayores de edad a cargo de la pareja que est\u00e9n debidamente matriculados en un centro de ense\u00f1anza<\/p><p>5. Ascendientes de primer grado bajo la custodia de uno de los c\u00f3nyuges<\/p><p>6. Hermanos menores de edad bajo la custodia de uno de los c\u00f3nyuges con resoluci\u00f3n dictada en el pa\u00eds de origen<\/p><p>&#8211; Solicitar la concesi\u00f3n de Autorizaci\u00f3n de Residencia Permanente en los t\u00e9rminos de la Ley de Extranjer\u00eda (Ley n.\u00ba23\/2007, de 4 de julio, con la redacci\u00f3n actual);<\/p><p>&#8211; Solicitar la adquisici\u00f3n de la Nacionalidad Portuguesa, por naturalizaci\u00f3n, cumpliendo todos los dem\u00e1s requisitos exigidos por la Ley de Nacionalidad\r<br>\nTambi\u00e9n cabe mencionar que todos estos valores caen un 20% si la inversi\u00f3n se realiza en una zona NUTS III.<\/p>\n<p><\/p>\n<p>\u00bfQu\u00e9 es <b>NUTS III<\/b>?\r<br>\nEs una nomenclatura para una unidad territorial con fines estad\u00edsticos otorgada por el Parlamento Europeo para definir los umbrales demogr\u00e1ficos.NUTS III se utiliza para las regiones con menos de 100 habitantes por km\u00b2 o con un PIB per c\u00e1pita inferior al 75% de la media nacional.<\/p>\n<p><\/p>\t\t\t\t\t\t\t\t<\/div>\n\t\t\t\t<\/div>\n\t\t\t\t\t<\/div>\n\t\t<\/div>\n\t\t\t\t\t<\/div>\n\t\t<\/section>\n\t\t\t\t<\/div>\n\t\t","protected":false},"excerpt":{"rendered":"<p>Golden Visa &#8211; Portugal La ley existe y es para todos. No hay manera m\u00e1s r\u00e1pida. Portugal es un pa\u00eds que acoge a la gente, he dicho Portugal.&nbsp;Los portugueses primero dicen no y luego dicen s\u00ed: Golden Visa o ARI (el permiso de residencia por actividad inversora) Dentro del art\u00edculo 90, que dice: los ciudadanos &#8230; <a title=\"Golden Visa &#8211; Portugal\" class=\"read-more\" href=\"https:\/\/esconsultoria.es\/es\/golden-visa-portugal\/\" aria-label=\"Leer m\u00e1s sobre Golden Visa &#8211; Portugal\">Leer m\u00e1s<\/a><\/p>\n","protected":false},"author":1,"featured_media":0,"parent":0,"menu_order":0,"comment_status":"closed","ping_status":"closed","template":"","meta":{"content-type":"","footnotes":""},"class_list":["post-2249","page","type-page","status-publish"],"yoast_head":"<!-- This site is optimized with the Yoast SEO plugin v24.4 - https:\/\/yoast.com\/wordpress\/plugins\/seo\/ -->\n<title>Visto Golden Visa en Portugal<\/title>\n<meta name=\"description\" content=\"E S Consultoria Internacional | Golden Visa - Portugal |\" \/>\n<meta name=\"robots\" content=\"index, follow, max-snippet:-1, max-image-preview:large, max-video-preview:-1\" \/>\n<link rel=\"canonical\" href=\"https:\/\/esconsultoria.es\/es\/golden-visa-portugal\/\" \/>\n<meta property=\"og:locale\" content=\"es_ES\" \/>\n<meta property=\"og:type\" content=\"article\" \/>\n<meta property=\"og:title\" content=\"Visto Golden Visa en Portugal\" \/>\n<meta property=\"og:description\" content=\"E S Consultoria Internacional | Golden Visa - Portugal |\" \/>\n<meta property=\"og:url\" content=\"https:\/\/esconsultoria.es\/es\/golden-visa-portugal\/\" \/>\n<meta property=\"og:site_name\" content=\"E S Consultoria Internacional\" \/>\n<meta property=\"article:publisher\" content=\"https:\/\/www.facebook.com\/eurosupremas\" \/>\n<meta property=\"article:modified_time\" content=\"2022-02-20T13:40:41+00:00\" \/>\n<meta property=\"og:image\" content=\"https:\/\/esconsultoria.es\/wp-content\/uploads\/logo-en-vectores-01.png\" \/>\n\t<meta property=\"og:image:width\" content=\"2084\" \/>\n\t<meta property=\"og:image:height\" content=\"2084\" \/>\n\t<meta property=\"og:image:type\" content=\"image\/png\" \/>\n<meta name=\"twitter:card\" content=\"summary_large_image\" \/>\n<meta name=\"twitter:site\" content=\"@eurosupremas\" \/>\n<meta name=\"twitter:label1\" content=\"Tiempo de lectura\" \/>\n\t<meta name=\"twitter:data1\" content=\"3 minutos\" \/>\n<script type=\"application\/ld+json\" class=\"yoast-schema-graph\">{\"@context\":\"https:\/\/schema.org\",\"@graph\":[{\"@type\":\"WebPage\",\"@id\":\"https:\/\/esconsultoria.es\/es\/golden-visa-portugal\/\",\"url\":\"https:\/\/esconsultoria.es\/es\/golden-visa-portugal\/\",\"name\":\"Visto Golden Visa en Portugal\",\"isPartOf\":{\"@id\":\"https:\/\/esconsultoria.es\/#website\"},\"datePublished\":\"2020-09-19T18:36:58+00:00\",\"dateModified\":\"2022-02-20T13:40:41+00:00\",\"description\":\"E S Consultoria Internacional | Golden Visa - Portugal |\",\"breadcrumb\":{\"@id\":\"https:\/\/esconsultoria.es\/es\/golden-visa-portugal\/#breadcrumb\"},\"inLanguage\":\"es\",\"potentialAction\":[{\"@type\":\"ReadAction\",\"target\":[\"https:\/\/esconsultoria.es\/es\/golden-visa-portugal\/\"]}]},{\"@type\":\"BreadcrumbList\",\"@id\":\"https:\/\/esconsultoria.es\/es\/golden-visa-portugal\/#breadcrumb\",\"itemListElement\":[{\"@type\":\"ListItem\",\"position\":1,\"name\":\"Portada\",\"item\":\"https:\/\/esconsultoria.es\/es\/\"},{\"@type\":\"ListItem\",\"position\":2,\"name\":\"Golden Visa &#8211; Portugal\"}]},{\"@type\":\"WebSite\",\"@id\":\"https:\/\/esconsultoria.es\/#website\",\"url\":\"https:\/\/esconsultoria.es\/\",\"name\":\"E S Consultoria Internacional\",\"description\":\"Nacionalidade Espanhola Visto de Resid\u00eancia Espanha Cidadania\",\"publisher\":{\"@id\":\"https:\/\/esconsultoria.es\/#organization\"},\"potentialAction\":[{\"@type\":\"SearchAction\",\"target\":{\"@type\":\"EntryPoint\",\"urlTemplate\":\"https:\/\/esconsultoria.es\/?s={search_term_string}\"},\"query-input\":{\"@type\":\"PropertyValueSpecification\",\"valueRequired\":true,\"valueName\":\"search_term_string\"}}],\"inLanguage\":\"es\"},{\"@type\":\"Organization\",\"@id\":\"https:\/\/esconsultoria.es\/#organization\",\"name\":\"ES Consultoria Internacional - Nacionalidade Espanhola - Documentos na Espanha\",\"url\":\"https:\/\/esconsultoria.es\/\",\"logo\":{\"@type\":\"ImageObject\",\"inLanguage\":\"es\",\"@id\":\"https:\/\/esconsultoria.es\/#\/schema\/logo\/image\/\",\"url\":\"https:\/\/esconsultoria.es\/wp-content\/uploads\/logo-ES-Consultoria.webp\",\"contentUrl\":\"https:\/\/esconsultoria.es\/wp-content\/uploads\/logo-ES-Consultoria.webp\",\"width\":2084,\"height\":1076,\"caption\":\"ES Consultoria Internacional - Nacionalidade Espanhola - Documentos na Espanha\"},\"image\":{\"@id\":\"https:\/\/esconsultoria.es\/#\/schema\/logo\/image\/\"},\"sameAs\":[\"https:\/\/www.facebook.com\/eurosupremas\",\"https:\/\/x.com\/eurosupremas\",\"https:\/\/www.instagram.com\/esconsultoria\",\"https:\/\/www.linkedin.com\/company\/euro-supremas-consulting\",\"https:\/\/www.youtube.com\/channel\/UCDk5vZ6jRAFtLz31Zjz1uUg\"]}]}<\/script>\n<!-- \/ Yoast SEO plugin. -->","yoast_head_json":{"title":"Visto Golden Visa en Portugal","description":"E S Consultoria Internacional | Golden Visa - Portugal |","robots":{"index":"index","follow":"follow","max-snippet":"max-snippet:-1","max-image-preview":"max-image-preview:large","max-video-preview":"max-video-preview:-1"},"canonical":"https:\/\/esconsultoria.es\/es\/golden-visa-portugal\/","og_locale":"es_ES","og_type":"article","og_title":"Visto Golden Visa en Portugal","og_description":"E S Consultoria Internacional | Golden Visa - Portugal |","og_url":"https:\/\/esconsultoria.es\/es\/golden-visa-portugal\/","og_site_name":"E S Consultoria Internacional","article_publisher":"https:\/\/www.facebook.com\/eurosupremas","article_modified_time":"2022-02-20T13:40:41+00:00","og_image":[{"width":2084,"height":2084,"url":"https:\/\/esconsultoria.es\/wp-content\/uploads\/logo-en-vectores-01.png","type":"image\/png"}],"twitter_card":"summary_large_image","twitter_site":"@eurosupremas","twitter_misc":{"Tiempo de lectura":"3 minutos"},"schema":{"@context":"https:\/\/schema.org","@graph":[{"@type":"WebPage","@id":"https:\/\/esconsultoria.es\/es\/golden-visa-portugal\/","url":"https:\/\/esconsultoria.es\/es\/golden-visa-portugal\/","name":"Visto Golden Visa en Portugal","isPartOf":{"@id":"https:\/\/esconsultoria.es\/#website"},"datePublished":"2020-09-19T18:36:58+00:00","dateModified":"2022-02-20T13:40:41+00:00","description":"E S Consultoria Internacional | Golden Visa - Portugal |","breadcrumb":{"@id":"https:\/\/esconsultoria.es\/es\/golden-visa-portugal\/#breadcrumb"},"inLanguage":"es","potentialAction":[{"@type":"ReadAction","target":["https:\/\/esconsultoria.es\/es\/golden-visa-portugal\/"]}]},{"@type":"BreadcrumbList","@id":"https:\/\/esconsultoria.es\/es\/golden-visa-portugal\/#breadcrumb","itemListElement":[{"@type":"ListItem","position":1,"name":"Portada","item":"https:\/\/esconsultoria.es\/es\/"},{"@type":"ListItem","position":2,"name":"Golden Visa &#8211; Portugal"}]},{"@type":"WebSite","@id":"https:\/\/esconsultoria.es\/#website","url":"https:\/\/esconsultoria.es\/","name":"E S Consultoria Internacional","description":"Nacionalidade Espanhola Visto de Resid\u00eancia Espanha Cidadania","publisher":{"@id":"https:\/\/esconsultoria.es\/#organization"},"potentialAction":[{"@type":"SearchAction","target":{"@type":"EntryPoint","urlTemplate":"https:\/\/esconsultoria.es\/?s={search_term_string}"},"query-input":{"@type":"PropertyValueSpecification","valueRequired":true,"valueName":"search_term_string"}}],"inLanguage":"es"},{"@type":"Organization","@id":"https:\/\/esconsultoria.es\/#organization","name":"ES Consultoria Internacional - Nacionalidade Espanhola - Documentos na Espanha","url":"https:\/\/esconsultoria.es\/","logo":{"@type":"ImageObject","inLanguage":"es","@id":"https:\/\/esconsultoria.es\/#\/schema\/logo\/image\/","url":"https:\/\/esconsultoria.es\/wp-content\/uploads\/logo-ES-Consultoria.webp","contentUrl":"https:\/\/esconsultoria.es\/wp-content\/uploads\/logo-ES-Consultoria.webp","width":2084,"height":1076,"caption":"ES Consultoria Internacional - Nacionalidade Espanhola - Documentos na Espanha"},"image":{"@id":"https:\/\/esconsultoria.es\/#\/schema\/logo\/image\/"},"sameAs":["https:\/\/www.facebook.com\/eurosupremas","https:\/\/x.com\/eurosupremas","https:\/\/www.instagram.com\/esconsultoria","https:\/\/www.linkedin.com\/company\/euro-supremas-consulting","https:\/\/www.youtube.com\/channel\/UCDk5vZ6jRAFtLz31Zjz1uUg"]}]}},"_links":{"self":[{"href":"https:\/\/esconsultoria.es\/es\/wp-json\/wp\/v2\/pages\/2249","targetHints":{"allow":["GET"]}}],"collection":[{"href":"https:\/\/esconsultoria.es\/es\/wp-json\/wp\/v2\/pages"}],"about":[{"href":"https:\/\/esconsultoria.es\/es\/wp-json\/wp\/v2\/types\/page"}],"author":[{"embeddable":true,"href":"https:\/\/esconsultoria.es\/es\/wp-json\/wp\/v2\/users\/1"}],"replies":[{"embeddable":true,"href":"https:\/\/esconsultoria.es\/es\/wp-json\/wp\/v2\/comments?post=2249"}],"version-history":[{"count":11,"href":"https:\/\/esconsultoria.es\/es\/wp-json\/wp\/v2\/pages\/2249\/revisions"}],"predecessor-version":[{"id":2416,"href":"https:\/\/esconsultoria.es\/es\/wp-json\/wp\/v2\/pages\/2249\/revisions\/2416"}],"wp:attachment":[{"href":"https:\/\/esconsultoria.es\/es\/wp-json\/wp\/v2\/media?parent=2249"}],"curies":[{"name":"wp","href":"https:\/\/api.w.org\/{rel}","templated":true}]}}