{"id":2227,"date":"2020-09-19T20:35:30","date_gmt":"2020-09-19T18:35:30","guid":{"rendered":"https:\/\/esconsultoria.es\/golden-visa-espana\/"},"modified":"2022-02-20T14:40:34","modified_gmt":"2022-02-20T13:40:34","slug":"golden-visa-espana","status":"publish","type":"page","link":"https:\/\/esconsultoria.es\/es\/golden-visa-espana\/","title":{"rendered":"Golden Visa &#8211; Espa\u00f1a"},"content":{"rendered":"\t\t<div data-elementor-type=\"wp-page\" data-elementor-id=\"2227\" class=\"elementor elementor-2227\" data-elementor-post-type=\"page\">\n\t\t\t\t\t\t<section class=\"elementor-section elementor-top-section elementor-element elementor-element-3c4bc99 elementor-section-boxed elementor-section-height-default elementor-section-height-default\" data-id=\"3c4bc99\" data-element_type=\"section\">\n\t\t\t\t\t\t<div class=\"elementor-container elementor-column-gap-default\">\n\t\t\t\t\t<div class=\"elementor-column elementor-col-100 elementor-top-column elementor-element elementor-element-3c258a9\" data-id=\"3c258a9\" data-element_type=\"column\">\n\t\t\t<div class=\"elementor-widget-wrap elementor-element-populated\">\n\t\t\t\t\t\t<div class=\"elementor-element elementor-element-2b103ba elementor-widget elementor-widget-heading\" data-id=\"2b103ba\" data-element_type=\"widget\" data-widget_type=\"heading.default\">\n\t\t\t\t<div class=\"elementor-widget-container\">\n\t\t\t\t\t<h2 class=\"elementor-heading-title elementor-size-default\">Golden Visa - Espa\u00f1a<\/h2>\t\t\t\t<\/div>\n\t\t\t\t<\/div>\n\t\t\t\t\t<\/div>\n\t\t<\/div>\n\t\t\t\t\t<\/div>\n\t\t<\/section>\n\t\t\t\t<section class=\"elementor-section elementor-top-section elementor-element elementor-element-a5cf4f9 elementor-section-boxed elementor-section-height-default elementor-section-height-default\" data-id=\"a5cf4f9\" data-element_type=\"section\">\n\t\t\t\t\t\t<div class=\"elementor-container elementor-column-gap-default\">\n\t\t\t\t\t<div class=\"elementor-column elementor-col-100 elementor-top-column elementor-element elementor-element-37a848c6\" data-id=\"37a848c6\" data-element_type=\"column\">\n\t\t\t<div class=\"elementor-widget-wrap elementor-element-populated\">\n\t\t\t\t\t\t<div class=\"elementor-element elementor-element-634508b4 elementor-widget elementor-widget-text-editor\" data-id=\"634508b4\" data-element_type=\"widget\" data-widget_type=\"text-editor.default\">\n\t\t\t\t<div class=\"elementor-widget-container\">\n\t\t\t\t\t\t\t\t\t<p>Con la Ley de Emprendedores, que entr\u00f3 en vigor en septiembre de 2013, la legislaci\u00f3n espa\u00f1ola comenz\u00f3 a reconocer el \u00abvisado de oro\u00bb (Visa) para los extranjeros no comunitarios, otorg\u00e1ndoles un permiso de residencia y trabajo, no s\u00f3lo para el titular inversor, sino tambi\u00e9n para toda la familia (c\u00f3nyuge o pareja de hecho, hijos y ascendientes a cargo).&nbsp;<\/p>\n<p>Esta Ley prev\u00e9 la concesi\u00f3n de un visado de residencia y trabajo, mediante un procedimiento especial, para los extranjeros que realicen una inversi\u00f3n monetaria significativa en Espa\u00f1a, consider\u00e1ndose as\u00ed cualquiera de las siguientes inversiones iniciales:- Dos millones de euros en deuda p\u00fablica espa\u00f1ola;- Un mill\u00f3n en acciones o participaciones en sociedades de capital;- Un mill\u00f3n en fondos de inversi\u00f3n;- Un mill\u00f3n de euros en dep\u00f3sitos bancarios;- Quinientos mil euros en bienes inmuebles situados en territorio espa\u00f1ol.<\/p>\n<p>La Ley de Emprendedores tambi\u00e9n prev\u00e9 la posibilidad de conceder un visado de trabajo a los emprendedores extranjeros que presenten un proyecto empresarial en Espa\u00f1a que se considere de \u00abinter\u00e9s general\u00bb. Se tendr\u00e1n en cuenta los proyectos empresariales que generen empleo, que tengan un impacto econ\u00f3mico significativo en la regi\u00f3n geogr\u00e1fica en la que se desarrollen o que aporten una innovaci\u00f3n cient\u00edfica o tecnol\u00f3gica relevante para el pa\u00eds.<\/p>\n<p>En ambos procesos se exigir\u00e1 la presentaci\u00f3n de un Proyecto de Empresa, que deber\u00e1 ser aprobado por la Oficina Econ\u00f3mica y Comercial de Espa\u00f1a, en el caso de grandes inversores, o por la Subdelegaci\u00f3n del Gobierno de la Comunidad Aut\u00f3noma en la que se vaya a desarrollar la actividad econ\u00f3mica, en el caso del permiso de residencia y trabajo para aut\u00f3nomos.<\/p>\n<p>ES Consultor\u00eda ofrece un servicio integral de asistencia jur\u00eddica para la obtenci\u00f3n de un visado para inversores inmobiliarios en Espa\u00f1a, con un importante know how que incluye la legalizaci\u00f3n y traducci\u00f3n jurada de los documentos necesarios, la elaboraci\u00f3n de un Plan de Negocio, los contactos con las agencias inmobiliarias, el agente de seguros de salud, la apertura de una cuenta bancaria y todas las herramientas necesarias para la obtenci\u00f3n del visado de inversor de forma r\u00e1pida y c\u00f3moda.<\/p>\t\t\t\t\t\t\t\t<\/div>\n\t\t\t\t<\/div>\n\t\t\t\t\t<\/div>\n\t\t<\/div>\n\t\t\t\t\t<\/div>\n\t\t<\/section>\n\t\t\t\t<\/div>\n\t\t","protected":false},"excerpt":{"rendered":"<p>Golden Visa &#8211; Espa\u00f1a Con la Ley de Emprendedores, que entr\u00f3 en vigor en septiembre de 2013, la legislaci\u00f3n espa\u00f1ola comenz\u00f3 a reconocer el \u00abvisado de oro\u00bb (Visa) para los extranjeros no comunitarios, otorg\u00e1ndoles un permiso de residencia y trabajo, no s\u00f3lo para el titular inversor, sino tambi\u00e9n para toda la familia (c\u00f3nyuge o pareja &#8230; <a title=\"Golden Visa &#8211; Espa\u00f1a\" class=\"read-more\" href=\"https:\/\/esconsultoria.es\/es\/golden-visa-espana\/\" aria-label=\"Leer m\u00e1s sobre Golden Visa &#8211; Espa\u00f1a\">Leer m\u00e1s<\/a><\/p>\n","protected":false},"author":1,"featured_media":0,"parent":0,"menu_order":0,"comment_status":"closed","ping_status":"closed","template":"","meta":{"content-type":"","footnotes":""},"class_list":["post-2227","page","type-page","status-publish"],"yoast_head":"<!-- This site is optimized with the Yoast SEO plugin v24.4 - https:\/\/yoast.com\/wordpress\/plugins\/seo\/ -->\n<title>Visto Golden Visa en Espa\u00f1a<\/title>\n<meta name=\"description\" content=\"E S Consultoria Internacional | Golden Visa - Espa\u00f1a |\" \/>\n<meta name=\"robots\" content=\"index, follow, max-snippet:-1, max-image-preview:large, max-video-preview:-1\" \/>\n<link rel=\"canonical\" href=\"https:\/\/esconsultoria.es\/es\/golden-visa-espana\/\" \/>\n<meta property=\"og:locale\" content=\"es_ES\" \/>\n<meta property=\"og:type\" content=\"article\" \/>\n<meta property=\"og:title\" content=\"Visto Golden Visa en Espa\u00f1a\" \/>\n<meta property=\"og:description\" content=\"E S Consultoria Internacional | Golden Visa - Espa\u00f1a |\" \/>\n<meta property=\"og:url\" content=\"https:\/\/esconsultoria.es\/es\/golden-visa-espana\/\" \/>\n<meta property=\"og:site_name\" content=\"E S Consultoria Internacional\" \/>\n<meta property=\"article:publisher\" content=\"https:\/\/www.facebook.com\/eurosupremas\" \/>\n<meta property=\"article:modified_time\" content=\"2022-02-20T13:40:34+00:00\" \/>\n<meta property=\"og:image\" content=\"https:\/\/esconsultoria.es\/wp-content\/uploads\/logo-en-vectores-01.png\" \/>\n\t<meta property=\"og:image:width\" content=\"2084\" \/>\n\t<meta property=\"og:image:height\" content=\"2084\" \/>\n\t<meta property=\"og:image:type\" content=\"image\/png\" \/>\n<meta name=\"twitter:card\" content=\"summary_large_image\" \/>\n<meta name=\"twitter:site\" content=\"@eurosupremas\" \/>\n<meta name=\"twitter:label1\" content=\"Tiempo de lectura\" \/>\n\t<meta name=\"twitter:data1\" content=\"2 minutos\" \/>\n<script type=\"application\/ld+json\" class=\"yoast-schema-graph\">{\"@context\":\"https:\/\/schema.org\",\"@graph\":[{\"@type\":\"WebPage\",\"@id\":\"https:\/\/esconsultoria.es\/es\/golden-visa-espana\/\",\"url\":\"https:\/\/esconsultoria.es\/es\/golden-visa-espana\/\",\"name\":\"Visto Golden Visa en Espa\u00f1a\",\"isPartOf\":{\"@id\":\"https:\/\/esconsultoria.es\/#website\"},\"datePublished\":\"2020-09-19T18:35:30+00:00\",\"dateModified\":\"2022-02-20T13:40:34+00:00\",\"description\":\"E S Consultoria Internacional | Golden Visa - Espa\u00f1a |\",\"breadcrumb\":{\"@id\":\"https:\/\/esconsultoria.es\/es\/golden-visa-espana\/#breadcrumb\"},\"inLanguage\":\"es\",\"potentialAction\":[{\"@type\":\"ReadAction\",\"target\":[\"https:\/\/esconsultoria.es\/es\/golden-visa-espana\/\"]}]},{\"@type\":\"BreadcrumbList\",\"@id\":\"https:\/\/esconsultoria.es\/es\/golden-visa-espana\/#breadcrumb\",\"itemListElement\":[{\"@type\":\"ListItem\",\"position\":1,\"name\":\"Portada\",\"item\":\"https:\/\/esconsultoria.es\/es\/\"},{\"@type\":\"ListItem\",\"position\":2,\"name\":\"Golden Visa &#8211; Espa\u00f1a\"}]},{\"@type\":\"WebSite\",\"@id\":\"https:\/\/esconsultoria.es\/#website\",\"url\":\"https:\/\/esconsultoria.es\/\",\"name\":\"E S Consultoria Internacional\",\"description\":\"Nacionalidade Espanhola Visto de Resid\u00eancia Espanha Cidadania\",\"publisher\":{\"@id\":\"https:\/\/esconsultoria.es\/#organization\"},\"potentialAction\":[{\"@type\":\"SearchAction\",\"target\":{\"@type\":\"EntryPoint\",\"urlTemplate\":\"https:\/\/esconsultoria.es\/?s={search_term_string}\"},\"query-input\":{\"@type\":\"PropertyValueSpecification\",\"valueRequired\":true,\"valueName\":\"search_term_string\"}}],\"inLanguage\":\"es\"},{\"@type\":\"Organization\",\"@id\":\"https:\/\/esconsultoria.es\/#organization\",\"name\":\"ES Consultoria Internacional - Nacionalidade Espanhola - Documentos na Espanha\",\"url\":\"https:\/\/esconsultoria.es\/\",\"logo\":{\"@type\":\"ImageObject\",\"inLanguage\":\"es\",\"@id\":\"https:\/\/esconsultoria.es\/#\/schema\/logo\/image\/\",\"url\":\"https:\/\/esconsultoria.es\/wp-content\/uploads\/logo-ES-Consultoria.webp\",\"contentUrl\":\"https:\/\/esconsultoria.es\/wp-content\/uploads\/logo-ES-Consultoria.webp\",\"width\":2084,\"height\":1076,\"caption\":\"ES Consultoria Internacional - Nacionalidade Espanhola - Documentos na Espanha\"},\"image\":{\"@id\":\"https:\/\/esconsultoria.es\/#\/schema\/logo\/image\/\"},\"sameAs\":[\"https:\/\/www.facebook.com\/eurosupremas\",\"https:\/\/x.com\/eurosupremas\",\"https:\/\/www.instagram.com\/esconsultoria\",\"https:\/\/www.linkedin.com\/company\/euro-supremas-consulting\",\"https:\/\/www.youtube.com\/channel\/UCDk5vZ6jRAFtLz31Zjz1uUg\"]}]}<\/script>\n<!-- \/ Yoast SEO plugin. -->","yoast_head_json":{"title":"Visto Golden Visa en Espa\u00f1a","description":"E S Consultoria Internacional | Golden Visa - Espa\u00f1a |","robots":{"index":"index","follow":"follow","max-snippet":"max-snippet:-1","max-image-preview":"max-image-preview:large","max-video-preview":"max-video-preview:-1"},"canonical":"https:\/\/esconsultoria.es\/es\/golden-visa-espana\/","og_locale":"es_ES","og_type":"article","og_title":"Visto Golden Visa en Espa\u00f1a","og_description":"E S Consultoria Internacional | Golden Visa - Espa\u00f1a |","og_url":"https:\/\/esconsultoria.es\/es\/golden-visa-espana\/","og_site_name":"E S Consultoria Internacional","article_publisher":"https:\/\/www.facebook.com\/eurosupremas","article_modified_time":"2022-02-20T13:40:34+00:00","og_image":[{"width":2084,"height":2084,"url":"https:\/\/esconsultoria.es\/wp-content\/uploads\/logo-en-vectores-01.png","type":"image\/png"}],"twitter_card":"summary_large_image","twitter_site":"@eurosupremas","twitter_misc":{"Tiempo de lectura":"2 minutos"},"schema":{"@context":"https:\/\/schema.org","@graph":[{"@type":"WebPage","@id":"https:\/\/esconsultoria.es\/es\/golden-visa-espana\/","url":"https:\/\/esconsultoria.es\/es\/golden-visa-espana\/","name":"Visto Golden Visa en Espa\u00f1a","isPartOf":{"@id":"https:\/\/esconsultoria.es\/#website"},"datePublished":"2020-09-19T18:35:30+00:00","dateModified":"2022-02-20T13:40:34+00:00","description":"E S Consultoria Internacional | Golden Visa - Espa\u00f1a |","breadcrumb":{"@id":"https:\/\/esconsultoria.es\/es\/golden-visa-espana\/#breadcrumb"},"inLanguage":"es","potentialAction":[{"@type":"ReadAction","target":["https:\/\/esconsultoria.es\/es\/golden-visa-espana\/"]}]},{"@type":"BreadcrumbList","@id":"https:\/\/esconsultoria.es\/es\/golden-visa-espana\/#breadcrumb","itemListElement":[{"@type":"ListItem","position":1,"name":"Portada","item":"https:\/\/esconsultoria.es\/es\/"},{"@type":"ListItem","position":2,"name":"Golden Visa &#8211; Espa\u00f1a"}]},{"@type":"WebSite","@id":"https:\/\/esconsultoria.es\/#website","url":"https:\/\/esconsultoria.es\/","name":"E S Consultoria Internacional","description":"Nacionalidade Espanhola Visto de Resid\u00eancia Espanha Cidadania","publisher":{"@id":"https:\/\/esconsultoria.es\/#organization"},"potentialAction":[{"@type":"SearchAction","target":{"@type":"EntryPoint","urlTemplate":"https:\/\/esconsultoria.es\/?s={search_term_string}"},"query-input":{"@type":"PropertyValueSpecification","valueRequired":true,"valueName":"search_term_string"}}],"inLanguage":"es"},{"@type":"Organization","@id":"https:\/\/esconsultoria.es\/#organization","name":"ES Consultoria Internacional - Nacionalidade Espanhola - Documentos na Espanha","url":"https:\/\/esconsultoria.es\/","logo":{"@type":"ImageObject","inLanguage":"es","@id":"https:\/\/esconsultoria.es\/#\/schema\/logo\/image\/","url":"https:\/\/esconsultoria.es\/wp-content\/uploads\/logo-ES-Consultoria.webp","contentUrl":"https:\/\/esconsultoria.es\/wp-content\/uploads\/logo-ES-Consultoria.webp","width":2084,"height":1076,"caption":"ES Consultoria Internacional - Nacionalidade Espanhola - Documentos na Espanha"},"image":{"@id":"https:\/\/esconsultoria.es\/#\/schema\/logo\/image\/"},"sameAs":["https:\/\/www.facebook.com\/eurosupremas","https:\/\/x.com\/eurosupremas","https:\/\/www.instagram.com\/esconsultoria","https:\/\/www.linkedin.com\/company\/euro-supremas-consulting","https:\/\/www.youtube.com\/channel\/UCDk5vZ6jRAFtLz31Zjz1uUg"]}]}},"_links":{"self":[{"href":"https:\/\/esconsultoria.es\/es\/wp-json\/wp\/v2\/pages\/2227","targetHints":{"allow":["GET"]}}],"collection":[{"href":"https:\/\/esconsultoria.es\/es\/wp-json\/wp\/v2\/pages"}],"about":[{"href":"https:\/\/esconsultoria.es\/es\/wp-json\/wp\/v2\/types\/page"}],"author":[{"embeddable":true,"href":"https:\/\/esconsultoria.es\/es\/wp-json\/wp\/v2\/users\/1"}],"replies":[{"embeddable":true,"href":"https:\/\/esconsultoria.es\/es\/wp-json\/wp\/v2\/comments?post=2227"}],"version-history":[{"count":15,"href":"https:\/\/esconsultoria.es\/es\/wp-json\/wp\/v2\/pages\/2227\/revisions"}],"predecessor-version":[{"id":2423,"href":"https:\/\/esconsultoria.es\/es\/wp-json\/wp\/v2\/pages\/2227\/revisions\/2423"}],"wp:attachment":[{"href":"https:\/\/esconsultoria.es\/es\/wp-json\/wp\/v2\/media?parent=2227"}],"curies":[{"name":"wp","href":"https:\/\/api.w.org\/{rel}","templated":true}]}}