{"id":2202,"date":"2021-06-28T10:27:23","date_gmt":"2021-06-28T08:27:23","guid":{"rendered":"https:\/\/esconsultoria.es\/genealogia\/"},"modified":"2022-02-20T14:39:51","modified_gmt":"2022-02-20T13:39:51","slug":"genealogia","status":"publish","type":"page","link":"https:\/\/esconsultoria.es\/es\/genealogia\/","title":{"rendered":"Genealog\u00eda"},"content":{"rendered":"\t\t<div data-elementor-type=\"wp-page\" data-elementor-id=\"2202\" class=\"elementor elementor-2202\" data-elementor-post-type=\"page\">\n\t\t\t\t\t\t<section class=\"elementor-section elementor-top-section elementor-element elementor-element-8b24e7 elementor-section-content-middle elementor-section-boxed elementor-section-height-default elementor-section-height-default\" data-id=\"8b24e7\" data-element_type=\"section\">\n\t\t\t\t\t\t<div class=\"elementor-container elementor-column-gap-no\">\n\t\t\t\t\t<div class=\"elementor-column elementor-col-33 elementor-top-column elementor-element elementor-element-78e4a87\" data-id=\"78e4a87\" data-element_type=\"column\">\n\t\t\t<div class=\"elementor-widget-wrap elementor-element-populated\">\n\t\t\t\t\t\t<div class=\"elementor-element elementor-element-4a289f6c elementor-widget elementor-widget-text-editor\" data-id=\"4a289f6c\" data-element_type=\"widget\" data-widget_type=\"text-editor.default\">\n\t\t\t\t<div class=\"elementor-widget-container\">\n\t\t\t\t\t\t\t\t\tGenealog\u00eda\t\t\t\t\t\t\t\t<\/div>\n\t\t\t\t<\/div>\n\t\t\t\t<div class=\"elementor-element elementor-element-2d289ff3 elementor-widget elementor-widget-heading\" data-id=\"2d289ff3\" data-element_type=\"widget\" data-widget_type=\"heading.default\">\n\t\t\t\t<div class=\"elementor-widget-container\">\n\t\t\t\t\t<h4 class=\"elementor-heading-title elementor-size-default\">\u00bfC\u00f3mo funcionamos montando la Genealog\u00eda?<\/h4>\t\t\t\t<\/div>\n\t\t\t\t<\/div>\n\t\t\t\t<div class=\"elementor-element elementor-element-5654f19b elementor-widget-divider--view-line elementor-widget elementor-widget-divider\" data-id=\"5654f19b\" data-element_type=\"widget\" data-widget_type=\"divider.default\">\n\t\t\t\t<div class=\"elementor-widget-container\">\n\t\t\t\t\t\t\t<div class=\"elementor-divider\">\n\t\t\t<span class=\"elementor-divider-separator\">\n\t\t\t\t\t\t<\/span>\n\t\t<\/div>\n\t\t\t\t\t\t<\/div>\n\t\t\t\t<\/div>\n\t\t\t\t\t<\/div>\n\t\t<\/div>\n\t\t\t\t<div class=\"elementor-column elementor-col-33 elementor-top-column elementor-element elementor-element-39c1a630\" data-id=\"39c1a630\" data-element_type=\"column\">\n\t\t\t<div class=\"elementor-widget-wrap elementor-element-populated\">\n\t\t\t\t\t\t<div class=\"elementor-element elementor-element-26cf9ada elementor-widget elementor-widget-image\" data-id=\"26cf9ada\" data-element_type=\"widget\" data-widget_type=\"image.default\">\n\t\t\t\t<div class=\"elementor-widget-container\">\n\t\t\t\t\t\t\t\t\t\t\t\t\t\t\t<img fetchpriority=\"high\" decoding=\"async\" width=\"940\" height=\"788\" src=\"https:\/\/esconsultoria.es\/wp-content\/uploads\/Genealogia.png\" class=\"elementor-animation-grow attachment-full size-full wp-image-623\" alt=\"An\u00e1lise Geneal\u00f3gica\" srcset=\"https:\/\/esconsultoria.es\/wp-content\/uploads\/Genealogia.png 940w, https:\/\/esconsultoria.es\/wp-content\/uploads\/Genealogia-600x503.png 600w, https:\/\/esconsultoria.es\/wp-content\/uploads\/Genealogia-300x251.png 300w, https:\/\/esconsultoria.es\/wp-content\/uploads\/Genealogia-768x644.png 768w\" sizes=\"(max-width: 940px) 100vw, 940px\" \/>\t\t\t\t\t\t\t\t\t\t\t\t\t\t\t<\/div>\n\t\t\t\t<\/div>\n\t\t\t\t<div class=\"elementor-element elementor-element-20947200 elementor-widget elementor-widget-text-editor\" data-id=\"20947200\" data-element_type=\"widget\" data-widget_type=\"text-editor.default\">\n\t\t\t\t<div class=\"elementor-widget-container\">\n\t\t\t\t\t\t\t\t\tA partir de los datos y documentos enviados por el cliente, verificamos c\u00f3mo podemos actuar en cada caso. Asesorar al cliente para obtener m\u00e1s informaci\u00f3n.\t\t\t\t\t\t\t\t<\/div>\n\t\t\t\t<\/div>\n\t\t\t\t\t<\/div>\n\t\t<\/div>\n\t\t\t\t<div class=\"elementor-column elementor-col-33 elementor-top-column elementor-element elementor-element-5bec5fd3\" data-id=\"5bec5fd3\" data-element_type=\"column\">\n\t\t\t<div class=\"elementor-widget-wrap elementor-element-populated\">\n\t\t\t\t\t\t<div class=\"elementor-element elementor-element-7c8967eb elementor-widget elementor-widget-text-editor\" data-id=\"7c8967eb\" data-element_type=\"widget\" data-widget_type=\"text-editor.default\">\n\t\t\t\t<div class=\"elementor-widget-container\">\n\t\t\t\t\t\t\t\t\tLos datos proporcionados por la familia no siempre ayudan a configurar el \u00e1rbol geneal\u00f3gico. Sin embargo, hay varias herramientas y mecanismos que pueden ayudar.\t\t\t\t\t\t\t\t<\/div>\n\t\t\t\t<\/div>\n\t\t\t\t<div class=\"elementor-element elementor-element-4da9eb65 elementor-widget elementor-widget-image\" data-id=\"4da9eb65\" data-element_type=\"widget\" data-widget_type=\"image.default\">\n\t\t\t\t<div class=\"elementor-widget-container\">\n\t\t\t\t\t\t\t\t\t\t\t\t\t\t\t<img decoding=\"async\" width=\"940\" height=\"788\" src=\"https:\/\/esconsultoria.es\/wp-content\/uploads\/Genealogia-2.png\" class=\"elementor-animation-grow attachment-full size-full wp-image-625\" alt=\"\" srcset=\"https:\/\/esconsultoria.es\/wp-content\/uploads\/Genealogia-2.png 940w, https:\/\/esconsultoria.es\/wp-content\/uploads\/Genealogia-2-600x503.png 600w, https:\/\/esconsultoria.es\/wp-content\/uploads\/Genealogia-2-300x251.png 300w, https:\/\/esconsultoria.es\/wp-content\/uploads\/Genealogia-2-768x644.png 768w\" sizes=\"(max-width: 940px) 100vw, 940px\" \/>\t\t\t\t\t\t\t\t\t\t\t\t\t\t\t<\/div>\n\t\t\t\t<\/div>\n\t\t\t\t\t<\/div>\n\t\t<\/div>\n\t\t\t\t\t<\/div>\n\t\t<\/section>\n\t\t\t\t<section class=\"elementor-section elementor-top-section elementor-element elementor-element-2568e7b9 elementor-section-content-middle elementor-section-boxed elementor-section-height-default elementor-section-height-default\" data-id=\"2568e7b9\" data-element_type=\"section\">\n\t\t\t\t\t\t<div class=\"elementor-container elementor-column-gap-no\">\n\t\t\t\t\t<div class=\"elementor-column elementor-col-33 elementor-top-column elementor-element elementor-element-d55652d\" data-id=\"d55652d\" data-element_type=\"column\">\n\t\t\t<div class=\"elementor-widget-wrap elementor-element-populated\">\n\t\t\t\t\t\t<div class=\"elementor-element elementor-element-1a1308c3 elementor-widget elementor-widget-text-editor\" data-id=\"1a1308c3\" data-element_type=\"widget\" data-widget_type=\"text-editor.default\">\n\t\t\t\t<div class=\"elementor-widget-container\">\n\t\t\t\t\t\t\t\t\tPaso a paso\t\t\t\t\t\t\t\t<\/div>\n\t\t\t\t<\/div>\n\t\t\t\t<div class=\"elementor-element elementor-element-6696ef3 elementor-widget elementor-widget-heading\" data-id=\"6696ef3\" data-element_type=\"widget\" data-widget_type=\"heading.default\">\n\t\t\t\t<div class=\"elementor-widget-container\">\n\t\t\t\t\t<h3 class=\"elementor-heading-title elementor-size-default\">La genealog\u00eda es un trabajo en el que tenemos mucha experiencia.<\/h3>\t\t\t\t<\/div>\n\t\t\t\t<\/div>\n\t\t\t\t<div class=\"elementor-element elementor-element-221309e5 elementor-widget elementor-widget-image\" data-id=\"221309e5\" data-element_type=\"widget\" data-widget_type=\"image.default\">\n\t\t\t\t<div class=\"elementor-widget-container\">\n\t\t\t\t\t\t\t\t\t\t\t\t\t\t\t<img decoding=\"async\" width=\"940\" height=\"788\" src=\"https:\/\/esconsultoria.es\/wp-content\/uploads\/Videoconferencia.png\" class=\"elementor-animation-grow attachment-large size-large wp-image-633\" alt=\"\" srcset=\"https:\/\/esconsultoria.es\/wp-content\/uploads\/Videoconferencia.png 940w, https:\/\/esconsultoria.es\/wp-content\/uploads\/Videoconferencia-600x503.png 600w, https:\/\/esconsultoria.es\/wp-content\/uploads\/Videoconferencia-300x251.png 300w, https:\/\/esconsultoria.es\/wp-content\/uploads\/Videoconferencia-768x644.png 768w\" sizes=\"(max-width: 940px) 100vw, 940px\" \/>\t\t\t\t\t\t\t\t\t\t\t\t\t\t\t<\/div>\n\t\t\t\t<\/div>\n\t\t\t\t<div class=\"elementor-element elementor-element-b27ff75 elementor-widget elementor-widget-text-editor\" data-id=\"b27ff75\" data-element_type=\"widget\" data-widget_type=\"text-editor.default\">\n\t\t\t\t<div class=\"elementor-widget-container\">\n\t\t\t\t\t\t\t\t\tEn las reuniones por videollamada, verificamos los datos y documentos que los clientes nos remiten para su an\u00e1lisis.\t\t\t\t\t\t\t\t<\/div>\n\t\t\t\t<\/div>\n\t\t\t\t\t<\/div>\n\t\t<\/div>\n\t\t\t\t<div class=\"elementor-column elementor-col-33 elementor-top-column elementor-element elementor-element-1846fb0\" data-id=\"1846fb0\" data-element_type=\"column\">\n\t\t\t<div class=\"elementor-widget-wrap elementor-element-populated\">\n\t\t\t\t\t\t<div class=\"elementor-element elementor-element-7ed6845f elementor-widget elementor-widget-text-editor\" data-id=\"7ed6845f\" data-element_type=\"widget\" data-widget_type=\"text-editor.default\">\n\t\t\t\t<div class=\"elementor-widget-container\">\n\t\t\t\t\t\t\t\t\tA partir de esta documentaci\u00f3n relevamos la regi\u00f3n donde vivi\u00f3 el antepasado, para poder realizar un plan de acci\u00f3n en la b\u00fasqueda de documentos de Genealog\u00eda.\t\t\t\t\t\t\t\t<\/div>\n\t\t\t\t<\/div>\n\t\t\t\t<div class=\"elementor-element elementor-element-3b735c80 elementor-widget elementor-widget-image\" data-id=\"3b735c80\" data-element_type=\"widget\" data-widget_type=\"image.default\">\n\t\t\t\t<div class=\"elementor-widget-container\">\n\t\t\t\t\t\t\t\t\t\t\t\t\t\t\t<img loading=\"lazy\" decoding=\"async\" width=\"940\" height=\"788\" src=\"https:\/\/esconsultoria.es\/wp-content\/uploads\/Genealogia-3.png\" class=\"elementor-animation-grow attachment-large size-large wp-image-634\" alt=\"\" srcset=\"https:\/\/esconsultoria.es\/wp-content\/uploads\/Genealogia-3.png 940w, https:\/\/esconsultoria.es\/wp-content\/uploads\/Genealogia-3-600x503.png 600w, https:\/\/esconsultoria.es\/wp-content\/uploads\/Genealogia-3-300x251.png 300w, https:\/\/esconsultoria.es\/wp-content\/uploads\/Genealogia-3-768x644.png 768w\" sizes=\"(max-width: 940px) 100vw, 940px\" \/>\t\t\t\t\t\t\t\t\t\t\t\t\t\t\t<\/div>\n\t\t\t\t<\/div>\n\t\t\t\t\t<\/div>\n\t\t<\/div>\n\t\t\t\t<div class=\"elementor-column elementor-col-33 elementor-top-column elementor-element elementor-element-6acc63ea\" data-id=\"6acc63ea\" data-element_type=\"column\">\n\t\t\t<div class=\"elementor-widget-wrap elementor-element-populated\">\n\t\t\t\t\t\t<div class=\"elementor-element elementor-element-1a492a94 elementor-widget elementor-widget-image\" data-id=\"1a492a94\" data-element_type=\"widget\" data-widget_type=\"image.default\">\n\t\t\t\t<div class=\"elementor-widget-container\">\n\t\t\t\t\t\t\t\t\t\t\t\t\t\t\t<img loading=\"lazy\" decoding=\"async\" width=\"940\" height=\"788\" src=\"https:\/\/esconsultoria.es\/wp-content\/uploads\/Inicio-do-Estudo-de-Caso.png\" class=\"elementor-animation-grow attachment-full size-full wp-image-639\" alt=\"\" srcset=\"https:\/\/esconsultoria.es\/wp-content\/uploads\/Inicio-do-Estudo-de-Caso.png 940w, https:\/\/esconsultoria.es\/wp-content\/uploads\/Inicio-do-Estudo-de-Caso-600x503.png 600w, https:\/\/esconsultoria.es\/wp-content\/uploads\/Inicio-do-Estudo-de-Caso-300x251.png 300w, https:\/\/esconsultoria.es\/wp-content\/uploads\/Inicio-do-Estudo-de-Caso-768x644.png 768w\" sizes=\"(max-width: 940px) 100vw, 940px\" \/>\t\t\t\t\t\t\t\t\t\t\t\t\t\t\t<\/div>\n\t\t\t\t<\/div>\n\t\t\t\t<div class=\"elementor-element elementor-element-44b9767 elementor-widget elementor-widget-text-editor\" data-id=\"44b9767\" data-element_type=\"widget\" data-widget_type=\"text-editor.default\">\n\t\t\t\t<div class=\"elementor-widget-container\">\n\t\t\t\t\t\t\t\t\tEn este punto comenzamos la investigaci\u00f3n en los registros civiles e iglesias de la regi\u00f3n.\r\n\r\nEl proceso es arduo y no siempre da frutos, pero todo depender\u00e1 de la informaci\u00f3n y los datos recogidos con la familia.\t\t\t\t\t\t\t\t<\/div>\n\t\t\t\t<\/div>\n\t\t\t\t\t<\/div>\n\t\t<\/div>\n\t\t\t\t\t<\/div>\n\t\t<\/section>\n\t\t\t\t<section class=\"elementor-section elementor-top-section elementor-element elementor-element-ebe793d elementor-section-boxed elementor-section-height-default elementor-section-height-default\" data-id=\"ebe793d\" data-element_type=\"section\">\n\t\t\t\t\t\t<div class=\"elementor-container elementor-column-gap-default\">\n\t\t\t\t\t<div class=\"elementor-column elementor-col-50 elementor-top-column elementor-element elementor-element-22dd465\" data-id=\"22dd465\" data-element_type=\"column\">\n\t\t\t<div class=\"elementor-widget-wrap elementor-element-populated\">\n\t\t\t\t\t\t<div class=\"elementor-element elementor-element-b5fed48 elementor-widget elementor-widget-text-editor\" data-id=\"b5fed48\" data-element_type=\"widget\" data-widget_type=\"text-editor.default\">\n\t\t\t\t<div class=\"elementor-widget-container\">\n\t\t\t\t\t\t\t\t\tNuestro trabajo de investigaci\u00f3n geneal\u00f3gica se realiza tanto para los tr\u00e1mites de nacionalidad como para la creaci\u00f3n de un \u00e1rbol geneal\u00f3gico.\r\n\r\nPara el montaje hay que analizar cu\u00e1l va a ser la finalidad del mismo, porque dependiendo de qu\u00e9 finalidad la b\u00fasqueda y emisi\u00f3n de documentos puede ser diferente.\r\n\r\nP\u00f3ngase en contacto con nosotros ahora mismo y solicite su reuni\u00f3n en l\u00ednea.\r\n\r\nPara realizar la programaci\u00f3n puede contactar por nuestro correo electr\u00f3nico o por Whatsapp.\t\t\t\t\t\t\t\t<\/div>\n\t\t\t\t<\/div>\n\t\t\t\t\t<\/div>\n\t\t<\/div>\n\t\t\t\t<div class=\"elementor-column elementor-col-50 elementor-top-column elementor-element elementor-element-4894dee\" data-id=\"4894dee\" data-element_type=\"column\">\n\t\t\t<div class=\"elementor-widget-wrap elementor-element-populated\">\n\t\t\t\t\t\t<div class=\"elementor-element elementor-element-83c7391 elementor-widget elementor-widget-image\" data-id=\"83c7391\" data-element_type=\"widget\" data-widget_type=\"image.default\">\n\t\t\t\t<div class=\"elementor-widget-container\">\n\t\t\t\t\t\t\t\t\t\t\t\t\t\t\t<img loading=\"lazy\" decoding=\"async\" width=\"940\" height=\"788\" src=\"https:\/\/esconsultoria.es\/wp-content\/uploads\/trabajo-en-equipo.png\" class=\"attachment-large size-large wp-image-644\" alt=\"\" srcset=\"https:\/\/esconsultoria.es\/wp-content\/uploads\/trabajo-en-equipo.png 940w, https:\/\/esconsultoria.es\/wp-content\/uploads\/trabajo-en-equipo-600x503.png 600w, https:\/\/esconsultoria.es\/wp-content\/uploads\/trabajo-en-equipo-300x251.png 300w, https:\/\/esconsultoria.es\/wp-content\/uploads\/trabajo-en-equipo-768x644.png 768w\" sizes=\"(max-width: 940px) 100vw, 940px\" \/>\t\t\t\t\t\t\t\t\t\t\t\t\t\t\t<\/div>\n\t\t\t\t<\/div>\n\t\t\t\t\t<\/div>\n\t\t<\/div>\n\t\t\t\t\t<\/div>\n\t\t<\/section>\n\t\t\t\t<section class=\"elementor-section elementor-top-section elementor-element elementor-element-3f51846 elementor-hidden-phone elementor-section-boxed elementor-section-height-default elementor-section-height-default\" data-id=\"3f51846\" data-element_type=\"section\">\n\t\t\t\t\t\t<div class=\"elementor-container elementor-column-gap-default\">\n\t\t\t\t\t<div class=\"elementor-column elementor-col-100 elementor-top-column elementor-element elementor-element-29ac2825\" data-id=\"29ac2825\" data-element_type=\"column\">\n\t\t\t<div class=\"elementor-widget-wrap elementor-element-populated\">\n\t\t\t\t\t\t<div class=\"elementor-element elementor-element-63f18042 elementor-cta--layout-image-left elementor-cta--skin-classic elementor-animated-content elementor-bg-transform elementor-bg-transform-zoom-in elementor-widget elementor-widget-call-to-action\" data-id=\"63f18042\" data-element_type=\"widget\" data-widget_type=\"call-to-action.default\">\n\t\t\t\t<div class=\"elementor-widget-container\">\n\t\t\t\t\t\t\t<div class=\"elementor-cta\">\n\t\t\t\t\t<div class=\"elementor-cta__bg-wrapper\">\n\t\t\t\t<div class=\"elementor-cta__bg elementor-bg\" style=\"background-image: url(https:\/\/esconsultoria.es\/wp-content\/uploads\/Genealogia.png);\" role=\"img\" aria-label=\"An\u00e1lise Geneal\u00f3gica\"><\/div>\n\t\t\t\t<div class=\"elementor-cta__bg-overlay\"><\/div>\n\t\t\t<\/div>\n\t\t\t\t\t\t\t<div class=\"elementor-cta__content\">\n\t\t\t\t\n\t\t\t\t\t\t\t\t\t<h2 class=\"elementor-cta__title elementor-cta__content-item elementor-content-item\">\n\t\t\t\t\t\tReserve su cita ahora\t\t\t\t\t<\/h2>\n\t\t\t\t\n\t\t\t\t\t\t\t\t\t<div class=\"elementor-cta__description elementor-cta__content-item elementor-content-item\">\n\t\t\t\t\t\tNuestro equipo especializado podr\u00e1 hacerle una propuesta a medida para su caso concreto\t\t\t\t\t<\/div>\n\t\t\t\t\n\t\t\t\t\t\t\t\t\t<div class=\"elementor-cta__button-wrapper elementor-cta__content-item elementor-content-item \">\n\t\t\t\t\t<a class=\"elementor-cta__button elementor-button elementor-size-\" href=\"https:\/\/esconsultoria.es\/es\/reunion-online\/\">\n\t\t\t\t\t\tProgramar una reuni\u00f3n\t\t\t\t\t<\/a>\n\t\t\t\t\t<\/div>\n\t\t\t\t\t\t\t<\/div>\n\t\t\t\t\t\t<\/div>\n\t\t\t\t\t\t<\/div>\n\t\t\t\t<\/div>\n\t\t\t\t\t<\/div>\n\t\t<\/div>\n\t\t\t\t\t<\/div>\n\t\t<\/section>\n\t\t\t\t<\/div>\n\t\t","protected":false},"excerpt":{"rendered":"<p>Genealog\u00eda \u00bfC\u00f3mo funcionamos montando la Genealog\u00eda? A partir de los datos y documentos enviados por el cliente, verificamos c\u00f3mo podemos actuar en cada caso. Asesorar al cliente para obtener m\u00e1s informaci\u00f3n.Los datos proporcionados por la familia no siempre ayudan a configurar el \u00e1rbol geneal\u00f3gico. Sin embargo, hay varias herramientas y mecanismos que pueden ayudar. Paso &#8230; <a title=\"Genealog\u00eda\" class=\"read-more\" href=\"https:\/\/esconsultoria.es\/es\/genealogia\/\" aria-label=\"Leer m\u00e1s sobre Genealog\u00eda\">Leer m\u00e1s<\/a><\/p>\n","protected":false},"author":1,"featured_media":0,"parent":0,"menu_order":0,"comment_status":"closed","ping_status":"closed","template":"","meta":{"content-type":"","footnotes":""},"class_list":["post-2202","page","type-page","status-publish"],"yoast_head":"<!-- This site is optimized with the Yoast SEO plugin v24.4 - https:\/\/yoast.com\/wordpress\/plugins\/seo\/ -->\n<title>Consultor\u00eda de Genealog\u00eda<\/title>\n<meta name=\"description\" content=\"E S Consultoria Internacional | Genealog\u00eda |\" \/>\n<meta name=\"robots\" content=\"index, follow, max-snippet:-1, max-image-preview:large, max-video-preview:-1\" \/>\n<link rel=\"canonical\" href=\"https:\/\/esconsultoria.es\/es\/genealogia\/\" \/>\n<meta property=\"og:locale\" content=\"es_ES\" \/>\n<meta property=\"og:type\" content=\"article\" \/>\n<meta property=\"og:title\" content=\"Consultor\u00eda de Genealog\u00eda\" \/>\n<meta property=\"og:description\" content=\"E S Consultoria Internacional | Genealog\u00eda |\" \/>\n<meta property=\"og:url\" content=\"https:\/\/esconsultoria.es\/es\/genealogia\/\" \/>\n<meta property=\"og:site_name\" content=\"E S Consultoria Internacional\" \/>\n<meta property=\"article:publisher\" content=\"https:\/\/www.facebook.com\/eurosupremas\" \/>\n<meta property=\"article:modified_time\" content=\"2022-02-20T13:39:51+00:00\" \/>\n<meta property=\"og:image\" content=\"https:\/\/esconsultoria.es\/wp-content\/uploads\/Genealogia.png\" \/>\n<meta name=\"twitter:card\" content=\"summary_large_image\" \/>\n<meta name=\"twitter:site\" content=\"@eurosupremas\" \/>\n<meta name=\"twitter:label1\" content=\"Tiempo de lectura\" \/>\n\t<meta name=\"twitter:data1\" content=\"3 minutos\" \/>\n<script type=\"application\/ld+json\" class=\"yoast-schema-graph\">{\"@context\":\"https:\/\/schema.org\",\"@graph\":[{\"@type\":\"WebPage\",\"@id\":\"https:\/\/esconsultoria.es\/es\/genealogia\/\",\"url\":\"https:\/\/esconsultoria.es\/es\/genealogia\/\",\"name\":\"Consultor\u00eda de Genealog\u00eda\",\"isPartOf\":{\"@id\":\"https:\/\/esconsultoria.es\/#website\"},\"primaryImageOfPage\":{\"@id\":\"https:\/\/esconsultoria.es\/es\/genealogia\/#primaryimage\"},\"image\":{\"@id\":\"https:\/\/esconsultoria.es\/es\/genealogia\/#primaryimage\"},\"thumbnailUrl\":\"https:\/\/esconsultoria.es\/wp-content\/uploads\/Genealogia.png\",\"datePublished\":\"2021-06-28T08:27:23+00:00\",\"dateModified\":\"2022-02-20T13:39:51+00:00\",\"description\":\"E S Consultoria Internacional | Genealog\u00eda |\",\"breadcrumb\":{\"@id\":\"https:\/\/esconsultoria.es\/es\/genealogia\/#breadcrumb\"},\"inLanguage\":\"es\",\"potentialAction\":[{\"@type\":\"ReadAction\",\"target\":[\"https:\/\/esconsultoria.es\/es\/genealogia\/\"]}]},{\"@type\":\"ImageObject\",\"inLanguage\":\"es\",\"@id\":\"https:\/\/esconsultoria.es\/es\/genealogia\/#primaryimage\",\"url\":\"https:\/\/esconsultoria.es\/wp-content\/uploads\/Genealogia.png\",\"contentUrl\":\"https:\/\/esconsultoria.es\/wp-content\/uploads\/Genealogia.png\"},{\"@type\":\"BreadcrumbList\",\"@id\":\"https:\/\/esconsultoria.es\/es\/genealogia\/#breadcrumb\",\"itemListElement\":[{\"@type\":\"ListItem\",\"position\":1,\"name\":\"Portada\",\"item\":\"https:\/\/esconsultoria.es\/es\/\"},{\"@type\":\"ListItem\",\"position\":2,\"name\":\"Genealog\u00eda\"}]},{\"@type\":\"WebSite\",\"@id\":\"https:\/\/esconsultoria.es\/#website\",\"url\":\"https:\/\/esconsultoria.es\/\",\"name\":\"E S Consultoria Internacional\",\"description\":\"Nacionalidade Espanhola Visto de Resid\u00eancia Espanha Cidadania\",\"publisher\":{\"@id\":\"https:\/\/esconsultoria.es\/#organization\"},\"potentialAction\":[{\"@type\":\"SearchAction\",\"target\":{\"@type\":\"EntryPoint\",\"urlTemplate\":\"https:\/\/esconsultoria.es\/?s={search_term_string}\"},\"query-input\":{\"@type\":\"PropertyValueSpecification\",\"valueRequired\":true,\"valueName\":\"search_term_string\"}}],\"inLanguage\":\"es\"},{\"@type\":\"Organization\",\"@id\":\"https:\/\/esconsultoria.es\/#organization\",\"name\":\"ES Consultoria Internacional - Nacionalidade Espanhola - Documentos na Espanha\",\"url\":\"https:\/\/esconsultoria.es\/\",\"logo\":{\"@type\":\"ImageObject\",\"inLanguage\":\"es\",\"@id\":\"https:\/\/esconsultoria.es\/#\/schema\/logo\/image\/\",\"url\":\"https:\/\/esconsultoria.es\/wp-content\/uploads\/logo-ES-Consultoria.webp\",\"contentUrl\":\"https:\/\/esconsultoria.es\/wp-content\/uploads\/logo-ES-Consultoria.webp\",\"width\":2084,\"height\":1076,\"caption\":\"ES Consultoria Internacional - Nacionalidade Espanhola - Documentos na Espanha\"},\"image\":{\"@id\":\"https:\/\/esconsultoria.es\/#\/schema\/logo\/image\/\"},\"sameAs\":[\"https:\/\/www.facebook.com\/eurosupremas\",\"https:\/\/x.com\/eurosupremas\",\"https:\/\/www.instagram.com\/esconsultoria\",\"https:\/\/www.linkedin.com\/company\/euro-supremas-consulting\",\"https:\/\/www.youtube.com\/channel\/UCDk5vZ6jRAFtLz31Zjz1uUg\"]}]}<\/script>\n<!-- \/ Yoast SEO plugin. -->","yoast_head_json":{"title":"Consultor\u00eda de Genealog\u00eda","description":"E S Consultoria Internacional | Genealog\u00eda |","robots":{"index":"index","follow":"follow","max-snippet":"max-snippet:-1","max-image-preview":"max-image-preview:large","max-video-preview":"max-video-preview:-1"},"canonical":"https:\/\/esconsultoria.es\/es\/genealogia\/","og_locale":"es_ES","og_type":"article","og_title":"Consultor\u00eda de Genealog\u00eda","og_description":"E S Consultoria Internacional | Genealog\u00eda |","og_url":"https:\/\/esconsultoria.es\/es\/genealogia\/","og_site_name":"E S Consultoria Internacional","article_publisher":"https:\/\/www.facebook.com\/eurosupremas","article_modified_time":"2022-02-20T13:39:51+00:00","og_image":[{"url":"https:\/\/esconsultoria.es\/wp-content\/uploads\/Genealogia.png","type":"","width":"","height":""}],"twitter_card":"summary_large_image","twitter_site":"@eurosupremas","twitter_misc":{"Tiempo de lectura":"3 minutos"},"schema":{"@context":"https:\/\/schema.org","@graph":[{"@type":"WebPage","@id":"https:\/\/esconsultoria.es\/es\/genealogia\/","url":"https:\/\/esconsultoria.es\/es\/genealogia\/","name":"Consultor\u00eda de Genealog\u00eda","isPartOf":{"@id":"https:\/\/esconsultoria.es\/#website"},"primaryImageOfPage":{"@id":"https:\/\/esconsultoria.es\/es\/genealogia\/#primaryimage"},"image":{"@id":"https:\/\/esconsultoria.es\/es\/genealogia\/#primaryimage"},"thumbnailUrl":"https:\/\/esconsultoria.es\/wp-content\/uploads\/Genealogia.png","datePublished":"2021-06-28T08:27:23+00:00","dateModified":"2022-02-20T13:39:51+00:00","description":"E S Consultoria Internacional | Genealog\u00eda |","breadcrumb":{"@id":"https:\/\/esconsultoria.es\/es\/genealogia\/#breadcrumb"},"inLanguage":"es","potentialAction":[{"@type":"ReadAction","target":["https:\/\/esconsultoria.es\/es\/genealogia\/"]}]},{"@type":"ImageObject","inLanguage":"es","@id":"https:\/\/esconsultoria.es\/es\/genealogia\/#primaryimage","url":"https:\/\/esconsultoria.es\/wp-content\/uploads\/Genealogia.png","contentUrl":"https:\/\/esconsultoria.es\/wp-content\/uploads\/Genealogia.png"},{"@type":"BreadcrumbList","@id":"https:\/\/esconsultoria.es\/es\/genealogia\/#breadcrumb","itemListElement":[{"@type":"ListItem","position":1,"name":"Portada","item":"https:\/\/esconsultoria.es\/es\/"},{"@type":"ListItem","position":2,"name":"Genealog\u00eda"}]},{"@type":"WebSite","@id":"https:\/\/esconsultoria.es\/#website","url":"https:\/\/esconsultoria.es\/","name":"E S Consultoria Internacional","description":"Nacionalidade Espanhola Visto de Resid\u00eancia Espanha Cidadania","publisher":{"@id":"https:\/\/esconsultoria.es\/#organization"},"potentialAction":[{"@type":"SearchAction","target":{"@type":"EntryPoint","urlTemplate":"https:\/\/esconsultoria.es\/?s={search_term_string}"},"query-input":{"@type":"PropertyValueSpecification","valueRequired":true,"valueName":"search_term_string"}}],"inLanguage":"es"},{"@type":"Organization","@id":"https:\/\/esconsultoria.es\/#organization","name":"ES Consultoria Internacional - Nacionalidade Espanhola - Documentos na Espanha","url":"https:\/\/esconsultoria.es\/","logo":{"@type":"ImageObject","inLanguage":"es","@id":"https:\/\/esconsultoria.es\/#\/schema\/logo\/image\/","url":"https:\/\/esconsultoria.es\/wp-content\/uploads\/logo-ES-Consultoria.webp","contentUrl":"https:\/\/esconsultoria.es\/wp-content\/uploads\/logo-ES-Consultoria.webp","width":2084,"height":1076,"caption":"ES Consultoria Internacional - Nacionalidade Espanhola - Documentos na Espanha"},"image":{"@id":"https:\/\/esconsultoria.es\/#\/schema\/logo\/image\/"},"sameAs":["https:\/\/www.facebook.com\/eurosupremas","https:\/\/x.com\/eurosupremas","https:\/\/www.instagram.com\/esconsultoria","https:\/\/www.linkedin.com\/company\/euro-supremas-consulting","https:\/\/www.youtube.com\/channel\/UCDk5vZ6jRAFtLz31Zjz1uUg"]}]}},"_links":{"self":[{"href":"https:\/\/esconsultoria.es\/es\/wp-json\/wp\/v2\/pages\/2202","targetHints":{"allow":["GET"]}}],"collection":[{"href":"https:\/\/esconsultoria.es\/es\/wp-json\/wp\/v2\/pages"}],"about":[{"href":"https:\/\/esconsultoria.es\/es\/wp-json\/wp\/v2\/types\/page"}],"author":[{"embeddable":true,"href":"https:\/\/esconsultoria.es\/es\/wp-json\/wp\/v2\/users\/1"}],"replies":[{"embeddable":true,"href":"https:\/\/esconsultoria.es\/es\/wp-json\/wp\/v2\/comments?post=2202"}],"version-history":[{"count":5,"href":"https:\/\/esconsultoria.es\/es\/wp-json\/wp\/v2\/pages\/2202\/revisions"}],"predecessor-version":[{"id":2442,"href":"https:\/\/esconsultoria.es\/es\/wp-json\/wp\/v2\/pages\/2202\/revisions\/2442"}],"wp:attachment":[{"href":"https:\/\/esconsultoria.es\/es\/wp-json\/wp\/v2\/media?parent=2202"}],"curies":[{"name":"wp","href":"https:\/\/api.w.org\/{rel}","templated":true}]}}