{"id":2190,"date":"2020-09-09T16:13:16","date_gmt":"2020-09-09T14:13:16","guid":{"rendered":"https:\/\/esconsultoria.es\/empresas-y-emprendedores\/"},"modified":"2022-02-20T19:29:52","modified_gmt":"2022-02-20T18:29:52","slug":"empresas-y-emprendedores","status":"publish","type":"page","link":"https:\/\/esconsultoria.es\/es\/empresas-y-emprendedores\/","title":{"rendered":"Empresas y Emprendedores"},"content":{"rendered":"\t\t<div data-elementor-type=\"wp-page\" data-elementor-id=\"2190\" class=\"elementor elementor-2190\" data-elementor-post-type=\"page\">\n\t\t\t\t\t\t<section class=\"elementor-section elementor-top-section elementor-element elementor-element-d126759 elementor-section-boxed elementor-section-height-default elementor-section-height-default\" data-id=\"d126759\" data-element_type=\"section\">\n\t\t\t\t\t\t<div class=\"elementor-container elementor-column-gap-default\">\n\t\t\t\t\t<div class=\"elementor-column elementor-col-33 elementor-top-column elementor-element elementor-element-66dd32a\" data-id=\"66dd32a\" data-element_type=\"column\">\n\t\t\t<div class=\"elementor-widget-wrap elementor-element-populated\">\n\t\t\t\t\t\t<div class=\"elementor-element elementor-element-4839b13 elementor-widget elementor-widget-image\" data-id=\"4839b13\" data-element_type=\"widget\" data-widget_type=\"image.default\">\n\t\t\t\t<div class=\"elementor-widget-container\">\n\t\t\t\t\t\t\t\t\t\t\t\t\t\t\t<img fetchpriority=\"high\" decoding=\"async\" width=\"1024\" height=\"683\" src=\"https:\/\/esconsultoria.es\/wp-content\/uploads\/2020\/09\/workplace-1245776_1920-1024x683.jpg\" class=\"attachment-large size-large wp-image-193\" alt=\"\" srcset=\"https:\/\/esconsultoria.es\/wp-content\/uploads\/2020\/09\/workplace-1245776_1920-1024x683.jpg 1024w, https:\/\/esconsultoria.es\/wp-content\/uploads\/2020\/09\/workplace-1245776_1920-600x400.jpg 600w, https:\/\/esconsultoria.es\/wp-content\/uploads\/2020\/09\/workplace-1245776_1920-300x200.jpg 300w, https:\/\/esconsultoria.es\/wp-content\/uploads\/2020\/09\/workplace-1245776_1920-768x512.jpg 768w, https:\/\/esconsultoria.es\/wp-content\/uploads\/2020\/09\/workplace-1245776_1920-1536x1024.jpg 1536w, https:\/\/esconsultoria.es\/wp-content\/uploads\/2020\/09\/workplace-1245776_1920.jpg 1920w\" sizes=\"(max-width: 1024px) 100vw, 1024px\" \/>\t\t\t\t\t\t\t\t\t\t\t\t\t\t\t<\/div>\n\t\t\t\t<\/div>\n\t\t\t\t\t<\/div>\n\t\t<\/div>\n\t\t\t\t<div class=\"elementor-column elementor-col-33 elementor-top-column elementor-element elementor-element-87de7e6\" data-id=\"87de7e6\" data-element_type=\"column\">\n\t\t\t<div class=\"elementor-widget-wrap elementor-element-populated\">\n\t\t\t\t\t\t<div class=\"elementor-element elementor-element-e4a77ed elementor-widget elementor-widget-image\" data-id=\"e4a77ed\" data-element_type=\"widget\" data-widget_type=\"image.default\">\n\t\t\t\t<div class=\"elementor-widget-container\">\n\t\t\t\t\t\t\t\t\t\t\t\t\t\t\t<img decoding=\"async\" width=\"1024\" height=\"681\" src=\"https:\/\/esconsultoria.es\/wp-content\/uploads\/2020\/09\/4058371-1024x681.jpg\" class=\"attachment-large size-large wp-image-191\" alt=\"\" srcset=\"https:\/\/esconsultoria.es\/wp-content\/uploads\/2020\/09\/4058371-1024x681.jpg 1024w, https:\/\/esconsultoria.es\/wp-content\/uploads\/2020\/09\/4058371-scaled-600x399.jpg 600w, https:\/\/esconsultoria.es\/wp-content\/uploads\/2020\/09\/4058371-300x200.jpg 300w, https:\/\/esconsultoria.es\/wp-content\/uploads\/2020\/09\/4058371-768x511.jpg 768w, https:\/\/esconsultoria.es\/wp-content\/uploads\/2020\/09\/4058371-1536x1022.jpg 1536w, https:\/\/esconsultoria.es\/wp-content\/uploads\/2020\/09\/4058371-2048x1362.jpg 2048w\" sizes=\"(max-width: 1024px) 100vw, 1024px\" \/>\t\t\t\t\t\t\t\t\t\t\t\t\t\t\t<\/div>\n\t\t\t\t<\/div>\n\t\t\t\t\t<\/div>\n\t\t<\/div>\n\t\t\t\t<div class=\"elementor-column elementor-col-33 elementor-top-column elementor-element elementor-element-5066476\" data-id=\"5066476\" data-element_type=\"column\">\n\t\t\t<div class=\"elementor-widget-wrap elementor-element-populated\">\n\t\t\t\t\t\t<div class=\"elementor-element elementor-element-e1f306b elementor-widget elementor-widget-image\" data-id=\"e1f306b\" data-element_type=\"widget\" data-widget_type=\"image.default\">\n\t\t\t\t<div class=\"elementor-widget-container\">\n\t\t\t\t\t\t\t\t\t\t\t\t\t\t\t<img decoding=\"async\" width=\"1024\" height=\"683\" src=\"https:\/\/esconsultoria.es\/wp-content\/uploads\/2020\/09\/9135-1024x683.jpg\" class=\"attachment-large size-large wp-image-192\" alt=\"\" srcset=\"https:\/\/esconsultoria.es\/wp-content\/uploads\/2020\/09\/9135-1024x683.jpg 1024w, https:\/\/esconsultoria.es\/wp-content\/uploads\/2020\/09\/9135-scaled-600x400.jpg 600w, https:\/\/esconsultoria.es\/wp-content\/uploads\/2020\/09\/9135-300x200.jpg 300w, https:\/\/esconsultoria.es\/wp-content\/uploads\/2020\/09\/9135-768x512.jpg 768w, https:\/\/esconsultoria.es\/wp-content\/uploads\/2020\/09\/9135-1536x1024.jpg 1536w, https:\/\/esconsultoria.es\/wp-content\/uploads\/2020\/09\/9135-2048x1365.jpg 2048w\" sizes=\"(max-width: 1024px) 100vw, 1024px\" \/>\t\t\t\t\t\t\t\t\t\t\t\t\t\t\t<\/div>\n\t\t\t\t<\/div>\n\t\t\t\t\t<\/div>\n\t\t<\/div>\n\t\t\t\t\t<\/div>\n\t\t<\/section>\n\t\t\t\t<section class=\"elementor-section elementor-top-section elementor-element elementor-element-e87f8f2 elementor-section-boxed elementor-section-height-default elementor-section-height-default\" data-id=\"e87f8f2\" data-element_type=\"section\">\n\t\t\t\t\t\t<div class=\"elementor-container elementor-column-gap-default\">\n\t\t\t\t\t<div class=\"elementor-column elementor-col-100 elementor-top-column elementor-element elementor-element-4af96fe\" data-id=\"4af96fe\" data-element_type=\"column\">\n\t\t\t<div class=\"elementor-widget-wrap elementor-element-populated\">\n\t\t\t\t\t\t<div class=\"elementor-element elementor-element-3b0c4d3 elementor-widget elementor-widget-heading\" data-id=\"3b0c4d3\" data-element_type=\"widget\" data-widget_type=\"heading.default\">\n\t\t\t\t<div class=\"elementor-widget-container\">\n\t\t\t\t\t<h2 class=\"elementor-heading-title elementor-size-default\">Soluciones a medida para las empresas<\/h2>\t\t\t\t<\/div>\n\t\t\t\t<\/div>\n\t\t\t\t\t<\/div>\n\t\t<\/div>\n\t\t\t\t\t<\/div>\n\t\t<\/section>\n\t\t\t\t<section class=\"elementor-section elementor-top-section elementor-element elementor-element-2c65c0b elementor-section-boxed elementor-section-height-default elementor-section-height-default\" data-id=\"2c65c0b\" data-element_type=\"section\">\n\t\t\t\t\t\t<div class=\"elementor-container elementor-column-gap-default\">\n\t\t\t\t\t<div class=\"elementor-column elementor-col-100 elementor-top-column elementor-element elementor-element-3735898\" data-id=\"3735898\" data-element_type=\"column\">\n\t\t\t<div class=\"elementor-widget-wrap elementor-element-populated\">\n\t\t\t\t\t\t<div class=\"elementor-element elementor-element-9852050 elementor-widget elementor-widget-text-editor\" data-id=\"9852050\" data-element_type=\"widget\" data-widget_type=\"text-editor.default\">\n\t\t\t\t<div class=\"elementor-widget-container\">\n\t\t\t\t\t\t\t\t\tPara las empresas que quieren montar su negocio en Espa\u00f1a, actuamos dando el apoyo necesario para la implantaci\u00f3n del negocio, el servicio es muy amplio, ya que al conocer el mercado y la cultura espa\u00f1ola, podemos dar un enfoque m\u00e1s amplio.\r\n\r\nSiempre adaptado a las necesidades de cada empresa.\r\n\r\nPara ofrecer un servicio centrado en el cliente, necesitamos entender el negocio de la empresa, la regi\u00f3n donde se va a implantar, etc&#8230;\t\t\t\t\t\t\t\t<\/div>\n\t\t\t\t<\/div>\n\t\t\t\t\t<\/div>\n\t\t<\/div>\n\t\t\t\t\t<\/div>\n\t\t<\/section>\n\t\t\t\t<section class=\"elementor-section elementor-top-section elementor-element elementor-element-01d6097 elementor-section-boxed elementor-section-height-default elementor-section-height-default\" data-id=\"01d6097\" data-element_type=\"section\">\n\t\t\t\t\t\t<div class=\"elementor-container elementor-column-gap-default\">\n\t\t\t\t\t<div class=\"elementor-column elementor-col-100 elementor-top-column elementor-element elementor-element-fa3cf97\" data-id=\"fa3cf97\" data-element_type=\"column\">\n\t\t\t<div class=\"elementor-widget-wrap elementor-element-populated\">\n\t\t\t\t\t\t<div class=\"elementor-element elementor-element-2e61fba elementor-widget elementor-widget-heading\" data-id=\"2e61fba\" data-element_type=\"widget\" data-widget_type=\"heading.default\">\n\t\t\t\t<div class=\"elementor-widget-container\">\n\t\t\t\t\t<h2 class=\"elementor-heading-title elementor-size-default\">Soluciones para la comercializaci\u00f3n en Europa<\/h2>\t\t\t\t<\/div>\n\t\t\t\t<\/div>\n\t\t\t\t\t<\/div>\n\t\t<\/div>\n\t\t\t\t\t<\/div>\n\t\t<\/section>\n\t\t\t\t<section class=\"elementor-section elementor-top-section elementor-element elementor-element-4ee0667 elementor-section-boxed elementor-section-height-default elementor-section-height-default\" data-id=\"4ee0667\" data-element_type=\"section\">\n\t\t\t\t\t\t<div class=\"elementor-container elementor-column-gap-default\">\n\t\t\t\t\t<div class=\"elementor-column elementor-col-100 elementor-top-column elementor-element elementor-element-aab6f7b\" data-id=\"aab6f7b\" data-element_type=\"column\">\n\t\t\t<div class=\"elementor-widget-wrap elementor-element-populated\">\n\t\t\t\t\t\t<div class=\"elementor-element elementor-element-748b572 elementor-widget elementor-widget-text-editor\" data-id=\"748b572\" data-element_type=\"widget\" data-widget_type=\"text-editor.default\">\n\t\t\t\t<div class=\"elementor-widget-container\">\n\t\t\t\t\t\t\t\t\tSi su empresa quiere implantar una gesti\u00f3n comercial en Europa podemos orientarle, hacer un estudio de mercado y analizar las posibilidades de implantar su negocio en Europa.\r\n\r\nPara ello necesitamos realizar un Encuentro para entender el producto y el mercado objetivo de su producto o servicio.\t\t\t\t\t\t\t\t<\/div>\n\t\t\t\t<\/div>\n\t\t\t\t\t<\/div>\n\t\t<\/div>\n\t\t\t\t\t<\/div>\n\t\t<\/section>\n\t\t\t\t<section class=\"elementor-section elementor-top-section elementor-element elementor-element-0ae5384 elementor-section-boxed elementor-section-height-default elementor-section-height-default\" data-id=\"0ae5384\" data-element_type=\"section\">\n\t\t\t\t\t\t<div class=\"elementor-container elementor-column-gap-default\">\n\t\t\t\t\t<div class=\"elementor-column elementor-col-100 elementor-top-column elementor-element elementor-element-a7afaf1\" data-id=\"a7afaf1\" data-element_type=\"column\">\n\t\t\t<div class=\"elementor-widget-wrap elementor-element-populated\">\n\t\t\t\t\t\t<div class=\"elementor-element elementor-element-4a32d3c elementor-button-info elementor-align-center elementor-widget elementor-widget-button\" data-id=\"4a32d3c\" data-element_type=\"widget\" data-widget_type=\"button.default\">\n\t\t\t\t<div class=\"elementor-widget-container\">\n\t\t\t\t\t\t\t\t\t<div class=\"elementor-button-wrapper\">\n\t\t\t\t\t<a class=\"elementor-button elementor-button-link elementor-size-sm\" href=\"https:\/\/esconsultoria.es\/es\/contacto\/\">\n\t\t\t\t\t\t<span class=\"elementor-button-content-wrapper\">\n\t\t\t\t\t\t\t\t\t<span class=\"elementor-button-text\">Formulario de contacto<\/span>\n\t\t\t\t\t<\/span>\n\t\t\t\t\t<\/a>\n\t\t\t\t<\/div>\n\t\t\t\t\t\t\t\t<\/div>\n\t\t\t\t<\/div>\n\t\t\t\t\t<\/div>\n\t\t<\/div>\n\t\t\t\t\t<\/div>\n\t\t<\/section>\n\t\t\t\t<\/div>\n\t\t","protected":false},"excerpt":{"rendered":"<p>Soluciones a medida para las empresas Para las empresas que quieren montar su negocio en Espa\u00f1a, actuamos dando el apoyo necesario para la implantaci\u00f3n del negocio, el servicio es muy amplio, ya que al conocer el mercado y la cultura espa\u00f1ola, podemos dar un enfoque m\u00e1s amplio. Siempre adaptado a las necesidades de cada empresa. &#8230; <a title=\"Empresas y Emprendedores\" class=\"read-more\" href=\"https:\/\/esconsultoria.es\/es\/empresas-y-emprendedores\/\" aria-label=\"Leer m\u00e1s sobre Empresas y Emprendedores\">Leer m\u00e1s<\/a><\/p>\n","protected":false},"author":1,"featured_media":0,"parent":0,"menu_order":0,"comment_status":"closed","ping_status":"closed","template":"","meta":{"content-type":"","footnotes":""},"class_list":["post-2190","page","type-page","status-publish"],"yoast_head":"<!-- This site is optimized with the Yoast SEO plugin v24.4 - https:\/\/yoast.com\/wordpress\/plugins\/seo\/ -->\n<title>Servicios para Empresas y Emprendedores<\/title>\n<meta name=\"description\" content=\"E S Consultoria Internacional | Empresas y Emprendedores |\" \/>\n<meta name=\"robots\" content=\"index, follow, max-snippet:-1, max-image-preview:large, max-video-preview:-1\" \/>\n<link rel=\"canonical\" href=\"https:\/\/esconsultoria.es\/es\/empresas-y-emprendedores\/\" \/>\n<meta property=\"og:locale\" content=\"es_ES\" \/>\n<meta property=\"og:type\" content=\"article\" \/>\n<meta property=\"og:title\" content=\"Servicios para Empresas y Emprendedores\" \/>\n<meta property=\"og:description\" content=\"E S Consultoria Internacional | Empresas y Emprendedores |\" \/>\n<meta property=\"og:url\" content=\"https:\/\/esconsultoria.es\/es\/empresas-y-emprendedores\/\" \/>\n<meta property=\"og:site_name\" content=\"E S Consultoria Internacional\" \/>\n<meta property=\"article:publisher\" content=\"https:\/\/www.facebook.com\/eurosupremas\" \/>\n<meta property=\"article:modified_time\" content=\"2022-02-20T18:29:52+00:00\" \/>\n<meta property=\"og:image\" content=\"https:\/\/esconsultoria.es\/wp-content\/uploads\/2020\/09\/workplace-1245776_1920-1024x683.jpg\" \/>\n<meta name=\"twitter:card\" content=\"summary_large_image\" \/>\n<meta name=\"twitter:site\" content=\"@eurosupremas\" \/>\n<meta name=\"twitter:label1\" content=\"Tiempo de lectura\" \/>\n\t<meta name=\"twitter:data1\" content=\"2 minutos\" \/>\n<script type=\"application\/ld+json\" class=\"yoast-schema-graph\">{\"@context\":\"https:\/\/schema.org\",\"@graph\":[{\"@type\":\"WebPage\",\"@id\":\"https:\/\/esconsultoria.es\/es\/empresas-y-emprendedores\/\",\"url\":\"https:\/\/esconsultoria.es\/es\/empresas-y-emprendedores\/\",\"name\":\"Servicios para Empresas y Emprendedores\",\"isPartOf\":{\"@id\":\"https:\/\/esconsultoria.es\/#website\"},\"primaryImageOfPage\":{\"@id\":\"https:\/\/esconsultoria.es\/es\/empresas-y-emprendedores\/#primaryimage\"},\"image\":{\"@id\":\"https:\/\/esconsultoria.es\/es\/empresas-y-emprendedores\/#primaryimage\"},\"thumbnailUrl\":\"https:\/\/esconsultoria.es\/wp-content\/uploads\/2020\/09\/workplace-1245776_1920-1024x683.jpg\",\"datePublished\":\"2020-09-09T14:13:16+00:00\",\"dateModified\":\"2022-02-20T18:29:52+00:00\",\"description\":\"E S Consultoria Internacional | Empresas y Emprendedores |\",\"breadcrumb\":{\"@id\":\"https:\/\/esconsultoria.es\/es\/empresas-y-emprendedores\/#breadcrumb\"},\"inLanguage\":\"es\",\"potentialAction\":[{\"@type\":\"ReadAction\",\"target\":[\"https:\/\/esconsultoria.es\/es\/empresas-y-emprendedores\/\"]}]},{\"@type\":\"ImageObject\",\"inLanguage\":\"es\",\"@id\":\"https:\/\/esconsultoria.es\/es\/empresas-y-emprendedores\/#primaryimage\",\"url\":\"https:\/\/esconsultoria.es\/wp-content\/uploads\/2020\/09\/workplace-1245776_1920-1024x683.jpg\",\"contentUrl\":\"https:\/\/esconsultoria.es\/wp-content\/uploads\/2020\/09\/workplace-1245776_1920-1024x683.jpg\"},{\"@type\":\"BreadcrumbList\",\"@id\":\"https:\/\/esconsultoria.es\/es\/empresas-y-emprendedores\/#breadcrumb\",\"itemListElement\":[{\"@type\":\"ListItem\",\"position\":1,\"name\":\"Portada\",\"item\":\"https:\/\/esconsultoria.es\/es\/\"},{\"@type\":\"ListItem\",\"position\":2,\"name\":\"Empresas y Emprendedores\"}]},{\"@type\":\"WebSite\",\"@id\":\"https:\/\/esconsultoria.es\/#website\",\"url\":\"https:\/\/esconsultoria.es\/\",\"name\":\"E S Consultoria Internacional\",\"description\":\"Nacionalidade Espanhola Visto de Resid\u00eancia Espanha Cidadania\",\"publisher\":{\"@id\":\"https:\/\/esconsultoria.es\/#organization\"},\"potentialAction\":[{\"@type\":\"SearchAction\",\"target\":{\"@type\":\"EntryPoint\",\"urlTemplate\":\"https:\/\/esconsultoria.es\/?s={search_term_string}\"},\"query-input\":{\"@type\":\"PropertyValueSpecification\",\"valueRequired\":true,\"valueName\":\"search_term_string\"}}],\"inLanguage\":\"es\"},{\"@type\":\"Organization\",\"@id\":\"https:\/\/esconsultoria.es\/#organization\",\"name\":\"ES Consultoria Internacional - Nacionalidade Espanhola - Documentos na Espanha\",\"url\":\"https:\/\/esconsultoria.es\/\",\"logo\":{\"@type\":\"ImageObject\",\"inLanguage\":\"es\",\"@id\":\"https:\/\/esconsultoria.es\/#\/schema\/logo\/image\/\",\"url\":\"https:\/\/esconsultoria.es\/wp-content\/uploads\/logo-ES-Consultoria.webp\",\"contentUrl\":\"https:\/\/esconsultoria.es\/wp-content\/uploads\/logo-ES-Consultoria.webp\",\"width\":2084,\"height\":1076,\"caption\":\"ES Consultoria Internacional - Nacionalidade Espanhola - Documentos na Espanha\"},\"image\":{\"@id\":\"https:\/\/esconsultoria.es\/#\/schema\/logo\/image\/\"},\"sameAs\":[\"https:\/\/www.facebook.com\/eurosupremas\",\"https:\/\/x.com\/eurosupremas\",\"https:\/\/www.instagram.com\/esconsultoria\",\"https:\/\/www.linkedin.com\/company\/euro-supremas-consulting\",\"https:\/\/www.youtube.com\/channel\/UCDk5vZ6jRAFtLz31Zjz1uUg\"]}]}<\/script>\n<!-- \/ Yoast SEO plugin. -->","yoast_head_json":{"title":"Servicios para Empresas y Emprendedores","description":"E S Consultoria Internacional | Empresas y Emprendedores |","robots":{"index":"index","follow":"follow","max-snippet":"max-snippet:-1","max-image-preview":"max-image-preview:large","max-video-preview":"max-video-preview:-1"},"canonical":"https:\/\/esconsultoria.es\/es\/empresas-y-emprendedores\/","og_locale":"es_ES","og_type":"article","og_title":"Servicios para Empresas y Emprendedores","og_description":"E S Consultoria Internacional | Empresas y Emprendedores |","og_url":"https:\/\/esconsultoria.es\/es\/empresas-y-emprendedores\/","og_site_name":"E S Consultoria Internacional","article_publisher":"https:\/\/www.facebook.com\/eurosupremas","article_modified_time":"2022-02-20T18:29:52+00:00","og_image":[{"url":"https:\/\/esconsultoria.es\/wp-content\/uploads\/2020\/09\/workplace-1245776_1920-1024x683.jpg","type":"","width":"","height":""}],"twitter_card":"summary_large_image","twitter_site":"@eurosupremas","twitter_misc":{"Tiempo de lectura":"2 minutos"},"schema":{"@context":"https:\/\/schema.org","@graph":[{"@type":"WebPage","@id":"https:\/\/esconsultoria.es\/es\/empresas-y-emprendedores\/","url":"https:\/\/esconsultoria.es\/es\/empresas-y-emprendedores\/","name":"Servicios para Empresas y Emprendedores","isPartOf":{"@id":"https:\/\/esconsultoria.es\/#website"},"primaryImageOfPage":{"@id":"https:\/\/esconsultoria.es\/es\/empresas-y-emprendedores\/#primaryimage"},"image":{"@id":"https:\/\/esconsultoria.es\/es\/empresas-y-emprendedores\/#primaryimage"},"thumbnailUrl":"https:\/\/esconsultoria.es\/wp-content\/uploads\/2020\/09\/workplace-1245776_1920-1024x683.jpg","datePublished":"2020-09-09T14:13:16+00:00","dateModified":"2022-02-20T18:29:52+00:00","description":"E S Consultoria Internacional | Empresas y Emprendedores |","breadcrumb":{"@id":"https:\/\/esconsultoria.es\/es\/empresas-y-emprendedores\/#breadcrumb"},"inLanguage":"es","potentialAction":[{"@type":"ReadAction","target":["https:\/\/esconsultoria.es\/es\/empresas-y-emprendedores\/"]}]},{"@type":"ImageObject","inLanguage":"es","@id":"https:\/\/esconsultoria.es\/es\/empresas-y-emprendedores\/#primaryimage","url":"https:\/\/esconsultoria.es\/wp-content\/uploads\/2020\/09\/workplace-1245776_1920-1024x683.jpg","contentUrl":"https:\/\/esconsultoria.es\/wp-content\/uploads\/2020\/09\/workplace-1245776_1920-1024x683.jpg"},{"@type":"BreadcrumbList","@id":"https:\/\/esconsultoria.es\/es\/empresas-y-emprendedores\/#breadcrumb","itemListElement":[{"@type":"ListItem","position":1,"name":"Portada","item":"https:\/\/esconsultoria.es\/es\/"},{"@type":"ListItem","position":2,"name":"Empresas y Emprendedores"}]},{"@type":"WebSite","@id":"https:\/\/esconsultoria.es\/#website","url":"https:\/\/esconsultoria.es\/","name":"E S Consultoria Internacional","description":"Nacionalidade Espanhola Visto de Resid\u00eancia Espanha Cidadania","publisher":{"@id":"https:\/\/esconsultoria.es\/#organization"},"potentialAction":[{"@type":"SearchAction","target":{"@type":"EntryPoint","urlTemplate":"https:\/\/esconsultoria.es\/?s={search_term_string}"},"query-input":{"@type":"PropertyValueSpecification","valueRequired":true,"valueName":"search_term_string"}}],"inLanguage":"es"},{"@type":"Organization","@id":"https:\/\/esconsultoria.es\/#organization","name":"ES Consultoria Internacional - Nacionalidade Espanhola - Documentos na Espanha","url":"https:\/\/esconsultoria.es\/","logo":{"@type":"ImageObject","inLanguage":"es","@id":"https:\/\/esconsultoria.es\/#\/schema\/logo\/image\/","url":"https:\/\/esconsultoria.es\/wp-content\/uploads\/logo-ES-Consultoria.webp","contentUrl":"https:\/\/esconsultoria.es\/wp-content\/uploads\/logo-ES-Consultoria.webp","width":2084,"height":1076,"caption":"ES Consultoria Internacional - Nacionalidade Espanhola - Documentos na Espanha"},"image":{"@id":"https:\/\/esconsultoria.es\/#\/schema\/logo\/image\/"},"sameAs":["https:\/\/www.facebook.com\/eurosupremas","https:\/\/x.com\/eurosupremas","https:\/\/www.instagram.com\/esconsultoria","https:\/\/www.linkedin.com\/company\/euro-supremas-consulting","https:\/\/www.youtube.com\/channel\/UCDk5vZ6jRAFtLz31Zjz1uUg"]}]}},"_links":{"self":[{"href":"https:\/\/esconsultoria.es\/es\/wp-json\/wp\/v2\/pages\/2190","targetHints":{"allow":["GET"]}}],"collection":[{"href":"https:\/\/esconsultoria.es\/es\/wp-json\/wp\/v2\/pages"}],"about":[{"href":"https:\/\/esconsultoria.es\/es\/wp-json\/wp\/v2\/types\/page"}],"author":[{"embeddable":true,"href":"https:\/\/esconsultoria.es\/es\/wp-json\/wp\/v2\/users\/1"}],"replies":[{"embeddable":true,"href":"https:\/\/esconsultoria.es\/es\/wp-json\/wp\/v2\/comments?post=2190"}],"version-history":[{"count":9,"href":"https:\/\/esconsultoria.es\/es\/wp-json\/wp\/v2\/pages\/2190\/revisions"}],"predecessor-version":[{"id":2708,"href":"https:\/\/esconsultoria.es\/es\/wp-json\/wp\/v2\/pages\/2190\/revisions\/2708"}],"wp:attachment":[{"href":"https:\/\/esconsultoria.es\/es\/wp-json\/wp\/v2\/media?parent=2190"}],"curies":[{"name":"wp","href":"https:\/\/api.w.org\/{rel}","templated":true}]}}