{"id":2182,"date":"2020-09-09T14:18:49","date_gmt":"2020-09-09T12:18:49","guid":{"rendered":"https:\/\/esconsultoria.es\/documentos-en-europa\/"},"modified":"2022-02-20T14:41:05","modified_gmt":"2022-02-20T13:41:05","slug":"documentos-en-europa","status":"publish","type":"page","link":"https:\/\/esconsultoria.es\/es\/documentos-en-europa\/","title":{"rendered":"Documentos en Europa"},"content":{"rendered":"\t\t<div data-elementor-type=\"wp-page\" data-elementor-id=\"2182\" class=\"elementor elementor-2182\" data-elementor-post-type=\"page\">\n\t\t\t\t\t\t<section class=\"elementor-section elementor-top-section elementor-element elementor-element-61cafd6 elementor-section-boxed elementor-section-height-default elementor-section-height-default\" data-id=\"61cafd6\" data-element_type=\"section\">\n\t\t\t\t\t\t<div class=\"elementor-container elementor-column-gap-default\">\n\t\t\t\t\t<div class=\"elementor-column elementor-col-100 elementor-top-column elementor-element elementor-element-440d103\" data-id=\"440d103\" data-element_type=\"column\">\n\t\t\t<div class=\"elementor-widget-wrap elementor-element-populated\">\n\t\t\t\t\t\t<div class=\"elementor-element elementor-element-3ee5054 elementor-widget elementor-widget-heading\" data-id=\"3ee5054\" data-element_type=\"widget\" data-widget_type=\"heading.default\">\n\t\t\t\t<div class=\"elementor-widget-container\">\n\t\t\t\t\t<h2 class=\"elementor-heading-title elementor-size-default\">Documentos en Europa<\/h2>\t\t\t\t<\/div>\n\t\t\t\t<\/div>\n\t\t\t\t\t<\/div>\n\t\t<\/div>\n\t\t\t\t\t<\/div>\n\t\t<\/section>\n\t\t\t\t<section class=\"elementor-section elementor-top-section elementor-element elementor-element-4c3e319f elementor-section-boxed elementor-section-height-default elementor-section-height-default\" data-id=\"4c3e319f\" data-element_type=\"section\">\n\t\t\t\t\t\t<div class=\"elementor-container elementor-column-gap-default\">\n\t\t\t\t\t<div class=\"elementor-column elementor-col-100 elementor-top-column elementor-element elementor-element-4e8d2e88\" data-id=\"4e8d2e88\" data-element_type=\"column\">\n\t\t\t<div class=\"elementor-widget-wrap elementor-element-populated\">\n\t\t\t\t\t\t<div class=\"elementor-element elementor-element-5b5cf5a4 elementor-widget elementor-widget-text-editor\" data-id=\"5b5cf5a4\" data-element_type=\"widget\" data-widget_type=\"text-editor.default\">\n\t\t\t\t<div class=\"elementor-widget-container\">\n\t\t\t\t\t\t\t\t\t<p><\/p>\n<p>A consultoria efetua buscas na Europa diretamente ou pelos colaboradores que disp\u00f5e em v\u00e1rios pa\u00edses. <\/p>\n<p><\/p>\n<p><\/p>\n<p>Dependendo da finalidade do documento, orientamos como deve ser pedido o mesmo.<\/p>\n<p><\/p>\n<p><\/p>\n<p>Seja o pais da Europa que precise do documento, Portugal, Fran\u00e7a, Italia, Alem\u00e3, etc.<\/p><p>Contate-nos para que possamos ajud\u00e1-lo no seu processo de Montagem de Documentos.<\/p>\n<p><\/p>\t\t\t\t\t\t\t\t<\/div>\n\t\t\t\t<\/div>\n\t\t\t\t\t<\/div>\n\t\t<\/div>\n\t\t\t\t\t<\/div>\n\t\t<\/section>\n\t\t\t\t<\/div>\n\t\t","protected":false},"excerpt":{"rendered":"<p>Documentos en Europa A consultoria efetua buscas na Europa diretamente ou pelos colaboradores que disp\u00f5e em v\u00e1rios pa\u00edses. Dependendo da finalidade do documento, orientamos como deve ser pedido o mesmo. Seja o pais da Europa que precise do documento, Portugal, Fran\u00e7a, Italia, Alem\u00e3, etc. Contate-nos para que possamos ajud\u00e1-lo no seu processo de Montagem de &#8230; <a title=\"Documentos en Europa\" class=\"read-more\" href=\"https:\/\/esconsultoria.es\/es\/documentos-en-europa\/\" aria-label=\"Leer m\u00e1s sobre Documentos en Europa\">Leer m\u00e1s<\/a><\/p>\n","protected":false},"author":1,"featured_media":0,"parent":0,"menu_order":0,"comment_status":"closed","ping_status":"closed","template":"","meta":{"content-type":"","footnotes":""},"class_list":["post-2182","page","type-page","status-publish"],"yoast_head":"<!-- This site is optimized with the Yoast SEO plugin v24.4 - https:\/\/yoast.com\/wordpress\/plugins\/seo\/ -->\n<title>Documentos en Europa \u00a1Solicite el suyo ahora!<\/title>\n<meta name=\"description\" content=\"E S Consultoria Internacional | Documentos en Europa |\" \/>\n<meta name=\"robots\" content=\"index, follow, max-snippet:-1, max-image-preview:large, max-video-preview:-1\" \/>\n<link rel=\"canonical\" href=\"https:\/\/esconsultoria.es\/es\/documentos-en-europa\/\" \/>\n<meta property=\"og:locale\" content=\"es_ES\" \/>\n<meta property=\"og:type\" content=\"article\" \/>\n<meta property=\"og:title\" content=\"Documentos en Europa \u00a1Solicite el suyo ahora!\" \/>\n<meta property=\"og:description\" content=\"E S Consultoria Internacional | Documentos en Europa |\" \/>\n<meta property=\"og:url\" content=\"https:\/\/esconsultoria.es\/es\/documentos-en-europa\/\" \/>\n<meta property=\"og:site_name\" content=\"E S Consultoria Internacional\" \/>\n<meta property=\"article:publisher\" content=\"https:\/\/www.facebook.com\/eurosupremas\" \/>\n<meta property=\"article:modified_time\" content=\"2022-02-20T13:41:05+00:00\" \/>\n<meta property=\"og:image\" content=\"https:\/\/esconsultoria.es\/wp-content\/uploads\/logo-en-vectores-01.png\" \/>\n\t<meta property=\"og:image:width\" content=\"2084\" \/>\n\t<meta property=\"og:image:height\" content=\"2084\" \/>\n\t<meta property=\"og:image:type\" content=\"image\/png\" \/>\n<meta name=\"twitter:card\" content=\"summary_large_image\" \/>\n<meta name=\"twitter:site\" content=\"@eurosupremas\" \/>\n<meta name=\"twitter:label1\" content=\"Tiempo de lectura\" \/>\n\t<meta name=\"twitter:data1\" content=\"1 minuto\" \/>\n<script type=\"application\/ld+json\" class=\"yoast-schema-graph\">{\"@context\":\"https:\/\/schema.org\",\"@graph\":[{\"@type\":\"WebPage\",\"@id\":\"https:\/\/esconsultoria.es\/es\/documentos-en-europa\/\",\"url\":\"https:\/\/esconsultoria.es\/es\/documentos-en-europa\/\",\"name\":\"Documentos en Europa \u00a1Solicite el suyo ahora!\",\"isPartOf\":{\"@id\":\"https:\/\/esconsultoria.es\/#website\"},\"datePublished\":\"2020-09-09T12:18:49+00:00\",\"dateModified\":\"2022-02-20T13:41:05+00:00\",\"description\":\"E S Consultoria Internacional | Documentos en Europa |\",\"breadcrumb\":{\"@id\":\"https:\/\/esconsultoria.es\/es\/documentos-en-europa\/#breadcrumb\"},\"inLanguage\":\"es\",\"potentialAction\":[{\"@type\":\"ReadAction\",\"target\":[\"https:\/\/esconsultoria.es\/es\/documentos-en-europa\/\"]}]},{\"@type\":\"BreadcrumbList\",\"@id\":\"https:\/\/esconsultoria.es\/es\/documentos-en-europa\/#breadcrumb\",\"itemListElement\":[{\"@type\":\"ListItem\",\"position\":1,\"name\":\"Portada\",\"item\":\"https:\/\/esconsultoria.es\/es\/\"},{\"@type\":\"ListItem\",\"position\":2,\"name\":\"Documentos en Europa\"}]},{\"@type\":\"WebSite\",\"@id\":\"https:\/\/esconsultoria.es\/#website\",\"url\":\"https:\/\/esconsultoria.es\/\",\"name\":\"E S Consultoria Internacional\",\"description\":\"Nacionalidade Espanhola Visto de Resid\u00eancia Espanha Cidadania\",\"publisher\":{\"@id\":\"https:\/\/esconsultoria.es\/#organization\"},\"potentialAction\":[{\"@type\":\"SearchAction\",\"target\":{\"@type\":\"EntryPoint\",\"urlTemplate\":\"https:\/\/esconsultoria.es\/?s={search_term_string}\"},\"query-input\":{\"@type\":\"PropertyValueSpecification\",\"valueRequired\":true,\"valueName\":\"search_term_string\"}}],\"inLanguage\":\"es\"},{\"@type\":\"Organization\",\"@id\":\"https:\/\/esconsultoria.es\/#organization\",\"name\":\"ES Consultoria Internacional - Nacionalidade Espanhola - Documentos na Espanha\",\"url\":\"https:\/\/esconsultoria.es\/\",\"logo\":{\"@type\":\"ImageObject\",\"inLanguage\":\"es\",\"@id\":\"https:\/\/esconsultoria.es\/#\/schema\/logo\/image\/\",\"url\":\"https:\/\/esconsultoria.es\/wp-content\/uploads\/logo-ES-Consultoria.webp\",\"contentUrl\":\"https:\/\/esconsultoria.es\/wp-content\/uploads\/logo-ES-Consultoria.webp\",\"width\":2084,\"height\":1076,\"caption\":\"ES Consultoria Internacional - Nacionalidade Espanhola - Documentos na Espanha\"},\"image\":{\"@id\":\"https:\/\/esconsultoria.es\/#\/schema\/logo\/image\/\"},\"sameAs\":[\"https:\/\/www.facebook.com\/eurosupremas\",\"https:\/\/x.com\/eurosupremas\",\"https:\/\/www.instagram.com\/esconsultoria\",\"https:\/\/www.linkedin.com\/company\/euro-supremas-consulting\",\"https:\/\/www.youtube.com\/channel\/UCDk5vZ6jRAFtLz31Zjz1uUg\"]}]}<\/script>\n<!-- \/ Yoast SEO plugin. -->","yoast_head_json":{"title":"Documentos en Europa \u00a1Solicite el suyo ahora!","description":"E S Consultoria Internacional | Documentos en Europa |","robots":{"index":"index","follow":"follow","max-snippet":"max-snippet:-1","max-image-preview":"max-image-preview:large","max-video-preview":"max-video-preview:-1"},"canonical":"https:\/\/esconsultoria.es\/es\/documentos-en-europa\/","og_locale":"es_ES","og_type":"article","og_title":"Documentos en Europa \u00a1Solicite el suyo ahora!","og_description":"E S Consultoria Internacional | Documentos en Europa |","og_url":"https:\/\/esconsultoria.es\/es\/documentos-en-europa\/","og_site_name":"E S Consultoria Internacional","article_publisher":"https:\/\/www.facebook.com\/eurosupremas","article_modified_time":"2022-02-20T13:41:05+00:00","og_image":[{"width":2084,"height":2084,"url":"https:\/\/esconsultoria.es\/wp-content\/uploads\/logo-en-vectores-01.png","type":"image\/png"}],"twitter_card":"summary_large_image","twitter_site":"@eurosupremas","twitter_misc":{"Tiempo de lectura":"1 minuto"},"schema":{"@context":"https:\/\/schema.org","@graph":[{"@type":"WebPage","@id":"https:\/\/esconsultoria.es\/es\/documentos-en-europa\/","url":"https:\/\/esconsultoria.es\/es\/documentos-en-europa\/","name":"Documentos en Europa \u00a1Solicite el suyo ahora!","isPartOf":{"@id":"https:\/\/esconsultoria.es\/#website"},"datePublished":"2020-09-09T12:18:49+00:00","dateModified":"2022-02-20T13:41:05+00:00","description":"E S Consultoria Internacional | Documentos en Europa |","breadcrumb":{"@id":"https:\/\/esconsultoria.es\/es\/documentos-en-europa\/#breadcrumb"},"inLanguage":"es","potentialAction":[{"@type":"ReadAction","target":["https:\/\/esconsultoria.es\/es\/documentos-en-europa\/"]}]},{"@type":"BreadcrumbList","@id":"https:\/\/esconsultoria.es\/es\/documentos-en-europa\/#breadcrumb","itemListElement":[{"@type":"ListItem","position":1,"name":"Portada","item":"https:\/\/esconsultoria.es\/es\/"},{"@type":"ListItem","position":2,"name":"Documentos en Europa"}]},{"@type":"WebSite","@id":"https:\/\/esconsultoria.es\/#website","url":"https:\/\/esconsultoria.es\/","name":"E S Consultoria Internacional","description":"Nacionalidade Espanhola Visto de Resid\u00eancia Espanha Cidadania","publisher":{"@id":"https:\/\/esconsultoria.es\/#organization"},"potentialAction":[{"@type":"SearchAction","target":{"@type":"EntryPoint","urlTemplate":"https:\/\/esconsultoria.es\/?s={search_term_string}"},"query-input":{"@type":"PropertyValueSpecification","valueRequired":true,"valueName":"search_term_string"}}],"inLanguage":"es"},{"@type":"Organization","@id":"https:\/\/esconsultoria.es\/#organization","name":"ES Consultoria Internacional - Nacionalidade Espanhola - Documentos na Espanha","url":"https:\/\/esconsultoria.es\/","logo":{"@type":"ImageObject","inLanguage":"es","@id":"https:\/\/esconsultoria.es\/#\/schema\/logo\/image\/","url":"https:\/\/esconsultoria.es\/wp-content\/uploads\/logo-ES-Consultoria.webp","contentUrl":"https:\/\/esconsultoria.es\/wp-content\/uploads\/logo-ES-Consultoria.webp","width":2084,"height":1076,"caption":"ES Consultoria Internacional - Nacionalidade Espanhola - Documentos na Espanha"},"image":{"@id":"https:\/\/esconsultoria.es\/#\/schema\/logo\/image\/"},"sameAs":["https:\/\/www.facebook.com\/eurosupremas","https:\/\/x.com\/eurosupremas","https:\/\/www.instagram.com\/esconsultoria","https:\/\/www.linkedin.com\/company\/euro-supremas-consulting","https:\/\/www.youtube.com\/channel\/UCDk5vZ6jRAFtLz31Zjz1uUg"]}]}},"_links":{"self":[{"href":"https:\/\/esconsultoria.es\/es\/wp-json\/wp\/v2\/pages\/2182","targetHints":{"allow":["GET"]}}],"collection":[{"href":"https:\/\/esconsultoria.es\/es\/wp-json\/wp\/v2\/pages"}],"about":[{"href":"https:\/\/esconsultoria.es\/es\/wp-json\/wp\/v2\/types\/page"}],"author":[{"embeddable":true,"href":"https:\/\/esconsultoria.es\/es\/wp-json\/wp\/v2\/users\/1"}],"replies":[{"embeddable":true,"href":"https:\/\/esconsultoria.es\/es\/wp-json\/wp\/v2\/comments?post=2182"}],"version-history":[{"count":11,"href":"https:\/\/esconsultoria.es\/es\/wp-json\/wp\/v2\/pages\/2182\/revisions"}],"predecessor-version":[{"id":2384,"href":"https:\/\/esconsultoria.es\/es\/wp-json\/wp\/v2\/pages\/2182\/revisions\/2384"}],"wp:attachment":[{"href":"https:\/\/esconsultoria.es\/es\/wp-json\/wp\/v2\/media?parent=2182"}],"curies":[{"name":"wp","href":"https:\/\/api.w.org\/{rel}","templated":true}]}}