{"id":2146,"date":"2021-12-14T12:56:52","date_gmt":"2021-12-14T11:56:52","guid":{"rendered":"https:\/\/esconsultoria.es\/aire-registro-de-italianos-en-el-extranjero\/"},"modified":"2022-02-20T09:58:42","modified_gmt":"2022-02-20T08:58:42","slug":"aire-registro-de-italianos-en-el-extranjero","status":"publish","type":"page","link":"https:\/\/esconsultoria.es\/es\/aire-registro-de-italianos-en-el-extranjero\/","title":{"rendered":"AIRE &#8211; Registro de italianos en el extranjero"},"content":{"rendered":"\t\t<div data-elementor-type=\"wp-page\" data-elementor-id=\"2146\" class=\"elementor elementor-2146\" data-elementor-post-type=\"page\">\n\t\t\t\t\t\t<section class=\"elementor-section elementor-top-section elementor-element elementor-element-dd16097 elementor-section-boxed elementor-section-height-default elementor-section-height-default\" data-id=\"dd16097\" data-element_type=\"section\">\n\t\t\t\t\t\t<div class=\"elementor-container elementor-column-gap-default\">\n\t\t\t\t\t<div class=\"elementor-column elementor-col-100 elementor-top-column elementor-element elementor-element-b8ef8df\" data-id=\"b8ef8df\" data-element_type=\"column\">\n\t\t\t<div class=\"elementor-widget-wrap elementor-element-populated\">\n\t\t\t\t\t\t<div class=\"elementor-element elementor-element-a1a92b7 elementor-widget elementor-widget-heading\" data-id=\"a1a92b7\" data-element_type=\"widget\" data-widget_type=\"heading.default\">\n\t\t\t\t<div class=\"elementor-widget-container\">\n\t\t\t\t\t<h1 class=\"elementor-heading-title elementor-size-default\">Registro de italianos residentes en el extranjero<\/h1>\t\t\t\t<\/div>\n\t\t\t\t<\/div>\n\t\t\t\t<div class=\"elementor-element elementor-element-16db575 elementor-widget elementor-widget-heading\" data-id=\"16db575\" data-element_type=\"widget\" data-widget_type=\"heading.default\">\n\t\t\t\t<div class=\"elementor-widget-container\">\n\t\t\t\t\t<h2 class=\"elementor-heading-title elementor-size-default\">AIRE<\/h2>\t\t\t\t<\/div>\n\t\t\t\t<\/div>\n\t\t\t\t\t<\/div>\n\t\t<\/div>\n\t\t\t\t\t<\/div>\n\t\t<\/section>\n\t\t\t\t<section class=\"elementor-section elementor-top-section elementor-element elementor-element-7a48ed9 elementor-section-boxed elementor-section-height-default elementor-section-height-default\" data-id=\"7a48ed9\" data-element_type=\"section\">\n\t\t\t\t\t\t<div class=\"elementor-container elementor-column-gap-default\">\n\t\t\t\t\t<div class=\"elementor-column elementor-col-100 elementor-top-column elementor-element elementor-element-b098452\" data-id=\"b098452\" data-element_type=\"column\">\n\t\t\t<div class=\"elementor-widget-wrap elementor-element-populated\">\n\t\t\t\t\t\t<div class=\"elementor-element elementor-element-00c79d7 elementor-widget elementor-widget-image\" data-id=\"00c79d7\" data-element_type=\"widget\" data-widget_type=\"image.default\">\n\t\t\t\t<div class=\"elementor-widget-container\">\n\t\t\t\t\t\t\t\t\t\t\t\t\t\t\t<img fetchpriority=\"high\" decoding=\"async\" width=\"1024\" height=\"576\" src=\"https:\/\/esconsultoria.es\/wp-content\/uploads\/A.I.R.E-BANNER-1024x576.webp\" class=\"attachment-large size-large wp-image-1623\" alt=\"Registro dos Italianos Residentes no Exterior\" srcset=\"https:\/\/esconsultoria.es\/wp-content\/uploads\/A.I.R.E-BANNER-1024x576.webp 1024w, https:\/\/esconsultoria.es\/wp-content\/uploads\/A.I.R.E-BANNER-600x338.webp 600w, https:\/\/esconsultoria.es\/wp-content\/uploads\/A.I.R.E-BANNER-300x169.webp 300w, https:\/\/esconsultoria.es\/wp-content\/uploads\/A.I.R.E-BANNER-768x432.webp 768w, https:\/\/esconsultoria.es\/wp-content\/uploads\/A.I.R.E-BANNER-1536x864.webp 1536w, https:\/\/esconsultoria.es\/wp-content\/uploads\/A.I.R.E-BANNER-2048x1152.webp 2048w\" sizes=\"(max-width: 1024px) 100vw, 1024px\" \/>\t\t\t\t\t\t\t\t\t\t\t\t\t\t\t<\/div>\n\t\t\t\t<\/div>\n\t\t\t\t\t<\/div>\n\t\t<\/div>\n\t\t\t\t\t<\/div>\n\t\t<\/section>\n\t\t\t\t<section class=\"elementor-section elementor-top-section elementor-element elementor-element-12930b0 elementor-section-boxed elementor-section-height-default elementor-section-height-default\" data-id=\"12930b0\" data-element_type=\"section\">\n\t\t\t\t\t\t<div class=\"elementor-container elementor-column-gap-default\">\n\t\t\t\t\t<div class=\"elementor-column elementor-col-100 elementor-top-column elementor-element elementor-element-3244e63\" data-id=\"3244e63\" data-element_type=\"column\">\n\t\t\t<div class=\"elementor-widget-wrap elementor-element-populated\">\n\t\t\t\t\t\t<div class=\"elementor-element elementor-element-99920f7 elementor-widget elementor-widget-text-editor\" data-id=\"99920f7\" data-element_type=\"widget\" data-widget_type=\"text-editor.default\">\n\t\t\t\t<div class=\"elementor-widget-container\">\n\t\t\t\t\t\t\t\t\t<div class=\"\" data-block=\"true\" data-editor=\"fesav\" data-offset-key=\"b7l3b-0-0\"><div class=\"_1mf _1mj\" data-offset-key=\"b7l3b-0-0\"><span data-offset-key=\"b7l3b-0-0\">\u2705El catastro A.I.R.E. o Registro de Italianos Residentes en el Extranjero o tambi\u00e9n conocido como Anagrafe Italiana Residente all`Estero es un servicio gestionado y supervisado por la Comune Italiana, donde se inscribe cada ciudadano. Este registro lo realiza el Consulado del pa\u00eds de residencia del ciudadano italiano, cuya responsabilidad es analizar toda la documentaci\u00f3n y enviarla al Comune.<\/span><\/div><\/div><div class=\"\" data-block=\"true\" data-editor=\"fesav\" data-offset-key=\"2u52m-0-0\"><div class=\"_1mf _1mj\" data-offset-key=\"2u52m-0-0\"><span data-offset-key=\"2u52m-0-0\">\u00a0<\/span><\/div><\/div><div class=\"\" data-block=\"true\" data-editor=\"fesav\" data-offset-key=\"85usn-0-0\"><div class=\"_1mf _1mj\" data-offset-key=\"85usn-0-0\"><span data-offset-key=\"85usn-0-0\">\u00a0<\/span><\/div><\/div><div class=\"\" data-block=\"true\" data-editor=\"fesav\" data-offset-key=\"chbku-0-0\"><div class=\"_1mf _1mj\" data-offset-key=\"chbku-0-0\"><span data-offset-key=\"chbku-0-0\">\u2705Se trata de un proceso delicado que puede dar lugar a diversas sanciones, tanto para el ciudadano italiano como para el funcionario consular, si se detecta alg\u00fan fraude o irregularidad.<\/span><\/div><\/div><div class=\"\" data-block=\"true\" data-editor=\"fesav\" data-offset-key=\"aa3tp-0-0\"><div class=\"_1mf _1mj\" data-offset-key=\"aa3tp-0-0\"><span data-offset-key=\"aa3tp-0-0\">\u00a0<\/span><\/div><\/div><div class=\"\" data-block=\"true\" data-editor=\"fesav\" data-offset-key=\"dv0i1-0-0\"><div class=\"_1mf _1mj\" data-offset-key=\"dv0i1-0-0\">\u00a0<\/div><\/div><div class=\"\" data-block=\"true\" data-editor=\"fesav\" data-offset-key=\"5qgbq-0-0\"><div class=\"_1mf _1mj\" data-offset-key=\"5qgbq-0-0\"><span data-offset-key=\"5qgbq-0-0\">\u2705Para el Comune es de suma importancia actualizar los datos que permitir\u00e1n al gobierno italiano definir su perfil poblacional (necesario para la implementaci\u00f3n de programas, otorgamiento de beneficios, entre otras acciones) y contar con el apoyo de la poblaci\u00f3n de cara a las elecciones.<\/span><\/div><\/div><div class=\"\" data-block=\"true\" data-editor=\"fesav\" data-offset-key=\"2g7rd-0-0\"><div class=\"_1mf _1mj\" data-offset-key=\"2g7rd-0-0\"><span data-offset-key=\"2g7rd-0-0\">\u00a0<\/span><\/div><\/div><div class=\"\" data-block=\"true\" data-editor=\"fesav\" data-offset-key=\"dvpg7-0-0\"><div class=\"_1mf _1mj\" data-offset-key=\"dvpg7-0-0\"><span data-offset-key=\"dvpg7-0-0\">\u00a0<\/span><\/div><\/div><div class=\"\" data-block=\"true\" data-editor=\"fesav\" data-offset-key=\"e2d0u-0-0\"><div class=\"_1mf _1mj\" data-offset-key=\"e2d0u-0-0\"><span data-offset-key=\"e2d0u-0-0\">\u2705Sin este registro, el ciudadano italiano no puede solicitar un pasaporte y otros documentos de identidad, obtener prestaciones del gobierno, entre otros derechos y deberes constitucionales, y no puede votar ni presentarse a las elecciones.<\/span><\/div><\/div><div class=\"\" data-block=\"true\" data-editor=\"fesav\" data-offset-key=\"7kopa-0-0\"><div class=\"_1mf _1mj\" data-offset-key=\"7kopa-0-0\"><span data-offset-key=\"7kopa-0-0\">\u00a0<\/span><\/div><\/div><div class=\"\" data-block=\"true\" data-editor=\"fesav\" data-offset-key=\"27nbr-0-0\"><div class=\"_1mf _1mj\" data-offset-key=\"27nbr-0-0\"><span data-offset-key=\"27nbr-0-0\">\u00a0<\/span><\/div><\/div><div class=\"\" data-block=\"true\" data-editor=\"fesav\" data-offset-key=\"et1bn-0-0\"><div class=\"_1mf _1mj\" data-offset-key=\"et1bn-0-0\"><span data-offset-key=\"et1bn-0-0\">\u2705Adem\u00e1s del proceso de actualizaci\u00f3n del registro, es muy importante que el matrimonio celebrado en Brasil sea transcrito en los registros del estado civil del municipio italiano competente.<br \/><\/span><\/div><\/div><div class=\"\" data-block=\"true\" data-editor=\"fesav\" data-offset-key=\"8jj4f-0-0\"><div class=\"_1mf _1mj\" data-offset-key=\"8jj4f-0-0\"><span data-offset-key=\"8jj4f-0-0\">\u00a0<\/span><\/div><\/div><div class=\"\" data-block=\"true\" data-editor=\"fesav\" data-offset-key=\"cf845-0-0\"><div class=\"_1mf _1mj\" data-offset-key=\"cf845-0-0\"><span data-offset-key=\"cf845-0-0\">\u2705Es obligaci\u00f3n del ciudadano italiano presentar en el Consulado el respectivo certificado de matrimonio emitido por las autoridades locales para que sea enviado al municipio italiano para su debida transcripci\u00f3n. As\u00ed como para comunicar el nacimiento de los hijos.<\/span><\/div><\/div><div class=\"\" data-block=\"true\" data-editor=\"fesav\" data-offset-key=\"d0gt9-0-0\"><div class=\"_1mf _1mj\" data-offset-key=\"d0gt9-0-0\"><span data-offset-key=\"d0gt9-0-0\">\u00a0<\/span><\/div><\/div><div class=\"\" data-block=\"true\" data-editor=\"fesav\" data-offset-key=\"a9c5f-0-0\"><div class=\"_1mf _1mj\" data-offset-key=\"a9c5f-0-0\"><span data-offset-key=\"a9c5f-0-0\">\u00a0<\/span><\/div><\/div><div class=\"\" data-block=\"true\" data-editor=\"fesav\" data-offset-key=\"8kmv7-0-0\"><div class=\"_1mf _1mj\" data-offset-key=\"8kmv7-0-0\"><span data-offset-key=\"8kmv7-0-0\">\u2705Nos esforzamos para que su situaci\u00f3n registral sea siempre acorde con el lugar donde vive, la actualizaci\u00f3n del estado civil, la inclusi\u00f3n de los hijos. Y acompa\u00f1amos el proceso hasta su finalizaci\u00f3n.<\/span><\/div><div class=\"_1mf _1mj\" data-offset-key=\"8kmv7-0-0\"><span data-offset-key=\"8kmv7-0-0\">\u00a0<\/span><\/div><\/div><div data-offset-key=\"8kmv7-0-0\">\u00a0<\/div><div data-offset-key=\"8kmv7-0-0\">Por lo tanto, por favor, haga su AIRE &#8211; Registro de los italianos que viven en el extranjero con nosotros, p\u00f3ngase en contacto con nosotros a trav\u00e9s de nuestro <a href=\"https:\/\/esconsultoria.es\/es\/contacto\">formulario de contacto<\/a> en la WEB<\/div><div class=\"\" data-block=\"true\" data-editor=\"fesav\" data-offset-key=\"8n7ls-0-0\">\u00a0<\/div><div class=\"\" data-block=\"true\" data-editor=\"fesav\" data-offset-key=\"b84pm-0-0\"><div class=\"_1mf _1mj\" data-offset-key=\"b84pm-0-0\">\u00a0<\/div><\/div><div class=\"\" data-block=\"true\" data-editor=\"fesav\" data-offset-key=\"8qr9f-0-0\"><div class=\"_1mf _1mj\" style=\"text-align: center;\" data-offset-key=\"8qr9f-0-0\">#aire #ciudadan\u00edaitaliana #documentaci\u00f3n #consuladoitaliano #passaporteitaliano #pasaporte<\/div><\/div>\t\t\t\t\t\t\t\t<\/div>\n\t\t\t\t<\/div>\n\t\t\t\t\t<\/div>\n\t\t<\/div>\n\t\t\t\t\t<\/div>\n\t\t<\/section>\n\t\t\t\t<section class=\"elementor-section elementor-top-section elementor-element elementor-element-f6b327a elementor-section-boxed elementor-section-height-default elementor-section-height-default\" data-id=\"f6b327a\" data-element_type=\"section\">\n\t\t\t\t\t\t<div class=\"elementor-container elementor-column-gap-default\">\n\t\t\t\t\t<div class=\"elementor-column elementor-col-33 elementor-top-column elementor-element elementor-element-3fd893c\" data-id=\"3fd893c\" data-element_type=\"column\">\n\t\t\t<div class=\"elementor-widget-wrap\">\n\t\t\t\t\t\t\t<\/div>\n\t\t<\/div>\n\t\t\t\t<div class=\"elementor-column elementor-col-33 elementor-top-column elementor-element elementor-element-f4a5b6d\" data-id=\"f4a5b6d\" data-element_type=\"column\">\n\t\t\t<div class=\"elementor-widget-wrap elementor-element-populated\">\n\t\t\t\t\t\t<div class=\"elementor-element elementor-element-490e602 elementor-align-center elementor-widget elementor-widget-button\" data-id=\"490e602\" data-element_type=\"widget\" data-widget_type=\"button.default\">\n\t\t\t\t<div class=\"elementor-widget-container\">\n\t\t\t\t\t\t\t\t\t<div class=\"elementor-button-wrapper\">\n\t\t\t\t\t<a class=\"elementor-button elementor-button-link elementor-size-sm\" href=\"https:\/\/esconsultoria.es\/es\/contacto\/\" rel=\"nofollow\" contato_aire=\"\" id=\"contato_aire_es\">\n\t\t\t\t\t\t<span class=\"elementor-button-content-wrapper\">\n\t\t\t\t\t\t\t\t\t<span class=\"elementor-button-text\">Contacto<\/span>\n\t\t\t\t\t<\/span>\n\t\t\t\t\t<\/a>\n\t\t\t\t<\/div>\n\t\t\t\t\t\t\t\t<\/div>\n\t\t\t\t<\/div>\n\t\t\t\t\t<\/div>\n\t\t<\/div>\n\t\t\t\t<div class=\"elementor-column elementor-col-33 elementor-top-column elementor-element elementor-element-da08022\" data-id=\"da08022\" data-element_type=\"column\">\n\t\t\t<div class=\"elementor-widget-wrap\">\n\t\t\t\t\t\t\t<\/div>\n\t\t<\/div>\n\t\t\t\t\t<\/div>\n\t\t<\/section>\n\t\t\t\t<\/div>\n\t\t","protected":false},"excerpt":{"rendered":"<p>Registro de italianos residentes en el extranjero AIRE \u2705El catastro A.I.R.E. o Registro de Italianos Residentes en el Extranjero o tambi\u00e9n conocido como Anagrafe Italiana Residente all`Estero es un servicio gestionado y supervisado por la Comune Italiana, donde se inscribe cada ciudadano. Este registro lo realiza el Consulado del pa\u00eds de residencia del ciudadano italiano, &#8230; <a title=\"AIRE &#8211; Registro de italianos en el extranjero\" class=\"read-more\" href=\"https:\/\/esconsultoria.es\/es\/aire-registro-de-italianos-en-el-extranjero\/\" aria-label=\"Leer m\u00e1s sobre AIRE &#8211; Registro de italianos en el extranjero\">Leer m\u00e1s<\/a><\/p>\n","protected":false},"author":1,"featured_media":0,"parent":0,"menu_order":0,"comment_status":"closed","ping_status":"closed","template":"","meta":{"content-type":"","footnotes":""},"class_list":["post-2146","page","type-page","status-publish"],"yoast_head":"<!-- This site is optimized with the Yoast SEO plugin v24.4 - https:\/\/yoast.com\/wordpress\/plugins\/seo\/ -->\n<title>Registro de italianos residentes en el extranjero<\/title>\n<meta name=\"description\" content=\"Hacemos el registro y las actualizaciones del AIRE, el Registro de Italianos Residentes en el Extranjero es un procedimiento que hay que actualizar\" \/>\n<meta name=\"robots\" content=\"index, follow, max-snippet:-1, max-image-preview:large, max-video-preview:-1\" \/>\n<link rel=\"canonical\" href=\"https:\/\/esconsultoria.es\/es\/aire-registro-de-italianos-en-el-extranjero\/\" \/>\n<meta property=\"og:locale\" content=\"es_ES\" \/>\n<meta property=\"og:type\" content=\"article\" \/>\n<meta property=\"og:title\" content=\"Registro de italianos residentes en el extranjero\" \/>\n<meta property=\"og:description\" content=\"Hacemos el registro y las actualizaciones del AIRE, el Registro de Italianos Residentes en el Extranjero es un procedimiento que hay que actualizar\" \/>\n<meta property=\"og:url\" content=\"https:\/\/esconsultoria.es\/es\/aire-registro-de-italianos-en-el-extranjero\/\" \/>\n<meta property=\"og:site_name\" content=\"E S Consultoria Internacional\" \/>\n<meta property=\"article:publisher\" content=\"https:\/\/www.facebook.com\/eurosupremas\" \/>\n<meta property=\"article:modified_time\" content=\"2022-02-20T08:58:42+00:00\" \/>\n<meta property=\"og:image\" content=\"https:\/\/esconsultoria.es\/wp-content\/uploads\/A.I.R.E-BANNER-1024x576.webp\" \/>\n<meta name=\"twitter:card\" content=\"summary_large_image\" \/>\n<meta name=\"twitter:site\" content=\"@eurosupremas\" \/>\n<meta name=\"twitter:label1\" content=\"Tiempo de lectura\" \/>\n\t<meta name=\"twitter:data1\" content=\"2 minutos\" \/>\n<script type=\"application\/ld+json\" class=\"yoast-schema-graph\">{\"@context\":\"https:\/\/schema.org\",\"@graph\":[{\"@type\":\"WebPage\",\"@id\":\"https:\/\/esconsultoria.es\/es\/aire-registro-de-italianos-en-el-extranjero\/\",\"url\":\"https:\/\/esconsultoria.es\/es\/aire-registro-de-italianos-en-el-extranjero\/\",\"name\":\"Registro de italianos residentes en el extranjero\",\"isPartOf\":{\"@id\":\"https:\/\/esconsultoria.es\/#website\"},\"primaryImageOfPage\":{\"@id\":\"https:\/\/esconsultoria.es\/es\/aire-registro-de-italianos-en-el-extranjero\/#primaryimage\"},\"image\":{\"@id\":\"https:\/\/esconsultoria.es\/es\/aire-registro-de-italianos-en-el-extranjero\/#primaryimage\"},\"thumbnailUrl\":\"https:\/\/esconsultoria.es\/wp-content\/uploads\/A.I.R.E-BANNER-1024x576.webp\",\"datePublished\":\"2021-12-14T11:56:52+00:00\",\"dateModified\":\"2022-02-20T08:58:42+00:00\",\"description\":\"Hacemos el registro y las actualizaciones del AIRE, el Registro de Italianos Residentes en el Extranjero es un procedimiento que hay que actualizar\",\"breadcrumb\":{\"@id\":\"https:\/\/esconsultoria.es\/es\/aire-registro-de-italianos-en-el-extranjero\/#breadcrumb\"},\"inLanguage\":\"es\",\"potentialAction\":[{\"@type\":\"ReadAction\",\"target\":[\"https:\/\/esconsultoria.es\/es\/aire-registro-de-italianos-en-el-extranjero\/\"]}]},{\"@type\":\"ImageObject\",\"inLanguage\":\"es\",\"@id\":\"https:\/\/esconsultoria.es\/es\/aire-registro-de-italianos-en-el-extranjero\/#primaryimage\",\"url\":\"https:\/\/esconsultoria.es\/wp-content\/uploads\/A.I.R.E-BANNER-1024x576.webp\",\"contentUrl\":\"https:\/\/esconsultoria.es\/wp-content\/uploads\/A.I.R.E-BANNER-1024x576.webp\"},{\"@type\":\"BreadcrumbList\",\"@id\":\"https:\/\/esconsultoria.es\/es\/aire-registro-de-italianos-en-el-extranjero\/#breadcrumb\",\"itemListElement\":[{\"@type\":\"ListItem\",\"position\":1,\"name\":\"Portada\",\"item\":\"https:\/\/esconsultoria.es\/es\/\"},{\"@type\":\"ListItem\",\"position\":2,\"name\":\"AIRE &#8211; Registro de italianos en el extranjero\"}]},{\"@type\":\"WebSite\",\"@id\":\"https:\/\/esconsultoria.es\/#website\",\"url\":\"https:\/\/esconsultoria.es\/\",\"name\":\"E S Consultoria Internacional\",\"description\":\"Nacionalidade Espanhola Visto de Resid\u00eancia Espanha Cidadania\",\"publisher\":{\"@id\":\"https:\/\/esconsultoria.es\/#organization\"},\"potentialAction\":[{\"@type\":\"SearchAction\",\"target\":{\"@type\":\"EntryPoint\",\"urlTemplate\":\"https:\/\/esconsultoria.es\/?s={search_term_string}\"},\"query-input\":{\"@type\":\"PropertyValueSpecification\",\"valueRequired\":true,\"valueName\":\"search_term_string\"}}],\"inLanguage\":\"es\"},{\"@type\":\"Organization\",\"@id\":\"https:\/\/esconsultoria.es\/#organization\",\"name\":\"ES Consultoria Internacional - Nacionalidade Espanhola - Documentos na Espanha\",\"url\":\"https:\/\/esconsultoria.es\/\",\"logo\":{\"@type\":\"ImageObject\",\"inLanguage\":\"es\",\"@id\":\"https:\/\/esconsultoria.es\/#\/schema\/logo\/image\/\",\"url\":\"https:\/\/esconsultoria.es\/wp-content\/uploads\/logo-ES-Consultoria.webp\",\"contentUrl\":\"https:\/\/esconsultoria.es\/wp-content\/uploads\/logo-ES-Consultoria.webp\",\"width\":2084,\"height\":1076,\"caption\":\"ES Consultoria Internacional - Nacionalidade Espanhola - Documentos na Espanha\"},\"image\":{\"@id\":\"https:\/\/esconsultoria.es\/#\/schema\/logo\/image\/\"},\"sameAs\":[\"https:\/\/www.facebook.com\/eurosupremas\",\"https:\/\/x.com\/eurosupremas\",\"https:\/\/www.instagram.com\/esconsultoria\",\"https:\/\/www.linkedin.com\/company\/euro-supremas-consulting\",\"https:\/\/www.youtube.com\/channel\/UCDk5vZ6jRAFtLz31Zjz1uUg\"]}]}<\/script>\n<!-- \/ Yoast SEO plugin. -->","yoast_head_json":{"title":"Registro de italianos residentes en el extranjero","description":"Hacemos el registro y las actualizaciones del AIRE, el Registro de Italianos Residentes en el Extranjero es un procedimiento que hay que actualizar","robots":{"index":"index","follow":"follow","max-snippet":"max-snippet:-1","max-image-preview":"max-image-preview:large","max-video-preview":"max-video-preview:-1"},"canonical":"https:\/\/esconsultoria.es\/es\/aire-registro-de-italianos-en-el-extranjero\/","og_locale":"es_ES","og_type":"article","og_title":"Registro de italianos residentes en el extranjero","og_description":"Hacemos el registro y las actualizaciones del AIRE, el Registro de Italianos Residentes en el Extranjero es un procedimiento que hay que actualizar","og_url":"https:\/\/esconsultoria.es\/es\/aire-registro-de-italianos-en-el-extranjero\/","og_site_name":"E S Consultoria Internacional","article_publisher":"https:\/\/www.facebook.com\/eurosupremas","article_modified_time":"2022-02-20T08:58:42+00:00","og_image":[{"url":"https:\/\/esconsultoria.es\/wp-content\/uploads\/A.I.R.E-BANNER-1024x576.webp","type":"","width":"","height":""}],"twitter_card":"summary_large_image","twitter_site":"@eurosupremas","twitter_misc":{"Tiempo de lectura":"2 minutos"},"schema":{"@context":"https:\/\/schema.org","@graph":[{"@type":"WebPage","@id":"https:\/\/esconsultoria.es\/es\/aire-registro-de-italianos-en-el-extranjero\/","url":"https:\/\/esconsultoria.es\/es\/aire-registro-de-italianos-en-el-extranjero\/","name":"Registro de italianos residentes en el extranjero","isPartOf":{"@id":"https:\/\/esconsultoria.es\/#website"},"primaryImageOfPage":{"@id":"https:\/\/esconsultoria.es\/es\/aire-registro-de-italianos-en-el-extranjero\/#primaryimage"},"image":{"@id":"https:\/\/esconsultoria.es\/es\/aire-registro-de-italianos-en-el-extranjero\/#primaryimage"},"thumbnailUrl":"https:\/\/esconsultoria.es\/wp-content\/uploads\/A.I.R.E-BANNER-1024x576.webp","datePublished":"2021-12-14T11:56:52+00:00","dateModified":"2022-02-20T08:58:42+00:00","description":"Hacemos el registro y las actualizaciones del AIRE, el Registro de Italianos Residentes en el Extranjero es un procedimiento que hay que actualizar","breadcrumb":{"@id":"https:\/\/esconsultoria.es\/es\/aire-registro-de-italianos-en-el-extranjero\/#breadcrumb"},"inLanguage":"es","potentialAction":[{"@type":"ReadAction","target":["https:\/\/esconsultoria.es\/es\/aire-registro-de-italianos-en-el-extranjero\/"]}]},{"@type":"ImageObject","inLanguage":"es","@id":"https:\/\/esconsultoria.es\/es\/aire-registro-de-italianos-en-el-extranjero\/#primaryimage","url":"https:\/\/esconsultoria.es\/wp-content\/uploads\/A.I.R.E-BANNER-1024x576.webp","contentUrl":"https:\/\/esconsultoria.es\/wp-content\/uploads\/A.I.R.E-BANNER-1024x576.webp"},{"@type":"BreadcrumbList","@id":"https:\/\/esconsultoria.es\/es\/aire-registro-de-italianos-en-el-extranjero\/#breadcrumb","itemListElement":[{"@type":"ListItem","position":1,"name":"Portada","item":"https:\/\/esconsultoria.es\/es\/"},{"@type":"ListItem","position":2,"name":"AIRE &#8211; Registro de italianos en el extranjero"}]},{"@type":"WebSite","@id":"https:\/\/esconsultoria.es\/#website","url":"https:\/\/esconsultoria.es\/","name":"E S Consultoria Internacional","description":"Nacionalidade Espanhola Visto de Resid\u00eancia Espanha Cidadania","publisher":{"@id":"https:\/\/esconsultoria.es\/#organization"},"potentialAction":[{"@type":"SearchAction","target":{"@type":"EntryPoint","urlTemplate":"https:\/\/esconsultoria.es\/?s={search_term_string}"},"query-input":{"@type":"PropertyValueSpecification","valueRequired":true,"valueName":"search_term_string"}}],"inLanguage":"es"},{"@type":"Organization","@id":"https:\/\/esconsultoria.es\/#organization","name":"ES Consultoria Internacional - Nacionalidade Espanhola - Documentos na Espanha","url":"https:\/\/esconsultoria.es\/","logo":{"@type":"ImageObject","inLanguage":"es","@id":"https:\/\/esconsultoria.es\/#\/schema\/logo\/image\/","url":"https:\/\/esconsultoria.es\/wp-content\/uploads\/logo-ES-Consultoria.webp","contentUrl":"https:\/\/esconsultoria.es\/wp-content\/uploads\/logo-ES-Consultoria.webp","width":2084,"height":1076,"caption":"ES Consultoria Internacional - Nacionalidade Espanhola - Documentos na Espanha"},"image":{"@id":"https:\/\/esconsultoria.es\/#\/schema\/logo\/image\/"},"sameAs":["https:\/\/www.facebook.com\/eurosupremas","https:\/\/x.com\/eurosupremas","https:\/\/www.instagram.com\/esconsultoria","https:\/\/www.linkedin.com\/company\/euro-supremas-consulting","https:\/\/www.youtube.com\/channel\/UCDk5vZ6jRAFtLz31Zjz1uUg"]}]}},"_links":{"self":[{"href":"https:\/\/esconsultoria.es\/es\/wp-json\/wp\/v2\/pages\/2146","targetHints":{"allow":["GET"]}}],"collection":[{"href":"https:\/\/esconsultoria.es\/es\/wp-json\/wp\/v2\/pages"}],"about":[{"href":"https:\/\/esconsultoria.es\/es\/wp-json\/wp\/v2\/types\/page"}],"author":[{"embeddable":true,"href":"https:\/\/esconsultoria.es\/es\/wp-json\/wp\/v2\/users\/1"}],"replies":[{"embeddable":true,"href":"https:\/\/esconsultoria.es\/es\/wp-json\/wp\/v2\/comments?post=2146"}],"version-history":[{"count":12,"href":"https:\/\/esconsultoria.es\/es\/wp-json\/wp\/v2\/pages\/2146\/revisions"}],"predecessor-version":[{"id":2475,"href":"https:\/\/esconsultoria.es\/es\/wp-json\/wp\/v2\/pages\/2146\/revisions\/2475"}],"wp:attachment":[{"href":"https:\/\/esconsultoria.es\/es\/wp-json\/wp\/v2\/media?parent=2146"}],"curies":[{"name":"wp","href":"https:\/\/api.w.org\/{rel}","templated":true}]}}