{"id":2144,"date":"2020-08-31T15:13:52","date_gmt":"2020-08-31T13:13:52","guid":{"rendered":"https:\/\/esconsultoria.es\/documentacion-internacional\/"},"modified":"2022-04-12T18:12:20","modified_gmt":"2022-04-12T16:12:20","slug":"documentacion-internacional","status":"publish","type":"page","link":"https:\/\/esconsultoria.es\/es\/documentacion-internacional\/","title":{"rendered":"Documentaci\u00f3n Internacional"},"content":{"rendered":"\t\t<div data-elementor-type=\"wp-page\" data-elementor-id=\"2144\" class=\"elementor elementor-2144\" data-elementor-post-type=\"page\">\n\t\t\t\t\t\t<section class=\"elementor-section elementor-top-section elementor-element elementor-element-38e2149 elementor-section-boxed elementor-section-height-default elementor-section-height-default\" data-id=\"38e2149\" data-element_type=\"section\">\n\t\t\t\t\t\t<div class=\"elementor-container elementor-column-gap-default\">\n\t\t\t\t\t<div class=\"elementor-column elementor-col-100 elementor-top-column elementor-element elementor-element-db5b7fb\" data-id=\"db5b7fb\" data-element_type=\"column\">\n\t\t\t<div class=\"elementor-widget-wrap elementor-element-populated\">\n\t\t\t\t\t\t<div class=\"elementor-element elementor-element-0518288 elementor-widget elementor-widget-heading\" data-id=\"0518288\" data-element_type=\"widget\" data-widget_type=\"heading.default\">\n\t\t\t\t<div class=\"elementor-widget-container\">\n\t\t\t\t\t<h2 class=\"elementor-heading-title elementor-size-default\">Asesor\u00eda Internacional - Documentaci\u00f3n Internacional<\/h2>\t\t\t\t<\/div>\n\t\t\t\t<\/div>\n\t\t\t\t\t<\/div>\n\t\t<\/div>\n\t\t\t\t\t<\/div>\n\t\t<\/section>\n\t\t\t\t<section class=\"elementor-section elementor-top-section elementor-element elementor-element-095c17a elementor-section-boxed elementor-section-height-default elementor-section-height-default\" data-id=\"095c17a\" data-element_type=\"section\">\n\t\t\t\t\t\t<div class=\"elementor-container elementor-column-gap-default\">\n\t\t\t\t\t<div class=\"elementor-column elementor-col-100 elementor-top-column elementor-element elementor-element-6aa69aa\" data-id=\"6aa69aa\" data-element_type=\"column\">\n\t\t\t<div class=\"elementor-widget-wrap elementor-element-populated\">\n\t\t\t\t\t\t<div class=\"elementor-element elementor-element-453bea4 elementor-widget elementor-widget-text-editor\" data-id=\"453bea4\" data-element_type=\"widget\" data-widget_type=\"text-editor.default\">\n\t\t\t\t<div class=\"elementor-widget-container\">\n\t\t\t\t\t\t\t\t\tOfrecemos una amplia gama de servicios profesionales para satisfacer las necesidades espec\u00edficas de cada cliente en todo momento. La gesti\u00f3n de la documentaci\u00f3n internacional es importante para aquellos clientes que se encuentran fuera de Europa y necesitan unos documentos actualizados.\r\n\r\nOfrecemos un servicio personalizado, tanto en la b\u00fasqueda como en la emisi\u00f3n de documentos internacionales, tambi\u00e9n realizamos la Apostilla de la Haya para aquellos pa\u00edses que pertenecen al Convenio de la Haya.\t\t\t\t\t\t\t\t<\/div>\n\t\t\t\t<\/div>\n\t\t\t\t\t<\/div>\n\t\t<\/div>\n\t\t\t\t\t<\/div>\n\t\t<\/section>\n\t\t\t\t<section class=\"elementor-section elementor-top-section elementor-element elementor-element-ee5f9f8 elementor-section-boxed elementor-section-height-default elementor-section-height-default\" data-id=\"ee5f9f8\" data-element_type=\"section\">\n\t\t\t\t\t\t<div class=\"elementor-container elementor-column-gap-default\">\n\t\t\t\t\t<div class=\"elementor-column elementor-col-33 elementor-top-column elementor-element elementor-element-88a66c4\" data-id=\"88a66c4\" data-element_type=\"column\">\n\t\t\t<div class=\"elementor-widget-wrap elementor-element-populated\">\n\t\t\t\t\t\t<div class=\"elementor-element elementor-element-2b0fbbd elementor-widget elementor-widget-image\" data-id=\"2b0fbbd\" data-element_type=\"widget\" data-widget_type=\"image.default\">\n\t\t\t\t<div class=\"elementor-widget-container\">\n\t\t\t\t\t\t\t\t\t\t\t\t\t\t\t\t<a href=\"https:\/\/esconsultoria.es\/es\/nacionalidad-espanola\/\">\n\t\t\t\t\t\t\t<img fetchpriority=\"high\" decoding=\"async\" width=\"300\" height=\"200\" src=\"https:\/\/esconsultoria.es\/wp-content\/uploads\/bandeira-espanha-web.png\" class=\"attachment-medium size-medium wp-image-524\" alt=\"Documenta\u00e7\u00e3o Internacional\" \/>\t\t\t\t\t\t\t\t<\/a>\n\t\t\t\t\t\t\t\t\t\t\t\t\t\t\t<\/div>\n\t\t\t\t<\/div>\n\t\t\t\t<div class=\"elementor-element elementor-element-89a5313 elementor-widget elementor-widget-heading\" data-id=\"89a5313\" data-element_type=\"widget\" data-widget_type=\"heading.default\">\n\t\t\t\t<div class=\"elementor-widget-container\">\n\t\t\t\t\t<h4 class=\"elementor-heading-title elementor-size-default\"><a href=\"https:\/\/esconsultoria.es\/es\/nacionalidad-espanola\/\">Nacionalidad Espa\u00f1ola<\/a><\/h4>\t\t\t\t<\/div>\n\t\t\t\t<\/div>\n\t\t\t\t<div class=\"elementor-element elementor-element-db4cf0c elementor-widget elementor-widget-text-editor\" data-id=\"db4cf0c\" data-element_type=\"widget\" data-widget_type=\"text-editor.default\">\n\t\t\t\t<div class=\"elementor-widget-container\">\n\t\t\t\t\t\t\t\t\t<p style=\"text-align: center;\">El equipo de ES Consultor\u00eda est\u00e1 especializado en la puesta en marcha de los diferentes procesos de Nacionalidad Espa\u00f1ola, ya sea por v\u00eda consular o por territorio espa\u00f1ol.<\/p>\t\t\t\t\t\t\t\t<\/div>\n\t\t\t\t<\/div>\n\t\t\t\t\t<\/div>\n\t\t<\/div>\n\t\t\t\t<div class=\"elementor-column elementor-col-33 elementor-top-column elementor-element elementor-element-ed3f9f1\" data-id=\"ed3f9f1\" data-element_type=\"column\">\n\t\t\t<div class=\"elementor-widget-wrap elementor-element-populated\">\n\t\t\t\t\t\t<div class=\"elementor-element elementor-element-6c94bed elementor-widget elementor-widget-image\" data-id=\"6c94bed\" data-element_type=\"widget\" data-widget_type=\"image.default\">\n\t\t\t\t<div class=\"elementor-widget-container\">\n\t\t\t\t\t\t\t\t\t\t\t\t\t\t\t\t<a href=\"https:\/\/esconsultoria.es\/es\/nacionalidad-portuguesa\/\">\n\t\t\t\t\t\t\t<img decoding=\"async\" width=\"300\" height=\"200\" src=\"https:\/\/esconsultoria.es\/wp-content\/uploads\/bandeira-portugal-web.png\" class=\"attachment-medium size-medium wp-image-526\" alt=\"\" \/>\t\t\t\t\t\t\t\t<\/a>\n\t\t\t\t\t\t\t\t\t\t\t\t\t\t\t<\/div>\n\t\t\t\t<\/div>\n\t\t\t\t<div class=\"elementor-element elementor-element-c6c4f54 elementor-widget elementor-widget-heading\" data-id=\"c6c4f54\" data-element_type=\"widget\" data-widget_type=\"heading.default\">\n\t\t\t\t<div class=\"elementor-widget-container\">\n\t\t\t\t\t<h4 class=\"elementor-heading-title elementor-size-default\"><a href=\"https:\/\/esconsultoria.es\/es\/nacionalidad-portuguesa\/\">Nacionalidad Portuguesa<\/a><\/h4>\t\t\t\t<\/div>\n\t\t\t\t<\/div>\n\t\t\t\t<div class=\"elementor-element elementor-element-2224214 elementor-widget elementor-widget-text-editor\" data-id=\"2224214\" data-element_type=\"widget\" data-widget_type=\"text-editor.default\">\n\t\t\t\t<div class=\"elementor-widget-container\">\n\t\t\t\t\t\t\t\t\t<p style=\"text-align: center;\">Contamos con profesionales especializados en Portugal para los tr\u00e1mites de nacionalidad portuguesa.<\/p>\t\t\t\t\t\t\t\t<\/div>\n\t\t\t\t<\/div>\n\t\t\t\t\t<\/div>\n\t\t<\/div>\n\t\t\t\t<div class=\"elementor-column elementor-col-33 elementor-top-column elementor-element elementor-element-7570c82\" data-id=\"7570c82\" data-element_type=\"column\">\n\t\t\t<div class=\"elementor-widget-wrap elementor-element-populated\">\n\t\t\t\t\t\t<div class=\"elementor-element elementor-element-b3b9b8c elementor-widget elementor-widget-image\" data-id=\"b3b9b8c\" data-element_type=\"widget\" data-widget_type=\"image.default\">\n\t\t\t\t<div class=\"elementor-widget-container\">\n\t\t\t\t\t\t\t\t\t\t\t\t\t\t\t<img decoding=\"async\" width=\"300\" height=\"200\" src=\"https:\/\/esconsultoria.es\/wp-content\/uploads\/visados-web.png\" class=\"attachment-medium size-medium wp-image-527\" alt=\"\" \/>\t\t\t\t\t\t\t\t\t\t\t\t\t\t\t<\/div>\n\t\t\t\t<\/div>\n\t\t\t\t<div class=\"elementor-element elementor-element-8d0144e elementor-widget elementor-widget-heading\" data-id=\"8d0144e\" data-element_type=\"widget\" data-widget_type=\"heading.default\">\n\t\t\t\t<div class=\"elementor-widget-container\">\n\t\t\t\t\t<h4 class=\"elementor-heading-title elementor-size-default\">Visados para Espa\u00f1a y Portugal<\/h4>\t\t\t\t<\/div>\n\t\t\t\t<\/div>\n\t\t\t\t<div class=\"elementor-element elementor-element-2bbff5d elementor-widget elementor-widget-text-editor\" data-id=\"2bbff5d\" data-element_type=\"widget\" data-widget_type=\"text-editor.default\">\n\t\t\t\t<div class=\"elementor-widget-container\">\n\t\t\t\t\t\t\t\t\tAsesoramos y tramitamos diferentes tipos de visados para Espa\u00f1a, seg\u00fan las posibilidades de cada cliente.\t\t\t\t\t\t\t\t<\/div>\n\t\t\t\t<\/div>\n\t\t\t\t\t<\/div>\n\t\t<\/div>\n\t\t\t\t\t<\/div>\n\t\t<\/section>\n\t\t\t\t<section class=\"elementor-section elementor-top-section elementor-element elementor-element-f6bf9fe elementor-section-boxed elementor-section-height-default elementor-section-height-default\" data-id=\"f6bf9fe\" data-element_type=\"section\">\n\t\t\t\t\t\t<div class=\"elementor-container elementor-column-gap-default\">\n\t\t\t\t\t<div class=\"elementor-column elementor-col-33 elementor-top-column elementor-element elementor-element-8ba529e\" data-id=\"8ba529e\" data-element_type=\"column\">\n\t\t\t<div class=\"elementor-widget-wrap elementor-element-populated\">\n\t\t\t\t\t\t<div class=\"elementor-element elementor-element-2c90fe5 elementor-widget elementor-widget-heading\" data-id=\"2c90fe5\" data-element_type=\"widget\" data-widget_type=\"heading.default\">\n\t\t\t\t<div class=\"elementor-widget-container\">\n\t\t\t\t\t<h4 class=\"elementor-heading-title elementor-size-default\"><a href=\"https:\/\/esconsultoria.es\/es\/golden-visa-espana\/\">Golden Visa Espa\u00f1a <\/a><\/h4>\t\t\t\t<\/div>\n\t\t\t\t<\/div>\n\t\t\t\t<div class=\"elementor-element elementor-element-5476c07 elementor-widget elementor-widget-text-editor\" data-id=\"5476c07\" data-element_type=\"widget\" data-widget_type=\"text-editor.default\">\n\t\t\t\t<div class=\"elementor-widget-container\">\n\t\t\t\t\t\t\t\t\tPara inversiones en grandes empresas, compra de inmuebles por valor de m\u00e1s de 500.000 Euros.\t\t\t\t\t\t\t\t<\/div>\n\t\t\t\t<\/div>\n\t\t\t\t\t<\/div>\n\t\t<\/div>\n\t\t\t\t<div class=\"elementor-column elementor-col-33 elementor-top-column elementor-element elementor-element-8fc895e\" data-id=\"8fc895e\" data-element_type=\"column\">\n\t\t\t<div class=\"elementor-widget-wrap elementor-element-populated\">\n\t\t\t\t\t\t<div class=\"elementor-element elementor-element-146bd99 elementor-widget elementor-widget-heading\" data-id=\"146bd99\" data-element_type=\"widget\" data-widget_type=\"heading.default\">\n\t\t\t\t<div class=\"elementor-widget-container\">\n\t\t\t\t\t<h4 class=\"elementor-heading-title elementor-size-default\"><a href=\"https:\/\/esconsultoria.es\/es\/golden-visa-portugal\/\">Golden Visa Portugal<\/a><\/h4>\t\t\t\t<\/div>\n\t\t\t\t<\/div>\n\t\t\t\t<div class=\"elementor-element elementor-element-0f096d3 elementor-widget elementor-widget-text-editor\" data-id=\"0f096d3\" data-element_type=\"widget\" data-widget_type=\"text-editor.default\">\n\t\t\t\t<div class=\"elementor-widget-container\">\n\t\t\t\t\t\t\t\t\tEl equipo de ES Consultor\u00eda cuenta con profesionales especializados en Portugal para la tramitaci\u00f3n de la nacionalidad portuguesa.\t\t\t\t\t\t\t\t<\/div>\n\t\t\t\t<\/div>\n\t\t\t\t\t<\/div>\n\t\t<\/div>\n\t\t\t\t<div class=\"elementor-column elementor-col-33 elementor-top-column elementor-element elementor-element-e59285c\" data-id=\"e59285c\" data-element_type=\"column\">\n\t\t\t<div class=\"elementor-widget-wrap elementor-element-populated\">\n\t\t\t\t\t\t<div class=\"elementor-element elementor-element-7ee68a8 elementor-widget elementor-widget-heading\" data-id=\"7ee68a8\" data-element_type=\"widget\" data-widget_type=\"heading.default\">\n\t\t\t\t<div class=\"elementor-widget-container\">\n\t\t\t\t\t<h4 class=\"elementor-heading-title elementor-size-default\">Procedimientos diversos<\/h4>\t\t\t\t<\/div>\n\t\t\t\t<\/div>\n\t\t\t\t<div class=\"elementor-element elementor-element-bc8dfb6 elementor-widget elementor-widget-text-editor\" data-id=\"bc8dfb6\" data-element_type=\"widget\" data-widget_type=\"text-editor.default\">\n\t\t\t\t<div class=\"elementor-widget-container\">\n\t\t\t\t\t\t\t\t\tOrientamos y tramitamos diferentes tipos de documentos, seg\u00fan las necesidades espec\u00edficas de cada cliente.\t\t\t\t\t\t\t\t<\/div>\n\t\t\t\t<\/div>\n\t\t\t\t\t<\/div>\n\t\t<\/div>\n\t\t\t\t\t<\/div>\n\t\t<\/section>\n\t\t\t\t<\/div>\n\t\t","protected":false},"excerpt":{"rendered":"<p>Asesor\u00eda Internacional &#8211; Documentaci\u00f3n Internacional Ofrecemos una amplia gama de servicios profesionales para satisfacer las necesidades espec\u00edficas de cada cliente en todo momento. La gesti\u00f3n de la documentaci\u00f3n internacional es importante para aquellos clientes que se encuentran fuera de Europa y necesitan unos documentos actualizados. Ofrecemos un servicio personalizado, tanto en la b\u00fasqueda como en &#8230; <a title=\"Documentaci\u00f3n Internacional\" class=\"read-more\" href=\"https:\/\/esconsultoria.es\/es\/documentacion-internacional\/\" aria-label=\"Leer m\u00e1s sobre Documentaci\u00f3n Internacional\">Leer m\u00e1s<\/a><\/p>\n","protected":false},"author":1,"featured_media":0,"parent":0,"menu_order":0,"comment_status":"closed","ping_status":"closed","template":"","meta":{"content-type":"","footnotes":""},"class_list":["post-2144","page","type-page","status-publish"],"yoast_head":"<!-- This site is optimized with the Yoast SEO plugin v24.4 - https:\/\/yoast.com\/wordpress\/plugins\/seo\/ -->\n<title>Documenta\u00e7\u00e3o Internacional - Gesti\u00f3n Integral de Documentos<\/title>\n<meta name=\"description\" content=\"\u00bfNecesitas de Documentaci\u00f3n de Espanha o de Europa? Tramitamos documentos en diversos organismos en Europa! Cons\u00faltanos!\" \/>\n<meta name=\"robots\" content=\"index, follow, max-snippet:-1, max-image-preview:large, max-video-preview:-1\" \/>\n<link rel=\"canonical\" href=\"https:\/\/esconsultoria.es\/es\/documentacion-internacional\/\" \/>\n<meta property=\"og:locale\" content=\"es_ES\" \/>\n<meta property=\"og:type\" content=\"article\" \/>\n<meta property=\"og:title\" content=\"Documenta\u00e7\u00e3o Internacional - Gesti\u00f3n Integral de Documentos\" \/>\n<meta property=\"og:description\" content=\"\u00bfNecesitas de Documentaci\u00f3n de Espanha o de Europa? Tramitamos documentos en diversos organismos en Europa! Cons\u00faltanos!\" \/>\n<meta property=\"og:url\" content=\"https:\/\/esconsultoria.es\/es\/documentacion-internacional\/\" \/>\n<meta property=\"og:site_name\" content=\"E S Consultoria Internacional\" \/>\n<meta property=\"article:publisher\" content=\"https:\/\/www.facebook.com\/eurosupremas\" \/>\n<meta property=\"article:modified_time\" content=\"2022-04-12T16:12:20+00:00\" \/>\n<meta property=\"og:image\" content=\"https:\/\/esconsultoria.es\/wp-content\/uploads\/bandeira-espanha-web.png\" \/>\n<meta name=\"twitter:card\" content=\"summary_large_image\" \/>\n<meta name=\"twitter:site\" content=\"@eurosupremas\" \/>\n<meta name=\"twitter:label1\" content=\"Tiempo de lectura\" \/>\n\t<meta name=\"twitter:data1\" content=\"1 minuto\" \/>\n<script type=\"application\/ld+json\" class=\"yoast-schema-graph\">{\"@context\":\"https:\/\/schema.org\",\"@graph\":[{\"@type\":\"WebPage\",\"@id\":\"https:\/\/esconsultoria.es\/es\/documentacion-internacional\/\",\"url\":\"https:\/\/esconsultoria.es\/es\/documentacion-internacional\/\",\"name\":\"Documenta\u00e7\u00e3o Internacional - Gesti\u00f3n Integral de Documentos\",\"isPartOf\":{\"@id\":\"https:\/\/esconsultoria.es\/#website\"},\"primaryImageOfPage\":{\"@id\":\"https:\/\/esconsultoria.es\/es\/documentacion-internacional\/#primaryimage\"},\"image\":{\"@id\":\"https:\/\/esconsultoria.es\/es\/documentacion-internacional\/#primaryimage\"},\"thumbnailUrl\":\"https:\/\/esconsultoria.es\/wp-content\/uploads\/bandeira-espanha-web.png\",\"datePublished\":\"2020-08-31T13:13:52+00:00\",\"dateModified\":\"2022-04-12T16:12:20+00:00\",\"description\":\"\u00bfNecesitas de Documentaci\u00f3n de Espanha o de Europa? Tramitamos documentos en diversos organismos en Europa! Cons\u00faltanos!\",\"breadcrumb\":{\"@id\":\"https:\/\/esconsultoria.es\/es\/documentacion-internacional\/#breadcrumb\"},\"inLanguage\":\"es\",\"potentialAction\":[{\"@type\":\"ReadAction\",\"target\":[\"https:\/\/esconsultoria.es\/es\/documentacion-internacional\/\"]}]},{\"@type\":\"ImageObject\",\"inLanguage\":\"es\",\"@id\":\"https:\/\/esconsultoria.es\/es\/documentacion-internacional\/#primaryimage\",\"url\":\"https:\/\/esconsultoria.es\/wp-content\/uploads\/bandeira-espanha-web.png\",\"contentUrl\":\"https:\/\/esconsultoria.es\/wp-content\/uploads\/bandeira-espanha-web.png\"},{\"@type\":\"BreadcrumbList\",\"@id\":\"https:\/\/esconsultoria.es\/es\/documentacion-internacional\/#breadcrumb\",\"itemListElement\":[{\"@type\":\"ListItem\",\"position\":1,\"name\":\"Portada\",\"item\":\"https:\/\/esconsultoria.es\/es\/\"},{\"@type\":\"ListItem\",\"position\":2,\"name\":\"Documentaci\u00f3n Internacional\"}]},{\"@type\":\"WebSite\",\"@id\":\"https:\/\/esconsultoria.es\/#website\",\"url\":\"https:\/\/esconsultoria.es\/\",\"name\":\"E S Consultoria Internacional\",\"description\":\"Nacionalidade Espanhola Visto de Resid\u00eancia Espanha Cidadania\",\"publisher\":{\"@id\":\"https:\/\/esconsultoria.es\/#organization\"},\"potentialAction\":[{\"@type\":\"SearchAction\",\"target\":{\"@type\":\"EntryPoint\",\"urlTemplate\":\"https:\/\/esconsultoria.es\/?s={search_term_string}\"},\"query-input\":{\"@type\":\"PropertyValueSpecification\",\"valueRequired\":true,\"valueName\":\"search_term_string\"}}],\"inLanguage\":\"es\"},{\"@type\":\"Organization\",\"@id\":\"https:\/\/esconsultoria.es\/#organization\",\"name\":\"ES Consultoria Internacional - Nacionalidade Espanhola - Documentos na Espanha\",\"url\":\"https:\/\/esconsultoria.es\/\",\"logo\":{\"@type\":\"ImageObject\",\"inLanguage\":\"es\",\"@id\":\"https:\/\/esconsultoria.es\/#\/schema\/logo\/image\/\",\"url\":\"https:\/\/esconsultoria.es\/wp-content\/uploads\/logo-ES-Consultoria.webp\",\"contentUrl\":\"https:\/\/esconsultoria.es\/wp-content\/uploads\/logo-ES-Consultoria.webp\",\"width\":2084,\"height\":1076,\"caption\":\"ES Consultoria Internacional - Nacionalidade Espanhola - Documentos na Espanha\"},\"image\":{\"@id\":\"https:\/\/esconsultoria.es\/#\/schema\/logo\/image\/\"},\"sameAs\":[\"https:\/\/www.facebook.com\/eurosupremas\",\"https:\/\/x.com\/eurosupremas\",\"https:\/\/www.instagram.com\/esconsultoria\",\"https:\/\/www.linkedin.com\/company\/euro-supremas-consulting\",\"https:\/\/www.youtube.com\/channel\/UCDk5vZ6jRAFtLz31Zjz1uUg\"]}]}<\/script>\n<!-- \/ Yoast SEO plugin. -->","yoast_head_json":{"title":"Documenta\u00e7\u00e3o Internacional - Gesti\u00f3n Integral de Documentos","description":"\u00bfNecesitas de Documentaci\u00f3n de Espanha o de Europa? Tramitamos documentos en diversos organismos en Europa! Cons\u00faltanos!","robots":{"index":"index","follow":"follow","max-snippet":"max-snippet:-1","max-image-preview":"max-image-preview:large","max-video-preview":"max-video-preview:-1"},"canonical":"https:\/\/esconsultoria.es\/es\/documentacion-internacional\/","og_locale":"es_ES","og_type":"article","og_title":"Documenta\u00e7\u00e3o Internacional - Gesti\u00f3n Integral de Documentos","og_description":"\u00bfNecesitas de Documentaci\u00f3n de Espanha o de Europa? Tramitamos documentos en diversos organismos en Europa! Cons\u00faltanos!","og_url":"https:\/\/esconsultoria.es\/es\/documentacion-internacional\/","og_site_name":"E S Consultoria Internacional","article_publisher":"https:\/\/www.facebook.com\/eurosupremas","article_modified_time":"2022-04-12T16:12:20+00:00","og_image":[{"url":"https:\/\/esconsultoria.es\/wp-content\/uploads\/bandeira-espanha-web.png","type":"","width":"","height":""}],"twitter_card":"summary_large_image","twitter_site":"@eurosupremas","twitter_misc":{"Tiempo de lectura":"1 minuto"},"schema":{"@context":"https:\/\/schema.org","@graph":[{"@type":"WebPage","@id":"https:\/\/esconsultoria.es\/es\/documentacion-internacional\/","url":"https:\/\/esconsultoria.es\/es\/documentacion-internacional\/","name":"Documenta\u00e7\u00e3o Internacional - Gesti\u00f3n Integral de Documentos","isPartOf":{"@id":"https:\/\/esconsultoria.es\/#website"},"primaryImageOfPage":{"@id":"https:\/\/esconsultoria.es\/es\/documentacion-internacional\/#primaryimage"},"image":{"@id":"https:\/\/esconsultoria.es\/es\/documentacion-internacional\/#primaryimage"},"thumbnailUrl":"https:\/\/esconsultoria.es\/wp-content\/uploads\/bandeira-espanha-web.png","datePublished":"2020-08-31T13:13:52+00:00","dateModified":"2022-04-12T16:12:20+00:00","description":"\u00bfNecesitas de Documentaci\u00f3n de Espanha o de Europa? Tramitamos documentos en diversos organismos en Europa! Cons\u00faltanos!","breadcrumb":{"@id":"https:\/\/esconsultoria.es\/es\/documentacion-internacional\/#breadcrumb"},"inLanguage":"es","potentialAction":[{"@type":"ReadAction","target":["https:\/\/esconsultoria.es\/es\/documentacion-internacional\/"]}]},{"@type":"ImageObject","inLanguage":"es","@id":"https:\/\/esconsultoria.es\/es\/documentacion-internacional\/#primaryimage","url":"https:\/\/esconsultoria.es\/wp-content\/uploads\/bandeira-espanha-web.png","contentUrl":"https:\/\/esconsultoria.es\/wp-content\/uploads\/bandeira-espanha-web.png"},{"@type":"BreadcrumbList","@id":"https:\/\/esconsultoria.es\/es\/documentacion-internacional\/#breadcrumb","itemListElement":[{"@type":"ListItem","position":1,"name":"Portada","item":"https:\/\/esconsultoria.es\/es\/"},{"@type":"ListItem","position":2,"name":"Documentaci\u00f3n Internacional"}]},{"@type":"WebSite","@id":"https:\/\/esconsultoria.es\/#website","url":"https:\/\/esconsultoria.es\/","name":"E S Consultoria Internacional","description":"Nacionalidade Espanhola Visto de Resid\u00eancia Espanha Cidadania","publisher":{"@id":"https:\/\/esconsultoria.es\/#organization"},"potentialAction":[{"@type":"SearchAction","target":{"@type":"EntryPoint","urlTemplate":"https:\/\/esconsultoria.es\/?s={search_term_string}"},"query-input":{"@type":"PropertyValueSpecification","valueRequired":true,"valueName":"search_term_string"}}],"inLanguage":"es"},{"@type":"Organization","@id":"https:\/\/esconsultoria.es\/#organization","name":"ES Consultoria Internacional - Nacionalidade Espanhola - Documentos na Espanha","url":"https:\/\/esconsultoria.es\/","logo":{"@type":"ImageObject","inLanguage":"es","@id":"https:\/\/esconsultoria.es\/#\/schema\/logo\/image\/","url":"https:\/\/esconsultoria.es\/wp-content\/uploads\/logo-ES-Consultoria.webp","contentUrl":"https:\/\/esconsultoria.es\/wp-content\/uploads\/logo-ES-Consultoria.webp","width":2084,"height":1076,"caption":"ES Consultoria Internacional - Nacionalidade Espanhola - Documentos na Espanha"},"image":{"@id":"https:\/\/esconsultoria.es\/#\/schema\/logo\/image\/"},"sameAs":["https:\/\/www.facebook.com\/eurosupremas","https:\/\/x.com\/eurosupremas","https:\/\/www.instagram.com\/esconsultoria","https:\/\/www.linkedin.com\/company\/euro-supremas-consulting","https:\/\/www.youtube.com\/channel\/UCDk5vZ6jRAFtLz31Zjz1uUg"]}]}},"_links":{"self":[{"href":"https:\/\/esconsultoria.es\/es\/wp-json\/wp\/v2\/pages\/2144","targetHints":{"allow":["GET"]}}],"collection":[{"href":"https:\/\/esconsultoria.es\/es\/wp-json\/wp\/v2\/pages"}],"about":[{"href":"https:\/\/esconsultoria.es\/es\/wp-json\/wp\/v2\/types\/page"}],"author":[{"embeddable":true,"href":"https:\/\/esconsultoria.es\/es\/wp-json\/wp\/v2\/users\/1"}],"replies":[{"embeddable":true,"href":"https:\/\/esconsultoria.es\/es\/wp-json\/wp\/v2\/comments?post=2144"}],"version-history":[{"count":2,"href":"https:\/\/esconsultoria.es\/es\/wp-json\/wp\/v2\/pages\/2144\/revisions"}],"predecessor-version":[{"id":2940,"href":"https:\/\/esconsultoria.es\/es\/wp-json\/wp\/v2\/pages\/2144\/revisions\/2940"}],"wp:attachment":[{"href":"https:\/\/esconsultoria.es\/es\/wp-json\/wp\/v2\/media?parent=2144"}],"curies":[{"name":"wp","href":"https:\/\/api.w.org\/{rel}","templated":true}]}}