{"id":2123,"date":"2020-08-31T09:41:23","date_gmt":"2020-08-31T07:41:23","guid":{"rendered":"https:\/\/esconsultoria.es\/quienes-somos\/"},"modified":"2024-08-06T16:59:59","modified_gmt":"2024-08-06T14:59:59","slug":"quienes-somos","status":"publish","type":"page","link":"https:\/\/esconsultoria.es\/es\/quienes-somos\/","title":{"rendered":"Qui\u00e9nes somos"},"content":{"rendered":"\t\t<div data-elementor-type=\"wp-page\" data-elementor-id=\"2123\" class=\"elementor elementor-2123\" data-elementor-post-type=\"page\">\n\t\t\t\t\t\t<section class=\"elementor-section elementor-top-section elementor-element elementor-element-6987826 elementor-section-boxed elementor-section-height-default elementor-section-height-default\" data-id=\"6987826\" data-element_type=\"section\">\n\t\t\t\t\t\t<div class=\"elementor-container elementor-column-gap-default\">\n\t\t\t\t\t<div class=\"elementor-column elementor-col-100 elementor-top-column elementor-element elementor-element-b72cefe\" data-id=\"b72cefe\" data-element_type=\"column\">\n\t\t\t<div class=\"elementor-widget-wrap elementor-element-populated\">\n\t\t\t\t\t\t<div class=\"elementor-element elementor-element-ce47d7b elementor-widget elementor-widget-heading\" data-id=\"ce47d7b\" data-element_type=\"widget\" data-widget_type=\"heading.default\">\n\t\t\t\t<div class=\"elementor-widget-container\">\n\t\t\t\t\t<h2 class=\"elementor-heading-title elementor-size-default\">Qui\u00e9nes somos<\/h2>\t\t\t\t<\/div>\n\t\t\t\t<\/div>\n\t\t\t\t\t<\/div>\n\t\t<\/div>\n\t\t\t\t\t<\/div>\n\t\t<\/section>\n\t\t\t\t<section class=\"elementor-section elementor-top-section elementor-element elementor-element-ab0e48e elementor-section-boxed elementor-section-height-default elementor-section-height-default\" data-id=\"ab0e48e\" data-element_type=\"section\">\n\t\t\t\t\t\t<div class=\"elementor-container elementor-column-gap-default\">\n\t\t\t\t\t<div class=\"elementor-column elementor-col-100 elementor-top-column elementor-element elementor-element-b87e15f\" data-id=\"b87e15f\" data-element_type=\"column\">\n\t\t\t<div class=\"elementor-widget-wrap elementor-element-populated\">\n\t\t\t\t\t\t<div class=\"elementor-element elementor-element-2ad4cee elementor-widget elementor-widget-heading\" data-id=\"2ad4cee\" data-element_type=\"widget\" data-widget_type=\"heading.default\">\n\t\t\t\t<div class=\"elementor-widget-container\">\n\t\t\t\t\t<h2 class=\"elementor-heading-title elementor-size-default\">ES Consultor\u00eda: Calidad basada en la experiencia<\/h2>\t\t\t\t<\/div>\n\t\t\t\t<\/div>\n\t\t\t\t\t<\/div>\n\t\t<\/div>\n\t\t\t\t\t<\/div>\n\t\t<\/section>\n\t\t\t\t<section class=\"elementor-section elementor-top-section elementor-element elementor-element-375fc319 elementor-section-boxed elementor-section-height-default elementor-section-height-default\" data-id=\"375fc319\" data-element_type=\"section\">\n\t\t\t\t\t\t<div class=\"elementor-container elementor-column-gap-default\">\n\t\t\t\t\t<div class=\"elementor-column elementor-col-100 elementor-top-column elementor-element elementor-element-5aeb38d9\" data-id=\"5aeb38d9\" data-element_type=\"column\">\n\t\t\t<div class=\"elementor-widget-wrap elementor-element-populated\">\n\t\t\t\t\t\t<div class=\"elementor-element elementor-element-572fadfd elementor-widget elementor-widget-text-editor\" data-id=\"572fadfd\" data-element_type=\"widget\" data-widget_type=\"text-editor.default\">\n\t\t\t\t<div class=\"elementor-widget-container\">\n\t\t\t\t\t\t\t\t\t<p>Con m\u00e1s de 20 a\u00f1os de experiencia en el sector y con diversas colaboraciones con profesionales especializados en cada \u00e1rea.<\/p><p>Desde nuestra sede en Espa\u00f1a hemos consolidado y mantenido una posici\u00f3n de asesoramiento personalizado de primer nivel, respaldado por competencias reconocidas y clientes satisfechos.<\/p><p>La relaci\u00f3n con nuestros clientes, caracterizada por un alto grado de confianza y continuidad, se basa en una metodolog\u00eda orientada al servicio y a los resultados, adapt\u00e1ndose siempre al cambiante mundo de la consultor\u00eda. El permanente intercambio de experiencias con nuestros clientes constituye una s\u00f3lida base para el desarrollo exitoso de todos nuestros proyectos.<\/p>\t\t\t\t\t\t\t\t<\/div>\n\t\t\t\t<\/div>\n\t\t\t\t\t<\/div>\n\t\t<\/div>\n\t\t\t\t\t<\/div>\n\t\t<\/section>\n\t\t\t\t<section class=\"elementor-section elementor-top-section elementor-element elementor-element-3d762da elementor-section-boxed elementor-section-height-default elementor-section-height-default\" data-id=\"3d762da\" data-element_type=\"section\">\n\t\t\t\t\t\t<div class=\"elementor-container elementor-column-gap-default\">\n\t\t\t\t\t<div class=\"elementor-column elementor-col-33 elementor-top-column elementor-element elementor-element-8ec2da5\" data-id=\"8ec2da5\" data-element_type=\"column\">\n\t\t\t<div class=\"elementor-widget-wrap elementor-element-populated\">\n\t\t\t\t\t\t<div class=\"elementor-element elementor-element-c0f3f18 elementor-widget elementor-widget-image\" data-id=\"c0f3f18\" data-element_type=\"widget\" data-widget_type=\"image.default\">\n\t\t\t\t<div class=\"elementor-widget-container\">\n\t\t\t\t\t\t\t\t\t\t\t\t\t\t\t<img fetchpriority=\"high\" decoding=\"async\" width=\"800\" height=\"800\" src=\"https:\/\/esconsultoria.es\/wp-content\/uploads\/Foto-Perfil-WEB-1-1.png\" class=\"attachment-large size-large wp-image-3874\" alt=\"\" srcset=\"https:\/\/esconsultoria.es\/wp-content\/uploads\/Foto-Perfil-WEB-1-1.png 800w, https:\/\/esconsultoria.es\/wp-content\/uploads\/Foto-Perfil-WEB-1-1-768x768.png 768w\" sizes=\"(max-width: 800px) 100vw, 800px\" \/>\t\t\t\t\t\t\t\t\t\t\t\t\t\t\t<\/div>\n\t\t\t\t<\/div>\n\t\t\t\t\t<\/div>\n\t\t<\/div>\n\t\t\t\t<div class=\"elementor-column elementor-col-66 elementor-top-column elementor-element elementor-element-29abbe0\" data-id=\"29abbe0\" data-element_type=\"column\">\n\t\t\t<div class=\"elementor-widget-wrap elementor-element-populated\">\n\t\t\t\t\t\t<div class=\"elementor-element elementor-element-0f06932 elementor-widget elementor-widget-heading\" data-id=\"0f06932\" data-element_type=\"widget\" data-widget_type=\"heading.default\">\n\t\t\t\t<div class=\"elementor-widget-container\">\n\t\t\t\t\t<h4 class=\"elementor-heading-title elementor-size-default\">Gladys Dominguez<\/h4>\t\t\t\t<\/div>\n\t\t\t\t<\/div>\n\t\t\t\t<div class=\"elementor-element elementor-element-4da40e0 elementor-widget elementor-widget-heading\" data-id=\"4da40e0\" data-element_type=\"widget\" data-widget_type=\"heading.default\">\n\t\t\t\t<div class=\"elementor-widget-container\">\n\t\t\t\t\t<h6 class=\"elementor-heading-title elementor-size-default\">Directora - ES Consultor\u00eda<\/h6>\t\t\t\t<\/div>\n\t\t\t\t<\/div>\n\t\t\t\t<div class=\"elementor-element elementor-element-32263b3 elementor-widget elementor-widget-text-editor\" data-id=\"32263b3\" data-element_type=\"widget\" data-widget_type=\"text-editor.default\">\n\t\t\t\t<div class=\"elementor-widget-container\">\n\t\t\t\t\t\t\t\t\t<p>Formaci\u00f3n acad\u00e9mica en Marketing, con cursos de especializaci\u00f3n en Inmigraci\u00f3n \u00abRama Jur\u00eddica\u00bb .<\/p><p>Trabaja desde hace m\u00e1s de 20 a\u00f1os en el sector de la inmigraci\u00f3n y las nacionalidades, la investigaci\u00f3n geneal\u00f3gica y las inversiones inmobiliarias en Europa<\/p>\t\t\t\t\t\t\t\t<\/div>\n\t\t\t\t<\/div>\n\t\t\t\t\t<\/div>\n\t\t<\/div>\n\t\t\t\t\t<\/div>\n\t\t<\/section>\n\t\t\t\t<\/div>\n\t\t","protected":false},"excerpt":{"rendered":"<p>Qui\u00e9nes somos ES Consultor\u00eda: Calidad basada en la experiencia Con m\u00e1s de 20 a\u00f1os de experiencia en el sector y con diversas colaboraciones con profesionales especializados en cada \u00e1rea. Desde nuestra sede en Espa\u00f1a hemos consolidado y mantenido una posici\u00f3n de asesoramiento personalizado de primer nivel, respaldado por competencias reconocidas y clientes satisfechos. La relaci\u00f3n &#8230; <a title=\"Qui\u00e9nes somos\" class=\"read-more\" href=\"https:\/\/esconsultoria.es\/es\/quienes-somos\/\" aria-label=\"Leer m\u00e1s sobre Qui\u00e9nes somos\">Leer m\u00e1s<\/a><\/p>\n","protected":false},"author":1,"featured_media":0,"parent":0,"menu_order":0,"comment_status":"closed","ping_status":"closed","template":"","meta":{"content-type":"","footnotes":""},"class_list":["post-2123","page","type-page","status-publish"],"yoast_head":"<!-- This site is optimized with the Yoast SEO plugin v24.4 - https:\/\/yoast.com\/wordpress\/plugins\/seo\/ -->\n<title>Qui\u00e9nes Somos - ES Consultoria Internacional<\/title>\n<meta name=\"description\" content=\"Contamos con m\u00e1s de 20 a\u00f1os de experiencia en el sector y con varias colaboraciones con profesionales especializados en cada \u00e1rea. Nacionalidad, visados.\" \/>\n<meta name=\"robots\" content=\"index, follow, max-snippet:-1, max-image-preview:large, max-video-preview:-1\" \/>\n<link rel=\"canonical\" href=\"https:\/\/esconsultoria.es\/es\/quienes-somos\/\" \/>\n<meta property=\"og:locale\" content=\"es_ES\" \/>\n<meta property=\"og:type\" content=\"article\" \/>\n<meta property=\"og:title\" content=\"Qui\u00e9nes Somos - ES Consultoria Internacional\" \/>\n<meta property=\"og:description\" content=\"Contamos con m\u00e1s de 20 a\u00f1os de experiencia en el sector y con varias colaboraciones con profesionales especializados en cada \u00e1rea. Nacionalidad, visados.\" \/>\n<meta property=\"og:url\" content=\"https:\/\/esconsultoria.es\/es\/quienes-somos\/\" \/>\n<meta property=\"og:site_name\" content=\"E S Consultoria Internacional\" \/>\n<meta property=\"article:publisher\" content=\"https:\/\/www.facebook.com\/eurosupremas\" \/>\n<meta property=\"article:modified_time\" content=\"2024-08-06T14:59:59+00:00\" \/>\n<meta property=\"og:image\" content=\"http:\/\/esconsultoria.es\/wp-content\/uploads\/Foto-Perfil-WEB-1-1.png\" \/>\n<meta name=\"twitter:card\" content=\"summary_large_image\" \/>\n<meta name=\"twitter:site\" content=\"@eurosupremas\" \/>\n<meta name=\"twitter:label1\" content=\"Tiempo de lectura\" \/>\n\t<meta name=\"twitter:data1\" content=\"2 minutos\" \/>\n<script type=\"application\/ld+json\" class=\"yoast-schema-graph\">{\"@context\":\"https:\/\/schema.org\",\"@graph\":[{\"@type\":\"WebPage\",\"@id\":\"https:\/\/esconsultoria.es\/es\/quienes-somos\/\",\"url\":\"https:\/\/esconsultoria.es\/es\/quienes-somos\/\",\"name\":\"Qui\u00e9nes Somos - ES Consultoria Internacional\",\"isPartOf\":{\"@id\":\"https:\/\/esconsultoria.es\/#website\"},\"primaryImageOfPage\":{\"@id\":\"https:\/\/esconsultoria.es\/es\/quienes-somos\/#primaryimage\"},\"image\":{\"@id\":\"https:\/\/esconsultoria.es\/es\/quienes-somos\/#primaryimage\"},\"thumbnailUrl\":\"http:\/\/esconsultoria.es\/wp-content\/uploads\/Foto-Perfil-WEB-1-1.png\",\"datePublished\":\"2020-08-31T07:41:23+00:00\",\"dateModified\":\"2024-08-06T14:59:59+00:00\",\"description\":\"Contamos con m\u00e1s de 20 a\u00f1os de experiencia en el sector y con varias colaboraciones con profesionales especializados en cada \u00e1rea. Nacionalidad, visados.\",\"breadcrumb\":{\"@id\":\"https:\/\/esconsultoria.es\/es\/quienes-somos\/#breadcrumb\"},\"inLanguage\":\"es\",\"potentialAction\":[{\"@type\":\"ReadAction\",\"target\":[\"https:\/\/esconsultoria.es\/es\/quienes-somos\/\"]}]},{\"@type\":\"ImageObject\",\"inLanguage\":\"es\",\"@id\":\"https:\/\/esconsultoria.es\/es\/quienes-somos\/#primaryimage\",\"url\":\"http:\/\/esconsultoria.es\/wp-content\/uploads\/Foto-Perfil-WEB-1-1.png\",\"contentUrl\":\"http:\/\/esconsultoria.es\/wp-content\/uploads\/Foto-Perfil-WEB-1-1.png\"},{\"@type\":\"BreadcrumbList\",\"@id\":\"https:\/\/esconsultoria.es\/es\/quienes-somos\/#breadcrumb\",\"itemListElement\":[{\"@type\":\"ListItem\",\"position\":1,\"name\":\"Portada\",\"item\":\"https:\/\/esconsultoria.es\/es\/\"},{\"@type\":\"ListItem\",\"position\":2,\"name\":\"Qui\u00e9nes somos\"}]},{\"@type\":\"WebSite\",\"@id\":\"https:\/\/esconsultoria.es\/#website\",\"url\":\"https:\/\/esconsultoria.es\/\",\"name\":\"E S Consultoria Internacional\",\"description\":\"Nacionalidade Espanhola Visto de Resid\u00eancia Espanha Cidadania\",\"publisher\":{\"@id\":\"https:\/\/esconsultoria.es\/#organization\"},\"potentialAction\":[{\"@type\":\"SearchAction\",\"target\":{\"@type\":\"EntryPoint\",\"urlTemplate\":\"https:\/\/esconsultoria.es\/?s={search_term_string}\"},\"query-input\":{\"@type\":\"PropertyValueSpecification\",\"valueRequired\":true,\"valueName\":\"search_term_string\"}}],\"inLanguage\":\"es\"},{\"@type\":\"Organization\",\"@id\":\"https:\/\/esconsultoria.es\/#organization\",\"name\":\"ES Consultoria Internacional - Nacionalidade Espanhola - Documentos na Espanha\",\"url\":\"https:\/\/esconsultoria.es\/\",\"logo\":{\"@type\":\"ImageObject\",\"inLanguage\":\"es\",\"@id\":\"https:\/\/esconsultoria.es\/#\/schema\/logo\/image\/\",\"url\":\"https:\/\/esconsultoria.es\/wp-content\/uploads\/logo-ES-Consultoria.webp\",\"contentUrl\":\"https:\/\/esconsultoria.es\/wp-content\/uploads\/logo-ES-Consultoria.webp\",\"width\":2084,\"height\":1076,\"caption\":\"ES Consultoria Internacional - Nacionalidade Espanhola - Documentos na Espanha\"},\"image\":{\"@id\":\"https:\/\/esconsultoria.es\/#\/schema\/logo\/image\/\"},\"sameAs\":[\"https:\/\/www.facebook.com\/eurosupremas\",\"https:\/\/x.com\/eurosupremas\",\"https:\/\/www.instagram.com\/esconsultoria\",\"https:\/\/www.linkedin.com\/company\/euro-supremas-consulting\",\"https:\/\/www.youtube.com\/channel\/UCDk5vZ6jRAFtLz31Zjz1uUg\"]}]}<\/script>\n<!-- \/ Yoast SEO plugin. -->","yoast_head_json":{"title":"Qui\u00e9nes Somos - ES Consultoria Internacional","description":"Contamos con m\u00e1s de 20 a\u00f1os de experiencia en el sector y con varias colaboraciones con profesionales especializados en cada \u00e1rea. Nacionalidad, visados.","robots":{"index":"index","follow":"follow","max-snippet":"max-snippet:-1","max-image-preview":"max-image-preview:large","max-video-preview":"max-video-preview:-1"},"canonical":"https:\/\/esconsultoria.es\/es\/quienes-somos\/","og_locale":"es_ES","og_type":"article","og_title":"Qui\u00e9nes Somos - ES Consultoria Internacional","og_description":"Contamos con m\u00e1s de 20 a\u00f1os de experiencia en el sector y con varias colaboraciones con profesionales especializados en cada \u00e1rea. Nacionalidad, visados.","og_url":"https:\/\/esconsultoria.es\/es\/quienes-somos\/","og_site_name":"E S Consultoria Internacional","article_publisher":"https:\/\/www.facebook.com\/eurosupremas","article_modified_time":"2024-08-06T14:59:59+00:00","og_image":[{"url":"http:\/\/esconsultoria.es\/wp-content\/uploads\/Foto-Perfil-WEB-1-1.png","type":"","width":"","height":""}],"twitter_card":"summary_large_image","twitter_site":"@eurosupremas","twitter_misc":{"Tiempo de lectura":"2 minutos"},"schema":{"@context":"https:\/\/schema.org","@graph":[{"@type":"WebPage","@id":"https:\/\/esconsultoria.es\/es\/quienes-somos\/","url":"https:\/\/esconsultoria.es\/es\/quienes-somos\/","name":"Qui\u00e9nes Somos - ES Consultoria Internacional","isPartOf":{"@id":"https:\/\/esconsultoria.es\/#website"},"primaryImageOfPage":{"@id":"https:\/\/esconsultoria.es\/es\/quienes-somos\/#primaryimage"},"image":{"@id":"https:\/\/esconsultoria.es\/es\/quienes-somos\/#primaryimage"},"thumbnailUrl":"http:\/\/esconsultoria.es\/wp-content\/uploads\/Foto-Perfil-WEB-1-1.png","datePublished":"2020-08-31T07:41:23+00:00","dateModified":"2024-08-06T14:59:59+00:00","description":"Contamos con m\u00e1s de 20 a\u00f1os de experiencia en el sector y con varias colaboraciones con profesionales especializados en cada \u00e1rea. Nacionalidad, visados.","breadcrumb":{"@id":"https:\/\/esconsultoria.es\/es\/quienes-somos\/#breadcrumb"},"inLanguage":"es","potentialAction":[{"@type":"ReadAction","target":["https:\/\/esconsultoria.es\/es\/quienes-somos\/"]}]},{"@type":"ImageObject","inLanguage":"es","@id":"https:\/\/esconsultoria.es\/es\/quienes-somos\/#primaryimage","url":"http:\/\/esconsultoria.es\/wp-content\/uploads\/Foto-Perfil-WEB-1-1.png","contentUrl":"http:\/\/esconsultoria.es\/wp-content\/uploads\/Foto-Perfil-WEB-1-1.png"},{"@type":"BreadcrumbList","@id":"https:\/\/esconsultoria.es\/es\/quienes-somos\/#breadcrumb","itemListElement":[{"@type":"ListItem","position":1,"name":"Portada","item":"https:\/\/esconsultoria.es\/es\/"},{"@type":"ListItem","position":2,"name":"Qui\u00e9nes somos"}]},{"@type":"WebSite","@id":"https:\/\/esconsultoria.es\/#website","url":"https:\/\/esconsultoria.es\/","name":"E S Consultoria Internacional","description":"Nacionalidade Espanhola Visto de Resid\u00eancia Espanha Cidadania","publisher":{"@id":"https:\/\/esconsultoria.es\/#organization"},"potentialAction":[{"@type":"SearchAction","target":{"@type":"EntryPoint","urlTemplate":"https:\/\/esconsultoria.es\/?s={search_term_string}"},"query-input":{"@type":"PropertyValueSpecification","valueRequired":true,"valueName":"search_term_string"}}],"inLanguage":"es"},{"@type":"Organization","@id":"https:\/\/esconsultoria.es\/#organization","name":"ES Consultoria Internacional - Nacionalidade Espanhola - Documentos na Espanha","url":"https:\/\/esconsultoria.es\/","logo":{"@type":"ImageObject","inLanguage":"es","@id":"https:\/\/esconsultoria.es\/#\/schema\/logo\/image\/","url":"https:\/\/esconsultoria.es\/wp-content\/uploads\/logo-ES-Consultoria.webp","contentUrl":"https:\/\/esconsultoria.es\/wp-content\/uploads\/logo-ES-Consultoria.webp","width":2084,"height":1076,"caption":"ES Consultoria Internacional - Nacionalidade Espanhola - Documentos na Espanha"},"image":{"@id":"https:\/\/esconsultoria.es\/#\/schema\/logo\/image\/"},"sameAs":["https:\/\/www.facebook.com\/eurosupremas","https:\/\/x.com\/eurosupremas","https:\/\/www.instagram.com\/esconsultoria","https:\/\/www.linkedin.com\/company\/euro-supremas-consulting","https:\/\/www.youtube.com\/channel\/UCDk5vZ6jRAFtLz31Zjz1uUg"]}]}},"_links":{"self":[{"href":"https:\/\/esconsultoria.es\/es\/wp-json\/wp\/v2\/pages\/2123","targetHints":{"allow":["GET"]}}],"collection":[{"href":"https:\/\/esconsultoria.es\/es\/wp-json\/wp\/v2\/pages"}],"about":[{"href":"https:\/\/esconsultoria.es\/es\/wp-json\/wp\/v2\/types\/page"}],"author":[{"embeddable":true,"href":"https:\/\/esconsultoria.es\/es\/wp-json\/wp\/v2\/users\/1"}],"replies":[{"embeddable":true,"href":"https:\/\/esconsultoria.es\/es\/wp-json\/wp\/v2\/comments?post=2123"}],"version-history":[{"count":10,"href":"https:\/\/esconsultoria.es\/es\/wp-json\/wp\/v2\/pages\/2123\/revisions"}],"predecessor-version":[{"id":3880,"href":"https:\/\/esconsultoria.es\/es\/wp-json\/wp\/v2\/pages\/2123\/revisions\/3880"}],"wp:attachment":[{"href":"https:\/\/esconsultoria.es\/es\/wp-json\/wp\/v2\/media?parent=2123"}],"curies":[{"name":"wp","href":"https:\/\/api.w.org\/{rel}","templated":true}]}}