{"id":2091,"date":"2020-08-31T09:44:27","date_gmt":"2020-08-31T07:44:27","guid":{"rendered":"https:\/\/esconsultoria.es\/nuestros-servicios\/"},"modified":"2022-03-29T13:25:36","modified_gmt":"2022-03-29T11:25:36","slug":"nuestros-servicios","status":"publish","type":"page","link":"https:\/\/esconsultoria.es\/es\/nuestros-servicios\/","title":{"rendered":"Nuestros Servicios"},"content":{"rendered":"<h2>Reserve su cita ahora<\/h2>\n<p>\t\t\t\t\t\tNuestro equipo especializado podr\u00e1 hacerle una propuesta a medida para su caso concreto<br \/>\n\t\t\t\t\t<a href=\"https:\/\/esconsultoria.es\/es\/reunion-online\/\"><br \/>\n\t\t\t\t\t\tProgramar una reuni\u00f3n\t\t\t\t\t<\/a><\/p>\n<h2>Reserve su cita ahora<\/h2>\n<p>\t\t\t\t\t\tNuestro equipo especializado podr\u00e1 hacerle una propuesta a medida para su caso concreto<br \/>\n\t\t\t\t\t<a href=\"https:\/\/esconsultoria.es\/es\/reunion-online\/\"><br \/>\n\t\t\t\t\t\tProgramar una reuni\u00f3n\t\t\t\t\t<\/a><\/p>\n<h2>Conozca algunos de nuestros servicios:<\/h2>\n<p>Conozca nuestra amplia gama de servicios profesionales. Actualizamos constantemente nuestro sitio web para mantener a nuestros clientes al d\u00eda. Estamos siempre a su disposici\u00f3n si tiene alguna duda o consulta.<br \/>\nProgramamos videoconferencias con nuestros clientes para entender las necesidades espec\u00edficas de cada caso. Y as\u00ed proponer una soluci\u00f3n a medida.<br \/>\nEspa\u00f1a es m\u00e1s f\u00e1cil con nuestro apoyo.<br \/>\nEl an\u00e1lisis de los documentos, la planificaci\u00f3n del proceso y el montaje de la documentaci\u00f3n, entre otros servicios, sin sorpresas, con el apoyo de un equipo multidisciplinar y especializado y un servicio personalizado.<br \/>\nCons\u00faltenos tambi\u00e9n si necesita alg\u00fan servicio a medida.<br \/>\n\t\t\t\t\t\t\t\t\t\t\t\t<img loading=\"lazy\" decoding=\"async\" width=\"300\" height=\"200\" src=\"https:\/\/esconsultoria.es\/wp-content\/uploads\/Consultoria-em-Imigracao-e-Documentos-na-Espanha.webp\" alt=\"Nossos servi\u00e7os de Consultoria-em-Imigra\u00e7ao-e-Documentos-na-Espanha\" loading=\"lazy\" \/>\t\t\t\t\t\t\t\t\t\t\t\t\t\t<\/p>\n<h3>Consultor\u00eda<\/h3>\n<p style=\"text-align: center;\">Nuestros clientes son lo m\u00e1s importante para nosotros. Queremos ayudarles a encontrar los servicios y productos que mejor se adapten a sus necesidades. Asesorar correctamente a nuestros clientes es uno de nuestros principales objetivos.<\/p>\n<p>\t\t\t\t\t\t\t\t\t\t\t\t\t<a href=\"https:\/\/esconsultoria.es\/es\/documentacion-internacional\/\"><br \/>\n\t\t\t\t\t\t\t<img loading=\"lazy\" decoding=\"async\" width=\"300\" height=\"200\" src=\"https:\/\/esconsultoria.es\/wp-content\/uploads\/Passaporte-Espanhol.webp\" alt=\"Passaporte-Espanhol\" loading=\"lazy\" \/>\t\t\t\t\t\t\t\t<\/a><\/p>\n<h3><a href=\"https:\/\/esconsultoria.es\/es\/documentacion-internacional\/\">Nacionalidad<\/a><\/h3>\n<p>\t\tTramitamos la nacionalidad espa\u00f1ola, portuguesa, italiana, etc.<br \/>\nRealizamos el proceso desde el an\u00e1lisis de la documentaci\u00f3n hasta el montaje del expediente de nacionalidad.<br \/>\n\t\t\t\t\t\t\t\t\t\t\t\t<img loading=\"lazy\" decoding=\"async\" width=\"300\" height=\"200\" src=\"https:\/\/esconsultoria.es\/wp-content\/uploads\/Visto-de-Residencia-e-Trabalho.webp\" alt=\"Nossos servi\u00e7os de vistos\" loading=\"lazy\" \/>\t\t\t\t\t\t\t\t\t\t\t\t\t\t<\/p>\n<h3>Visados<\/h3>\n<p>\t\tOfrecemos an\u00e1lisis para cada visado seg\u00fan las expectativas, el objetivo y los requisitos de cada procedimiento.<br \/>\nCada visado tiene un requisito y una finalidad diferentes.<br \/>\n&nbsp;<br \/>\n\t\t\t\t\t\t\t\t\t\t\t\t\t<a href=\"https:\/\/esconsultoria.es\/es\/asesoria-juridica\/\"><br \/>\n\t\t\t\t\t\t\t<img loading=\"lazy\" decoding=\"async\" width=\"300\" height=\"200\" src=\"https:\/\/esconsultoria.es\/wp-content\/uploads\/Juridico-Espanha.webp\" alt=\"Juridico-Espanha-Portugal\" loading=\"lazy\" \/>\t\t\t\t\t\t\t\t<\/a><\/p>\n<h3><a href=\"https:\/\/esconsultoria.es\/es\/asesoria-juridica\/\">Asesoramiento Jur\u00eddico<\/a><\/h3>\n<p>\t\tTenemos departamentos jur\u00eddicos en Espa\u00f1a y Portugal.<br \/>\nNuestro equipo de abogados podr\u00e1 seguir de cerca su proceso.<br \/>\n\t\t\t\t\t\t\t\t\t\t\t\t\t<a href=\"https:\/\/esconsultoria.es\/es\/?page_id=2287\"><br \/>\n\t\t\t\t\t\t\t<img loading=\"lazy\" decoding=\"async\" width=\"300\" height=\"200\" src=\"https:\/\/esconsultoria.es\/wp-content\/uploads\/Investimento-Imobiliario-na-Europa.webp\" alt=\"Investimento-Imobiliario-na-Europa\" loading=\"lazy\" \/>\t\t\t\t\t\t\t\t<\/a><\/p>\n<h3><a href=\"https:\/\/esconsultoria.es\/es\/?page_id=2287\">Assessoria Imobili\u00e1ria<\/a><\/h3>\n<p style=\"text-align: center;\">Temos equipe de profissionais do setor imobili\u00e1rio para dar suporte em compra e venda de im\u00f3veis na Espanha.<\/p>\n<p>\t\t\t\t\t\t\t\t\t\t\t\t<img loading=\"lazy\" decoding=\"async\" width=\"300\" height=\"200\" src=\"https:\/\/esconsultoria.es\/wp-content\/uploads\/Planejamento-Imigratorio-e-Relocation.webp\" alt=\"Planejamento-Imigratorio-e-Relocation\" loading=\"lazy\" \/>\t\t\t\t\t\t\t\t\t\t\t\t\t\t<\/p>\n<h3>Relocation<\/h3>\n<p style=\"text-align: center;\">Atualmente damos assessoria Relocation en Valencia e Murcia.<\/p>\n<p style=\"text-align: center;\">Para outras localidades consultar.<\/p>\n<h2>Passagens A\u00e9reas Internacionais<\/h2>\n<p>\t\t\t\t\t\tTemos parcerias com ag\u00eancias de viagens, solicite sua cota\u00e7\u00e3o conosco.<br \/>\n\t\t\t\t\t<a href=\"https:\/\/esconsultoria.es\/es\/billetes-aereos-internacionales\/\"><br \/>\n\t\t\t\t\t\tSolicite Cota\u00e7\u00e3o\t\t\t\t\t<\/a><\/p>\n<h2>Passagens A\u00e9reas Internacionais<\/h2>\n<p>\t\t\t\t\t\tTemos parcerias com ag\u00eancias de viagens, solicite sua cota\u00e7\u00e3o conosco.<br \/>\n\t\t\t\t\t<a href=\"https:\/\/esconsultoria.es\/es\/billetes-aereos-internacionales\/\"><br \/>\n\t\t\t\t\t\tSolicite Cota\u00e7\u00e3o\t\t\t\t\t<\/a><\/p>\n","protected":false},"excerpt":{"rendered":"<p>Reserve su cita ahora Nuestro equipo especializado podr\u00e1 hacerle una propuesta a medida para su caso concreto Programar una reuni\u00f3n Reserve su cita ahora Nuestro equipo especializado podr\u00e1 hacerle una propuesta a medida para su caso concreto Programar una reuni\u00f3n Conozca algunos de nuestros servicios: Conozca nuestra amplia gama de servicios profesionales. Actualizamos constantemente nuestro &#8230; <a title=\"Nuestros Servicios\" class=\"read-more\" href=\"https:\/\/esconsultoria.es\/es\/nuestros-servicios\/\" aria-label=\"Leer m\u00e1s sobre Nuestros Servicios\">Leer m\u00e1s<\/a><\/p>\n","protected":false},"author":1,"featured_media":0,"parent":0,"menu_order":0,"comment_status":"closed","ping_status":"closed","template":"","meta":{"content-type":"","footnotes":""},"class_list":["post-2091","page","type-page","status-publish"],"yoast_head":"<!-- This site is optimized with the Yoast SEO plugin v24.4 - https:\/\/yoast.com\/wordpress\/plugins\/seo\/ -->\n<title>Nacionalidad espa\u00f1ola, procedimientos de inmigraci\u00f3n e inversiones en la UE<\/title>\n<meta name=\"description\" content=\"Ponemos en marcha su proceso de nacionalidad espa\u00f1ola. Planificaci\u00f3n de la inmigraci\u00f3n, inversiones inmobiliarias en la UE, etc. Cons\u00faltenos.\" \/>\n<meta name=\"robots\" content=\"index, follow, max-snippet:-1, max-image-preview:large, max-video-preview:-1\" \/>\n<link rel=\"canonical\" href=\"https:\/\/esconsultoria.es\/es\/nuestros-servicios\/\" \/>\n<meta property=\"og:locale\" content=\"es_ES\" \/>\n<meta property=\"og:type\" content=\"article\" \/>\n<meta property=\"og:title\" content=\"Nacionalidad espa\u00f1ola, procedimientos de inmigraci\u00f3n e inversiones en la UE\" \/>\n<meta property=\"og:description\" content=\"Ponemos en marcha su proceso de nacionalidad espa\u00f1ola. Planificaci\u00f3n de la inmigraci\u00f3n, inversiones inmobiliarias en la UE, etc. Cons\u00faltenos.\" \/>\n<meta property=\"og:url\" content=\"https:\/\/esconsultoria.es\/es\/nuestros-servicios\/\" \/>\n<meta property=\"og:site_name\" content=\"E S Consultoria Internacional\" \/>\n<meta property=\"article:publisher\" content=\"https:\/\/www.facebook.com\/eurosupremas\" \/>\n<meta property=\"article:modified_time\" content=\"2022-03-29T11:25:36+00:00\" \/>\n<meta property=\"og:image\" content=\"https:\/\/esconsultoria.es\/wp-content\/uploads\/Consultoria-em-Imigracao-e-Documentos-na-Espanha.webp\" \/>\n<meta name=\"twitter:card\" content=\"summary_large_image\" \/>\n<meta name=\"twitter:site\" content=\"@eurosupremas\" \/>\n<meta name=\"twitter:label1\" content=\"Tiempo de lectura\" \/>\n\t<meta name=\"twitter:data1\" content=\"3 minutos\" \/>\n<script type=\"application\/ld+json\" class=\"yoast-schema-graph\">{\"@context\":\"https:\/\/schema.org\",\"@graph\":[{\"@type\":\"WebPage\",\"@id\":\"https:\/\/esconsultoria.es\/es\/nuestros-servicios\/\",\"url\":\"https:\/\/esconsultoria.es\/es\/nuestros-servicios\/\",\"name\":\"Nacionalidad espa\u00f1ola, procedimientos de inmigraci\u00f3n e inversiones en la UE\",\"isPartOf\":{\"@id\":\"https:\/\/esconsultoria.es\/#website\"},\"primaryImageOfPage\":{\"@id\":\"https:\/\/esconsultoria.es\/es\/nuestros-servicios\/#primaryimage\"},\"image\":{\"@id\":\"https:\/\/esconsultoria.es\/es\/nuestros-servicios\/#primaryimage\"},\"thumbnailUrl\":\"https:\/\/esconsultoria.es\/wp-content\/uploads\/Consultoria-em-Imigracao-e-Documentos-na-Espanha.webp\",\"datePublished\":\"2020-08-31T07:44:27+00:00\",\"dateModified\":\"2022-03-29T11:25:36+00:00\",\"description\":\"Ponemos en marcha su proceso de nacionalidad espa\u00f1ola. Planificaci\u00f3n de la inmigraci\u00f3n, inversiones inmobiliarias en la UE, etc. Cons\u00faltenos.\",\"breadcrumb\":{\"@id\":\"https:\/\/esconsultoria.es\/es\/nuestros-servicios\/#breadcrumb\"},\"inLanguage\":\"es\",\"potentialAction\":[{\"@type\":\"ReadAction\",\"target\":[\"https:\/\/esconsultoria.es\/es\/nuestros-servicios\/\"]}]},{\"@type\":\"ImageObject\",\"inLanguage\":\"es\",\"@id\":\"https:\/\/esconsultoria.es\/es\/nuestros-servicios\/#primaryimage\",\"url\":\"https:\/\/esconsultoria.es\/wp-content\/uploads\/Consultoria-em-Imigracao-e-Documentos-na-Espanha.webp\",\"contentUrl\":\"https:\/\/esconsultoria.es\/wp-content\/uploads\/Consultoria-em-Imigracao-e-Documentos-na-Espanha.webp\"},{\"@type\":\"BreadcrumbList\",\"@id\":\"https:\/\/esconsultoria.es\/es\/nuestros-servicios\/#breadcrumb\",\"itemListElement\":[{\"@type\":\"ListItem\",\"position\":1,\"name\":\"Portada\",\"item\":\"https:\/\/esconsultoria.es\/es\/\"},{\"@type\":\"ListItem\",\"position\":2,\"name\":\"Nuestros Servicios\"}]},{\"@type\":\"WebSite\",\"@id\":\"https:\/\/esconsultoria.es\/#website\",\"url\":\"https:\/\/esconsultoria.es\/\",\"name\":\"E S Consultoria Internacional\",\"description\":\"Nacionalidade Espanhola Visto de Resid\u00eancia Espanha Cidadania\",\"publisher\":{\"@id\":\"https:\/\/esconsultoria.es\/#organization\"},\"potentialAction\":[{\"@type\":\"SearchAction\",\"target\":{\"@type\":\"EntryPoint\",\"urlTemplate\":\"https:\/\/esconsultoria.es\/?s={search_term_string}\"},\"query-input\":{\"@type\":\"PropertyValueSpecification\",\"valueRequired\":true,\"valueName\":\"search_term_string\"}}],\"inLanguage\":\"es\"},{\"@type\":\"Organization\",\"@id\":\"https:\/\/esconsultoria.es\/#organization\",\"name\":\"ES Consultoria Internacional - Nacionalidade Espanhola - Documentos na Espanha\",\"url\":\"https:\/\/esconsultoria.es\/\",\"logo\":{\"@type\":\"ImageObject\",\"inLanguage\":\"es\",\"@id\":\"https:\/\/esconsultoria.es\/#\/schema\/logo\/image\/\",\"url\":\"https:\/\/esconsultoria.es\/wp-content\/uploads\/logo-ES-Consultoria.webp\",\"contentUrl\":\"https:\/\/esconsultoria.es\/wp-content\/uploads\/logo-ES-Consultoria.webp\",\"width\":2084,\"height\":1076,\"caption\":\"ES Consultoria Internacional - Nacionalidade Espanhola - Documentos na Espanha\"},\"image\":{\"@id\":\"https:\/\/esconsultoria.es\/#\/schema\/logo\/image\/\"},\"sameAs\":[\"https:\/\/www.facebook.com\/eurosupremas\",\"https:\/\/x.com\/eurosupremas\",\"https:\/\/www.instagram.com\/esconsultoria\",\"https:\/\/www.linkedin.com\/company\/euro-supremas-consulting\",\"https:\/\/www.youtube.com\/channel\/UCDk5vZ6jRAFtLz31Zjz1uUg\"]}]}<\/script>\n<!-- \/ Yoast SEO plugin. -->","yoast_head_json":{"title":"Nacionalidad espa\u00f1ola, procedimientos de inmigraci\u00f3n e inversiones en la UE","description":"Ponemos en marcha su proceso de nacionalidad espa\u00f1ola. Planificaci\u00f3n de la inmigraci\u00f3n, inversiones inmobiliarias en la UE, etc. Cons\u00faltenos.","robots":{"index":"index","follow":"follow","max-snippet":"max-snippet:-1","max-image-preview":"max-image-preview:large","max-video-preview":"max-video-preview:-1"},"canonical":"https:\/\/esconsultoria.es\/es\/nuestros-servicios\/","og_locale":"es_ES","og_type":"article","og_title":"Nacionalidad espa\u00f1ola, procedimientos de inmigraci\u00f3n e inversiones en la UE","og_description":"Ponemos en marcha su proceso de nacionalidad espa\u00f1ola. Planificaci\u00f3n de la inmigraci\u00f3n, inversiones inmobiliarias en la UE, etc. Cons\u00faltenos.","og_url":"https:\/\/esconsultoria.es\/es\/nuestros-servicios\/","og_site_name":"E S Consultoria Internacional","article_publisher":"https:\/\/www.facebook.com\/eurosupremas","article_modified_time":"2022-03-29T11:25:36+00:00","og_image":[{"url":"https:\/\/esconsultoria.es\/wp-content\/uploads\/Consultoria-em-Imigracao-e-Documentos-na-Espanha.webp","type":"","width":"","height":""}],"twitter_card":"summary_large_image","twitter_site":"@eurosupremas","twitter_misc":{"Tiempo de lectura":"3 minutos"},"schema":{"@context":"https:\/\/schema.org","@graph":[{"@type":"WebPage","@id":"https:\/\/esconsultoria.es\/es\/nuestros-servicios\/","url":"https:\/\/esconsultoria.es\/es\/nuestros-servicios\/","name":"Nacionalidad espa\u00f1ola, procedimientos de inmigraci\u00f3n e inversiones en la UE","isPartOf":{"@id":"https:\/\/esconsultoria.es\/#website"},"primaryImageOfPage":{"@id":"https:\/\/esconsultoria.es\/es\/nuestros-servicios\/#primaryimage"},"image":{"@id":"https:\/\/esconsultoria.es\/es\/nuestros-servicios\/#primaryimage"},"thumbnailUrl":"https:\/\/esconsultoria.es\/wp-content\/uploads\/Consultoria-em-Imigracao-e-Documentos-na-Espanha.webp","datePublished":"2020-08-31T07:44:27+00:00","dateModified":"2022-03-29T11:25:36+00:00","description":"Ponemos en marcha su proceso de nacionalidad espa\u00f1ola. Planificaci\u00f3n de la inmigraci\u00f3n, inversiones inmobiliarias en la UE, etc. Cons\u00faltenos.","breadcrumb":{"@id":"https:\/\/esconsultoria.es\/es\/nuestros-servicios\/#breadcrumb"},"inLanguage":"es","potentialAction":[{"@type":"ReadAction","target":["https:\/\/esconsultoria.es\/es\/nuestros-servicios\/"]}]},{"@type":"ImageObject","inLanguage":"es","@id":"https:\/\/esconsultoria.es\/es\/nuestros-servicios\/#primaryimage","url":"https:\/\/esconsultoria.es\/wp-content\/uploads\/Consultoria-em-Imigracao-e-Documentos-na-Espanha.webp","contentUrl":"https:\/\/esconsultoria.es\/wp-content\/uploads\/Consultoria-em-Imigracao-e-Documentos-na-Espanha.webp"},{"@type":"BreadcrumbList","@id":"https:\/\/esconsultoria.es\/es\/nuestros-servicios\/#breadcrumb","itemListElement":[{"@type":"ListItem","position":1,"name":"Portada","item":"https:\/\/esconsultoria.es\/es\/"},{"@type":"ListItem","position":2,"name":"Nuestros Servicios"}]},{"@type":"WebSite","@id":"https:\/\/esconsultoria.es\/#website","url":"https:\/\/esconsultoria.es\/","name":"E S Consultoria Internacional","description":"Nacionalidade Espanhola Visto de Resid\u00eancia Espanha Cidadania","publisher":{"@id":"https:\/\/esconsultoria.es\/#organization"},"potentialAction":[{"@type":"SearchAction","target":{"@type":"EntryPoint","urlTemplate":"https:\/\/esconsultoria.es\/?s={search_term_string}"},"query-input":{"@type":"PropertyValueSpecification","valueRequired":true,"valueName":"search_term_string"}}],"inLanguage":"es"},{"@type":"Organization","@id":"https:\/\/esconsultoria.es\/#organization","name":"ES Consultoria Internacional - Nacionalidade Espanhola - Documentos na Espanha","url":"https:\/\/esconsultoria.es\/","logo":{"@type":"ImageObject","inLanguage":"es","@id":"https:\/\/esconsultoria.es\/#\/schema\/logo\/image\/","url":"https:\/\/esconsultoria.es\/wp-content\/uploads\/logo-ES-Consultoria.webp","contentUrl":"https:\/\/esconsultoria.es\/wp-content\/uploads\/logo-ES-Consultoria.webp","width":2084,"height":1076,"caption":"ES Consultoria Internacional - Nacionalidade Espanhola - Documentos na Espanha"},"image":{"@id":"https:\/\/esconsultoria.es\/#\/schema\/logo\/image\/"},"sameAs":["https:\/\/www.facebook.com\/eurosupremas","https:\/\/x.com\/eurosupremas","https:\/\/www.instagram.com\/esconsultoria","https:\/\/www.linkedin.com\/company\/euro-supremas-consulting","https:\/\/www.youtube.com\/channel\/UCDk5vZ6jRAFtLz31Zjz1uUg"]}]}},"_links":{"self":[{"href":"https:\/\/esconsultoria.es\/es\/wp-json\/wp\/v2\/pages\/2091","targetHints":{"allow":["GET"]}}],"collection":[{"href":"https:\/\/esconsultoria.es\/es\/wp-json\/wp\/v2\/pages"}],"about":[{"href":"https:\/\/esconsultoria.es\/es\/wp-json\/wp\/v2\/types\/page"}],"author":[{"embeddable":true,"href":"https:\/\/esconsultoria.es\/es\/wp-json\/wp\/v2\/users\/1"}],"replies":[{"embeddable":true,"href":"https:\/\/esconsultoria.es\/es\/wp-json\/wp\/v2\/comments?post=2091"}],"version-history":[{"count":37,"href":"https:\/\/esconsultoria.es\/es\/wp-json\/wp\/v2\/pages\/2091\/revisions"}],"predecessor-version":[{"id":2920,"href":"https:\/\/esconsultoria.es\/es\/wp-json\/wp\/v2\/pages\/2091\/revisions\/2920"}],"wp:attachment":[{"href":"https:\/\/esconsultoria.es\/es\/wp-json\/wp\/v2\/media?parent=2091"}],"curies":[{"name":"wp","href":"https:\/\/api.w.org\/{rel}","templated":true}]}}