{"id":2078,"date":"2020-09-09T14:16:14","date_gmt":"2020-09-09T12:16:14","guid":{"rendered":"https:\/\/esconsultoria.es\/documentos-na-espanha\/"},"modified":"2022-02-20T14:45:25","modified_gmt":"2022-02-20T13:45:25","slug":"documentos-en-espana","status":"publish","type":"page","link":"https:\/\/esconsultoria.es\/es\/documentos-en-espana\/","title":{"rendered":"Documentos en Espanha"},"content":{"rendered":"\t\t<div data-elementor-type=\"wp-page\" data-elementor-id=\"2078\" class=\"elementor elementor-2078\" data-elementor-post-type=\"page\">\n\t\t\t\t\t\t<section class=\"elementor-section elementor-top-section elementor-element elementor-element-14c3e00 elementor-section-boxed elementor-section-height-default elementor-section-height-default\" data-id=\"14c3e00\" data-element_type=\"section\">\n\t\t\t\t\t\t<div class=\"elementor-container elementor-column-gap-default\">\n\t\t\t\t\t<div class=\"elementor-column elementor-col-100 elementor-top-column elementor-element elementor-element-4e70445\" data-id=\"4e70445\" data-element_type=\"column\">\n\t\t\t<div class=\"elementor-widget-wrap elementor-element-populated\">\n\t\t\t\t\t\t<div class=\"elementor-element elementor-element-589c5e0 elementor-widget elementor-widget-heading\" data-id=\"589c5e0\" data-element_type=\"widget\" data-widget_type=\"heading.default\">\n\t\t\t\t<div class=\"elementor-widget-container\">\n\t\t\t\t\t<h1 class=\"elementor-heading-title elementor-size-default\">Documentos en Espa\u00f1a<\/h1>\t\t\t\t<\/div>\n\t\t\t\t<\/div>\n\t\t\t\t\t<\/div>\n\t\t<\/div>\n\t\t\t\t\t<\/div>\n\t\t<\/section>\n\t\t\t\t<section class=\"elementor-section elementor-top-section elementor-element elementor-element-3d4e6d25 elementor-section-boxed elementor-section-height-default elementor-section-height-default\" data-id=\"3d4e6d25\" data-element_type=\"section\">\n\t\t\t\t\t\t<div class=\"elementor-container elementor-column-gap-default\">\n\t\t\t\t\t<div class=\"elementor-column elementor-col-50 elementor-top-column elementor-element elementor-element-e4cefa9\" data-id=\"e4cefa9\" data-element_type=\"column\">\n\t\t\t<div class=\"elementor-widget-wrap elementor-element-populated\">\n\t\t\t\t\t\t<div class=\"elementor-element elementor-element-988bd2e elementor-widget elementor-widget-image\" data-id=\"988bd2e\" data-element_type=\"widget\" data-widget_type=\"image.default\">\n\t\t\t\t<div class=\"elementor-widget-container\">\n\t\t\t\t\t\t\t\t\t\t\t\t\t\t\t<img fetchpriority=\"high\" decoding=\"async\" width=\"768\" height=\"1264\" src=\"https:\/\/esconsultoria.es\/wp-content\/uploads\/Partida-Nacimiento-Espanha-768x1264.webp\" class=\"attachment-medium_large size-medium_large wp-image-1665\" alt=\"Certidao de nascimento Espanhola\" srcset=\"https:\/\/esconsultoria.es\/wp-content\/uploads\/Partida-Nacimiento-Espanha-768x1264.webp 768w, https:\/\/esconsultoria.es\/wp-content\/uploads\/Partida-Nacimiento-Espanha-600x988.webp 600w, https:\/\/esconsultoria.es\/wp-content\/uploads\/Partida-Nacimiento-Espanha-182x300.webp 182w, https:\/\/esconsultoria.es\/wp-content\/uploads\/Partida-Nacimiento-Espanha-622x1024.webp 622w, https:\/\/esconsultoria.es\/wp-content\/uploads\/Partida-Nacimiento-Espanha-933x1536.webp 933w, https:\/\/esconsultoria.es\/wp-content\/uploads\/Partida-Nacimiento-Espanha.webp 972w\" sizes=\"(max-width: 768px) 100vw, 768px\" \/>\t\t\t\t\t\t\t\t\t\t\t\t\t\t\t<\/div>\n\t\t\t\t<\/div>\n\t\t\t\t\t<\/div>\n\t\t<\/div>\n\t\t\t\t<div class=\"elementor-column elementor-col-50 elementor-top-column elementor-element elementor-element-17d46991\" data-id=\"17d46991\" data-element_type=\"column\">\n\t\t\t<div class=\"elementor-widget-wrap elementor-element-populated\">\n\t\t\t\t\t\t<div class=\"elementor-element elementor-element-99f5ef9 elementor-widget elementor-widget-heading\" data-id=\"99f5ef9\" data-element_type=\"widget\" data-widget_type=\"heading.default\">\n\t\t\t\t<div class=\"elementor-widget-container\">\n\t\t\t\t\t<h2 class=\"elementor-heading-title elementor-size-default\">\u00bfC\u00f3mo trabajamos para localizar su documento en Espa\u00f1a?<\/h2>\t\t\t\t<\/div>\n\t\t\t\t<\/div>\n\t\t\t\t<div class=\"elementor-element elementor-element-44defa69 elementor-widget elementor-widget-text-editor\" data-id=\"44defa69\" data-element_type=\"widget\" data-widget_type=\"text-editor.default\">\n\t\t\t\t<div class=\"elementor-widget-container\">\n\t\t\t\t\t\t\t\t\t<p>Realizamos un an\u00e1lisis exhaustivo de los datos y <strong>documentos en Espa\u00f1a<\/strong> que tiene el cliente y lo que necesita.<\/p><p>Con el fin de armar un expediente de ciudadan\u00eda: Verificamos los datos y documentos que tiene el cliente para iniciar la b\u00fasqueda de los <strong>documentos en Espa\u00f1a<\/strong> que son necesarios en los Registros Civiles o en las Iglesias.<\/p><p>El montaje de una genealog\u00eda se basa en el mismo principio que el montaje de los procesos de ciudadan\u00eda, pero en este caso a menudo el cliente busca ampliar las generaciones para tener un \u00e1rbol geneal\u00f3gico m\u00e1s amplio con fines afectivos o incluso de historia familiar.<\/p><p>Adem\u00e1s de la b\u00fasqueda y emisi\u00f3n de documentos, tambi\u00e9n podemos ofrecer la Apostilla de La Haya para documentos que se utilizan para diversos fines en otros pa\u00edses que forman parte del Convenio de La Haya.<\/p><p>Por eso, como siempre comentamos en nuestras reuniones con los clientes, todo depender\u00e1 de lo que el cliente busque y de los requisitos que pueda y deba cumplir.<\/p>\t\t\t\t\t\t\t\t<\/div>\n\t\t\t\t<\/div>\n\t\t\t\t\t<\/div>\n\t\t<\/div>\n\t\t\t\t\t<\/div>\n\t\t<\/section>\n\t\t\t\t<\/div>\n\t\t","protected":false},"excerpt":{"rendered":"<p>Documentos en Espa\u00f1a \u00bfC\u00f3mo trabajamos para localizar su documento en Espa\u00f1a? Realizamos un an\u00e1lisis exhaustivo de los datos y documentos en Espa\u00f1a que tiene el cliente y lo que necesita. Con el fin de armar un expediente de ciudadan\u00eda: Verificamos los datos y documentos que tiene el cliente para iniciar la b\u00fasqueda de los documentos &#8230; <a title=\"Documentos en Espanha\" class=\"read-more\" href=\"https:\/\/esconsultoria.es\/es\/documentos-en-espana\/\" aria-label=\"Leer m\u00e1s sobre Documentos en Espanha\">Leer m\u00e1s<\/a><\/p>\n","protected":false},"author":1,"featured_media":0,"parent":0,"menu_order":0,"comment_status":"closed","ping_status":"closed","template":"","meta":{"content-type":"","footnotes":""},"class_list":["post-2078","page","type-page","status-publish"],"yoast_head":"<!-- This site is optimized with the Yoast SEO plugin v24.4 - https:\/\/yoast.com\/wordpress\/plugins\/seo\/ -->\n<title>Documentos en Espanha - Solicite su documento apostillado en Espa\u00f1a<\/title>\n<meta name=\"description\" content=\"Realizamos la b\u00fasqueda de documentos en Espa\u00f1a, desde la b\u00fasqueda hasta la emisi\u00f3n del documento en el Registro Civil o la Iglesia y tambi\u00e9n la Apostilla de la Haya.\" \/>\n<meta name=\"robots\" content=\"index, follow, max-snippet:-1, max-image-preview:large, max-video-preview:-1\" \/>\n<link rel=\"canonical\" href=\"https:\/\/esconsultoria.es\/es\/documentos-en-espana\/\" \/>\n<meta property=\"og:locale\" content=\"es_ES\" \/>\n<meta property=\"og:type\" content=\"article\" \/>\n<meta property=\"og:title\" content=\"Documentos en Espanha - Solicite su documento apostillado en Espa\u00f1a\" \/>\n<meta property=\"og:description\" content=\"Realizamos la b\u00fasqueda de documentos en Espa\u00f1a, desde la b\u00fasqueda hasta la emisi\u00f3n del documento en el Registro Civil o la Iglesia y tambi\u00e9n la Apostilla de la Haya.\" \/>\n<meta property=\"og:url\" content=\"https:\/\/esconsultoria.es\/es\/documentos-en-espana\/\" \/>\n<meta property=\"og:site_name\" content=\"E S Consultoria Internacional\" \/>\n<meta property=\"article:publisher\" content=\"https:\/\/www.facebook.com\/eurosupremas\" \/>\n<meta property=\"article:modified_time\" content=\"2022-02-20T13:45:25+00:00\" \/>\n<meta property=\"og:image\" content=\"https:\/\/esconsultoria.es\/wp-content\/uploads\/Partida-Nacimiento-Espanha-768x1264.webp\" \/>\n<meta name=\"twitter:card\" content=\"summary_large_image\" \/>\n<meta name=\"twitter:site\" content=\"@eurosupremas\" \/>\n<meta name=\"twitter:label1\" content=\"Tiempo de lectura\" \/>\n\t<meta name=\"twitter:data1\" content=\"2 minutos\" \/>\n<script type=\"application\/ld+json\" class=\"yoast-schema-graph\">{\"@context\":\"https:\/\/schema.org\",\"@graph\":[{\"@type\":\"WebPage\",\"@id\":\"https:\/\/esconsultoria.es\/es\/documentos-en-espana\/\",\"url\":\"https:\/\/esconsultoria.es\/es\/documentos-en-espana\/\",\"name\":\"Documentos en Espanha - Solicite su documento apostillado en Espa\u00f1a\",\"isPartOf\":{\"@id\":\"https:\/\/esconsultoria.es\/#website\"},\"primaryImageOfPage\":{\"@id\":\"https:\/\/esconsultoria.es\/es\/documentos-en-espana\/#primaryimage\"},\"image\":{\"@id\":\"https:\/\/esconsultoria.es\/es\/documentos-en-espana\/#primaryimage\"},\"thumbnailUrl\":\"https:\/\/esconsultoria.es\/wp-content\/uploads\/Partida-Nacimiento-Espanha-768x1264.webp\",\"datePublished\":\"2020-09-09T12:16:14+00:00\",\"dateModified\":\"2022-02-20T13:45:25+00:00\",\"description\":\"Realizamos la b\u00fasqueda de documentos en Espa\u00f1a, desde la b\u00fasqueda hasta la emisi\u00f3n del documento en el Registro Civil o la Iglesia y tambi\u00e9n la Apostilla de la Haya.\",\"breadcrumb\":{\"@id\":\"https:\/\/esconsultoria.es\/es\/documentos-en-espana\/#breadcrumb\"},\"inLanguage\":\"es\",\"potentialAction\":[{\"@type\":\"ReadAction\",\"target\":[\"https:\/\/esconsultoria.es\/es\/documentos-en-espana\/\"]}]},{\"@type\":\"ImageObject\",\"inLanguage\":\"es\",\"@id\":\"https:\/\/esconsultoria.es\/es\/documentos-en-espana\/#primaryimage\",\"url\":\"https:\/\/esconsultoria.es\/wp-content\/uploads\/Partida-Nacimiento-Espanha-768x1264.webp\",\"contentUrl\":\"https:\/\/esconsultoria.es\/wp-content\/uploads\/Partida-Nacimiento-Espanha-768x1264.webp\"},{\"@type\":\"BreadcrumbList\",\"@id\":\"https:\/\/esconsultoria.es\/es\/documentos-en-espana\/#breadcrumb\",\"itemListElement\":[{\"@type\":\"ListItem\",\"position\":1,\"name\":\"Portada\",\"item\":\"https:\/\/esconsultoria.es\/es\/\"},{\"@type\":\"ListItem\",\"position\":2,\"name\":\"Documentos en Espanha\"}]},{\"@type\":\"WebSite\",\"@id\":\"https:\/\/esconsultoria.es\/#website\",\"url\":\"https:\/\/esconsultoria.es\/\",\"name\":\"E S Consultoria Internacional\",\"description\":\"Nacionalidade Espanhola Visto de Resid\u00eancia Espanha Cidadania\",\"publisher\":{\"@id\":\"https:\/\/esconsultoria.es\/#organization\"},\"potentialAction\":[{\"@type\":\"SearchAction\",\"target\":{\"@type\":\"EntryPoint\",\"urlTemplate\":\"https:\/\/esconsultoria.es\/?s={search_term_string}\"},\"query-input\":{\"@type\":\"PropertyValueSpecification\",\"valueRequired\":true,\"valueName\":\"search_term_string\"}}],\"inLanguage\":\"es\"},{\"@type\":\"Organization\",\"@id\":\"https:\/\/esconsultoria.es\/#organization\",\"name\":\"ES Consultoria Internacional - Nacionalidade Espanhola - Documentos na Espanha\",\"url\":\"https:\/\/esconsultoria.es\/\",\"logo\":{\"@type\":\"ImageObject\",\"inLanguage\":\"es\",\"@id\":\"https:\/\/esconsultoria.es\/#\/schema\/logo\/image\/\",\"url\":\"https:\/\/esconsultoria.es\/wp-content\/uploads\/logo-ES-Consultoria.webp\",\"contentUrl\":\"https:\/\/esconsultoria.es\/wp-content\/uploads\/logo-ES-Consultoria.webp\",\"width\":2084,\"height\":1076,\"caption\":\"ES Consultoria Internacional - Nacionalidade Espanhola - Documentos na Espanha\"},\"image\":{\"@id\":\"https:\/\/esconsultoria.es\/#\/schema\/logo\/image\/\"},\"sameAs\":[\"https:\/\/www.facebook.com\/eurosupremas\",\"https:\/\/x.com\/eurosupremas\",\"https:\/\/www.instagram.com\/esconsultoria\",\"https:\/\/www.linkedin.com\/company\/euro-supremas-consulting\",\"https:\/\/www.youtube.com\/channel\/UCDk5vZ6jRAFtLz31Zjz1uUg\"]}]}<\/script>\n<!-- \/ Yoast SEO plugin. -->","yoast_head_json":{"title":"Documentos en Espanha - Solicite su documento apostillado en Espa\u00f1a","description":"Realizamos la b\u00fasqueda de documentos en Espa\u00f1a, desde la b\u00fasqueda hasta la emisi\u00f3n del documento en el Registro Civil o la Iglesia y tambi\u00e9n la Apostilla de la Haya.","robots":{"index":"index","follow":"follow","max-snippet":"max-snippet:-1","max-image-preview":"max-image-preview:large","max-video-preview":"max-video-preview:-1"},"canonical":"https:\/\/esconsultoria.es\/es\/documentos-en-espana\/","og_locale":"es_ES","og_type":"article","og_title":"Documentos en Espanha - Solicite su documento apostillado en Espa\u00f1a","og_description":"Realizamos la b\u00fasqueda de documentos en Espa\u00f1a, desde la b\u00fasqueda hasta la emisi\u00f3n del documento en el Registro Civil o la Iglesia y tambi\u00e9n la Apostilla de la Haya.","og_url":"https:\/\/esconsultoria.es\/es\/documentos-en-espana\/","og_site_name":"E S Consultoria Internacional","article_publisher":"https:\/\/www.facebook.com\/eurosupremas","article_modified_time":"2022-02-20T13:45:25+00:00","og_image":[{"url":"https:\/\/esconsultoria.es\/wp-content\/uploads\/Partida-Nacimiento-Espanha-768x1264.webp","type":"","width":"","height":""}],"twitter_card":"summary_large_image","twitter_site":"@eurosupremas","twitter_misc":{"Tiempo de lectura":"2 minutos"},"schema":{"@context":"https:\/\/schema.org","@graph":[{"@type":"WebPage","@id":"https:\/\/esconsultoria.es\/es\/documentos-en-espana\/","url":"https:\/\/esconsultoria.es\/es\/documentos-en-espana\/","name":"Documentos en Espanha - Solicite su documento apostillado en Espa\u00f1a","isPartOf":{"@id":"https:\/\/esconsultoria.es\/#website"},"primaryImageOfPage":{"@id":"https:\/\/esconsultoria.es\/es\/documentos-en-espana\/#primaryimage"},"image":{"@id":"https:\/\/esconsultoria.es\/es\/documentos-en-espana\/#primaryimage"},"thumbnailUrl":"https:\/\/esconsultoria.es\/wp-content\/uploads\/Partida-Nacimiento-Espanha-768x1264.webp","datePublished":"2020-09-09T12:16:14+00:00","dateModified":"2022-02-20T13:45:25+00:00","description":"Realizamos la b\u00fasqueda de documentos en Espa\u00f1a, desde la b\u00fasqueda hasta la emisi\u00f3n del documento en el Registro Civil o la Iglesia y tambi\u00e9n la Apostilla de la Haya.","breadcrumb":{"@id":"https:\/\/esconsultoria.es\/es\/documentos-en-espana\/#breadcrumb"},"inLanguage":"es","potentialAction":[{"@type":"ReadAction","target":["https:\/\/esconsultoria.es\/es\/documentos-en-espana\/"]}]},{"@type":"ImageObject","inLanguage":"es","@id":"https:\/\/esconsultoria.es\/es\/documentos-en-espana\/#primaryimage","url":"https:\/\/esconsultoria.es\/wp-content\/uploads\/Partida-Nacimiento-Espanha-768x1264.webp","contentUrl":"https:\/\/esconsultoria.es\/wp-content\/uploads\/Partida-Nacimiento-Espanha-768x1264.webp"},{"@type":"BreadcrumbList","@id":"https:\/\/esconsultoria.es\/es\/documentos-en-espana\/#breadcrumb","itemListElement":[{"@type":"ListItem","position":1,"name":"Portada","item":"https:\/\/esconsultoria.es\/es\/"},{"@type":"ListItem","position":2,"name":"Documentos en Espanha"}]},{"@type":"WebSite","@id":"https:\/\/esconsultoria.es\/#website","url":"https:\/\/esconsultoria.es\/","name":"E S Consultoria Internacional","description":"Nacionalidade Espanhola Visto de Resid\u00eancia Espanha Cidadania","publisher":{"@id":"https:\/\/esconsultoria.es\/#organization"},"potentialAction":[{"@type":"SearchAction","target":{"@type":"EntryPoint","urlTemplate":"https:\/\/esconsultoria.es\/?s={search_term_string}"},"query-input":{"@type":"PropertyValueSpecification","valueRequired":true,"valueName":"search_term_string"}}],"inLanguage":"es"},{"@type":"Organization","@id":"https:\/\/esconsultoria.es\/#organization","name":"ES Consultoria Internacional - Nacionalidade Espanhola - Documentos na Espanha","url":"https:\/\/esconsultoria.es\/","logo":{"@type":"ImageObject","inLanguage":"es","@id":"https:\/\/esconsultoria.es\/#\/schema\/logo\/image\/","url":"https:\/\/esconsultoria.es\/wp-content\/uploads\/logo-ES-Consultoria.webp","contentUrl":"https:\/\/esconsultoria.es\/wp-content\/uploads\/logo-ES-Consultoria.webp","width":2084,"height":1076,"caption":"ES Consultoria Internacional - Nacionalidade Espanhola - Documentos na Espanha"},"image":{"@id":"https:\/\/esconsultoria.es\/#\/schema\/logo\/image\/"},"sameAs":["https:\/\/www.facebook.com\/eurosupremas","https:\/\/x.com\/eurosupremas","https:\/\/www.instagram.com\/esconsultoria","https:\/\/www.linkedin.com\/company\/euro-supremas-consulting","https:\/\/www.youtube.com\/channel\/UCDk5vZ6jRAFtLz31Zjz1uUg"]}]}},"_links":{"self":[{"href":"https:\/\/esconsultoria.es\/es\/wp-json\/wp\/v2\/pages\/2078","targetHints":{"allow":["GET"]}}],"collection":[{"href":"https:\/\/esconsultoria.es\/es\/wp-json\/wp\/v2\/pages"}],"about":[{"href":"https:\/\/esconsultoria.es\/es\/wp-json\/wp\/v2\/types\/page"}],"author":[{"embeddable":true,"href":"https:\/\/esconsultoria.es\/es\/wp-json\/wp\/v2\/users\/1"}],"replies":[{"embeddable":true,"href":"https:\/\/esconsultoria.es\/es\/wp-json\/wp\/v2\/comments?post=2078"}],"version-history":[{"count":21,"href":"https:\/\/esconsultoria.es\/es\/wp-json\/wp\/v2\/pages\/2078\/revisions"}],"predecessor-version":[{"id":2166,"href":"https:\/\/esconsultoria.es\/es\/wp-json\/wp\/v2\/pages\/2078\/revisions\/2166"}],"wp:attachment":[{"href":"https:\/\/esconsultoria.es\/es\/wp-json\/wp\/v2\/media?parent=2078"}],"curies":[{"name":"wp","href":"https:\/\/api.w.org\/{rel}","templated":true}]}}