{"id":2070,"date":"2020-08-31T20:36:36","date_gmt":"2020-08-31T18:36:36","guid":{"rendered":"https:\/\/esconsultoria.es\/contato\/"},"modified":"2022-02-20T14:45:42","modified_gmt":"2022-02-20T13:45:42","slug":"contacto","status":"publish","type":"page","link":"https:\/\/esconsultoria.es\/es\/contacto\/","title":{"rendered":"Contacto"},"content":{"rendered":"\t\t<div data-elementor-type=\"wp-page\" data-elementor-id=\"2070\" class=\"elementor elementor-2070\" data-elementor-post-type=\"page\">\n\t\t\t\t\t\t<section class=\"elementor-section elementor-top-section elementor-element elementor-element-6fcedf4 elementor-section-boxed elementor-section-height-default elementor-section-height-default\" data-id=\"6fcedf4\" data-element_type=\"section\">\n\t\t\t\t\t\t<div class=\"elementor-container elementor-column-gap-default\">\n\t\t\t\t\t<div class=\"elementor-column elementor-col-100 elementor-top-column elementor-element elementor-element-e739553\" data-id=\"e739553\" data-element_type=\"column\">\n\t\t\t<div class=\"elementor-widget-wrap elementor-element-populated\">\n\t\t\t\t\t\t<div class=\"elementor-element elementor-element-2cba474 elementor-widget elementor-widget-text-editor\" data-id=\"2cba474\" data-element_type=\"widget\" data-widget_type=\"text-editor.default\">\n\t\t\t\t<div class=\"elementor-widget-container\">\n\t\t\t\t\t\t\t\t\t<p>Email <a href=\"mailto:info@esconsultoria.es\">info@esconsultoria.es<\/a><\/p>\n<p>WhatsApp Brasil +55 11 3042-4555<\/p>\n<p>WhatsApp Espa\u00f1a +34 626 352 443<\/p>\n<p>Rellene nuestro formul\u00e1rio con todas las informaciones y una descripci\u00f3n en&nbsp;<b>mensaje<\/b>&nbsp;para que podamos dar la atenci\u00f3n adecuada a su solicitud. Caso no consiga escribir todo en la descripci\u00f3n, incluya lo m\u00e1s importante.<\/p>\n<div>Podemos contactar por e-mail, whatsapp o tel\u00e9fono.<\/div>\t\t\t\t\t\t\t\t<\/div>\n\t\t\t\t<\/div>\n\t\t\t\t\t<\/div>\n\t\t<\/div>\n\t\t\t\t\t<\/div>\n\t\t<\/section>\n\t\t\t\t<section class=\"elementor-section elementor-top-section elementor-element elementor-element-6663a82 elementor-section-boxed elementor-section-height-default elementor-section-height-default\" data-id=\"6663a82\" data-element_type=\"section\">\n\t\t\t\t\t\t<div class=\"elementor-container elementor-column-gap-default\">\n\t\t\t\t\t<div class=\"elementor-column elementor-col-100 elementor-top-column elementor-element elementor-element-8363ae5\" data-id=\"8363ae5\" data-element_type=\"column\">\n\t\t\t<div class=\"elementor-widget-wrap elementor-element-populated\">\n\t\t\t\t\t\t<div class=\"elementor-element elementor-element-41aac0a elementor-widget elementor-widget-html\" data-id=\"41aac0a\" data-element_type=\"widget\" data-widget_type=\"html.default\">\n\t\t\t\t<div class=\"elementor-widget-container\">\n\t\t\t\t\t<script charset=\"utf-8\" type=\"text\/javascript\" src=\"\/\/js.hsforms.net\/forms\/shell.js\"><\/script>\r\n<script>\r\n  hbspt.forms.create({\r\n\tregion: \"na1\",\r\n\tportalId: \"8492324\",\r\n\tformId: \"cf7044c2-d047-4a21-91aa-4f2ca1d1059e\"\r\n});\r\n<\/script>\t\t\t\t<\/div>\n\t\t\t\t<\/div>\n\t\t\t\t\t<\/div>\n\t\t<\/div>\n\t\t\t\t\t<\/div>\n\t\t<\/section>\n\t\t\t\t<\/div>\n\t\t","protected":false},"excerpt":{"rendered":"<p>Email info@esconsultoria.es WhatsApp Brasil +55 11 3042-4555 WhatsApp Espa\u00f1a +34 626 352 443 Rellene nuestro formul\u00e1rio con todas las informaciones y una descripci\u00f3n en&nbsp;mensaje&nbsp;para que podamos dar la atenci\u00f3n adecuada a su solicitud. Caso no consiga escribir todo en la descripci\u00f3n, incluya lo m\u00e1s importante. Podemos contactar por e-mail, whatsapp o tel\u00e9fono.<\/p>\n","protected":false},"author":1,"featured_media":0,"parent":0,"menu_order":0,"comment_status":"closed","ping_status":"closed","template":"","meta":{"content-type":"","footnotes":""},"class_list":["post-2070","page","type-page","status-publish"],"yoast_head":"<!-- This site is optimized with the Yoast SEO plugin v24.4 - https:\/\/yoast.com\/wordpress\/plugins\/seo\/ -->\n<title>Como contactar com a ES Consultoria Internacional<\/title>\n<meta name=\"description\" content=\"Mande su mensaje para que podemos contactarlo para los tramites que necesite. Aqui tienen las formas de contacto.\" \/>\n<meta name=\"robots\" content=\"index, follow, max-snippet:-1, max-image-preview:large, max-video-preview:-1\" \/>\n<link rel=\"canonical\" href=\"https:\/\/esconsultoria.es\/es\/contacto\/\" \/>\n<meta property=\"og:locale\" content=\"es_ES\" \/>\n<meta property=\"og:type\" content=\"article\" \/>\n<meta property=\"og:title\" content=\"Como contactar com a ES Consultoria Internacional\" \/>\n<meta property=\"og:description\" content=\"Mande su mensaje para que podemos contactarlo para los tramites que necesite. Aqui tienen las formas de contacto.\" \/>\n<meta property=\"og:url\" content=\"https:\/\/esconsultoria.es\/es\/contacto\/\" \/>\n<meta property=\"og:site_name\" content=\"E S Consultoria Internacional\" \/>\n<meta property=\"article:publisher\" content=\"https:\/\/www.facebook.com\/eurosupremas\" \/>\n<meta property=\"article:modified_time\" content=\"2022-02-20T13:45:42+00:00\" \/>\n<meta property=\"og:image\" content=\"https:\/\/esconsultoria.es\/wp-content\/uploads\/logo-en-vectores-01.png\" \/>\n\t<meta property=\"og:image:width\" content=\"2084\" \/>\n\t<meta property=\"og:image:height\" content=\"2084\" \/>\n\t<meta property=\"og:image:type\" content=\"image\/png\" \/>\n<meta name=\"twitter:card\" content=\"summary_large_image\" \/>\n<meta name=\"twitter:site\" content=\"@eurosupremas\" \/>\n<meta name=\"twitter:label1\" content=\"Tiempo de lectura\" \/>\n\t<meta name=\"twitter:data1\" content=\"1 minuto\" \/>\n<script type=\"application\/ld+json\" class=\"yoast-schema-graph\">{\"@context\":\"https:\/\/schema.org\",\"@graph\":[{\"@type\":\"WebPage\",\"@id\":\"https:\/\/esconsultoria.es\/es\/contacto\/\",\"url\":\"https:\/\/esconsultoria.es\/es\/contacto\/\",\"name\":\"Como contactar com a ES Consultoria Internacional\",\"isPartOf\":{\"@id\":\"https:\/\/esconsultoria.es\/#website\"},\"datePublished\":\"2020-08-31T18:36:36+00:00\",\"dateModified\":\"2022-02-20T13:45:42+00:00\",\"description\":\"Mande su mensaje para que podemos contactarlo para los tramites que necesite. Aqui tienen las formas de contacto.\",\"breadcrumb\":{\"@id\":\"https:\/\/esconsultoria.es\/es\/contacto\/#breadcrumb\"},\"inLanguage\":\"es\",\"potentialAction\":[{\"@type\":\"ReadAction\",\"target\":[\"https:\/\/esconsultoria.es\/es\/contacto\/\"]}]},{\"@type\":\"BreadcrumbList\",\"@id\":\"https:\/\/esconsultoria.es\/es\/contacto\/#breadcrumb\",\"itemListElement\":[{\"@type\":\"ListItem\",\"position\":1,\"name\":\"Portada\",\"item\":\"https:\/\/esconsultoria.es\/es\/\"},{\"@type\":\"ListItem\",\"position\":2,\"name\":\"Contacto\"}]},{\"@type\":\"WebSite\",\"@id\":\"https:\/\/esconsultoria.es\/#website\",\"url\":\"https:\/\/esconsultoria.es\/\",\"name\":\"E S Consultoria Internacional\",\"description\":\"Nacionalidade Espanhola Visto de Resid\u00eancia Espanha Cidadania\",\"publisher\":{\"@id\":\"https:\/\/esconsultoria.es\/#organization\"},\"potentialAction\":[{\"@type\":\"SearchAction\",\"target\":{\"@type\":\"EntryPoint\",\"urlTemplate\":\"https:\/\/esconsultoria.es\/?s={search_term_string}\"},\"query-input\":{\"@type\":\"PropertyValueSpecification\",\"valueRequired\":true,\"valueName\":\"search_term_string\"}}],\"inLanguage\":\"es\"},{\"@type\":\"Organization\",\"@id\":\"https:\/\/esconsultoria.es\/#organization\",\"name\":\"ES Consultoria Internacional - Nacionalidade Espanhola - Documentos na Espanha\",\"url\":\"https:\/\/esconsultoria.es\/\",\"logo\":{\"@type\":\"ImageObject\",\"inLanguage\":\"es\",\"@id\":\"https:\/\/esconsultoria.es\/#\/schema\/logo\/image\/\",\"url\":\"https:\/\/esconsultoria.es\/wp-content\/uploads\/logo-ES-Consultoria.webp\",\"contentUrl\":\"https:\/\/esconsultoria.es\/wp-content\/uploads\/logo-ES-Consultoria.webp\",\"width\":2084,\"height\":1076,\"caption\":\"ES Consultoria Internacional - Nacionalidade Espanhola - Documentos na Espanha\"},\"image\":{\"@id\":\"https:\/\/esconsultoria.es\/#\/schema\/logo\/image\/\"},\"sameAs\":[\"https:\/\/www.facebook.com\/eurosupremas\",\"https:\/\/x.com\/eurosupremas\",\"https:\/\/www.instagram.com\/esconsultoria\",\"https:\/\/www.linkedin.com\/company\/euro-supremas-consulting\",\"https:\/\/www.youtube.com\/channel\/UCDk5vZ6jRAFtLz31Zjz1uUg\"]}]}<\/script>\n<!-- \/ Yoast SEO plugin. -->","yoast_head_json":{"title":"Como contactar com a ES Consultoria Internacional","description":"Mande su mensaje para que podemos contactarlo para los tramites que necesite. Aqui tienen las formas de contacto.","robots":{"index":"index","follow":"follow","max-snippet":"max-snippet:-1","max-image-preview":"max-image-preview:large","max-video-preview":"max-video-preview:-1"},"canonical":"https:\/\/esconsultoria.es\/es\/contacto\/","og_locale":"es_ES","og_type":"article","og_title":"Como contactar com a ES Consultoria Internacional","og_description":"Mande su mensaje para que podemos contactarlo para los tramites que necesite. Aqui tienen las formas de contacto.","og_url":"https:\/\/esconsultoria.es\/es\/contacto\/","og_site_name":"E S Consultoria Internacional","article_publisher":"https:\/\/www.facebook.com\/eurosupremas","article_modified_time":"2022-02-20T13:45:42+00:00","og_image":[{"width":2084,"height":2084,"url":"https:\/\/esconsultoria.es\/wp-content\/uploads\/logo-en-vectores-01.png","type":"image\/png"}],"twitter_card":"summary_large_image","twitter_site":"@eurosupremas","twitter_misc":{"Tiempo de lectura":"1 minuto"},"schema":{"@context":"https:\/\/schema.org","@graph":[{"@type":"WebPage","@id":"https:\/\/esconsultoria.es\/es\/contacto\/","url":"https:\/\/esconsultoria.es\/es\/contacto\/","name":"Como contactar com a ES Consultoria Internacional","isPartOf":{"@id":"https:\/\/esconsultoria.es\/#website"},"datePublished":"2020-08-31T18:36:36+00:00","dateModified":"2022-02-20T13:45:42+00:00","description":"Mande su mensaje para que podemos contactarlo para los tramites que necesite. Aqui tienen las formas de contacto.","breadcrumb":{"@id":"https:\/\/esconsultoria.es\/es\/contacto\/#breadcrumb"},"inLanguage":"es","potentialAction":[{"@type":"ReadAction","target":["https:\/\/esconsultoria.es\/es\/contacto\/"]}]},{"@type":"BreadcrumbList","@id":"https:\/\/esconsultoria.es\/es\/contacto\/#breadcrumb","itemListElement":[{"@type":"ListItem","position":1,"name":"Portada","item":"https:\/\/esconsultoria.es\/es\/"},{"@type":"ListItem","position":2,"name":"Contacto"}]},{"@type":"WebSite","@id":"https:\/\/esconsultoria.es\/#website","url":"https:\/\/esconsultoria.es\/","name":"E S Consultoria Internacional","description":"Nacionalidade Espanhola Visto de Resid\u00eancia Espanha Cidadania","publisher":{"@id":"https:\/\/esconsultoria.es\/#organization"},"potentialAction":[{"@type":"SearchAction","target":{"@type":"EntryPoint","urlTemplate":"https:\/\/esconsultoria.es\/?s={search_term_string}"},"query-input":{"@type":"PropertyValueSpecification","valueRequired":true,"valueName":"search_term_string"}}],"inLanguage":"es"},{"@type":"Organization","@id":"https:\/\/esconsultoria.es\/#organization","name":"ES Consultoria Internacional - Nacionalidade Espanhola - Documentos na Espanha","url":"https:\/\/esconsultoria.es\/","logo":{"@type":"ImageObject","inLanguage":"es","@id":"https:\/\/esconsultoria.es\/#\/schema\/logo\/image\/","url":"https:\/\/esconsultoria.es\/wp-content\/uploads\/logo-ES-Consultoria.webp","contentUrl":"https:\/\/esconsultoria.es\/wp-content\/uploads\/logo-ES-Consultoria.webp","width":2084,"height":1076,"caption":"ES Consultoria Internacional - Nacionalidade Espanhola - Documentos na Espanha"},"image":{"@id":"https:\/\/esconsultoria.es\/#\/schema\/logo\/image\/"},"sameAs":["https:\/\/www.facebook.com\/eurosupremas","https:\/\/x.com\/eurosupremas","https:\/\/www.instagram.com\/esconsultoria","https:\/\/www.linkedin.com\/company\/euro-supremas-consulting","https:\/\/www.youtube.com\/channel\/UCDk5vZ6jRAFtLz31Zjz1uUg"]}]}},"_links":{"self":[{"href":"https:\/\/esconsultoria.es\/es\/wp-json\/wp\/v2\/pages\/2070","targetHints":{"allow":["GET"]}}],"collection":[{"href":"https:\/\/esconsultoria.es\/es\/wp-json\/wp\/v2\/pages"}],"about":[{"href":"https:\/\/esconsultoria.es\/es\/wp-json\/wp\/v2\/types\/page"}],"author":[{"embeddable":true,"href":"https:\/\/esconsultoria.es\/es\/wp-json\/wp\/v2\/users\/1"}],"replies":[{"embeddable":true,"href":"https:\/\/esconsultoria.es\/es\/wp-json\/wp\/v2\/comments?post=2070"}],"version-history":[{"count":7,"href":"https:\/\/esconsultoria.es\/es\/wp-json\/wp\/v2\/pages\/2070\/revisions"}],"predecessor-version":[{"id":2077,"href":"https:\/\/esconsultoria.es\/es\/wp-json\/wp\/v2\/pages\/2070\/revisions\/2077"}],"wp:attachment":[{"href":"https:\/\/esconsultoria.es\/es\/wp-json\/wp\/v2\/media?parent=2070"}],"curies":[{"name":"wp","href":"https:\/\/api.w.org\/{rel}","templated":true}]}}